{"id":5508,"date":"2023-12-01T14:47:34","date_gmt":"2023-12-01T12:47:34","guid":{"rendered":"https:\/\/kivenalla.fi\/tuote\/aa-akkupakkaus-montana-7xx\/"},"modified":"2024-12-05T13:02:43","modified_gmt":"2024-12-05T11:02:43","slug":"aa-akkupakkaus-montana-7xx","status":"publish","type":"product","link":"https:\/\/kivenalla.fi\/en\/product\/aa-akkupakkaus-montana-7xx\/","title":{"rendered":"AA-akkupakkaus (Montana 7xx)"},"content":{"rendered":"<p>Varmista varavirran saatavuus tarvittaessa. T\u00e4m\u00e4 vara-akkupakkaus edellytt\u00e4\u00e4 kolmea AA-akkua (litiumakkuja suositellaan; ei mukana).<\/p>","protected":false},"excerpt":{"rendered":"<p>AA-akkupakkaus Garmin Montana 700 -malliin.<br \/>\n&nbsp;<\/p>","protected":false},"featured_media":5507,"comment_status":"open","ping_status":"closed","template":"","meta":{"_kadence_starter_templates_imported_post":false,"_kad_post_transparent":"","_kad_post_title":"","_kad_post_layout":"","_kad_post_sidebar_id":"","_kad_post_content_style":"","_kad_post_vertical_padding":"","_kad_post_feature":"","_kad_post_feature_position":"","_kad_post_header":false,"_kad_post_footer":false,"_kad_post_classname":""},"product_brand":[],"product_cat":[1560,16],"product_tag":[1146,1147,41,43,1115],"class_list":{"0":"post-5508","1":"product","2":"type-product","3":"status-publish","4":"has-post-thumbnail","6":"product_cat-garmin-lisavarusteet","7":"product_cat-yleinen","8":"product_tag-aa-akkupakkaus","9":"product_tag-aa-paristo","10":"product_tag-garmin","11":"product_tag-montana","12":"product_tag-montana-700","14":"first","15":"onbackorder","16":"taxable","17":"shipping-taxable","18":"purchasable","19":"product-type-simple","20":"entry","21":"content-bg","22":"loop-entry"},"_links":{"self":[{"href":"https:\/\/kivenalla.fi\/en\/wp-json\/wp\/v2\/product\/5508","targetHints":{"allow":["GET"]}}],"collection":[{"href":"https:\/\/kivenalla.fi\/en\/wp-json\/wp\/v2\/product"}],"about":[{"href":"https:\/\/kivenalla.fi\/en\/wp-json\/wp\/v2\/types\/product"}],"replies":[{"embeddable":true,"href":"https:\/\/kivenalla.fi\/en\/wp-json\/wp\/v2\/comments?post=5508"}],"wp:featuredmedia":[{"embeddable":true,"href":"https:\/\/kivenalla.fi\/en\/wp-json\/wp\/v2\/media\/5507"}],"wp:attachment":[{"href":"https:\/\/kivenalla.fi\/en\/wp-json\/wp\/v2\/media?parent=5508"}],"wp:term":[{"taxonomy":"product_brand","embeddable":true,"href":"https:\/\/kivenalla.fi\/en\/wp-json\/wp\/v2\/product_brand?post=5508"},{"taxonomy":"product_cat","embeddable":true,"href":"https:\/\/kivenalla.fi\/en\/wp-json\/wp\/v2\/product_cat?post=5508"},{"taxonomy":"product_tag","embeddable":true,"href":"https:\/\/kivenalla.fi\/en\/wp-json\/wp\/v2\/product_tag?post=5508"}],"curies":[{"name":"wp","href":"https:\/\/api.w.org\/{rel}","templated":true}]}}