{"id":5518,"date":"2023-12-01T14:47:38","date_gmt":"2023-12-01T12:47:38","guid":{"rendered":"https:\/\/kivenalla.fi\/tuote\/leatherman-wave\/"},"modified":"2024-07-31T10:05:16","modified_gmt":"2024-07-31T07:05:16","slug":"leatherman-wave","status":"publish","type":"product","link":"https:\/\/kivenalla.fi\/en\/product\/leatherman-wave\/","title":{"rendered":"Leatherman Wave+"},"content":{"rendered":"<div aria-hidden=\"false\" aria-labelledby=\"tab-label-product.info.description\" class=\"data item content\" data-role=\"content\" id=\"product.info.description\" role=\"tabpanel\">\n<div class=\"product attribute description\">\n<div class=\"value\">\n<p>Kestosuosikki Leatherman Waven uudistetussa Plus-mallissa sivuleikkurit ovat vaihdettavat.&nbsp;<\/p>\n<p>Kahvojen ulkoreunojen ter\u00e4t ovat k\u00e4tev\u00e4sti avattavissa yhdell\u00e4 k\u00e4dell\u00e4, joka nopeuttaa ja helpottaa ty\u00f6kalun k\u00e4ytt\u00f6\u00e4. Lis\u00e4ksi lukuisat Waven sis\u00e4puolelta esiink\u00e4\u00e4nnett\u00e4v\u00e4t ty\u00f6kalut laajentavat k\u00e4ytt\u00f6ominaisuuksia.<\/p>\n<p>Waven kiinte\u00e4n adapterin ja Bit Kit-sarjan avulla ty\u00f6kalun k\u00e4ytt\u00f6kapasiteetti voidaan moninkertaistaa.<\/p>\n<p><strong><span>Tekniset tiedot \/ ominaisuudet<\/span><\/strong><\/p>\n<ul>\n<li>K\u00e4rkipihdit<\/li>\n<li>Vaihdettavat sivuleikkurit<\/li>\n<li>Suorater\u00e4inen veitsi<\/li>\n<li>Sahater\u00e4inen veitsi<\/li>\n<li>Sakset<\/li>\n<li>Saha<\/li>\n<li>Viila<\/li>\n<li>Timanttiviila<\/li>\n<li>2 kiinte\u00e4\u00e4 adapteria<\/li>\n<li>2 ristip\u00e4\u00e4meisseli\u00e4<\/li>\n<li>3 ruuvimeisseli\u00e4<\/li>\n<li>Measuring tool<\/li>\n<li>Johdonkuorija<\/li>\n<li>Pullonavaaja<\/li>\n<li>T\u00f6lkinavaaja<\/li>\n<li>Ripustuslenkki<\/li>\n<li>Kaikki ter\u00e4t lukkiutuvat<\/li>\n<\/ul>\n<p>Pituus 10 cm<br \/>\nPaino 241 g<\/p>\n<\/div>\n<\/div>\n<\/div>","protected":false},"excerpt":{"rendered":"<p>Kestosuosikki Leatherman Waven uudistetussa Plus-mallissa sivuleikkurit ovat vaihdettavat.&nbsp;<\/p>","protected":false},"featured_media":5517,"comment_status":"open","ping_status":"closed","template":"","meta":{"_kadence_starter_templates_imported_post":false,"_kad_post_transparent":"","_kad_post_title":"","_kad_post_layout":"","_kad_post_sidebar_id":"","_kad_post_content_style":"","_kad_post_vertical_padding":"","_kad_post_feature":"","_kad_post_feature_position":"","_kad_post_header":false,"_kad_post_footer":false,"_kad_post_classname":""},"product_brand":[],"product_cat":[1531,16],"product_tag":[416,1152,1153,1156],"class_list":{"0":"post-5518","1":"product","2":"type-product","3":"status-publish","4":"has-post-thumbnail","6":"product_cat-leatherman","7":"product_cat-yleinen","8":"product_tag-leatherman","9":"product_tag-monitoimityokalu","10":"product_tag-multitool","11":"product_tag-wave","13":"first","14":"onbackorder","15":"taxable","16":"shipping-taxable","17":"purchasable","18":"product-type-simple","19":"entry","20":"content-bg","21":"loop-entry"},"_links":{"self":[{"href":"https:\/\/kivenalla.fi\/en\/wp-json\/wp\/v2\/product\/5518","targetHints":{"allow":["GET"]}}],"collection":[{"href":"https:\/\/kivenalla.fi\/en\/wp-json\/wp\/v2\/product"}],"about":[{"href":"https:\/\/kivenalla.fi\/en\/wp-json\/wp\/v2\/types\/product"}],"replies":[{"embeddable":true,"href":"https:\/\/kivenalla.fi\/en\/wp-json\/wp\/v2\/comments?post=5518"}],"wp:featuredmedia":[{"embeddable":true,"href":"https:\/\/kivenalla.fi\/en\/wp-json\/wp\/v2\/media\/5517"}],"wp:attachment":[{"href":"https:\/\/kivenalla.fi\/en\/wp-json\/wp\/v2\/media?parent=5518"}],"wp:term":[{"taxonomy":"product_brand","embeddable":true,"href":"https:\/\/kivenalla.fi\/en\/wp-json\/wp\/v2\/product_brand?post=5518"},{"taxonomy":"product_cat","embeddable":true,"href":"https:\/\/kivenalla.fi\/en\/wp-json\/wp\/v2\/product_cat?post=5518"},{"taxonomy":"product_tag","embeddable":true,"href":"https:\/\/kivenalla.fi\/en\/wp-json\/wp\/v2\/product_tag?post=5518"}],"curies":[{"name":"wp","href":"https:\/\/api.w.org\/{rel}","templated":true}]}}