{"id":5520,"date":"2023-12-01T14:47:39","date_gmt":"2023-12-01T12:47:39","guid":{"rendered":"https:\/\/kivenalla.fi\/tuote\/hrm-pro\/"},"modified":"2024-07-30T16:12:43","modified_gmt":"2024-07-30T13:12:43","slug":"hrm-pro","status":"publish","type":"product","link":"https:\/\/kivenalla.fi\/en\/product\/hrm-pro\/","title":{"rendered":"HRM-Pro\u2122"},"content":{"rendered":"<p><img decoding=\"async\" alt=\"hmrpro_runner\" src=\"\/WebRoot\/vilkasfi02\/Shops\/2016102603\/MediaGallery\/hmrpro_runner.jpg\" style=\"width: 800px; height: 305px;\" \/><\/p>\n<h3>Syke helposti ja tarkasti<\/h3>\n<p>T\u00e4m\u00e4 ensiluokkainen sykevy\u00f6 seuraa mm. juoksua ja uintia. Se l\u00e4hett\u00e4\u00e4 syketiedot reaaliaikaisesti ANT+<sup>\u00ae<\/sup>-yhteyden kautta ja Bluetooth<sup>\u00ae<\/sup> Low Energy -tekniikalla, mik\u00e4 laajentaa harjoittelumahdollisuuksia. Saat jatkuvasti tarkat syketiedot Garmin-laitteeseesi, verkon harjoittelusovelluksiin (esimerkiksi Zwift) tai jopa yhteensopiviin kuntosalin kuntoilulaitteisiin.<\/p>\n<h3>Seuraa juoksun dynamiikkaa<\/h3>\n<p>Syketietojen lis\u00e4ksi HRM-Pro tallentaa <a href=\"https:\/\/www.garmin.com\/fi-FI\/performance-data\/running\/\">juoksun dynamiikkatietoja,<\/a> joiden avulla voit kehitt\u00e4\u00e4 juoksutyyli\u00e4si. Tietoja ovat esimerkiksi pystysuuntainen liikehdint\u00e4, maakosketuksen kesto, askeleen pituus ja pystysuhde.<\/p>\n<h3>Tallenna ja v\u00e4lit\u00e4 tietojasi<\/h3>\n<p>Laite tallentaa syketietojasi uinnin ja muiden suoritusten aikana, kun kello on kantaman ulkopuolella, ja l\u00e4hett\u00e4\u00e4 tiedot kelloosi, kun suoritus on valmis. Se tallentaa my\u00f6s askeleet, kalorit ja tehominuutit ja synkronoi nekin kelloosi.<\/p>\n<h3>Miellytt\u00e4v\u00e4 ja k\u00e4tev\u00e4<\/h3>\n<p>HRM-Pro sis\u00e4lt\u00e4\u00e4 pienen, kevyen sykemittarimoduulin, joka on pehme\u00e4n, miellytt\u00e4v\u00e4n hihnan levyinen. \u00c4l\u00e4 murehdi my\u00f6sk\u00e4\u00e4n virran loppumista. K\u00e4ytt\u00e4j\u00e4n vaihdettavan nappipariston virta riitt\u00e4\u00e4 jopa 1 vuodeksi.<\/p>\n<p class=\"disclaimer-block\">Bluetooth-sana ja -logot ovat Bluetooth SIG Inc:n rekister\u00f6ityj\u00e4 tavaramerkkej\u00e4, ja Garminilla on lisenssi niiden k\u00e4ytt\u00f6\u00f6n.<\/p>\n<p class=\"disclaimer-block\">&nbsp;<\/p>\n<h2 class=\"disclaimer-block\">TEKNISET TIEDOT<\/h2>\n<p>&nbsp;<\/p>\n<div class=\"app__tabs__content__wrap js__app__tabs__content\" style=\"\">\n<div class=\"app__render-content\">\n<div>\n<h3>Fyysiset tiedot<\/h3>\n<ul>\n<li>Laitteen mitat (P x L x S): 60,0\u2013142,0 x 3,0 x 1,2 cm<\/li>\n<li>Paino: 59 g<\/li>\n<li>Moduulin koko: 29,4 x 51,4 x 8,5 mm<\/li>\n<li>Moduulin paino: 49 g<\/li>\n<li>Koon s\u00e4\u00e4t\u00f6: Kaksitaitteinen<\/li>\n<li>Koko: 60,0\u2013106,0 cm, valinnaisen jatkohihnan avulla 60,0\u2013142,0 cm<\/li>\n<li>Paristo: CR2032<\/li>\n<li>Paristonkesto: 12 kuukautta (triathlonharjoittelua 1 tunti p\u00e4iv\u00e4ss\u00e4)<\/li>\n<li><a href=\"https:\/\/www.garmin.com\/fi-FI\/legal\/waterrating\">Water resistance<\/a>: 5 ATM<\/li>\n<li>K\u00e4ytt\u00f6l\u00e4mp\u00f6tila: \u201310\u201350 \u00b0C<\/li>\n<li>Radiotaajuus\/yhteysk\u00e4yt\u00e4nt\u00f6: 2,4 GHz:n langaton ANT-yhteysk\u00e4yt\u00e4nt\u00f6, langaton Bluetooth<sup>\u00ae<\/sup> -tekniikka 5.0<\/li>\n<li>Kantama: 3 m<\/li>\n<li>J\u00e4rjestelm\u00e4n yhteensopivuus: ANT+, Bluetooth<sup>\u00ae<\/sup><\/li>\n<\/ul>\n<h3>Lis\u00e4ominaisuudet<\/h3>\n<ul>\n<li>ANT+<sup>\u00ae<\/sup>-syke: Kyll\u00e4<\/li>\n<li>BLE-syke: Kyll\u00e4<\/li>\n<li>Tukee sykevaihtelua ja edistyksellisi\u00e4 sykeominaisuuksia: Kyll\u00e4<\/li>\n<li>Juoksun dynamiikka (ANT+): Kyll\u00e4<\/li>\n<li>Erillinen aktiivisuusmittari (askeleet, koko p\u00e4iv\u00e4n syke, kalorit ja tehominuutit)<\/li>\n<li>Physio TrueUp -tuki<\/li>\n<li>Tallentaa ja v\u00e4litt\u00e4\u00e4 syketiedot: Kyll\u00e4<\/li>\n<li>Uinti-intervallin syketilastot: Kyll\u00e4<\/li>\n<\/ul>\n<p>Valmistajan tuotekoodi: <span class=\"app__product__info__part-number--light\" id=\"js__product__info__part-number__text\">010-12955-00 <\/span><\/p>\n<\/div>\n<\/div>\n<\/div>","protected":false},"excerpt":{"rendered":"<p>Syke helposti ja tarkasti T\u00e4m\u00e4 ensiluokkainen sykevy\u00f6 seuraa mm. juoksua ja uintia. Se l\u00e4hett\u00e4\u00e4 syketiedot reaaliaikaisesti ANT+\u00ae-yhteyden kautta ja Bluetooth\u00ae Low Energy -tekniikalla, mik\u00e4 laajentaa harjoittelumahdollisuuksia. Saat jatkuvasti tarkat syketiedot Garmin-laitteeseesi, verkon harjoittelusovelluksiin (esimerkiksi Zwift) tai jopa yhteensopiviin kuntosalin kuntoilulaitteisiin. Seuraa juoksun dynamiikkaa Syketietojen lis\u00e4ksi HRM-Pro tallentaa juoksun dynamiikkatietoja, joiden avulla voit kehitt\u00e4\u00e4 juoksutyyli\u00e4si. Tietoja&#8230;<\/p>","protected":false},"featured_media":5519,"comment_status":"open","ping_status":"closed","template":"","meta":{"_kadence_starter_templates_imported_post":false,"_kad_post_transparent":"","_kad_post_title":"","_kad_post_layout":"","_kad_post_sidebar_id":"","_kad_post_content_style":"","_kad_post_vertical_padding":"","_kad_post_feature":"","_kad_post_feature_position":"","_kad_post_header":false,"_kad_post_footer":false,"_kad_post_classname":""},"product_brand":[],"product_cat":[1560,1562],"product_tag":[41,1158,1159,242],"class_list":{"0":"post-5520","1":"product","2":"type-product","3":"status-publish","4":"has-post-thumbnail","6":"product_cat-garmin-lisavarusteet","7":"product_cat-rannelaitteet","8":"product_tag-garmin","9":"product_tag-hrm","10":"product_tag-hrm-pro","11":"product_tag-sykevyo","13":"first","14":"onbackorder","15":"taxable","16":"shipping-taxable","17":"purchasable","18":"product-type-simple","19":"entry","20":"content-bg","21":"loop-entry"},"_links":{"self":[{"href":"https:\/\/kivenalla.fi\/en\/wp-json\/wp\/v2\/product\/5520","targetHints":{"allow":["GET"]}}],"collection":[{"href":"https:\/\/kivenalla.fi\/en\/wp-json\/wp\/v2\/product"}],"about":[{"href":"https:\/\/kivenalla.fi\/en\/wp-json\/wp\/v2\/types\/product"}],"replies":[{"embeddable":true,"href":"https:\/\/kivenalla.fi\/en\/wp-json\/wp\/v2\/comments?post=5520"}],"wp:featuredmedia":[{"embeddable":true,"href":"https:\/\/kivenalla.fi\/en\/wp-json\/wp\/v2\/media\/5519"}],"wp:attachment":[{"href":"https:\/\/kivenalla.fi\/en\/wp-json\/wp\/v2\/media?parent=5520"}],"wp:term":[{"taxonomy":"product_brand","embeddable":true,"href":"https:\/\/kivenalla.fi\/en\/wp-json\/wp\/v2\/product_brand?post=5520"},{"taxonomy":"product_cat","embeddable":true,"href":"https:\/\/kivenalla.fi\/en\/wp-json\/wp\/v2\/product_cat?post=5520"},{"taxonomy":"product_tag","embeddable":true,"href":"https:\/\/kivenalla.fi\/en\/wp-json\/wp\/v2\/product_tag?post=5520"}],"curies":[{"name":"wp","href":"https:\/\/api.w.org\/{rel}","templated":true}]}}