{"id":5522,"date":"2023-12-01T14:47:40","date_gmt":"2023-12-01T12:47:40","guid":{"rendered":"https:\/\/kivenalla.fi\/tuote\/fenix-e01-v-2-0-minilamppu\/"},"modified":"2024-08-01T12:46:15","modified_gmt":"2024-08-01T09:46:15","slug":"fenix-e01-v-2-0-minilamppu","status":"publish","type":"product","link":"https:\/\/kivenalla.fi\/en\/product\/fenix-e01-v-2-0-minilamppu\/","title":{"rendered":"Fenix E01 v 2.0 -minilamppu"},"content":{"rendered":"<div class=\"grid-col grid-col-content-bottom-1-1\">\n<div class=\"grid-items\">\n<div class=\"grid-item grid-item-content-bottom-1-1-1\">\n<div class=\"module module-blocks module-blocks-334 blocks-grid\">\n<div class=\"module-body\">\n<div class=\"module-item module-item-1\">\n<div class=\"block-body expand-block\">\n<div class=\"block-wrapper\">\n<div class=\"block-content  block-description\">\n<h3>E01 V2.0 valovoimaa minikoossa<\/h3>\n<p>Fenix E01 V2.0 minilampussa riitt\u00e4\u00e4 valovirtaa. T\u00e4m\u00e4 todella pieni vain yhdell\u00e4 AAA-sormiparistolla toimiva minivalo tuottaa jopa max. 100 lumenin valotehon. Ultrapienen kokonsa ansiosta E01 V2.0 kulkee aina mukana vaikka avainnipussa.<\/p>\n<h3>Vertaansa vailla oleva valokuvio<\/h3>\n<p>Fenix E01 V2.0 k\u00e4ytt\u00e4\u00e4 ultraohutta optisen laatuluokan linssi\u00e4 joka tuottaa selke\u00e4n ja laajan valaisun aina 35 metriin saakka.&nbsp;<\/p>\n<h3>Toimii vain yhdell\u00e4 AAA-paristolla<\/h3>\n<p>Fenix E01 V2.0 toimii vain yhdell\u00e4 helposti saatavalla AAA-sormiparistolla. E01 V2.0 kehittyneen virtapiirin ansiosta sen paristoa ei kuluteta vaikka sit\u00e4 ei k\u00e4ytett\u00e4isiin pitk\u00e4\u00e4n aikaan. Valaisin on aina toimintavalmiina jokaisella k\u00e4ytt\u00f6kerralla.<\/p>\n<h3>Ei turhaa r\u00e4pelt\u00e4mist\u00e4<\/h3>\n<p>Fenix E12 V2.0 k\u00e4ytt\u00f6 on todella simppeli\u00e4 eik\u00e4 siin\u00e4 ole mit\u00e4\u00e4n ylim\u00e4\u00e4r\u00e4ist\u00e4. Lampun kolmea valotehoa k\u00e4ytet\u00e4\u00e4n vaivatta valaisinp\u00e4\u00e4n Twist-kiertokytkimest\u00e4.&nbsp;<\/p>\n<h3>N\u00e4pp\u00e4r\u00e4sti mukaan<\/h3>\n<p>E12 V2.0 kulkeen aina k\u00e4tev\u00e4sti mukana. Lamppu on vain 66 mm pitk\u00e4 ja painaa vaivaiset 13 grammaa (ilman paristoa). Se kulkee k\u00e4tev\u00e4sti paidan taskussa, housun taskussa, avainten kanssa ihan miss\u00e4 vaan!&nbsp;<\/p>\n<h3>Vaativaan k\u00e4ytt\u00f6\u00f6n<\/h3>\n<p>E01 V2.0 on kuin isoveljens\u00e4, t\u00e4ysi IP68 suojausluokitus ja kest\u00e4v\u00e4 kova-anodisoitu A6061-T6 luokan alumiinirunko takaa lampun kest\u00e4vyyden vaativassakin k\u00e4yt\u00f6ss\u00e4.<\/p>\n<h3>Product Information<\/h3>\n<ul>\n<li>Kolme k\u00e4ytt\u00f6tilaa, max 100 lumenia.<\/li>\n<li>Pienikokoinen ja vaivaton kuljettaa mukaan, pituus vain 66,5 mm.<\/li>\n<li>Twist-kiertokytkin valotehojen valintaan.<\/li>\n<li>Ultraohut optisen laatuluokan linssi tuottaa tasaisen ja laajan valokeilan.<\/li>\n<li>Toimii yhdell\u00e4 AAA-sormiparistolla.<\/li>\n<li>Kompakti koko, paino vain 13 grammaa (ilman paristoa).<\/li>\n<li>Pakkaus sis\u00e4lt\u00e4\u00e4: Fenix E01 V2.0 taskulamppu, AAA-sormiparisto (alkaali), avainrengas, vaihdettava O-rengastiiviste, k\u00e4ytt\u00f6ohje.<\/li>\n<\/ul>\n<p>Fenix-tuotemerkki takaa aina huippulaadun. Fenix E01 V2.0 on t\u00e4ysin IP68 p\u00f6ly- ja vesitiivis. Kaikki Fenix valaisimet on testattu omassa laboratoriossa amerikkalaisen ANSI\/FL1 standardin mukaisesti. E01 V2.0:lla on viiden (5) vuoden (paristo 1 vuosi) Fenix laatutakuu.<\/p>\n<div class=\"grid-item grid-item-content-bottom-1-2-1\">\n<div class=\"module module-blocks module-blocks-335 blocks-grid\">\n<div class=\"module-body\">\n<div class=\"module-item module-item-1\">\n<div class=\"block-body expand-block\">\n<h3 class=\"title module-title block-title\">Technical details<\/h3>\n<div class=\"block-wrapper\">\n<div class=\"block-content  block-attributes\">\n<div id=\"tab-specification\">\n<div class=\"table-responsive\">\n<table class=\"table table-bordered\">\n<tbody>\n<tr>\n<td>Maximum brightness (max)<\/td>\n<td>100 lumenia<\/td>\n<\/tr>\n<tr>\n<td>Runtime (max)<\/td>\n<td>25 h (pienin teho)<\/td>\n<\/tr>\n<tr>\n<td>Beam distance (max)<\/td>\n<td>35 metri\u00e4<\/td>\n<\/tr>\n<tr>\n<td>Peak intensity (max)<\/td>\n<td>304 kandelaa<\/td>\n<\/tr>\n<tr>\n<td>Impact resistance<\/td>\n<td>1 m<\/td>\n<\/tr>\n<tr>\n<td>Water resistance<\/td>\n<td>IP68 (2 metri\u00e4 vesitiivis)<\/td>\n<\/tr>\n<tr>\n<td>Operating modes<\/td>\n<td>3 kpl<\/td>\n<\/tr>\n<tr>\n<td>High mode<\/td>\n<td>100 lm \/ 50 min (alkaali), 50 min (Ni-Mh)<br \/>\n\t\t\t35 metri\u00e4<\/td>\n<\/tr>\n<tr>\n<td>Middle mode<\/td>\n<td>25 lm \/ 4 h 50 min (alkaali), 4 h 30 min (Ni-Mh)<br \/>\n\t\t\t19 metri\u00e4<br \/>\n\t\t\t88 kandelaa<\/td>\n<\/tr>\n<tr>\n<td>Low mode<\/td>\n<td>5 lm \/ 25 h (alkaali), 23 h (Ni-Mh)<br \/>\n\t\t\t9 metri\u00e4<br \/>\n\t\t\t21 kandelaa<\/td>\n<\/tr>\n<tr>\n<td>LED type<\/td>\n<td>Cree XP-G2 S3 LED<\/td>\n<\/tr>\n<tr>\n<td>Size<\/td>\n<td>66,5 x 15 x 14 mm<\/td>\n<\/tr>\n<tr>\n<td>Weight<\/td>\n<td>13 g (ilman paristoa)<\/td>\n<\/tr>\n<tr>\n<td>Power source<\/td>\n<td>1 x AAA (LR03) alkaali, NiMH<\/td>\n<\/tr>\n<tr>\n<td>Certifications<\/td>\n<td>ANSI\/NEMA FL-1, ROHS, CE<\/td>\n<\/tr>\n<tr>\n<td>Warranty<\/td>\n<td>5-vuotta<\/td>\n<\/tr>\n<tr>\n<td>Package contents<\/td>\n<td>Fenix E01 V2.0 taskulamppu, AAA-sormiparisto (alkaali), avainrengas, vaihdettava O-rengastiiviste, k\u00e4ytt\u00f6ohje.<\/td>\n<\/tr>\n<\/tbody>\n<\/table>\n<\/div>\n<\/div>\n<\/div>\n<div class=\"block-footer\">Valaisimen suojapiirit saattavat rajoittaa k\u00e4ytt\u00f6aikaa suurilla tehotiloilla jolloin valaisin siirtyy automaattisesti alempaan tehotilaan.<br \/>\nTekniset suoritusarvot m\u00e4\u00e4ritetty ANSI\/PLATO FL1 -standardin mukaisesti.<\/div>\n<\/div>\n<\/div>\n<\/div>\n<\/div>\n<\/div>\n<\/div>\n<\/div>\n<\/div>\n<\/div>\n<\/div>\n<\/div>\n<\/div>\n<\/div>\n<\/div>\n<\/div>","protected":false},"excerpt":{"rendered":"<p>Fenix E01 V2.0 minilampussa riitt\u00e4\u00e4 valovirtaa. T\u00e4m\u00e4 todella pieni vain yhdell\u00e4 AAA-sormiparistolla toimiva minivalo tuottaa jopa max. 100 lumenin valotehon. Ultrapienen kokonsa ansiosta E01 V2.0 kulkee aina mukana vaikka avainnipussa.<\/p>","protected":false},"featured_media":5521,"comment_status":"open","ping_status":"closed","template":"","meta":{"_kadence_starter_templates_imported_post":false,"_kad_post_transparent":"","_kad_post_title":"","_kad_post_layout":"","_kad_post_sidebar_id":"","_kad_post_content_style":"","_kad_post_vertical_padding":"","_kad_post_feature":"","_kad_post_feature_position":"","_kad_post_header":false,"_kad_post_footer":false,"_kad_post_classname":""},"product_brand":[],"product_cat":[1564,16],"product_tag":[40,1160,1161,1163,1164,1162,32,574],"class_list":{"0":"post-5522","1":"product","2":"type-product","3":"status-publish","4":"has-post-thumbnail","6":"product_cat-fenix","7":"product_cat-yleinen","8":"product_tag-aaa","9":"product_tag-aaa-akku","10":"product_tag-aaa-paristo","11":"product_tag-e01","12":"product_tag-e01-v-2-0","13":"product_tag-eneloop-aaa","14":"product_tag-fenix","15":"product_tag-minilamppu","17":"first","18":"onbackorder","19":"taxable","20":"shipping-taxable","21":"purchasable","22":"product-type-simple","23":"entry","24":"content-bg","25":"loop-entry"},"_links":{"self":[{"href":"https:\/\/kivenalla.fi\/en\/wp-json\/wp\/v2\/product\/5522","targetHints":{"allow":["GET"]}}],"collection":[{"href":"https:\/\/kivenalla.fi\/en\/wp-json\/wp\/v2\/product"}],"about":[{"href":"https:\/\/kivenalla.fi\/en\/wp-json\/wp\/v2\/types\/product"}],"replies":[{"embeddable":true,"href":"https:\/\/kivenalla.fi\/en\/wp-json\/wp\/v2\/comments?post=5522"}],"wp:featuredmedia":[{"embeddable":true,"href":"https:\/\/kivenalla.fi\/en\/wp-json\/wp\/v2\/media\/5521"}],"wp:attachment":[{"href":"https:\/\/kivenalla.fi\/en\/wp-json\/wp\/v2\/media?parent=5522"}],"wp:term":[{"taxonomy":"product_brand","embeddable":true,"href":"https:\/\/kivenalla.fi\/en\/wp-json\/wp\/v2\/product_brand?post=5522"},{"taxonomy":"product_cat","embeddable":true,"href":"https:\/\/kivenalla.fi\/en\/wp-json\/wp\/v2\/product_cat?post=5522"},{"taxonomy":"product_tag","embeddable":true,"href":"https:\/\/kivenalla.fi\/en\/wp-json\/wp\/v2\/product_tag?post=5522"}],"curies":[{"name":"wp","href":"https:\/\/api.w.org\/{rel}","templated":true}]}}