{"id":5542,"date":"2023-12-01T14:47:50","date_gmt":"2023-12-01T12:47:50","guid":{"rendered":"https:\/\/kivenalla.fi\/tuote\/flag-name-tag-finland-kooditon\/"},"modified":"2026-02-26T08:57:45","modified_gmt":"2026-02-26T06:57:45","slug":"flag-name-tag-finland-kooditon","status":"publish","type":"product","link":"https:\/\/kivenalla.fi\/en\/product\/flag-name-tag-finland-kooditon\/","title":{"rendered":"Flag Name Tag (Finland) (non trackable)"},"content":{"rendered":"<h1 class=\"wp-block-heading\">Seurantakooditon Flag Name Tag (Finland)<\/h1>\n\n\n\n<p>Kiinnitysmekanismina on tehokkaampi kolmen magneetin versio. Aikaisemmin myymiss\u00e4mme magneettikiinnitteisiss\u00e4 nimikyltiss\u00e4 on ollut 2 magneettia. Kolmen magneetin versio on vahvempi ja nimikyltti pysyy paksummankin paidan\/takin rintamuksessa. Nimikyltin yl\u00e4osassa on nyt my\u00f6s pieni kohouma ja reik\u00e4, joten nimikyltin saa my\u00f6s kiinni kaulanauhaan.<\/p>\n\n\n\n<p>V\u00e4rivaihtoehdot: musta, sininen ja punainen.<\/p>","protected":false},"excerpt":{"rendered":"<p>Nimikyltiss\u00e4 lukee &#8221;Hello my name is&#8221; ja paikka mihin voit tussilla kirjoittaa nimimerkkisi. Flag name tagissa on lis\u00e4ksi Suomen lippu kertomassa mist\u00e4 maasta olet kotoisin.<\/p>","protected":false},"featured_media":5541,"comment_status":"open","ping_status":"closed","template":"","meta":{"_kadence_starter_templates_imported_post":false,"_kad_post_transparent":"","_kad_post_title":"","_kad_post_layout":"","_kad_post_sidebar_id":"","_kad_post_content_style":"","_kad_post_vertical_padding":"","_kad_post_feature":"","_kad_post_feature_position":"","_kad_post_header":false,"_kad_post_footer":false,"_kad_post_classname":""},"product_brand":[],"product_cat":[1653,1662,1539,16],"product_tag":[419,422,1173],"class_list":{"0":"post-5542","1":"product","2":"type-product","3":"status-publish","4":"has-post-thumbnail","6":"product_cat-ale10","7":"product_cat-joulu","8":"product_cat-name-tagit","9":"product_cat-yleinen","10":"product_tag-flag-name-tag","11":"product_tag-nimikyltti","12":"product_tag-seurantakooditon","14":"first","15":"instock","16":"taxable","17":"shipping-taxable","18":"purchasable","19":"product-type-variable","20":"has-default-attributes","21":"entry","22":"content-bg","23":"loop-entry"},"_links":{"self":[{"href":"https:\/\/kivenalla.fi\/en\/wp-json\/wp\/v2\/product\/5542","targetHints":{"allow":["GET"]}}],"collection":[{"href":"https:\/\/kivenalla.fi\/en\/wp-json\/wp\/v2\/product"}],"about":[{"href":"https:\/\/kivenalla.fi\/en\/wp-json\/wp\/v2\/types\/product"}],"replies":[{"embeddable":true,"href":"https:\/\/kivenalla.fi\/en\/wp-json\/wp\/v2\/comments?post=5542"}],"wp:featuredmedia":[{"embeddable":true,"href":"https:\/\/kivenalla.fi\/en\/wp-json\/wp\/v2\/media\/5541"}],"wp:attachment":[{"href":"https:\/\/kivenalla.fi\/en\/wp-json\/wp\/v2\/media?parent=5542"}],"wp:term":[{"taxonomy":"product_brand","embeddable":true,"href":"https:\/\/kivenalla.fi\/en\/wp-json\/wp\/v2\/product_brand?post=5542"},{"taxonomy":"product_cat","embeddable":true,"href":"https:\/\/kivenalla.fi\/en\/wp-json\/wp\/v2\/product_cat?post=5542"},{"taxonomy":"product_tag","embeddable":true,"href":"https:\/\/kivenalla.fi\/en\/wp-json\/wp\/v2\/product_tag?post=5542"}],"curies":[{"name":"wp","href":"https:\/\/api.w.org\/{rel}","templated":true}]}}