{"id":5606,"date":"2023-12-01T14:48:19","date_gmt":"2023-12-01T12:48:19","guid":{"rendered":"https:\/\/kivenalla.fi\/tuote\/tiedonsarvi\/"},"modified":"2024-03-27T16:50:49","modified_gmt":"2024-03-27T14:50:49","slug":"tiedonsarvi","status":"publish","type":"product","link":"https:\/\/kivenalla.fi\/en\/product\/tiedonsarvi\/","title":{"rendered":"Antler of Knowledge"},"content":{"rendered":"<p>Unique item for mystery solving, now available for sale. Use by touching the tip of the antler to your forehead. First, select the correct tip (lowest D1, highest D5) corresponding to the difficulty level of the mystery. Note: use of the higher-level tips requires special caution and is not recommended right away. The user of the Antler of Knowledge must be in a receptive state of mind.<\/p>\n<ul>\n<li>Made from Finnish wood and genuine reindeer antler<\/li>\n<li>Suitable for solving all kinds of couch mysteries<\/li>\n<li>Excessive use may cause dizziness and an uncontrollable urge to show off<\/li>\n<li>Henkil\u00f6kunnan omissa testeiss\u00e4 olemme huomanneet, ett\u00e4 tiedonsarvi ei ole aivan &#8221;idioottivarma&#8221;, teho vaihtelee mm. k\u00e4ytt\u00e4j\u00e4n, k\u00e4ytt\u00f6tilanteen ja ilmanpaineen mukaan.<\/li>\n<li>Also suitable as a decorative item<\/li>\n<\/ul>\n<p>Note: This product comes with no warranty and no return policy.<\/p>","protected":false},"excerpt":{"rendered":"<p>Antler of knowledge for solving mysteries.<\/p>","protected":false},"featured_media":318,"comment_status":"open","ping_status":"closed","template":"","meta":{"_kadence_starter_templates_imported_post":false,"_kad_post_transparent":"","_kad_post_title":"","_kad_post_layout":"","_kad_post_sidebar_id":"","_kad_post_content_style":"","_kad_post_vertical_padding":"","_kad_post_feature":"","_kad_post_feature_position":"","_kad_post_header":false,"_kad_post_footer":false,"_kad_post_classname":""},"product_brand":[],"product_cat":[1547],"product_tag":[1203,603,1204],"class_list":{"0":"post-5606","1":"product","2":"type-product","3":"status-publish","4":"has-post-thumbnail","6":"product_cat-apuvalineet","7":"product_tag-mysteerinratkonta","8":"product_tag-poro","9":"product_tag-poronsarvi","11":"first","12":"outofstock","13":"taxable","14":"shipping-taxable","15":"purchasable","16":"product-type-simple","17":"entry","18":"content-bg","19":"loop-entry"},"_links":{"self":[{"href":"https:\/\/kivenalla.fi\/en\/wp-json\/wp\/v2\/product\/5606","targetHints":{"allow":["GET"]}}],"collection":[{"href":"https:\/\/kivenalla.fi\/en\/wp-json\/wp\/v2\/product"}],"about":[{"href":"https:\/\/kivenalla.fi\/en\/wp-json\/wp\/v2\/types\/product"}],"replies":[{"embeddable":true,"href":"https:\/\/kivenalla.fi\/en\/wp-json\/wp\/v2\/comments?post=5606"}],"wp:featuredmedia":[{"embeddable":true,"href":"https:\/\/kivenalla.fi\/en\/wp-json\/wp\/v2\/media\/318"}],"wp:attachment":[{"href":"https:\/\/kivenalla.fi\/en\/wp-json\/wp\/v2\/media?parent=5606"}],"wp:term":[{"taxonomy":"product_brand","embeddable":true,"href":"https:\/\/kivenalla.fi\/en\/wp-json\/wp\/v2\/product_brand?post=5606"},{"taxonomy":"product_cat","embeddable":true,"href":"https:\/\/kivenalla.fi\/en\/wp-json\/wp\/v2\/product_cat?post=5606"},{"taxonomy":"product_tag","embeddable":true,"href":"https:\/\/kivenalla.fi\/en\/wp-json\/wp\/v2\/product_tag?post=5606"}],"curies":[{"name":"wp","href":"https:\/\/api.w.org\/{rel}","templated":true}]}}