{"id":5608,"date":"2023-12-01T14:48:20","date_gmt":"2023-12-01T12:48:20","guid":{"rendered":"https:\/\/kivenalla.fi\/tuote\/geovarpu\/"},"modified":"2024-03-27T16:50:31","modified_gmt":"2024-03-27T14:50:31","slug":"geovarpu","status":"publish","type":"product","link":"https:\/\/kivenalla.fi\/en\/product\/geovarpu\/","title":{"rendered":"GeoTwig"},"content":{"rendered":"<p>With a GPS device or smartphone, you can get within a few meters of where a geocache is hidden \u2013 but GPS alone won\u2019t reveal the exact hiding spot. Now available as a single used unit (still fully functional, according to the previous owner): the Geo-stick. This particular Geo-stick has reportedly helped find thousands of caches and has even been used to hide many highly favorited ones.<\/p>\n<p>If you want to be the best, you need a Geo-stick!<\/p>\n<ul>\n<li>Length appr. 50 cm<\/li>\n<li>Extremely fragile, so it requires gentle handling<\/li>\n<li>The tip of the stick starts to bend when near a cache<\/li>\n<li>It will probably help you find a well location too \u2013 but no guarantees on that!<\/li>\n<li>Geovarpu ei henkil\u00f6kunnan testiss\u00e4 ollut &#8221;idioottivarma&#8221;, teho vaihtelee k\u00e4ytt\u00e4j\u00e4n, k\u00e4ytt\u00f6tilanteen ja maastonmuotojen mukaan.<\/li>\n<\/ul>\n<p>This product comes with no warranty and no return policy.<\/p>","protected":false},"excerpt":{"rendered":"<p>Geo-stick for finding and hiding caches.<\/p>","protected":false},"featured_media":5607,"comment_status":"open","ping_status":"closed","template":"","meta":{"_kadence_starter_templates_imported_post":false,"_kad_post_transparent":"","_kad_post_title":"","_kad_post_layout":"","_kad_post_sidebar_id":"","_kad_post_content_style":"","_kad_post_vertical_padding":"","_kad_post_feature":"","_kad_post_feature_position":"","_kad_post_header":false,"_kad_post_footer":false,"_kad_post_classname":""},"product_brand":[],"product_cat":[1547],"product_tag":[417,1205,1206],"class_list":{"0":"post-5608","1":"product","2":"type-product","3":"status-publish","4":"has-post-thumbnail","6":"product_cat-apuvalineet","7":"product_tag-apuvaline","8":"product_tag-geovarpu","9":"product_tag-varpu","11":"first","12":"outofstock","13":"taxable","14":"shipping-taxable","15":"purchasable","16":"product-type-simple","17":"entry","18":"content-bg","19":"loop-entry"},"_links":{"self":[{"href":"https:\/\/kivenalla.fi\/en\/wp-json\/wp\/v2\/product\/5608","targetHints":{"allow":["GET"]}}],"collection":[{"href":"https:\/\/kivenalla.fi\/en\/wp-json\/wp\/v2\/product"}],"about":[{"href":"https:\/\/kivenalla.fi\/en\/wp-json\/wp\/v2\/types\/product"}],"replies":[{"embeddable":true,"href":"https:\/\/kivenalla.fi\/en\/wp-json\/wp\/v2\/comments?post=5608"}],"wp:featuredmedia":[{"embeddable":true,"href":"https:\/\/kivenalla.fi\/en\/wp-json\/wp\/v2\/media\/5607"}],"wp:attachment":[{"href":"https:\/\/kivenalla.fi\/en\/wp-json\/wp\/v2\/media?parent=5608"}],"wp:term":[{"taxonomy":"product_brand","embeddable":true,"href":"https:\/\/kivenalla.fi\/en\/wp-json\/wp\/v2\/product_brand?post=5608"},{"taxonomy":"product_cat","embeddable":true,"href":"https:\/\/kivenalla.fi\/en\/wp-json\/wp\/v2\/product_cat?post=5608"},{"taxonomy":"product_tag","embeddable":true,"href":"https:\/\/kivenalla.fi\/en\/wp-json\/wp\/v2\/product_tag?post=5608"}],"curies":[{"name":"wp","href":"https:\/\/api.w.org\/{rel}","templated":true}]}}