{"id":5618,"date":"2023-12-01T14:48:24","date_gmt":"2023-12-01T12:48:24","guid":{"rendered":"https:\/\/kivenalla.fi\/tuote\/fenix-suodinadapteri\/"},"modified":"2024-11-22T13:22:29","modified_gmt":"2024-11-22T11:22:29","slug":"fenix-suodinadapteri","status":"publish","type":"product","link":"https:\/\/kivenalla.fi\/en\/product\/fenix-suodinadapteri\/","title":{"rendered":"Fenix suodinadapteri"},"content":{"rendered":"<p><span class=\"menutext\">Fenix suodinadapteri tuottaa tehokkaasti l\u00e4p\u00e4isiv\u00e4n punaisen valokeilan jota voidaan k\u00e4ytt\u00e4\u00e4 mm. huomio,- ja signaalivalona.<\/p>\n<p>\u2022 Kovapinnoitettu lasilinssi AR p\u00e4\u00e4llysteell\u00e4 (eritt\u00e4in korkea valonl\u00e4p\u00e4isykyky)<br \/>\n\u2022 Erinomainen kuumuudenkesto<br \/>\n\u2022 Suotimen liitospinta on PC2805 (Bayer) materiaalia joka kest\u00e4\u00e4 hyvin ik\u00e4\u00e4ntymist\u00e4 ja painautumista<br \/>\n\u2022 Suotimen muotoilu est\u00e4\u00e4 lamppua py\u00f6rim\u00e4st\u00e4<br \/>\n\u2022 Soveltuu k\u00e4ytett\u00e4v\u00e4ksi Fenix &#8221;L&#8221;* ja &#8221;P&#8221; sarjan valaisimien kanssa (ei kuitenkaan yhteensopiva Fenix L0D, LD01 tai LD01 SS valaisimen kanssa).<\/span><\/p>","protected":false},"excerpt":{"rendered":"<p><span class=\"menutext\">Fenix suodinadapteri tuottaa tehokkaasti l\u00e4p\u00e4isiv\u00e4n punaisen valokeilan jota voidaan k\u00e4ytt\u00e4\u00e4 mm. huomio,- ja signaalivalona.<\/span><\/p>","protected":false},"featured_media":5617,"comment_status":"open","ping_status":"closed","template":"","meta":{"_kadence_starter_templates_imported_post":false,"_kad_post_transparent":"","_kad_post_title":"","_kad_post_layout":"","_kad_post_sidebar_id":"","_kad_post_content_style":"","_kad_post_vertical_padding":"","_kad_post_feature":"","_kad_post_feature_position":"","_kad_post_header":false,"_kad_post_footer":false,"_kad_post_classname":""},"product_brand":[],"product_cat":[1657,1564,16],"product_tag":[546,32,1211,266],"class_list":{"0":"post-5618","1":"product","2":"type-product","3":"status-publish","4":"has-post-thumbnail","6":"product_cat-ale50","7":"product_cat-fenix","8":"product_cat-yleinen","9":"product_tag-adapteri","10":"product_tag-fenix","11":"product_tag-suodin","12":"product_tag-taskulamppu","14":"first","15":"instock","16":"taxable","17":"shipping-taxable","18":"purchasable","19":"product-type-simple","20":"entry","21":"content-bg","22":"loop-entry"},"_links":{"self":[{"href":"https:\/\/kivenalla.fi\/en\/wp-json\/wp\/v2\/product\/5618","targetHints":{"allow":["GET"]}}],"collection":[{"href":"https:\/\/kivenalla.fi\/en\/wp-json\/wp\/v2\/product"}],"about":[{"href":"https:\/\/kivenalla.fi\/en\/wp-json\/wp\/v2\/types\/product"}],"replies":[{"embeddable":true,"href":"https:\/\/kivenalla.fi\/en\/wp-json\/wp\/v2\/comments?post=5618"}],"wp:featuredmedia":[{"embeddable":true,"href":"https:\/\/kivenalla.fi\/en\/wp-json\/wp\/v2\/media\/5617"}],"wp:attachment":[{"href":"https:\/\/kivenalla.fi\/en\/wp-json\/wp\/v2\/media?parent=5618"}],"wp:term":[{"taxonomy":"product_brand","embeddable":true,"href":"https:\/\/kivenalla.fi\/en\/wp-json\/wp\/v2\/product_brand?post=5618"},{"taxonomy":"product_cat","embeddable":true,"href":"https:\/\/kivenalla.fi\/en\/wp-json\/wp\/v2\/product_cat?post=5618"},{"taxonomy":"product_tag","embeddable":true,"href":"https:\/\/kivenalla.fi\/en\/wp-json\/wp\/v2\/product_tag?post=5618"}],"curies":[{"name":"wp","href":"https:\/\/api.w.org\/{rel}","templated":true}]}}