{"id":5651,"date":"2023-12-01T14:48:40","date_gmt":"2023-12-01T12:48:40","guid":{"rendered":"https:\/\/kivenalla.fi\/tuote\/fenix-lr50r\/"},"modified":"2024-08-01T12:45:45","modified_gmt":"2024-08-01T09:45:45","slug":"fenix-lr50r","status":"publish","type":"product","link":"https:\/\/kivenalla.fi\/en\/product\/fenix-lr50r\/","title":{"rendered":"Fenix LR50R"},"content":{"rendered":"<div class=\"grid-col grid-col-content-bottom-1-1\">\n<div class=\"grid-items\">\n<div class=\"grid-item grid-item-content-bottom-1-1-1\">\n<div class=\"module module-blocks module-blocks-334 blocks-grid\">\n<div class=\"module-body\">\n<div class=\"module-item module-item-1\">\n<div class=\"block-body expand-block\">\n<div class=\"block-wrapper\">\n<div class=\"block-content  block-description\">\n<h3>Ennenn\u00e4kem\u00e4t\u00f6nt\u00e4 valovoimaa<\/h3>\n<p>Fenix LR50R on 12,000 lumenin valovoiman tuottava ladattava k\u00e4sivalaisin joka soveltuu erinomaisesti erilaisiin haku- ja etsint\u00e4teht\u00e4viin. Lampussa on nelj\u00e4 SST70 teholedi\u00e4 jotka on upotettu syviin heijastinkartoihin joilla saadaan tehokkaasti jopa max. 950 metriin asti valaiseva valokeila. Suuresta valovoimasta huolimatta, LR50R kulkee vaivatta mukana sill\u00e4 se on ainoastaan 16 cm pitk\u00e4.&nbsp;<\/p>\n<p>Fenix LR50R soveltuu erinomaisesti kaikenlaisiin etsint\u00e4- ja hakuteht\u00e4viin niin sis\u00e4ll\u00e4 kuin ulkonakin.<\/p>\n<h3>Edistyksellinen sensorointi ja ultranopea USB-C lataus<\/h3>\n<p>Lampussa on ainutlaatuinen sensorointi joka parantaa lampun k\u00e4ytt\u00f6turvallisuutta. Mik\u00e4li lamppua vied\u00e4\u00e4n l\u00e4hell\u00e4 jotakin kohdetta (noin 6 cm) lasketaan lampun valotehoa automaattisesti. Vastaavasti lamppu palautuu edelliseen tehotilaan kun estett\u00e4 ei en\u00e4\u00e4 ole l\u00e4hettyvill\u00e4. LR50R k\u00e4sivalaisimessa on huippunopea USB C-liittimell\u00e4 varustettu pikalataus (4A) joka lataa lampun suuren 16,000 mAh akun tyhj\u00e4st\u00e4 t\u00e4yteen vain vajaassa nelj\u00e4ss\u00e4 tunnissa!&nbsp; Valaisimessa on mu\u00f6s virran ulossy\u00f6tt\u00f6 joka mahdollistaa mink\u00e4 tahansa erillisen USB liittimell\u00e4 varustetun laitteen lataamisen esim. matkapuhelin, GPS-navigaattori jne.&nbsp;<\/p>\n<h3>Luokkansa tehokkain valaisu<\/h3>\n<p>Tarkuushiotut heijastinkartiot ohjaavat valokuvion tehokkaasti suurella max. 225750 kandelan valovoimalla kohteeseensa. LR50R heijastinkartion hionnassa on k\u00e4ytetty ns. kaksoiskartiotekniikkaa jolla saavutetaan samanaikaisesti laaja (75-astetta) ja keskitt\u00e4v\u00e4 (8-asetetta) valokeila jonka keskipisteen kirkkaus on per\u00e4ti 225750 kandelaan.&nbsp;<\/p>\n<h3>Ei r\u00e4pelt\u00e4mist\u00e4<\/h3>\n<p>Fenix LR50R taskulampun k\u00e4ytt\u00e4minen on yksinkertaista kahdella erillisell\u00e4 k\u00e4ytt\u00f6kytkimell\u00e4. Metalliset k\u00e4ytt\u00f6kytkimet tarjoavat v\u00e4litt\u00f6m\u00e4n p\u00e4\u00e4syn kaikkiin lampun kuuteen kirkkaustilaan ja kolmeen toimintotilaan ilman turhaa r\u00e4pelt\u00e4mist\u00e4. Kaikki tehot ovat heti k\u00e4ytett\u00e4viss\u00e4. K\u00e4ytt\u00f6paneelista n\u00e4et my\u00f6s selke\u00e4sti latauksen edistymisen ja j\u00e4ljell\u00e4olevan virran m\u00e4\u00e4r\u00e4n. Ohjelmallinen n\u00e4pp\u00e4inten lukitus varmistaa, ett\u00e4 lamppu ei syty tahattomasti p\u00e4\u00e4lle kuljetuksen aikana.<\/p>\n<h3>Product Information<\/h3>\n<ul>\n<li>Kehittynyt virransy\u00f6tt\u00f6teknologia parantaa valaisimen suorituskyky\u00e4.<\/li>\n<li>Kaksoiskartiotekniikka valaisee laajasti ja kauas (75 astetta + 8 astetta).<\/li>\n<li>Max. valovoima 12000 lumenia, kantamatka 950 m.<\/li>\n<li>USB C-pikalataus (PD3.0\/PD2.0, QC3.0\/QC2.0) (Max. 4 A latausvirta).<\/li>\n<li>Ohjelmallinen n\u00e4pp\u00e4inlukko.<\/li>\n<li>Mahdollista k\u00e4ytt\u00e4\u00e4 my\u00f6s 1 &#8211; 4 kpl 21700 Li-ion akulla (t\u00e4ll\u00f6in k\u00e4yt\u00f6ss\u00e4 max. 6000 lm\/ storbo 3000 lm tehotilat)<\/li>\n<li>Latauksen ja j\u00e4ljell\u00e4olevan paristovirran LED-merkkivalot.&nbsp;<\/li>\n<li>Varavirtatoiminto mahdollistaa muiden USB-ladattavien laitteiden lataamisen esim. matkapuhelin.<\/li>\n<li>Pakkaus sis\u00e4lt\u00e4\u00e4: Fenix LR50R hakulamppu x 1, ARB-L52-16000 Li-ion akkupaketti x 1, USB C -latauskaapeli x 1, valaisinkotelo x 1, rannehihna x 1, vaihdettava O-rengastiiviste x 1, k\u00e4ytt\u00f6ohje<\/li>\n<\/ul>\n<p>Fenix-tuotemerkki takaa aina huippulaadun, LR50R on IP68-tiiviysluokituksen mukaisesti p\u00f6ly- ja vesitiivis. Kaikki Fenix valaisimet on testattu omassa laboratoriossa amerikkalaisen ANSI\/FL1 standardin mukaisesti. LR50R valaisimella on viiden (5) vuoden (paristo 1 vuosi) Fenix laatutakuu.<\/p>\n<h3 class=\"title module-title block-title\">Technical details<\/h3>\n<table class=\"cke-table editor_table_with_border\" style=\"border:1px solid black;\">\n<tbody>\n<tr>\n<td class=\"editor_td_with_border\" style=\"border-width: 1px; border-style: solid; border-color: black;\">Maximum brightness (max)<\/td>\n<td class=\"editor_td_with_border\" style=\"border-width: 1px; border-style: solid; border-color: black;\">12000 lumenia<\/td>\n<\/tr>\n<tr>\n<td class=\"editor_td_with_border\" style=\"border-width: 1px; border-style: solid; border-color: black;\">Runtime (max)<\/td>\n<td class=\"editor_td_with_border\" style=\"border-width: 1px; border-style: solid; border-color: black;\">58 h<\/td>\n<\/tr>\n<tr>\n<td class=\"editor_td_with_border\" style=\"border-width: 1px; border-style: solid; border-color: black;\">Beam distance (max)<\/td>\n<td class=\"editor_td_with_border\" style=\"border-width: 1px; border-style: solid; border-color: black;\">950 metri\u00e4<\/td>\n<\/tr>\n<tr>\n<td class=\"editor_td_with_border\" style=\"border-width: 1px; border-style: solid; border-color: black;\">Peak intensity (max)<\/td>\n<td class=\"editor_td_with_border\" style=\"border-width: 1px; border-style: solid; border-color: black;\">225750 kandela<\/td>\n<\/tr>\n<tr>\n<td class=\"editor_td_with_border\" style=\"border-width: 1px; border-style: solid; border-color: black;\">Impact resistance<\/td>\n<td class=\"editor_td_with_border\" style=\"border-width: 1px; border-style: solid; border-color: black;\">1 m<\/td>\n<\/tr>\n<tr>\n<td class=\"editor_td_with_border\" style=\"border-width: 1px; border-style: solid; border-color: black;\">Water resistance<\/td>\n<td class=\"editor_td_with_border\" style=\"border-width: 1px; border-style: solid; border-color: black;\">IP68<\/td>\n<\/tr>\n<tr>\n<td class=\"editor_td_with_border\" style=\"border-width: 1px; border-style: solid; border-color: black;\">Operating modes<\/td>\n<td class=\"editor_td_with_border\" style=\"border-width: 1px; border-style: solid; border-color: black;\">9 kpl<\/td>\n<\/tr>\n<tr>\n<td class=\"editor_td_with_border\" style=\"border-width: 1px; border-style: solid; border-color: black;\">K\u00e4ytt\u00f6tila turbo<\/td>\n<td class=\"editor_td_with_border\" style=\"border-width: 1px; border-style: solid; border-color: black;\">12000 lm<br \/>\n\t\t\t1 h 50 min*<br \/>\n\t\t\t950 m<br \/>\n\t\t\t225750 kandela<\/td>\n<\/tr>\n<tr>\n<td class=\"editor_td_with_border\" style=\"border-width: 1px; border-style: solid; border-color: black;\">K\u00e4ytt\u00f6tila korkea II<\/td>\n<td class=\"editor_td_with_border\" style=\"border-width: 1px; border-style: solid; border-color: black;\">6000 lm<br \/>\n\t\t\t2 h 20 min*<br \/>\n\t\t\t690 m<br \/>\n\t\t\t118400 kandelaa<\/td>\n<\/tr>\n<tr>\n<td class=\"editor_td_with_border\" style=\"border-width: 1px; border-style: solid; border-color: black;\">K\u00e4ytt\u00f6tila korkea I<\/td>\n<td class=\"editor_td_with_border\" style=\"border-width: 1px; border-style: solid; border-color: black;\">3000 lm<br \/>\n\t\t\t2 h 40 min*<br \/>\n\t\t\t480 m<br \/>\n\t\t\t58200 kandelaa<\/td>\n<\/tr>\n<tr>\n<td class=\"editor_td_with_border\" style=\"border-width: 1px; border-style: solid; border-color: black;\">Middle mode<\/td>\n<td class=\"editor_td_with_border\" style=\"border-width: 1px; border-style: solid; border-color: black;\">1000 lm<br \/>\n\t\t\t7 h 40 min<br \/>\n\t\t\t280 m<br \/>\n\t\t\t19800 kandela<\/td>\n<\/tr>\n<tr>\n<td class=\"editor_td_with_border\" style=\"border-width: 1px; border-style: solid; border-color: black;\">Low mode<\/td>\n<td class=\"editor_td_with_border\" style=\"border-width: 1px; border-style: solid; border-color: black;\">350 lm<br \/>\n\t\t\t24 h<br \/>\n\t\t\t165 m<br \/>\n\t\t\t6850 kandela<\/td>\n<\/tr>\n<tr>\n<td class=\"editor_td_with_border\" style=\"border-width: 1px; border-style: solid; border-color: black;\">Eco mode<\/td>\n<td class=\"editor_td_with_border\" style=\"border-width: 1px; border-style: solid; border-color: black;\">50 lm<br \/>\n\t\t\t58 h<br \/>\n\t\t\t70 m<br \/>\n\t\t\t1200 kandelaa<\/td>\n<\/tr>\n<tr>\n<td class=\"editor_td_with_border\" style=\"border-width: 1px; border-style: solid; border-color: black;\">Strobo<\/td>\n<td class=\"editor_td_with_border\" style=\"border-width: 1px; border-style: solid; border-color: black;\">6000 lm<\/td>\n<\/tr>\n<tr>\n<td class=\"editor_td_with_border\" style=\"border-width: 1px; border-style: solid; border-color: black;\">SOS-signaali<\/td>\n<td class=\"editor_td_with_border\" style=\"border-width: 1px; border-style: solid; border-color: black;\">350 lm<\/td>\n<\/tr>\n<tr>\n<td class=\"editor_td_with_border\" style=\"border-width: 1px; border-style: solid; border-color: black;\">LED type<\/td>\n<td class=\"editor_td_with_border\" style=\"border-width: 1px; border-style: solid; border-color: black;\">Luminus SST70 4 kpl<\/td>\n<\/tr>\n<tr>\n<td class=\"editor_td_with_border\" style=\"border-width: 1px; border-style: solid; border-color: black;\">Size<\/td>\n<td class=\"editor_td_with_border\" style=\"border-width: 1px; border-style: solid; border-color: black;\">163 x 88 x 60 mm<\/td>\n<\/tr>\n<tr>\n<td class=\"editor_td_with_border\" style=\"border-width: 1px; border-style: solid; border-color: black;\">Weight<\/td>\n<td class=\"editor_td_with_border\" style=\"border-width: 1px; border-style: solid; border-color: black;\">980 g (paristojen kanssa)<\/td>\n<\/tr>\n<tr>\n<td class=\"editor_td_with_border\" style=\"border-width: 1px; border-style: solid; border-color: black;\">Power source<\/td>\n<td class=\"editor_td_with_border\" style=\"border-width: 1px; border-style: solid; border-color: black;\">1xARB-L52-1600 Li-ion akkuparisto\/1-4&#215;21700<\/td>\n<\/tr>\n<tr>\n<td class=\"editor_td_with_border\" style=\"border-width: 1px; border-style: solid; border-color: black;\">Certifications<\/td>\n<td class=\"editor_td_with_border\" style=\"border-width: 1px; border-style: solid; border-color: black;\">ANSI\/NEMA FL-1, ROHS, CE<\/td>\n<\/tr>\n<tr>\n<td class=\"editor_td_with_border\" style=\"border-width: 1px; border-style: solid; border-color: black;\">Warranty<\/td>\n<td class=\"editor_td_with_border\" style=\"border-width: 1px; border-style: solid; border-color: black;\">5-vuotta<\/td>\n<\/tr>\n<tr>\n<td class=\"editor_td_with_border\" style=\"border-width: 1px; border-style: solid; border-color: black;\">Package contents<\/td>\n<td class=\"editor_td_with_border\" style=\"border-width: 1px; border-style: solid; border-color: black;\">Fenix LR50R hakulamppu x 1 kpl, ARB-L52-16000 Li-ion akkupaketti x 1 kpl, USB C -latauskaapeli x 1 kpl, valaisinkotelo x 1 kpl, rannehihna x 1 kpl, vaihdettava O-rengastiiviste x 1 kpl, k\u00e4ytt\u00f6ohje<\/td>\n<\/tr>\n<\/tbody>\n<\/table>\n<\/div>\n<\/div>\n<\/div>\n<div class=\"block-footer\">* Turbo ja Teho II tehotilojen k\u00e4ytt\u00f6ajat ovat valaisimen yht\u00e4mittaisia kokonaisk\u00e4ytt\u00f6aikoja valoteholla 100 &#8211; 10 %.<br \/>\nTekniset suoritusarvot on m\u00e4\u00e4ritetty ANSI\/PLATO FL1 -k\u00e4sivalaisinstandardin mukaisesti.<\/div>\n<\/div>\n<\/div>\n<\/div>\n<\/div>\n<\/div>\n<\/div>","protected":false},"excerpt":{"rendered":"<p>Fenix LR50R<\/p>\n<p>&nbsp;<\/p>","protected":false},"featured_media":5650,"comment_status":"open","ping_status":"closed","template":"","meta":{"_kadence_starter_templates_imported_post":false,"_kad_post_transparent":"","_kad_post_title":"","_kad_post_layout":"","_kad_post_sidebar_id":"","_kad_post_content_style":"","_kad_post_vertical_padding":"","_kad_post_feature":"","_kad_post_feature_position":"","_kad_post_header":false,"_kad_post_footer":false,"_kad_post_classname":""},"product_brand":[],"product_cat":[1564,16],"product_tag":[1231,32,1232,1230,712],"class_list":{"0":"post-5651","1":"product","2":"type-product","3":"status-publish","4":"has-post-thumbnail","6":"product_cat-fenix","7":"product_cat-yleinen","8":"product_tag-12000lm","9":"product_tag-fenix","10":"product_tag-fenix-lr50r","11":"product_tag-lr50r","12":"product_tag-superlamppu","14":"first","15":"onbackorder","16":"taxable","17":"shipping-taxable","18":"purchasable","19":"product-type-simple","20":"entry","21":"content-bg","22":"loop-entry"},"_links":{"self":[{"href":"https:\/\/kivenalla.fi\/en\/wp-json\/wp\/v2\/product\/5651","targetHints":{"allow":["GET"]}}],"collection":[{"href":"https:\/\/kivenalla.fi\/en\/wp-json\/wp\/v2\/product"}],"about":[{"href":"https:\/\/kivenalla.fi\/en\/wp-json\/wp\/v2\/types\/product"}],"replies":[{"embeddable":true,"href":"https:\/\/kivenalla.fi\/en\/wp-json\/wp\/v2\/comments?post=5651"}],"wp:featuredmedia":[{"embeddable":true,"href":"https:\/\/kivenalla.fi\/en\/wp-json\/wp\/v2\/media\/5650"}],"wp:attachment":[{"href":"https:\/\/kivenalla.fi\/en\/wp-json\/wp\/v2\/media?parent=5651"}],"wp:term":[{"taxonomy":"product_brand","embeddable":true,"href":"https:\/\/kivenalla.fi\/en\/wp-json\/wp\/v2\/product_brand?post=5651"},{"taxonomy":"product_cat","embeddable":true,"href":"https:\/\/kivenalla.fi\/en\/wp-json\/wp\/v2\/product_cat?post=5651"},{"taxonomy":"product_tag","embeddable":true,"href":"https:\/\/kivenalla.fi\/en\/wp-json\/wp\/v2\/product_tag?post=5651"}],"curies":[{"name":"wp","href":"https:\/\/api.w.org\/{rel}","templated":true}]}}