{"id":5657,"date":"2023-12-01T14:48:43","date_gmt":"2023-12-01T12:48:43","guid":{"rendered":"https:\/\/kivenalla.fi\/tuote\/ammuslaatikko-30-cal\/"},"modified":"2026-01-27T09:37:08","modified_gmt":"2026-01-27T07:37:08","slug":"ammuslaatikko-30-cal","status":"publish","type":"product","link":"https:\/\/kivenalla.fi\/en\/product\/ammuslaatikko-30-cal\/","title":{"rendered":"Ammobox .30 cal (used)"},"content":{"rendered":"<p>T\u00e4m\u00e4 ammuslaatikko on 7.62x51mm NATO konekiv\u00e4\u00e4rin 200 patruunan vy\u00f6lle tarkoitettu. <strong>Ammuslaatikko on k\u00e4ytetty ja pinnassa osittain ruostetta. Osassa ammuslaatikoita on teippi\u00e4 pinnassa.<\/strong><\/p>\n\n\n\n<p>Ammo boxes are considered state-of-the-art containers among geocachers. They are waterproof and very durable, making them very low-maintenance cache containers.<\/p>\n\n\n\n<p>Ammo box size approx. 23.0 x 17.5 x 9.0 cm.<\/p>\n\n\n\n<p><a data-link-type=\"external\" data-type=\"linkpicker\" href=\"https:\/\/www.6123tampere.com\/2014\/12\/10\/ammobox-katkopurkin-tekeminen\/\">6123tampere.com blog instructions<\/a> for handling the ammo box<\/p>","protected":false},"excerpt":{"rendered":"<p>This ammo box is designed for a 200-round belt of 7.62x51mm NATO machine gun ammunition. The ammo box is used; some have markings on the side, while others have been painted over.<\/p>","protected":false},"featured_media":5656,"comment_status":"open","ping_status":"closed","template":"","meta":{"_kadence_starter_templates_imported_post":false,"_kad_post_transparent":"","_kad_post_title":"","_kad_post_layout":"","_kad_post_sidebar_id":"","_kad_post_content_style":"","_kad_post_vertical_padding":"","_kad_post_feature":"","_kad_post_feature_position":"","_kad_post_header":false,"_kad_post_footer":false,"_kad_post_classname":""},"product_brand":[],"product_cat":[1653,1543,16],"product_tag":[1233,1234],"class_list":{"0":"post-5657","1":"product","2":"type-product","3":"status-publish","4":"has-post-thumbnail","6":"product_cat-ale10","7":"product_cat-katkopurkit","8":"product_cat-yleinen","9":"product_tag-ammuslaatikko","10":"product_tag-ammuslaatikko-30-cal","12":"first","13":"instock","14":"taxable","15":"shipping-taxable","16":"purchasable","17":"product-type-simple","18":"entry","19":"content-bg","20":"loop-entry"},"_links":{"self":[{"href":"https:\/\/kivenalla.fi\/en\/wp-json\/wp\/v2\/product\/5657","targetHints":{"allow":["GET"]}}],"collection":[{"href":"https:\/\/kivenalla.fi\/en\/wp-json\/wp\/v2\/product"}],"about":[{"href":"https:\/\/kivenalla.fi\/en\/wp-json\/wp\/v2\/types\/product"}],"replies":[{"embeddable":true,"href":"https:\/\/kivenalla.fi\/en\/wp-json\/wp\/v2\/comments?post=5657"}],"wp:featuredmedia":[{"embeddable":true,"href":"https:\/\/kivenalla.fi\/en\/wp-json\/wp\/v2\/media\/5656"}],"wp:attachment":[{"href":"https:\/\/kivenalla.fi\/en\/wp-json\/wp\/v2\/media?parent=5657"}],"wp:term":[{"taxonomy":"product_brand","embeddable":true,"href":"https:\/\/kivenalla.fi\/en\/wp-json\/wp\/v2\/product_brand?post=5657"},{"taxonomy":"product_cat","embeddable":true,"href":"https:\/\/kivenalla.fi\/en\/wp-json\/wp\/v2\/product_cat?post=5657"},{"taxonomy":"product_tag","embeddable":true,"href":"https:\/\/kivenalla.fi\/en\/wp-json\/wp\/v2\/product_tag?post=5657"}],"curies":[{"name":"wp","href":"https:\/\/api.w.org\/{rel}","templated":true}]}}