{"id":5659,"date":"2023-12-01T14:48:44","date_gmt":"2023-12-01T12:48:44","guid":{"rendered":"https:\/\/kivenalla.fi\/tuote\/ammuslaatikko-50-cal\/"},"modified":"2026-01-27T09:38:15","modified_gmt":"2026-01-27T07:38:15","slug":"ammuslaatikko-50-cal","status":"publish","type":"product","link":"https:\/\/kivenalla.fi\/en\/product\/ammuslaatikko-50-cal\/","title":{"rendered":"Ammuslaatikko .50 cal"},"content":{"rendered":"<p>T\u00e4m\u00e4 ammuslaatikko on .50 cal konekiv\u00e4\u00e4rin vy\u00f6lle tarkoitettu. <strong>Ammuslaatikko on k\u00e4ytetty ja pinnassa on osittain ruostetta.<\/strong><\/p>\n\n\n\n<p>Ammo boxes are considered state-of-the-art containers among geocachers. They are waterproof and very durable, making them very low-maintenance cache containers.<\/p>\n\n\n\n<p>Ammuslaatikon koko n. 28,0 x 18 x 14,0 cm.<\/p>\n\n\n\n<p><a data-link-type=\"external\" data-type=\"linkpicker\" href=\"https:\/\/www.6123tampere.com\/2014\/12\/10\/ammobox-katkopurkin-tekeminen\/\">6123tampere.com blog instructions<\/a> for handling the ammo box<\/p>","protected":false},"excerpt":{"rendered":"<p>T\u00e4m\u00e4 ammuslaatikko on .50 cal konekiv\u00e4\u00e4rin vy\u00f6lle tarkoitettu. Ammuslaatikko on k\u00e4ytetty ja osassa kyljess\u00e4 tekstit ja osassa maalattu pois.<\/p>","protected":false},"featured_media":5658,"comment_status":"open","ping_status":"closed","template":"","meta":{"_kadence_starter_templates_imported_post":false,"_kad_post_transparent":"","_kad_post_title":"","_kad_post_layout":"","_kad_post_sidebar_id":"","_kad_post_content_style":"","_kad_post_vertical_padding":"","_kad_post_feature":"","_kad_post_feature_position":"","_kad_post_header":false,"_kad_post_footer":false,"_kad_post_classname":""},"product_brand":[],"product_cat":[1543,16],"product_tag":[1233,1235],"class_list":{"0":"post-5659","1":"product","2":"type-product","3":"status-publish","4":"has-post-thumbnail","6":"product_cat-katkopurkit","7":"product_cat-yleinen","8":"product_tag-ammuslaatikko","9":"product_tag-ammuslaatikko-50-cal","11":"first","12":"instock","13":"taxable","14":"shipping-taxable","15":"purchasable","16":"product-type-simple","17":"entry","18":"content-bg","19":"loop-entry"},"_links":{"self":[{"href":"https:\/\/kivenalla.fi\/en\/wp-json\/wp\/v2\/product\/5659","targetHints":{"allow":["GET"]}}],"collection":[{"href":"https:\/\/kivenalla.fi\/en\/wp-json\/wp\/v2\/product"}],"about":[{"href":"https:\/\/kivenalla.fi\/en\/wp-json\/wp\/v2\/types\/product"}],"replies":[{"embeddable":true,"href":"https:\/\/kivenalla.fi\/en\/wp-json\/wp\/v2\/comments?post=5659"}],"wp:featuredmedia":[{"embeddable":true,"href":"https:\/\/kivenalla.fi\/en\/wp-json\/wp\/v2\/media\/5658"}],"wp:attachment":[{"href":"https:\/\/kivenalla.fi\/en\/wp-json\/wp\/v2\/media?parent=5659"}],"wp:term":[{"taxonomy":"product_brand","embeddable":true,"href":"https:\/\/kivenalla.fi\/en\/wp-json\/wp\/v2\/product_brand?post=5659"},{"taxonomy":"product_cat","embeddable":true,"href":"https:\/\/kivenalla.fi\/en\/wp-json\/wp\/v2\/product_cat?post=5659"},{"taxonomy":"product_tag","embeddable":true,"href":"https:\/\/kivenalla.fi\/en\/wp-json\/wp\/v2\/product_tag?post=5659"}],"curies":[{"name":"wp","href":"https:\/\/api.w.org\/{rel}","templated":true}]}}