{"id":5708,"date":"2023-12-01T14:49:07","date_gmt":"2023-12-01T12:49:07","guid":{"rendered":"https:\/\/kivenalla.fi\/tuote\/garrett-ace-apex-basic\/"},"modified":"2024-07-31T10:11:35","modified_gmt":"2024-07-31T07:11:35","slug":"garrett-ace-apex-basic","status":"publish","type":"product","link":"https:\/\/kivenalla.fi\/en\/product\/garrett-ace-apex-basic\/","title":{"rendered":"Garrett Ace Apex Basic"},"content":{"rendered":"<h1>Garrett ACE Apex -uutuusmalli<\/h1>\n<p>Garrett Multi-Flex -teknologiaan pohjautuva monitaajuuslaite (5, 10, 15, 20 kHz tai yht\u00e4aikainen monitaajuus).<\/p>\n<p>Ace Apex on suunniteltu erityisesti kolikko- ja reliikkijahtiin, kahlailuun, hiekkarannoille ja jopa kullahippujen etsint\u00e4\u00e4n!<\/p>\n<p>Helppok\u00e4ytt\u00f6inen k\u00e4ytt\u00f6liittym\u00e4. Kuusi hakuohjelmaa + pinpoint. Tarkka maah\u00e4iri\u00f6n poiston s\u00e4\u00e4t\u00f6mahdollisuus (175 pyk\u00e4l\u00e4\u00e4, rautaisesta maasta suolaveteen). Suurikokoiset Target ID -numerot. Ladattavat akut. Iron Audio = Raudan \u00e4\u00e4ni. 5-tasoinen \u00e4\u00e4nierottelu. Edistyksellinen audio-j\u00e4rjestelm\u00e4. Tarkka erottelu: 20 pyk\u00e4l\u00e4\u00e4 Notch-erottelussa, 8 pyk\u00e4l\u00e4\u00e4 raudalle. N\u00e4yt\u00f6n taustavalo. \u00c4\u00e4nenvoimakkuuden s\u00e4\u00e4t\u00f6. Kahdeksanportainen herkkyydens\u00e4\u00e4t\u00f6. 1\/8&#8243; eli 6mm kuulokeliit\u00e4nt\u00e4 kuulokkeille, ei sis. Sis\u00e4\u00e4nrakennettu Z-Lynk Wireless -langaton kuulokej\u00e4rjestelm\u00e4.<\/p>\n<p>Toimitetaan 6&#215;11&#8243; Viper DD -kelalla. Vesitiivis kela. Huom! Viper -kelat eiv\u00e4t ole yhteensopivia muiden Ace-koneiden kanssa. Vastaavasti Ace-kelat eiv\u00e4t sovi Apexiin.<\/p>\n<p>Paino: 1.13 kg.<\/p>\n<p>Takuu 2 vuotta. Englanninkielinen ohjekirja.<\/p>","protected":false},"excerpt":{"rendered":"<p>Garrett Ace Apex Basic<\/p>","protected":false},"featured_media":5707,"comment_status":"open","ping_status":"closed","template":"","meta":{"_kadence_starter_templates_imported_post":false,"_kad_post_transparent":"","_kad_post_title":"","_kad_post_layout":"","_kad_post_sidebar_id":"","_kad_post_content_style":"","_kad_post_vertical_padding":"","_kad_post_feature":"","_kad_post_feature_position":"","_kad_post_header":false,"_kad_post_footer":false,"_kad_post_classname":""},"product_brand":[],"product_cat":[1555,16],"product_tag":[86,1245,83,85,165],"class_list":{"0":"post-5708","1":"product","2":"type-product","3":"status-publish","4":"has-post-thumbnail","6":"product_cat-garrett","7":"product_cat-yleinen","8":"product_tag-ace","9":"product_tag-apex","10":"product_tag-garrett","11":"product_tag-metallinetsinta","12":"product_tag-metallinpaljastin","14":"first","15":"onbackorder","16":"taxable","17":"shipping-taxable","18":"purchasable","19":"product-type-simple","20":"entry","21":"content-bg","22":"loop-entry"},"_links":{"self":[{"href":"https:\/\/kivenalla.fi\/en\/wp-json\/wp\/v2\/product\/5708","targetHints":{"allow":["GET"]}}],"collection":[{"href":"https:\/\/kivenalla.fi\/en\/wp-json\/wp\/v2\/product"}],"about":[{"href":"https:\/\/kivenalla.fi\/en\/wp-json\/wp\/v2\/types\/product"}],"replies":[{"embeddable":true,"href":"https:\/\/kivenalla.fi\/en\/wp-json\/wp\/v2\/comments?post=5708"}],"wp:featuredmedia":[{"embeddable":true,"href":"https:\/\/kivenalla.fi\/en\/wp-json\/wp\/v2\/media\/5707"}],"wp:attachment":[{"href":"https:\/\/kivenalla.fi\/en\/wp-json\/wp\/v2\/media?parent=5708"}],"wp:term":[{"taxonomy":"product_brand","embeddable":true,"href":"https:\/\/kivenalla.fi\/en\/wp-json\/wp\/v2\/product_brand?post=5708"},{"taxonomy":"product_cat","embeddable":true,"href":"https:\/\/kivenalla.fi\/en\/wp-json\/wp\/v2\/product_cat?post=5708"},{"taxonomy":"product_tag","embeddable":true,"href":"https:\/\/kivenalla.fi\/en\/wp-json\/wp\/v2\/product_tag?post=5708"}],"curies":[{"name":"wp","href":"https:\/\/api.w.org\/{rel}","templated":true}]}}