{"id":5710,"date":"2023-12-01T14:49:08","date_gmt":"2023-12-01T12:49:08","guid":{"rendered":"https:\/\/kivenalla.fi\/tuote\/garrett-ace-apex-z-lynk-ms-3-wireless-6x11-viper\/"},"modified":"2025-04-07T12:30:05","modified_gmt":"2025-04-07T09:30:05","slug":"garrett-ace-apex-z-lynk-ms-3-wireless-6x11-viper","status":"publish","type":"product","link":"https:\/\/kivenalla.fi\/en\/product\/garrett-ace-apex-z-lynk-ms-3-wireless-6x11-viper\/","title":{"rendered":"Garrett Ace Apex Z-Lynk MS-3 Wireless 6&#215;11&#8243; Viper"},"content":{"rendered":"<h1>Garrett ACE Apex ZLynk Wireless -uutuusmalli<\/h1>\n<p>Garrett Ace Apex Z-Lynk Wireless on suunniteltu erityisesti kolikko- ja reliikkijahtiin, kahlailuun, hiekkarannoille ja jopa kullahippujen etsint\u00e4\u00e4n!<\/p>\n<p><strong>T\u00e4m\u00e4 Z-Lynk Wireless -paketti sis\u00e4lt\u00e4\u00e4 laitteen lis\u00e4ksi langattomat MS3-kuulokkeet sek\u00e4 6&#215;11&#8243; Viper -kelansuojan!<\/strong><\/p>\n<p>Garrett Multi-Flex -teknologiaan pohjautuva monitaajuuslaite (5, 10, 15, 20 kHz tai yht\u00e4aikainen monitaajuus).<\/p>\n<p>Helppok\u00e4ytt\u00f6inen k\u00e4ytt\u00f6liittym\u00e4. Kuusi hakuohjelmaa + pinpoint. Tarkka maah\u00e4iri\u00f6n poiston s\u00e4\u00e4t\u00f6mahdollisuus (175 pyk\u00e4l\u00e4\u00e4, rautaisesta maasta suolaveteen). Suurikokoiset Target ID -numerot. Ladattavat akut. Iron Audio = Raudan \u00e4\u00e4ni. 5-tasoinen \u00e4\u00e4nierottelu. Edistyksellinen audio-j\u00e4rjestelm\u00e4. Tarkka erottelu: 20 pyk\u00e4l\u00e4\u00e4 Notch-erottelussa, 8 pyk\u00e4l\u00e4\u00e4 raudalle. N\u00e4yt\u00f6n taustavalo. \u00c4\u00e4nenvoimakkuuden s\u00e4\u00e4t\u00f6. Kahdeksanportainen herkkyydens\u00e4\u00e4t\u00f6. 1\/8&#8243; eli 6mm kuulokeliit\u00e4nt\u00e4 kuulokkeille, ei sis. Sis\u00e4\u00e4nrakennettu Z-Lynk Wireless -langaton kuulokej\u00e4rjestelm\u00e4.<\/p>\n<p>Toimitetaan 6&#215;11&#8243; Viper DD -kelalla. Vesitiivis kela. Huom! Viper -kelat eiv\u00e4t ole yhteensopivia muiden Ace-koneiden kanssa. Vastaavasti Ace-kelat eiv\u00e4t sovi Apexiin.<\/p>\n<p>Paino: 1.13 kg.<\/p>\n<p>Takuu 2 vuotta.<\/p>","protected":false},"excerpt":{"rendered":"<p>Garrett Ace Apex Z-Lynk Wireless<\/p>","protected":false},"featured_media":5709,"comment_status":"open","ping_status":"closed","template":"","meta":{"_kadence_starter_templates_imported_post":false,"_kad_post_transparent":"","_kad_post_title":"","_kad_post_layout":"","_kad_post_sidebar_id":"","_kad_post_content_style":"","_kad_post_vertical_padding":"","_kad_post_feature":"","_kad_post_feature_position":"","_kad_post_header":false,"_kad_post_footer":false,"_kad_post_classname":""},"product_brand":[],"product_cat":[1653,1555,1662,16],"product_tag":[86,1245,83,1246,85,165,1247],"class_list":{"0":"post-5710","1":"product","2":"type-product","3":"status-publish","4":"has-post-thumbnail","6":"product_cat-ale10","7":"product_cat-garrett","8":"product_cat-joulu","9":"product_cat-yleinen","10":"product_tag-ace","11":"product_tag-apex","12":"product_tag-garrett","13":"product_tag-langaton","14":"product_tag-metallinetsinta","15":"product_tag-metallinpaljastin","16":"product_tag-zlynk","18":"first","19":"onbackorder","20":"taxable","21":"shipping-taxable","22":"purchasable","23":"product-type-simple","24":"entry","25":"content-bg","26":"loop-entry"},"_links":{"self":[{"href":"https:\/\/kivenalla.fi\/en\/wp-json\/wp\/v2\/product\/5710","targetHints":{"allow":["GET"]}}],"collection":[{"href":"https:\/\/kivenalla.fi\/en\/wp-json\/wp\/v2\/product"}],"about":[{"href":"https:\/\/kivenalla.fi\/en\/wp-json\/wp\/v2\/types\/product"}],"replies":[{"embeddable":true,"href":"https:\/\/kivenalla.fi\/en\/wp-json\/wp\/v2\/comments?post=5710"}],"wp:featuredmedia":[{"embeddable":true,"href":"https:\/\/kivenalla.fi\/en\/wp-json\/wp\/v2\/media\/5709"}],"wp:attachment":[{"href":"https:\/\/kivenalla.fi\/en\/wp-json\/wp\/v2\/media?parent=5710"}],"wp:term":[{"taxonomy":"product_brand","embeddable":true,"href":"https:\/\/kivenalla.fi\/en\/wp-json\/wp\/v2\/product_brand?post=5710"},{"taxonomy":"product_cat","embeddable":true,"href":"https:\/\/kivenalla.fi\/en\/wp-json\/wp\/v2\/product_cat?post=5710"},{"taxonomy":"product_tag","embeddable":true,"href":"https:\/\/kivenalla.fi\/en\/wp-json\/wp\/v2\/product_tag?post=5710"}],"curies":[{"name":"wp","href":"https:\/\/api.w.org\/{rel}","templated":true}]}}