{"id":5720,"date":"2023-12-01T14:49:17","date_gmt":"2023-12-01T12:49:17","guid":{"rendered":"https:\/\/kivenalla.fi\/tuote\/puusta-pitkalle-t-paita\/"},"modified":"2025-11-25T09:54:14","modified_gmt":"2025-11-25T07:54:14","slug":"puusta-pitkalle-t-paita","status":"publish","type":"product","link":"https:\/\/kivenalla.fi\/en\/product\/puusta-pitkalle-t-paita\/","title":{"rendered":"Puusta pitk\u00e4lle T-shirt"},"content":{"rendered":"<h1 class=\"wp-block-heading\">Virallinen Puusta pitk\u00e4lle MEGA T-paita<\/h1>\n\n\n\n<p><span class=\"menutext\">Paita on Fruit of the Loomin valmistamaa laadukasta Ringspun-mallistoa. Tarkista alla olevista linkeist\u00e4 kokotaulut, jotta tilaat itsellesi sopivan kokoisen paidan. Paidan v\u00e4ri on light graphite ja rinnassa on Puusta pitk\u00e4lle MEGAn logo. Paitaa on saatavilla my\u00f6s seurantakoodillisena versiona, jolloin seurantakoodi painetaan hihaan. N\u00e4in paita on my\u00f6s matkalainen, jonka toiset geok\u00e4tk\u00f6ilij\u00e4t voivat merkata n\u00e4hneeksi, kun n\u00e4kev\u00e4t paidan koodin.<\/span><\/p>\n\n\n\n<p><strong>NOTE: The logo size shown in the image may not exactly match the actual proportions of the logo on the shirt.<\/strong><\/p>","protected":false},"excerpt":{"rendered":"<h1>Virallinen Puust\u00e4 pitk\u00e4lle MEGA T-paita<\/h1>","protected":false},"featured_media":5719,"comment_status":"open","ping_status":"closed","template":"","meta":{"_kadence_starter_templates_imported_post":false,"_kad_post_transparent":"","_kad_post_title":"","_kad_post_layout":"","_kad_post_sidebar_id":"","_kad_post_content_style":"","_kad_post_vertical_padding":"","_kad_post_feature":"","_kad_post_feature_position":"","_kad_post_header":false,"_kad_post_footer":false,"_kad_post_classname":""},"product_brand":[],"product_cat":[1657,1614,1571,16],"product_tag":[1249,127,1251,1248,92],"class_list":{"0":"post-5720","1":"product","2":"type-product","3":"status-publish","4":"has-post-thumbnail","6":"product_cat-ale50","7":"product_cat-mega-tuotteet","8":"product_cat-paidat","9":"product_cat-yleinen","10":"product_tag-lahti","11":"product_tag-mega","12":"product_tag-mega-paita","13":"product_tag-puusta-pitkalle","14":"product_tag-t-paita","16":"first","17":"instock","18":"sale","19":"taxable","20":"shipping-taxable","21":"purchasable","22":"product-type-variable","23":"has-default-attributes","24":"entry","25":"content-bg","26":"loop-entry"},"_links":{"self":[{"href":"https:\/\/kivenalla.fi\/en\/wp-json\/wp\/v2\/product\/5720","targetHints":{"allow":["GET"]}}],"collection":[{"href":"https:\/\/kivenalla.fi\/en\/wp-json\/wp\/v2\/product"}],"about":[{"href":"https:\/\/kivenalla.fi\/en\/wp-json\/wp\/v2\/types\/product"}],"replies":[{"embeddable":true,"href":"https:\/\/kivenalla.fi\/en\/wp-json\/wp\/v2\/comments?post=5720"}],"wp:featuredmedia":[{"embeddable":true,"href":"https:\/\/kivenalla.fi\/en\/wp-json\/wp\/v2\/media\/5719"}],"wp:attachment":[{"href":"https:\/\/kivenalla.fi\/en\/wp-json\/wp\/v2\/media?parent=5720"}],"wp:term":[{"taxonomy":"product_brand","embeddable":true,"href":"https:\/\/kivenalla.fi\/en\/wp-json\/wp\/v2\/product_brand?post=5720"},{"taxonomy":"product_cat","embeddable":true,"href":"https:\/\/kivenalla.fi\/en\/wp-json\/wp\/v2\/product_cat?post=5720"},{"taxonomy":"product_tag","embeddable":true,"href":"https:\/\/kivenalla.fi\/en\/wp-json\/wp\/v2\/product_tag?post=5720"}],"curies":[{"name":"wp","href":"https:\/\/api.w.org\/{rel}","templated":true}]}}