{"id":5752,"date":"2023-12-01T14:49:31","date_gmt":"2023-12-01T12:49:31","guid":{"rendered":"https:\/\/kivenalla.fi\/tuote\/adventure-lab-lippalakki\/"},"modified":"2026-03-29T16:09:14","modified_gmt":"2026-03-29T13:09:14","slug":"adventure-lab-lippalakki","status":"publish","type":"product","link":"https:\/\/kivenalla.fi\/en\/product\/adventure-lab-lippalakki\/","title":{"rendered":"Adventure Lab\u00ae Cap"},"content":{"rendered":"<p><span style=\"font-size:14px;\">Geocaching Adventure Lab\u00ae virtual caches are also very popular in Finland. You can search for Adventure Labs using the official Geocaching.com app.<\/span><\/p>\n<p><span style=\"font-size:14px;\">Adventure Labs consist of multiple virtual locations where you solve puzzles, search for information, and answer a question correctly at each stop.<\/span><\/p>\n<p><span style=\"font-size:14px;\">Adventure Lab\u00ae -lippis p\u00e4\u00e4ss\u00e4 olet oikea seikkailija!<\/p>\n<p>Lippiksess\u00e4 on takana s\u00e4\u00e4t\u00f6, joten lippis mahtuu useimmille. V\u00e4rin\u00e4 kes\u00e4inen vaalean sininen ja Adventure Lab\u00ae -logo brodeerattuna.<\/span><\/p>","protected":false},"excerpt":{"rendered":"<p>Geocaching Adventure Lab<span style=\"font-size: 14px;\">\u00ae virtual caches are also very popular in Finland.<\/span><br \/>\n&nbsp;<\/p>","protected":false},"featured_media":5751,"comment_status":"open","ping_status":"closed","template":"","meta":{"_kadence_starter_templates_imported_post":false,"_kad_post_transparent":"","_kad_post_title":"","_kad_post_layout":"","_kad_post_sidebar_id":"","_kad_post_content_style":"","_kad_post_vertical_padding":"","_kad_post_feature":"","_kad_post_feature_position":"","_kad_post_header":false,"_kad_post_footer":false,"_kad_post_classname":""},"product_brand":[],"product_cat":[1655,1572],"product_tag":[1254,1255,1256,139],"class_list":{"0":"post-5752","1":"product","2":"type-product","3":"status-publish","4":"has-post-thumbnail","6":"product_cat-ale30","7":"product_cat-paahineet","8":"product_tag-adventure-lab","9":"product_tag-lab","10":"product_tag-lippalakki","11":"product_tag-paahine","13":"first","14":"instock","15":"taxable","16":"shipping-taxable","17":"purchasable","18":"product-type-simple","19":"entry","20":"content-bg","21":"loop-entry"},"_links":{"self":[{"href":"https:\/\/kivenalla.fi\/en\/wp-json\/wp\/v2\/product\/5752","targetHints":{"allow":["GET"]}}],"collection":[{"href":"https:\/\/kivenalla.fi\/en\/wp-json\/wp\/v2\/product"}],"about":[{"href":"https:\/\/kivenalla.fi\/en\/wp-json\/wp\/v2\/types\/product"}],"replies":[{"embeddable":true,"href":"https:\/\/kivenalla.fi\/en\/wp-json\/wp\/v2\/comments?post=5752"}],"wp:featuredmedia":[{"embeddable":true,"href":"https:\/\/kivenalla.fi\/en\/wp-json\/wp\/v2\/media\/5751"}],"wp:attachment":[{"href":"https:\/\/kivenalla.fi\/en\/wp-json\/wp\/v2\/media?parent=5752"}],"wp:term":[{"taxonomy":"product_brand","embeddable":true,"href":"https:\/\/kivenalla.fi\/en\/wp-json\/wp\/v2\/product_brand?post=5752"},{"taxonomy":"product_cat","embeddable":true,"href":"https:\/\/kivenalla.fi\/en\/wp-json\/wp\/v2\/product_cat?post=5752"},{"taxonomy":"product_tag","embeddable":true,"href":"https:\/\/kivenalla.fi\/en\/wp-json\/wp\/v2\/product_tag?post=5752"}],"curies":[{"name":"wp","href":"https:\/\/api.w.org\/{rel}","templated":true}]}}