{"id":5775,"date":"2023-12-01T14:49:42","date_gmt":"2023-12-01T12:49:42","guid":{"rendered":"https:\/\/kivenalla.fi\/tuote\/fenix-lr80r-kasivalaisin\/"},"modified":"2024-08-01T12:44:56","modified_gmt":"2024-08-01T09:44:56","slug":"fenix-lr80r-kasivalaisin","status":"publish","type":"product","link":"https:\/\/kivenalla.fi\/en\/product\/fenix-lr80r-kasivalaisin\/","title":{"rendered":"Fenix LR80R k\u00e4sivalaisin"},"content":{"rendered":"<h1>Superlamppu joka muuttaa y\u00f6n p\u00e4iv\u00e4ksi<\/h1>\n<p>Fenix LR80R on vaativan k\u00e4ytt\u00e4j\u00e4n etsint\u00e4- ja hakuvalo ennenn\u00e4kem\u00e4tt\u00f6m\u00e4ll\u00e4 valovoimalla. Lampun 18 000 lumenin maksimivaloteho ylt\u00e4\u00e4 huikeaan 1130 metriin ja lampun valaisukyky on er\u00e4s markkinoiden tehokkaimmista. LR80R valaisee per\u00e4ti 59490 neli\u00f6metri\u00e4! Valaisimen mukana toimitetaan suurikapasiteettinen vaihdettava 12000 mAh akku. Ultranopea 45 W latausteho lataa valaisimen tyhj\u00e4st\u00e4 t\u00e4yteen alle nelj\u00e4ss\u00e4 tunnissa! Suuresta valovoimasta huolimatta LR80R on k\u00e4tev\u00e4 k\u00e4ytt\u00e4\u00e4 ja kuljettaa. Valaisimessa on irroitettava kantokahva ja olkahihna. Lis\u00e4ksi kantokahvassa sijaitseva k\u00e4tev\u00e4ll\u00e4 tripod-kiinnityksell\u00e4 saat lampun k\u00e4tev\u00e4sti kiinnitetty esim. tripod-kolmijalkaan. Fenix LR80R soveltuu erinomaisesti etsint\u00e4- ja hakuteht\u00e4viin vaativissa olosuhteissa.<\/p>\n<h3>Luokkansa pisin ja laajin valaisukyky<\/h3>\n<p>T\u00e4m\u00e4n lampun suorikyky ja tekniset arvot ovat vakuuttavat. Tehokkaat ja syv\u00e4t heijastinkartiot ohjaavat valon tahokkaasti kohteeseen per\u00e4ti max. 318000 kandelan valovoimalla! Haku ja etsint\u00e4k\u00e4ytt\u00f6\u00f6n suunnitellut heijastinkartiot tuottavat optimaalisen ja tehokkaan valaisukuvion. T\u00e4m\u00e4 valaisin kykeneekin tuottamaan l\u00e4ht\u00f6pisteess\u00e4 25 asteen valokeilan joka laajenee 130 metrin j\u00e4lkeen halkaisijaltaan per\u00e4ti 110 metri\u00e4 leve\u00e4ksi laajalle valaisevaksi valokuvioksi. LR80R valaisimen valaisualue onkin huikeat&nbsp; 59490 neli\u00f6metri\u00e4!&nbsp; T\u00e4m\u00e4 tarkoittaa valaisualuetta joka kattaa jopa 16 jalkapallokentt\u00e4\u00e4!<\/p>\n<h3>Suurikapasiteettinen akkua ja nopea lataus<\/h3>\n<p>Lampussa on suuri 12000 mAh 7,2 V Li-Ion vaihdettavat akku joka on suojattu omaan alumiinikuoreensa. Suuri akku tarjoaa pitk\u00e4n ja jopa 25 p\u00e4iv\u00e4n* k\u00e4ytt\u00f6ajan. LR80R valaisimen akku on vaihdettava ja siihen on saatavilla lis\u00e4tarvikkeena (myyd\u00e4\u00e4n erikseen) vaihtoakku. LR80R:ss\u00e4 on ultranopea 45W USB tyypin C pikalataus joka lataa lampun tyhj\u00e4st\u00e4 t\u00e4yteen alle nelj\u00e4ss\u00e4 tunnissa. Valaisimessa on my\u00f6s virran ulossy\u00f6tt\u00f6mahdollisuus joka mahdollistaa mink\u00e4 tahansa ulkopuolisen USB-laitteen lataamisen esim. matkapuhelin, GPS-laite jne..<br \/>\n*= k\u00e4ytt\u00f6 12 tuntia p\u00e4iv\u00e4ss\u00e4 Eco-tehotilassa yht. 300 tuntia.<\/p>\n<h3>Turvallinen k\u00e4ytt\u00e4\u00e4<\/h3>\n<p>Lampussa on ainutlaatuinen sensorointi joka parantaa lampun k\u00e4ytt\u00f6turvallisuutta. Mik\u00e4li lampulla osoitetaan kohdetta l\u00e4hiet\u00e4isyydelt\u00e4 (6 cm), laskee valaisimen valoteho automaattisesti. Valaisin palautuun vastaavasti aiempaan tehotilaan kun estett\u00e4 ei en\u00e4\u00e4 l\u00e4hell\u00e4 ole.<\/p>\n<h3>Helppo k\u00e4ytt\u00e4\u00e4<\/h3>\n<p>Fenix LR80R valaisimen k\u00e4ytt\u00e4minen k\u00e4y k\u00e4tev\u00e4sti kahdesta erillisest\u00e4 kytkimest\u00e4. Kaksi erillist\u00e4 kytkint\u00e4 jakaa lampun k\u00e4ytt\u00f6tilat k\u00e4tev\u00e4sti alhaiseen (L) ja korkeaan (H) tehotiloihin. Jos k\u00e4yt\u00e4t ainoastaan korkeita tehotiloja (3000 &#8211; 18000 lumenia), onnistuu lampun k\u00e4ytt\u00e4minen k\u00e4tev\u00e4sti yhdest\u00e4 k\u00e4ytt\u00f6kytkimest\u00e4 ilman matalien tehotilojen l\u00e4pik\u00e4ynti\u00e4. Vastaavasti jos k\u00e4yt\u00e4t valaisinta matalilla tehotiloilla (50 &#8211; 1000 lumenia), p\u00e4\u00e4set niihin k\u00e4tev\u00e4sti L-kytkimell\u00e4 ilman tarvetta kelata l\u00e4pi tehotiloja.&nbsp; Valoalueiden jakaminen nopeuttaa oikeiden tehojen l\u00f6yt\u00e4mist\u00e4. Lis\u00e4ksi turhat kytkinpainallukset v\u00e4henev\u00e4t.&nbsp; K\u00e4ytt\u00f6paneelista n\u00e4et lis\u00e4ksi latauksen edistymisen ja j\u00e4ljell\u00e4 olevan virran m\u00e4\u00e4r\u00e4n. Ohjelmallinen n\u00e4pp\u00e4inlukitus varmistaa, ett\u00e4 lamppu ei syty tahattomasti p\u00e4\u00e4lle esim. kuljetuksen aikana. N\u00e4pp\u00e4imet lukitaan tai avataan molempia kytkimi\u00e4 pohjassa pit\u00e4m\u00e4ll\u00e4 3 sekunnin ajan.<\/p>\n<h3>Product Information<\/h3>\n<ul>\n<li>Edistyksellinen turvasensorointi joka laskee valoteho mik\u00e4li valaisin vied\u00e4\u00e4n l\u00e4helle kohdetta (6 cm et\u00e4isyys).<\/li>\n<li>Et\u00e4isyys ja laajuus-optimoitu valaisukuvio valaisee pitk\u00e4lle ja leve\u00e4sti (pituus 1130 m, leveys 110 m).<\/li>\n<li>Max. valovoima 18000 lumenia.<\/li>\n<li>Pikalataus: lataus verkkovirrasta max 45 W, lataus USB-portista max. 12 W (5V\/2.4A).<\/li>\n<li>Ohjelmallinen n\u00e4pp\u00e4inlukko.<\/li>\n<li>Suurikapasiteettinen 12000 mAh 7.2 V Li-Ion akku. Vaihdettava.<\/li>\n<li>Latauksen ja j\u00e4ljell\u00e4olevan paristovirran LED-merkkivalot.<\/li>\n<li>Varavirtatoiminto mahdollistaa muiden USB-ladattavien laitteiden lataamisen esim. matkapuhelin.<\/li>\n<li>Pakkaus sis\u00e4lt\u00e4\u00e4: Fenix LR80R hakulamppu, 12000 7.2 V Li-ion akkupaketti, latausadapteri, USB C -latauskaapeli, olkahihna, metallinen ripustuslenkki, vaihdettava O-rengastiiviste, k\u00e4ytt\u00f6ohje<\/li>\n<\/ul>\n<p>Fenix-tuotemerkki takaa aina huippulaadun, LR80R on IP68-tiiviysluokituksen mukaisesti p\u00f6ly- ja vesitiivis. Kaikki Fenix valaisimet on testattu omassa laboratoriossa amerikkalaisen ANSI\/FL1 standardin mukaisesti. LR50R valaisimella on viiden (5) vuoden (paristo 1 vuosi) Fenix laatutakuu.<\/p>\n<h3>Technical details<\/h3>\n<ul>\n<li>Valoteho (max): 18000 lumenia<\/li>\n<li>K\u00e4ytt\u00f6aika (max): 300 h<\/li>\n<li>Kantomatka (max): 1130 metri\u00e4<\/li>\n<li>Valovoima (max): 318000 kandelaa<\/li>\n<li>Iskunkesto: 1 metri<\/li>\n<li>Vesitiiviys: IP68<\/li>\n<li>K\u00e4ytt\u00f6tilat: 4 kpl (korkea) + 6 kpl (matala)<\/li>\n<li>Korkea k\u00e4ytt\u00f6tila: Turbo: 18000 lumenia 2 h*, 1130 m 318000 kandelaa<\/li>\n<li>Korkea k\u00e4ytt\u00f6tila: Korkea:&nbsp; 12000 lumenia, 2 h 15 min, 920 m 211700 kandelaa<\/li>\n<li>Korkea k\u00e4ytt\u00f6tila: Keski:&nbsp; 6000 lumenia, 2 h 50 min, 650 m 105000 kandelaa<\/li>\n<li>Korkea k\u00e4ytt\u00f6tila: Matala: 3000 lumenia, 5 h 10 min, 465 m 54000 kandelaa<\/li>\n<li>Matala k\u00e4ytt\u00f6tila: Korkea: 1000 lumenia, 15 h 40 min, 265 m 17750 kandelaa<\/li>\n<li>Matala k\u00e4ytt\u00f6tila: Keski: 450 lumenia, 39 h, 175 m 7750 kandelaa<\/li>\n<li>Matala k\u00e4ytt\u00f6tila: Matala: 150 lumenia, 92 h, 105 m 2700 kandelaa<\/li>\n<li>Matala k\u00e4ytt\u00f6tila: Eko: 50 lumenia, 300 h, 50 m 590 kandelaa<\/li>\n<li>Matala k\u00e4ytt\u00f6tila: Strobo: 6000 lumenia<\/li>\n<li>Matala k\u00e4ytt\u00f6tila: SOS: 150 lumenia<\/li>\n<li>LED-tyyppi: Luminus SST70 6 kpl<\/li>\n<li>Mitat: 259 x 108 x 54 mm<\/li>\n<li>Paino: 1636 g (akun kanssa)<\/li>\n<li>Virtal\u00e4hde: 1xLR80 akkuparisto (vaihdettava)<\/li>\n<li>Charging method: USB-C<\/li>\n<li>Certifications: ANSI\/NEMA FL-1, ROHS, CE<\/li>\n<li>Takuu: 5-vuotta<\/li>\n<li>Toimitussis\u00e4lt\u00f6: Fenix LR80R hakulamppu x 1, 12000 mAh 7.2 V Li-ion akkupaketti x 1, Latausadaperi 14W, USB C -latauskaapeli x 1, olkahihna x 1, ripustuslenkki metallinen x 1, vaihdettava O-rengastiiviste x 1, k\u00e4ytt\u00f6ohje<\/li>\n<\/ul>\n<p>* Turbo ja Teho II tehotilojen k\u00e4ytt\u00f6ajat ovat valaisimen yht\u00e4mittaisia kokonaisk\u00e4ytt\u00f6aikoja valoteholla 100 &#8211; 10 %.<br \/>\nTekniset suoritusarvot on m\u00e4\u00e4ritetty ANSI\/PLATO FL1 -k\u00e4sivalaisinstandardin mukaisesti.<\/p>","protected":false},"excerpt":{"rendered":"<p>Superlamppu joka muuttaa y\u00f6n p\u00e4iv\u00e4ksi<\/p>","protected":false},"featured_media":5774,"comment_status":"open","ping_status":"closed","template":"","meta":{"_kadence_starter_templates_imported_post":false,"_kad_post_transparent":"","_kad_post_title":"","_kad_post_layout":"","_kad_post_sidebar_id":"","_kad_post_content_style":"","_kad_post_vertical_padding":"","_kad_post_feature":"","_kad_post_feature_position":"","_kad_post_header":false,"_kad_post_footer":false,"_kad_post_classname":""},"product_brand":[],"product_cat":[1564,16],"product_tag":[1267,32,1266,712],"class_list":{"0":"post-5775","1":"product","2":"type-product","3":"status-publish","4":"has-post-thumbnail","6":"product_cat-fenix","7":"product_cat-yleinen","8":"product_tag-18000-lm","9":"product_tag-fenix","10":"product_tag-lr80r","11":"product_tag-superlamppu","13":"first","14":"onbackorder","15":"taxable","16":"shipping-taxable","17":"purchasable","18":"product-type-simple","19":"entry","20":"content-bg","21":"loop-entry"},"_links":{"self":[{"href":"https:\/\/kivenalla.fi\/en\/wp-json\/wp\/v2\/product\/5775","targetHints":{"allow":["GET"]}}],"collection":[{"href":"https:\/\/kivenalla.fi\/en\/wp-json\/wp\/v2\/product"}],"about":[{"href":"https:\/\/kivenalla.fi\/en\/wp-json\/wp\/v2\/types\/product"}],"replies":[{"embeddable":true,"href":"https:\/\/kivenalla.fi\/en\/wp-json\/wp\/v2\/comments?post=5775"}],"wp:featuredmedia":[{"embeddable":true,"href":"https:\/\/kivenalla.fi\/en\/wp-json\/wp\/v2\/media\/5774"}],"wp:attachment":[{"href":"https:\/\/kivenalla.fi\/en\/wp-json\/wp\/v2\/media?parent=5775"}],"wp:term":[{"taxonomy":"product_brand","embeddable":true,"href":"https:\/\/kivenalla.fi\/en\/wp-json\/wp\/v2\/product_brand?post=5775"},{"taxonomy":"product_cat","embeddable":true,"href":"https:\/\/kivenalla.fi\/en\/wp-json\/wp\/v2\/product_cat?post=5775"},{"taxonomy":"product_tag","embeddable":true,"href":"https:\/\/kivenalla.fi\/en\/wp-json\/wp\/v2\/product_tag?post=5775"}],"curies":[{"name":"wp","href":"https:\/\/api.w.org\/{rel}","templated":true}]}}