{"id":5779,"date":"2023-12-01T14:49:43","date_gmt":"2023-12-01T12:49:43","guid":{"rendered":"https:\/\/kivenalla.fi\/tuote\/2021-giff-geocoin-and-tag-set\/"},"modified":"2026-02-23T11:20:42","modified_gmt":"2026-02-23T09:20:42","slug":"2021-giff-geocoin-and-tag-set","status":"publish","type":"product","link":"https:\/\/kivenalla.fi\/en\/product\/2021-giff-geocoin-and-tag-set\/","title":{"rendered":"2021 GIFF Geocoin and Tag Set"},"content":{"rendered":"<p>Kaikki Suomessa pidett\u00e4v\u00e4t GIFF-eventit l\u00f6yd\u00e4t <a data-link-type=\"external\" data-type=\"linkpicker\" href=\"https:\/\/www.geocache.fi\/\">Geocache.fi:n<\/a> etusivulta eventtiluettelosta. Eventin nimess\u00e4 lukee GIFF. Eventit pidet\u00e4\u00e4n 11. &#8211; 21.11. GIFF-elokuvat tulevat katsottavaksi my\u00f6s Youtubeen 22.11.<\/p>\n<p>T\u00e4m\u00e4n hienon GIFF-geokolikon mukana tulee my\u00f6s 2021 GIFF -travel tag, jossa on oma uniikki seurantakoodi.<\/p>\n<p>Geokolikon ja travel tagin koko: 4,4 cm x&nbsp; 4,4 cm. Travel tagin mukana tulee ketju.<\/p>\n<p>Geokolikon ja tagin ikoni: <img decoding=\"async\" alt=\"GIFF ikoni\" src=\"https:\/\/www.geocaching.com\/images\/WptTypes\/12198.gif\" \/><\/p>\n<p><strong>Huom! T\u00e4n\u00e4kin vuonna n\u00e4hd\u00e4\u00e4n Suomen edustus finaalissa, kun weellun, Laalaan ja allekirjoittaneen lyhytelokuva First hide &#8211; Geocaching Documentary from Finland valittiin 17 finalistin joukkoon.<\/strong><\/p>\n<h3>Quiet on the set!&nbsp;<\/h3>\n<p>For anyone&nbsp;who can attend a GIFF event this year, and all of you that will be watching from home, you can up your GIFF fun with some great 2021 GIFF items!&nbsp;<\/p>\n<p>This amazing geocoin is a hinged clapboard, so you can start off your viewing with a real call to action!&nbsp;<\/p>\n<p>The 2021 Geocaching International Film Festival will be held from November 11-21 at locations throughout the world. There will be 17 finalist films featured&nbsp;during the festival, and a special digital souvenir for all that&nbsp;discover a special trackable in the GIFF film reel!<\/p>\n<p>For more information or to start planning,&nbsp;<a href=\"http:\/\/www.geocachingfilmfestival.com\/\" rel=\"noopener\" target=\"_blank\" title=\"GIFF site\">click here.<\/a><\/p>\n<h4>The 2021 GIFF Geocoin and Tag Set includes a hinged full size clapboard style geocoin along with&nbsp;a trackable tag.<\/h4>\n<h5>Each item has it&#8217;s own unique tracking code and a unique GIFF icon.&nbsp;<\/h5>\n<p>With each having their own unique tracking code, you can keep this amazing geocoin in your collection, while you send the tag out to yell action, one geocache at a time!&nbsp;<\/p>\n<p><strong>Dimensions:<\/strong>&nbsp;Approximately 1.75 inches&nbsp;x 1.75 inches<\/p>","protected":false},"excerpt":{"rendered":"<p>GIFF geocoin<\/p>","protected":false},"featured_media":5778,"comment_status":"open","ping_status":"closed","template":"","meta":{"_kadence_starter_templates_imported_post":false,"_kad_post_transparent":"","_kad_post_title":"","_kad_post_layout":"","_kad_post_sidebar_id":"","_kad_post_content_style":"","_kad_post_vertical_padding":"","_kad_post_feature":"","_kad_post_feature_position":"","_kad_post_header":false,"_kad_post_footer":false,"_kad_post_classname":""},"product_brand":[],"product_cat":[1657,1535,16],"product_tag":[1270,1269,30,591],"class_list":{"0":"post-5779","1":"product","2":"type-product","3":"status-publish","4":"has-post-thumbnail","6":"product_cat-ale50","7":"product_cat-geokolikot","8":"product_cat-yleinen","9":"product_tag-1270","10":"product_tag-geocaching-film-festival","11":"product_tag-geokolikko","12":"product_tag-giff","14":"first","15":"instock","16":"sale","17":"taxable","18":"shipping-taxable","19":"purchasable","20":"product-type-simple","21":"entry","22":"content-bg","23":"loop-entry"},"_links":{"self":[{"href":"https:\/\/kivenalla.fi\/en\/wp-json\/wp\/v2\/product\/5779","targetHints":{"allow":["GET"]}}],"collection":[{"href":"https:\/\/kivenalla.fi\/en\/wp-json\/wp\/v2\/product"}],"about":[{"href":"https:\/\/kivenalla.fi\/en\/wp-json\/wp\/v2\/types\/product"}],"replies":[{"embeddable":true,"href":"https:\/\/kivenalla.fi\/en\/wp-json\/wp\/v2\/comments?post=5779"}],"wp:featuredmedia":[{"embeddable":true,"href":"https:\/\/kivenalla.fi\/en\/wp-json\/wp\/v2\/media\/5778"}],"wp:attachment":[{"href":"https:\/\/kivenalla.fi\/en\/wp-json\/wp\/v2\/media?parent=5779"}],"wp:term":[{"taxonomy":"product_brand","embeddable":true,"href":"https:\/\/kivenalla.fi\/en\/wp-json\/wp\/v2\/product_brand?post=5779"},{"taxonomy":"product_cat","embeddable":true,"href":"https:\/\/kivenalla.fi\/en\/wp-json\/wp\/v2\/product_cat?post=5779"},{"taxonomy":"product_tag","embeddable":true,"href":"https:\/\/kivenalla.fi\/en\/wp-json\/wp\/v2\/product_tag?post=5779"}],"curies":[{"name":"wp","href":"https:\/\/api.w.org\/{rel}","templated":true}]}}