{"id":5784,"date":"2023-12-01T14:49:45","date_gmt":"2023-12-01T12:49:45","guid":{"rendered":"https:\/\/kivenalla.fi\/tuote\/fenix-e09r-ladattava-minilamppu\/"},"modified":"2024-08-01T12:44:36","modified_gmt":"2024-08-01T09:44:36","slug":"fenix-e09r-ladattava-minilamppu","status":"publish","type":"product","link":"https:\/\/kivenalla.fi\/en\/product\/fenix-e09r-ladattava-minilamppu\/","title":{"rendered":"Fenix E09R ladattava minilamppu"},"content":{"rendered":"<h1>Fenix E09R peukalonkokoinen supertaskulamppu<\/h1>\n<p>&#8221;Pieni on suurta&#8221; sopii erinomaisesti kuvaamaan Fenix E09R taskulamppua. Fenix E09R pystyy tuottamaan Burst-tehotilassa h\u00e4mm\u00e4stytt\u00e4v\u00e4t 600 lumenin valotehon v\u00e4litt\u00f6m\u00e4sti kytkint\u00e4 painamalla. Maksimitehotilan lis\u00e4ksi valaisimessa on tehokkaat 300 lm, 100 lm tehotilat. L\u00e4hivalaisuun soveltuvat lis\u00e4ksi 25 lumenin ja 3 lumenin &#8221;moonlight&#8221; tila jolla esimerkiksi lukeminen pime\u00e4ss\u00e4 on miellytt\u00e4v\u00e4\u00e4. T\u00e4ss\u00e4 lampussa on nykyaikainen ja nopea USB C-tyypin lataus jolla lataat lampun nopeasti toimintakuntoon. Valaisin painaa ainoastaan 45 grammaa joten sit\u00e4 on mukava pit\u00e4\u00e4 aina mukana ja h\u00e4mm\u00e4styt jokakerta sen suuresta valovoimasta riippumatta siit\u00e4 miss\u00e4 sit\u00e4 k\u00e4yt\u00e4t.<br \/>\nEi turhaa r\u00e4pelt\u00e4mist\u00e4 &#8211; helppo k\u00e4ytt\u00e4\u00e4<\/p>\n<p>E09R on yksinkertainen k\u00e4ytt\u00e4\u00e4 sill\u00e4 kaikki turha monimutkaisuus on karsittu pois. Lampun k\u00e4ytt\u00f6 onnistuu yhdest\u00e4 metallisesta painonappikytkimest\u00e4 jolla saat valaisimen p\u00e4\u00e4lle\/pois ja siirrytty\u00e4 eri kirkkaustilojen v\u00e4lill\u00e4 ilman turhaa r\u00e4pelt\u00e4mist\u00e4. Hetken kytkint\u00e4 pohjaan painamalla, p\u00e4\u00e4set valaisimen kirkkaimpaan 600 lumenin tehotilaan. Kuljetuksen ajaksi voit kytke\u00e4 ohjelmallisen n\u00e4pp\u00e4inlukon painamalla kaksikertaa per\u00e4kk\u00e4in k\u00e4ytt\u00f6kytkimest\u00e4. T\u00e4ss\u00e4 lampussa korostuu arkik\u00e4yt\u00f6n yksinkertaisuus.<br \/>\nKuunvalosta aurinkoon!<\/p>\n<p>Fenix E09R:ss\u00e4 on tarkkaan mietityt tehotilat. Erityinen 3 lumenin &#8221;moonlight&#8221;-kuunvalotila soveltuu erinomaisesti lukemiseen tai muuhun l\u00e4hell\u00e4 tapahtuvaan valaisuun. 25 lm sopii kivaksi l\u00e4hivaloksi jolla n\u00e4kee riitt\u00e4v\u00e4sti ilman, ett\u00e4 lamppu h\u00e4ik\u00e4isee. 100 lumenia on riitt\u00e4v\u00e4 valo ulkona n\u00e4kemiseen ja liikkumiseen, 300 lumenin teho sopii piha-alueiden valaisuun. 600 lm Burst-tehotila soveltuu puolestaan laajojen ja tuntemattomien alueiden valaisuun ja jopa paikalliseen etsint\u00e4\u00e4n aina 124 metriin asti.<br \/>\nK\u00e4yt\u00e4 pitk\u00e4\u00e4n ja lataa nopeasti<\/p>\n<p>Er\u00e4s valaisimen t\u00e4rkeimmist\u00e4 omainaisuuksista on sen k\u00e4ytt\u00f6aika. Fenix E09R lamppua voit k\u00e4ytt\u00e4\u00e4 yhdell\u00e4 latauksella per\u00e4ti 70 tuntia (pienin teho). 300 lumenin tehotilassa E09R toimii per\u00e4ti 1,5 tuntia joka on aika jolla p\u00e4ivit\u00e4t jatkuvassa tehotilassa monet suuremmatkin k\u00e4sivalaisimet! Fenix E09R:n k\u00e4ytt\u00f6ajat ovat kaikissa tehotiloissa luokkansa pisimpi\u00e4.<\/p>\n<p>Fenix E09R:ssa on suurikapasiteettinen 800 mAh Li-Po akkukennoa joka ladataa nopeasti valaisimen USB C-latausliittimest\u00e4. Latausliittimen merkkivalo n\u00e4ytt\u00e4\u00e4 selke\u00e4sti latauksen edistymisen. Erityisominaisuutena t\u00e4t\u00e4 valaisinta voidaan k\u00e4ytt\u00e4\u00e4 my\u00f6skin silloin kun se on liitettyn\u00e4 ulkopuoliseen varavirtal\u00e4hteeseen (ns. Powerbank).<br \/>\nAina mukana<\/p>\n<p>Pienen eik\u00e4 paljon peukaloa suuremman lampun pituus on vaivaiset 7,9 cm ja painoa akun kanssa vain 45 g. N\u00e4ill\u00e4 mitoillaan E09R:\u00e4\u00e4 on vaivaton kuljettaa taskussa, avainnipussa, laukussa yms.,<\/p>\n<p>Voit olla aina varma, ett\u00e4 tilanteen vaatiessa t\u00e4st\u00e4 lampusta &#8221;kuoriutuu&#8221; todellinen pimeyden voittaja jonka suorituskyky yll\u00e4tt\u00e4\u00e4 kerta toisensa j\u00e4lkeen!<\/p>\n<h3>Product Information<\/h3>\n<ul>\n<li>Nelj\u00e4 k\u00e4ytt\u00f6tilaa ja 600 lm Burst-tehotila.<\/li>\n<li>Luminus SST20 valkoinen LED.<\/li>\n<li>Pienikokoinen ja vaivaton kuljettaa mukaan, pituus vain 79 mm.<\/li>\n<li>Helppok\u00e4ytt\u00f6inen painonappikytkin n\u00e4pp\u00e4inlukkotoiminnolla.<\/li>\n<li>Laadukas optinen linssi tuottaa tasaisen ja kantavan valokeilan.<\/li>\n<li>Max 124 m \/ 3970 cd kantomatka.<\/li>\n<li>800 mAh integroitu Li-Po akkuparisto.<\/li>\n<li>Valaisukuvio: 13\u00b0 kohdevalo, hajavalo 81\u00b0.<\/li>\n<li>Made of durable A6061-T6 aluminum.<\/li>\n<li>Paino 45 g.<\/li>\n<li>USB-C latausliitin joka on suojassa kierrett\u00e4v\u00e4n suojuksen alla.<\/li>\n<li>Pakkaus sis\u00e4lt\u00e4\u00e4: Fenix E09R taskulamppu, USB-C latauskaapeli, avainrengas, vaihdettava O-rengastiiviste, k\u00e4ytt\u00f6ohje.<\/li>\n<\/ul>\n<p>Fenix-tuotemerkki takaa aina huippulaadun. Fenix E09R taskulamppu on t\u00e4ysin IP68 p\u00f6ly- ja vesitiivis. Kaikki Fenix valaisimet on testattu omassa laboratoriossa amerikkalaisen ANSI\/FL1 standardin mukaisesti. E09R taskulampulla on kahden (2) vuoden Fenix laatu takuu.<\/p>\n<h3>Technical details<\/h3>\n<ul>\n<li>Valoteho (max): 600 lumenia (Burst-tehotila)<\/li>\n<li>Kantomatka (max): 142 metri\u00e4<\/li>\n<li>Valovoima (max): 3970 kandela<\/li>\n<li>Iskunkesto: 1 metri<\/li>\n<li>Vesitiiviys: IP68 (2 metri\u00e4 vesitiivis)<\/li>\n<li>K\u00e4ytt\u00f6tilat: 4 kpl + 1 kpl (Burst)<\/li>\n<li>K\u00e4ytt\u00f6tila Burst: 600 lm, 124 metri\u00e4, 3970 kandela<\/li>\n<li>K\u00e4ytt\u00f6tila: korkea, 300 lm \/ 1,5* h, 91 metri\u00e4, 2084 kandela<\/li>\n<li>K\u00e4ytt\u00f6tila: keski, 100 lm \/ 4 h, 56 metri\u00e4, 777 kandela<\/li>\n<li>K\u00e4ytt\u00f6tila: matala, 25 lm \/ 16 h, 28 metri\u00e4, 192 kandela<\/li>\n<li>K\u00e4ytt\u00f6tila: eko, 3 lm \/ 70 h, 9 metri\u00e4, 20 kandela<\/li>\n<li>LED-tyyppi: Luminus SST20 LED valkoinen<\/li>\n<li>Mitat: 79 x 19,3 x 18,4 mm<\/li>\n<li>Paino: 45 g (akun kanssa)<\/li>\n<li>Virtal\u00e4hde: Integroitu Li-Po 800 mAh<\/li>\n<li>Certifications: ANSI\/NEMA FL-1, ROHS, CE<\/li>\n<li>Takuu: 2-vuotta<\/li>\n<li>Toimitussis\u00e4lt\u00f6: Fenix E09R taskulamppu, USB-C latauskaapeli, avainrengas, vaihdettava O-rengastiiviste, k\u00e4ytt\u00f6ohje.<\/li>\n<\/ul>\n<p>* Turbo ja Teho II tehotilojen k\u00e4ytt\u00f6ajat ovat valaisimen yht\u00e4mittaisia kokonaisk\u00e4ytt\u00f6aikoja valoteholla 100 &#8211; 10 %.<br \/>\nTekniset suoritusarvot on m\u00e4\u00e4ritetty ANSI\/PLATO FL1 -k\u00e4sivalaisinstandardin mukaisesti.<\/p>","protected":false},"excerpt":{"rendered":"<p>Fenix E09R peukalonkokoinen supertaskulamppu<\/p>","protected":false},"featured_media":5783,"comment_status":"open","ping_status":"closed","template":"","meta":{"_kadence_starter_templates_imported_post":false,"_kad_post_transparent":"","_kad_post_title":"","_kad_post_layout":"","_kad_post_sidebar_id":"","_kad_post_content_style":"","_kad_post_vertical_padding":"","_kad_post_feature":"","_kad_post_feature_position":"","_kad_post_header":false,"_kad_post_footer":false,"_kad_post_classname":""},"product_brand":[],"product_cat":[1564,16],"product_tag":[1271,32,574,266],"class_list":{"0":"post-5784","1":"product","2":"type-product","3":"status-publish","4":"has-post-thumbnail","6":"product_cat-fenix","7":"product_cat-yleinen","8":"product_tag-e09r","9":"product_tag-fenix","10":"product_tag-minilamppu","11":"product_tag-taskulamppu","13":"first","14":"onbackorder","15":"taxable","16":"shipping-taxable","17":"purchasable","18":"product-type-simple","19":"entry","20":"content-bg","21":"loop-entry"},"_links":{"self":[{"href":"https:\/\/kivenalla.fi\/en\/wp-json\/wp\/v2\/product\/5784","targetHints":{"allow":["GET"]}}],"collection":[{"href":"https:\/\/kivenalla.fi\/en\/wp-json\/wp\/v2\/product"}],"about":[{"href":"https:\/\/kivenalla.fi\/en\/wp-json\/wp\/v2\/types\/product"}],"replies":[{"embeddable":true,"href":"https:\/\/kivenalla.fi\/en\/wp-json\/wp\/v2\/comments?post=5784"}],"wp:featuredmedia":[{"embeddable":true,"href":"https:\/\/kivenalla.fi\/en\/wp-json\/wp\/v2\/media\/5783"}],"wp:attachment":[{"href":"https:\/\/kivenalla.fi\/en\/wp-json\/wp\/v2\/media?parent=5784"}],"wp:term":[{"taxonomy":"product_brand","embeddable":true,"href":"https:\/\/kivenalla.fi\/en\/wp-json\/wp\/v2\/product_brand?post=5784"},{"taxonomy":"product_cat","embeddable":true,"href":"https:\/\/kivenalla.fi\/en\/wp-json\/wp\/v2\/product_cat?post=5784"},{"taxonomy":"product_tag","embeddable":true,"href":"https:\/\/kivenalla.fi\/en\/wp-json\/wp\/v2\/product_tag?post=5784"}],"curies":[{"name":"wp","href":"https:\/\/api.w.org\/{rel}","templated":true}]}}