{"id":5788,"date":"2023-12-01T14:49:47","date_gmt":"2023-12-01T12:49:47","guid":{"rendered":"https:\/\/kivenalla.fi\/tuote\/fenix-pd36-tac-taktinen-taskulamppu\/"},"modified":"2024-07-30T15:12:29","modified_gmt":"2024-07-30T12:12:29","slug":"fenix-pd36-tac-taktinen-taskulamppu","status":"publish","type":"product","link":"https:\/\/kivenalla.fi\/en\/product\/fenix-pd36-tac-taktinen-taskulamppu\/","title":{"rendered":"Fenix PD36 TAC taktinen taskulamppu"},"content":{"rendered":"<h1>Taktista ylivoimaa vaativalle k\u00e4ytt\u00e4j\u00e4lle<\/h1>\n<p>Fenix PD36 TAC on huippusuositun PD36R taskulamppumme taktisen k\u00e4yt\u00f6n superversio! PD36 TAC:ssa on enn\u00e4tyksellisen suuri 3000 lumien maksimivalovoima jota ei ole ennen n\u00e4hty t\u00e4m\u00e4n kokoluokan lampuissa. Valokuvio on laajasti valaiseva ja kantaa aina 274 metriin saakka (Turbo-tehotila).&nbsp; Fenixin patentoimalla ja palkitulla kolmitoimisella taktisella kytkimell\u00e4 lampun kaikkien tilojen k\u00e4ytt\u00f6 on todella helppoa ja vaivaton ilman turhaa r\u00e4pelt\u00e4mist\u00e4.&nbsp; Lampussa on lis\u00e4ksi mekaaninen kytkinlukko joten voit lukita lampun mihin tehotilaan tahansa tai kiinni esimerkiksi kuljetuksen ajaksi. Mukana toimitettavalla ladattavalla 5000 mAh:n Li-ion akulla saat jopa 160 tunnin yht\u00e4mittaisen k\u00e4ytt\u00f6ajan (pienin k\u00e4ytt\u00f6tila). Lamppu sopii erinomaisesti vaativaan viranomais- ja vartijak\u00e4ytt\u00f6\u00f6n, er\u00e4- ja&nbsp; mets\u00e4stysk\u00e4ytt\u00f6\u00f6n ja k\u00e4ytt\u00f6\u00f6n jossa valaisimelta vaaditaan kompaktia kokoa ja parasta mahdollista suorituskyky\u00e4.<\/p>\n<h3>\nPatentoitu taktinen k\u00e4ytt\u00f6kytkin<\/h3>\n<p>PD36 TAC:ssa on patentoitu taktisen k\u00e4yt\u00f6n painonappikytkin jonka k\u00e4ytt\u00f6 on vaivatonta. Lampun kahdesta p\u00e4\u00e4k\u00e4ytt\u00f6tilasta taktinen ja ns. Duty-k\u00e4ytt\u00f6loista saat valittua k\u00e4ytt\u00f6\u00f6si aina sopivimmat k\u00e4ytt\u00f6tilat ilman turhaa r\u00e4pelt\u00e4mist\u00e4. Mekaaninen kytkinlukolla lukitset lampun toiminnot miss\u00e4 k\u00e4ytt\u00f6vaiheessa tahansa. Molemmissa p\u00e4\u00e4k\u00e4ytt\u00f6kytkimiss\u00e4 on kolme asentoa jotka saadaan nopeasti k\u00e4ytt\u00f6\u00f6n painamalla painonappikytkint\u00e4. K\u00e4ytt\u00f6kytkimen k\u00e4ytt\u00f6 on luontevaa ja onnistuu miss\u00e4 k\u00e4ytt\u00f6tilanteessa tahansa my\u00f6s k\u00e4sineet k\u00e4dess\u00e4. K\u00e4tev\u00e4n\u00e4 lis\u00e4ominaisuutena, sinulla on mahdollisuus kytke\u00e4 sokaiseva strobo-vilkkutila miss\u00e4 tahansa k\u00e4ytt\u00f6tilassa kytkint\u00e4 pohjaan painamalla. Vinkki: Tiesitko, ett\u00e4 strobo-toiminto est\u00e4\u00e4 tehokkaasti lampun k\u00e4ytt\u00e4j\u00e4n havaitsemista ja antaa aikaa lis\u00e4toimenpiteille esim. v\u00e4ist\u00f6liike, kohteen harhautus yms.,<br \/>\nEdistyksellinen APF (Advance Pulse-Frequency) -teknologia<\/p>\n<p>PD36 TAC:ssa k\u00e4ytet\u00e4\u00e4n alan viimeisint\u00e4 APF-pulssisignaaliteknologiaa joka lis\u00e4\u00e4 merkitt\u00e4v\u00e4sti valaisimen luotettavuutta vaativassa k\u00e4yt\u00f6ss\u00e4 (suurempi valovoima, suurempi energiatehokkuus, v\u00e4hemm\u00e4n altiimpi ulkopuolisille h\u00e4iri\u00f6ille, kompaktimpi rakenne). T\u00e4ss\u00e4 Fenixin k\u00e4ytt\u00e4m\u00e4ss\u00e4 teknologiassa lampun ohjaus &#8211; ja k\u00e4ytt\u00f6virta ohjataan samanaikaisella pulssilla. APF-pulssiteknologia mahdollistaa entist\u00e4 entist\u00e4 suuremmat valovoimat, paremman energiatehokkuuden ja parantaa merkitt\u00e4v\u00e4sti valaisimen h\u00e4iri\u00f6nsietoa verrattuna perinteiseen signaaliteknologiaan verrattuna. PD36 TACissa on paristokotelon tuplajousitus joka ehk\u00e4isee akkuvaurion iskun, rekyylin aiheuttamalta iskulta.<\/p>\n<p>Fenix PD36 TAC on valmistettu k\u00e4ytt\u00e4j\u00e4lle jo arvostaa uuden teknologian tuomaa luotettavuutta tehokkuudesta tinkim\u00e4tt\u00e4.<\/p>\n<h3>\nLaaja lis\u00e4tarvikevalikoima<\/h3>\n<p>PD36 TACiin on saatavilla laaja lis\u00e4tarvikevalikoima. Lamppuun voidaan hankkia lis\u00e4varusteena et\u00e4kytkin AER-05 sek\u00e4 Picatinny-kiskokiinnike ALG-00, piippukiinnike ALG-18 tai MX1 Plus piippukiinnike. Lis\u00e4ksi sit\u00e4 voidaan k\u00e4ytt\u00e4\u00e4 lAOD-S lyhtykartion kanssa jos lamppu halutaan muuttaa laajasti l\u00e4hialuetta valaisevaksi.<\/p>\n<h3>Product Information<\/h3>\n<ul>\n<li>A constant current circuit maintains brightness for a longer time.<\/li>\n<li>Suurikapasiteettinen 5000 mAh USB C-ladattava 21700 ladattava Li-ion akku (sis\u00e4ltyy).<\/li>\n<li>Kolmitoiminen taktinen painonappikytkin.<\/li>\n<li>Paristokotelon tulpajousitus suojaa akkua iskuilta ja rekyylin aiheuttamalta paristovaurioilta.<\/li>\n<li>Taktinen ja ns. Duty-k\u00e4ytt\u00f6tilat.<\/li>\n<li>Mekaaninen k\u00e4ytt\u00f6kytkinten lukitus.<\/li>\n<li>AFP (Advanced Pulse-Frequency) -teknologia.<\/li>\n<li>Metallinen, titaanipinnoitettu klipsikiinnitys (irroitettava).<\/li>\n<li>Vierimisen est\u00e4v\u00e4 muotoilu.<\/li>\n<li>K\u00e4\u00e4nteisen paristopolarisaation suojaus &#8211; est\u00e4\u00e4 valaisimen vahingoittumisen v\u00e4\u00e4rin asennettujen paristojen vuoksi.<\/li>\n<li>Kova-anodisoitu lentokonealumiininen runko.<\/li>\n<li>Pakkaus sis\u00e4lt\u00e4\u00e4: Fenix PD36 TAC k\u00e4sivalaisin, Fenix ARB-L21-5000U USB C-ladattava Li-ion akkuparisto, USB C-latauskaapeli, vy\u00f6kotelo, vaihdettava O-rengastiiviste, k\u00e4ytt\u00f6ohje.<\/li>\n<\/ul>\n<p>Fenix-tuotemerkki takaa aina huippulaadun, PD36 TAC on IP68 p\u00f6ly- ja vesitiivis. Kaikki Fenix valaisimet on testattu omassa laboratoriossa amerikkalaisen ANSI\/FL1 standardin mukaisesti. PD36 TAC valaisimella on viiden (5) vuoden (paristo 1 vuosi) Fenix laatutakuu.<\/p>\n<div class=\"grid-item grid-item-content-bottom-1-2-1\">\n<div class=\"module module-blocks module-blocks-335 blocks-grid\">\n<div class=\"module-body\">\n<div class=\"module-item module-item-1\">\n<div class=\"block-body expand-block\">\n<h3 class=\"title module-title block-title\">Technical details<\/h3>\n<div class=\"block-wrapper\">\n<div class=\"block-content  block-attributes\">\n<div id=\"tab-specification\">\n<div class=\"table-responsive\">\n<table class=\"table table-bordered\">\n<tbody>\n<tr>\n<td>Maximum brightness (max)<\/td>\n<td>3000 lumenia<\/td>\n<\/tr>\n<tr>\n<td>Runtime (max)<\/td>\n<td>160 h<\/td>\n<\/tr>\n<tr>\n<td>Beam distance (max)<\/td>\n<td>274 metri\u00e4<\/td>\n<\/tr>\n<tr>\n<td>Peak intensity (max)<\/td>\n<td>18700 kandela<\/td>\n<\/tr>\n<tr>\n<td>Impact resistance<\/td>\n<td>1 m<\/td>\n<\/tr>\n<tr>\n<td>Water resistance<\/td>\n<td>IP68<\/td>\n<\/tr>\n<tr>\n<td>Operating modes<\/td>\n<td>Taktinen tila: 2 kpl<br \/>\n\t\t\tDuty-tila: 6 kpl<\/td>\n<\/tr>\n<tr>\n<td>Taktinen k\u00e4ytt\u00f6tila: korkea<\/td>\n<td>2000 lm<br \/>\n\t\t\t3 h 10 min<br \/>\n\t\t\t225 m<br \/>\n\t\t\t12600 kandela<\/td>\n<\/tr>\n<tr>\n<td>Taktinen k\u00e4ytt\u00f6tila: strobo<\/td>\n<td>2000 lm<\/td>\n<\/tr>\n<tr>\n<td>Duty-k\u00e4ytt\u00f6tila: turbo<\/td>\n<td>3000 lm<br \/>\n\t\t\t1 h 30 min*<br \/>\n\t\t\t274 m<br \/>\n\t\t\t18700 kandela<\/td>\n<\/tr>\n<tr>\n<td>Duty-k\u00e4ytt\u00f6tila: korkea<\/td>\n<td>1000 lm<br \/>\n\t\t\t3 h 15 min<br \/>\n\t\t\t160 m<br \/>\n\t\t\t6400 kandela<\/td>\n<\/tr>\n<tr>\n<td>Duty-k\u00e4ytt\u00f6tila: keski<\/td>\n<td>350 lm<br \/>\n\t\t\t10 h 10 min<br \/>\n\t\t\t92 m<br \/>\n\t\t\t2100 kandela<\/td>\n<\/tr>\n<tr>\n<td>Duty-k\u00e4ytt\u00f6tila: matala<\/td>\n<td>150 lm<br \/>\n\t\t\t18 h 45 min<br \/>\n\t\t\t59 m<br \/>\n\t\t\t900 kandela<\/td>\n<\/tr>\n<tr>\n<td>Duty-k\u00e4ytt\u00f6tila: eko<\/td>\n<td>30 lm<br \/>\n\t\t\t160 h<br \/>\n\t\t\t25 m<br \/>\n\t\t\t160 kandela<\/td>\n<\/tr>\n<tr>\n<td>Duty-k\u00e4ytt\u00f6tila: strobo<\/td>\n<td>2000 lm<\/td>\n<\/tr>\n<tr>\n<td>LED type<\/td>\n<td>Luminus SST70 LED<\/td>\n<\/tr>\n<tr>\n<td>Size<\/td>\n<td>140 x 26,4 x 25,4 mm<\/td>\n<\/tr>\n<tr>\n<td>Power source<\/td>\n<td>ARB-L21-5000U USB C-ladattava Li-ion akkuparisto (sis\u00e4ltyy)<\/td>\n<\/tr>\n<tr>\n<td>Charging method<\/td>\n<td>USB-C<\/td>\n<\/tr>\n<tr>\n<td>Certifications<\/td>\n<td>ANSI\/NEMA FL-1, ROHS, CE<\/td>\n<\/tr>\n<tr>\n<td>Warranty<\/td>\n<td>5-vuotta<\/td>\n<\/tr>\n<tr>\n<td>Package contents<\/td>\n<td>PD36 TAC taktinen k\u00e4sivalaisin, ARB-L21-5000U USB C-ladattavaLi-ion akkuparisto, USB C-latauskaapeli, vy\u00f6kotelo, vaihdettava O-rengastiiviste, k\u00e4ytt\u00f6ohje<\/td>\n<\/tr>\n<\/tbody>\n<\/table>\n<\/div>\n<\/div>\n<\/div>\n<div class=\"block-footer\">* Turbo ja Teho II tehotilojen k\u00e4ytt\u00f6ajat ovat valaisimen yht\u00e4mittaisia kokonaisk\u00e4ytt\u00f6aikoja valoteholla 100 &#8211; 10 %.<br \/>\nTekniset suoritusarvot on m\u00e4\u00e4ritetty ANSI\/PLATO FL1 -k\u00e4sivalaisinstandardin mukaisesti.<\/div>\n<\/div>\n<\/div>\n<\/div>\n<\/div>\n<\/div>\n<\/div>","protected":false},"excerpt":{"rendered":"<p>Taktista ylivoimaa vaativalle k\u00e4ytt\u00e4j\u00e4lle<\/p>","protected":false},"featured_media":5787,"comment_status":"open","ping_status":"closed","template":"","meta":{"_kadence_starter_templates_imported_post":false,"_kad_post_transparent":"","_kad_post_title":"","_kad_post_layout":"","_kad_post_sidebar_id":"","_kad_post_content_style":"","_kad_post_vertical_padding":"","_kad_post_feature":"","_kad_post_feature_position":"","_kad_post_header":false,"_kad_post_footer":false,"_kad_post_classname":""},"product_brand":[],"product_cat":[1564,16],"product_tag":[32,1272,1273,266],"class_list":{"0":"post-5788","1":"product","2":"type-product","3":"status-publish","4":"has-post-thumbnail","6":"product_cat-fenix","7":"product_cat-yleinen","8":"product_tag-fenix","9":"product_tag-pd36tac","10":"product_tag-taktinen-lamppu","11":"product_tag-taskulamppu","13":"first","14":"onbackorder","15":"taxable","16":"shipping-taxable","17":"purchasable","18":"product-type-simple","19":"entry","20":"content-bg","21":"loop-entry"},"_links":{"self":[{"href":"https:\/\/kivenalla.fi\/en\/wp-json\/wp\/v2\/product\/5788","targetHints":{"allow":["GET"]}}],"collection":[{"href":"https:\/\/kivenalla.fi\/en\/wp-json\/wp\/v2\/product"}],"about":[{"href":"https:\/\/kivenalla.fi\/en\/wp-json\/wp\/v2\/types\/product"}],"replies":[{"embeddable":true,"href":"https:\/\/kivenalla.fi\/en\/wp-json\/wp\/v2\/comments?post=5788"}],"wp:featuredmedia":[{"embeddable":true,"href":"https:\/\/kivenalla.fi\/en\/wp-json\/wp\/v2\/media\/5787"}],"wp:attachment":[{"href":"https:\/\/kivenalla.fi\/en\/wp-json\/wp\/v2\/media?parent=5788"}],"wp:term":[{"taxonomy":"product_brand","embeddable":true,"href":"https:\/\/kivenalla.fi\/en\/wp-json\/wp\/v2\/product_brand?post=5788"},{"taxonomy":"product_cat","embeddable":true,"href":"https:\/\/kivenalla.fi\/en\/wp-json\/wp\/v2\/product_cat?post=5788"},{"taxonomy":"product_tag","embeddable":true,"href":"https:\/\/kivenalla.fi\/en\/wp-json\/wp\/v2\/product_tag?post=5788"}],"curies":[{"name":"wp","href":"https:\/\/api.w.org\/{rel}","templated":true}]}}