{"id":5792,"date":"2023-12-01T14:49:49","date_gmt":"2023-12-01T12:49:49","guid":{"rendered":"https:\/\/kivenalla.fi\/tuote\/lg-icr18650-hg2-3000-mah-20a\/"},"modified":"2024-12-31T13:12:03","modified_gmt":"2024-12-31T11:12:03","slug":"lg-icr18650-hg2-3000-mah-20a","status":"publish","type":"product","link":"https:\/\/kivenalla.fi\/en\/product\/lg-icr18650-hg2-3000-mah-20a\/","title":{"rendered":"LG ICR18650-HG2 3000 mAH &#8211; 20A"},"content":{"rendered":"<p><strong>Huom! Suojapiirit\u00f6n akku, joten sinun tulee huolehtia suojauksesta, \u00e4l\u00e4 miss\u00e4\u00e4n nimess\u00e4 ylit\u00e4 valmistajan ilmoittamia raja-arvoja latauksessa.<\/strong><\/p>\n<p>LG:n suojapiirit\u00f6n flattop 18650 -akku 3000 mAh kapasiteetill\u00e4 ja 20A purkuvirralla. Sopii esim. loistavasti <a data-link-type=\"external\" data-type=\"linkpicker\" href=\"https:\/\/kivenalla.fi\/en\/Armytek-Wizard-C2-Pro-Magnet-USB-XHP502\/\">Armytek Wizard C2 Pro<\/a> -otsalamppuun, jossa on sis\u00e4isen akun latauksen suojaus.<\/p>\n<ul>\n<li><span style=\"font-size: 14px;\"><span style=\"line-height: 16px;\">kapasiteetti 3000<\/span> mAh<\/span><\/li>\n<li><span style=\"font-size: 14px;\"><span style=\"line-height: 20.8px;\">max jatkuva purkuvirta: 20 A<\/span><\/span><\/li>\n<li><span style=\"font-size: 14px;\"><span style=\"line-height: 20.8px;\">koko: 65 mm x 18,3 mm<\/span><\/span><\/li>\n<li><span style=\"font-size: 14px;\"><span style=\"line-height: 20.8px;\">nimellisj\u00e4nnite: 3,6 V<\/span><\/span><\/li>\n<li><span style=\"font-size: 14px;\"><span style=\"line-height: 20.8px;\">latausj\u00e4nnite: 4,2 V <\/span><\/span>\u00b1 0.05V<\/li>\n<li><span style=\"font-size:14px;\">alin purkuj\u00e4nnite: 2,5 V<\/span><\/li>\n<\/ul>","protected":false},"excerpt":{"rendered":"<p><strong>Huom! Suojapiirit\u00f6n akku, joten sinun tulee huolehtia suojauksesta, \u00e4l\u00e4 miss\u00e4\u00e4n nimess\u00e4 ylit\u00e4 valmistajan ilmoittamia raja-arvoja latauksessa.<\/strong><\/p>","protected":false},"featured_media":5791,"comment_status":"open","ping_status":"closed","template":"","meta":{"_kadence_starter_templates_imported_post":false,"_kad_post_transparent":"","_kad_post_title":"","_kad_post_layout":"","_kad_post_sidebar_id":"","_kad_post_content_style":"","_kad_post_vertical_padding":"","_kad_post_feature":"","_kad_post_feature_position":"","_kad_post_header":false,"_kad_post_footer":false,"_kad_post_classname":""},"product_brand":[],"product_cat":[1653,1568,16],"product_tag":[285,598,1276,1274,1275],"class_list":{"0":"post-5792","1":"product","2":"type-product","3":"status-publish","4":"has-post-thumbnail","6":"product_cat-ale10","7":"product_cat-akut-ja-paristot","8":"product_cat-yleinen","9":"product_tag-285","10":"product_tag-armytek","11":"product_tag-flattop","12":"product_tag-lg","13":"product_tag-suojapiiriton","15":"first","16":"onbackorder","17":"taxable","18":"shipping-taxable","19":"purchasable","20":"product-type-simple","21":"entry","22":"content-bg","23":"loop-entry"},"_links":{"self":[{"href":"https:\/\/kivenalla.fi\/en\/wp-json\/wp\/v2\/product\/5792","targetHints":{"allow":["GET"]}}],"collection":[{"href":"https:\/\/kivenalla.fi\/en\/wp-json\/wp\/v2\/product"}],"about":[{"href":"https:\/\/kivenalla.fi\/en\/wp-json\/wp\/v2\/types\/product"}],"replies":[{"embeddable":true,"href":"https:\/\/kivenalla.fi\/en\/wp-json\/wp\/v2\/comments?post=5792"}],"wp:featuredmedia":[{"embeddable":true,"href":"https:\/\/kivenalla.fi\/en\/wp-json\/wp\/v2\/media\/5791"}],"wp:attachment":[{"href":"https:\/\/kivenalla.fi\/en\/wp-json\/wp\/v2\/media?parent=5792"}],"wp:term":[{"taxonomy":"product_brand","embeddable":true,"href":"https:\/\/kivenalla.fi\/en\/wp-json\/wp\/v2\/product_brand?post=5792"},{"taxonomy":"product_cat","embeddable":true,"href":"https:\/\/kivenalla.fi\/en\/wp-json\/wp\/v2\/product_cat?post=5792"},{"taxonomy":"product_tag","embeddable":true,"href":"https:\/\/kivenalla.fi\/en\/wp-json\/wp\/v2\/product_tag?post=5792"}],"curies":[{"name":"wp","href":"https:\/\/api.w.org\/{rel}","templated":true}]}}