{"id":5794,"date":"2023-12-01T14:49:50","date_gmt":"2023-12-01T12:49:50","guid":{"rendered":"https:\/\/kivenalla.fi\/tuote\/fenix-hm65r-superraptor-2-1500-lm\/"},"modified":"2025-11-25T09:52:56","modified_gmt":"2025-11-25T07:52:56","slug":"fenix-hm65r-superraptor-2-1500-lm","status":"publish","type":"product","link":"https:\/\/kivenalla.fi\/en\/product\/fenix-hm65r-superraptor-2-1500-lm\/","title":{"rendered":"Fenix HM65R SUPERRAPTOR 2, 1500 lm"},"content":{"rendered":"<h3>Testivoittajan p\u00e4ivitetty huippuversio<\/h3>\n<p>Testivoittaja on nyt entist\u00e4kin suorituskykyisempi! Uusi HM65R SUPERRAPTOR 2 loistaa kaikilla ominaisuuksilla nyt entist\u00e4kin kirkkaammin. SUPERRAPTOR 2:n yhteisvaloteho on kasvanut huikeaan 1500 lumeniin ja kohdevaloon on tullut jopa 30% enemm\u00e4n valotehoa (1300 lumenia), valaisimen max. kantomatka on my\u00f6s pidentynyt yli 20% 170 metriin, aiempaa paremmin yksityiskohtia ja v\u00e4rej\u00e4 toistavat uutuus-LEDit nostavat lampun valaisukyvyn aivan uudelle tasolle etenkin kaikkein vaikemmissa s\u00e4\u00e4- ja k\u00e4ytt\u00f6olosuhteissa (sade, sumu, usva, teollisuuden heijastavat metallipinnat), t\u00e4ysin uusi SPORT-FIT SYSTEM lukitusmekanismi mahdollistaa otsapannan portaattoman s\u00e4\u00e4d\u00f6n yhdell\u00e4 k\u00e4dell\u00e4, aiempaa leve\u00e4mpi 35 mm otsapanta mahdollistaa k\u00e4yt\u00f6n otsapannalla ilman p\u00e4\u00e4lakipantaa. Lis\u00e4ksi kaikkien pantojen pikairroitus tekee lampun k\u00e4ytt\u00e4misen kyp\u00e4r\u00e4valona aiempaa vaivattomammaksi ilman turhaa r\u00e4pelt\u00e4mist\u00e4. Fenix HM65R SUPERRAPTOR 2 on er\u00e4s tehokkaimmista ja suorituskykyisemmist\u00e4 kompakteista otsalampuista 1500 lumenin valovoimalla ja 170 metrin kantomatkalla.<\/p>\n<p>HM65R SUPERRAPTOR 2:n aiemmat muut huippuominaisuudet kuten ultrakevyt ja kest\u00e4v\u00e4 magnesium runko, IP68 p\u00f6ly- ja vesitiiviys, nopea USB C-tyypin lataus, viiden (5) vuoden takuu my\u00f6s ty\u00f6k\u00e4yt\u00f6ss\u00e4 tekev\u00e4t t\u00e4st\u00e4 SUPERRAPTOR 2:sta otsalampun josta ei kompromisseja tarvitse etsi\u00e4.&nbsp;<\/p>\n<h3>Kaksi valokeilaa &#8211; N\u00e4e entist\u00e4 luonnollisemmin ja tarkemmin<\/h3>\n<p>HM65R SUPERRAPTOR 2 otsalampussa on kaksoisvaloj\u00e4rjestelm\u00e4. Lampun kohdevalo tarjoaa tehokkaan max. 170 m ja 1300 lumenin valovoimalla valovoimalla tasaisesti valokuvion joka sopii kyp\u00e4r\u00e4valoksi py\u00f6r\u00e4ilyyn, ty\u00f6h\u00f6n ja erilaisiin haku- ja etsint\u00e4teht\u00e4viin. Lampun l\u00e4hivalokeila tarjoaa markkinoiden miellytt\u00e4vimm\u00e4n ja suorituskykyisimm\u00e4n l\u00e4hivalaisun sill\u00e4 se k\u00e4ytt\u00e4\u00e4 uusinta luonnonvalkoista LED-polttimoa jonka yksityiskohtien ja v\u00e4rien erottelu on huippuluokkaa (CRI-arvo 80). N\u00e4et v\u00e4rit l\u00e4hes samanlaisina kuin p\u00e4iv\u00e4ll\u00e4 joka v\u00e4hent\u00e4\u00e4 silmien rasitusta pime\u00e4ss\u00e4 sek\u00e4 auttaa n\u00e4kem\u00e4\u00e4n kohteen entist\u00e4kin yksityiskohtaisemmin. T\u00e4m\u00e4n ansiosta esimerkiksi polkujen ja maastojen pienet korkeuserot n\u00e4kyv\u00e4t entist\u00e4 tarkemmin josta on erityist\u00e4 hy\u00f6ty\u00e4 k\u00e4velyss\u00e4, retkeilyss\u00e4 ja&nbsp; nopeavauhtisessa etenemisess\u00e4 kuten polkujuoksussa. Lis\u00e4ksi valon matalamman aallonpituutensa ansiosta valo kantaa samalla valoteholla tavanomaista valkoista LED-valoa jopa 25% pidemm\u00e4lle.<\/p>\n<h3>SPORT-FIT SYSTEM -pantakiinnitys<\/h3>\n<p>Patentoitu SPORT-FIT SYSTEM -pikapantakiinnitys tarjoaa nopean ja tarkan otsapannan s\u00e4\u00e4d\u00f6n vain yhdell\u00e4 k\u00e4dell\u00e4. SPORT-FIT kiinnitysmekanismin k\u00e4ytt\u00f6 on superhelppoa, nosta kiertoruuvi yl\u00f6s, s\u00e4\u00e4d\u00e4 pannan pituus ja paina kiertoruuvi alas &#8211; siin\u00e4 kaikki! K\u00e4ytt\u00f6 onnistuu vaivatta yhdell\u00e4 k\u00e4dell\u00e4 vaikka juostessa! Aiempaa leve\u00e4mpi 35 mm pantaleveys mahdollistaa otsalampun k\u00e4yt\u00f6n vain yhdell\u00e4 pannalla ilman p\u00e4\u00e4lakipantaa. HM65R SUPERRAPTOR 2:n otsapanta on nyt my\u00f6s kokonaan pikairroitettava joten sen valaisinosa saadaan k\u00e4tev\u00e4sti irroitettu pannasta py\u00f6d\u00e4lle asetettavaksi valaisimeksi ja kyp\u00e4r\u00e4valoksi (liitet\u00e4\u00e4n kaikkiin kyp\u00e4riin Fenix ALG-03 V2 kyp\u00e4r\u00e4kiinnityksell\u00e4, myyd\u00e4\u00e4n erikseen) ilman turhaa r\u00e4pelt\u00e4mist\u00e4.<\/p>\n<h3>ER\u00c4-lehden suuri otsalamppuvertailu (9\/2020)<\/h3>\n<p>ER\u00c4-lehden vuoden 2020 suuressa otsalampputestiss\u00e4 testattiin per\u00e4ti nelj\u00e4toista otsalamppua. Testiss\u00e4 ei luotettu pelkk\u00e4\u00e4n n\u00e4ppituntumaan vaan testiin seulottuja lamppuja testattiin ja mitattiin monipuolisesti. Suoritetut mittaustulokset erottelivat jyv\u00e4t akanoista. Lue kattava testi kokonaisuudessaan Er\u00e4n numerossa 9\/2020.<\/p>\n<p><img decoding=\"async\" alt=\"Sovellus\" class=\"ep-gadget epgadget-externalvideo\" data-ep-gadget=\"{&quot;options&quot;:{&quot;width&quot;:&quot;640&quot;,&quot;height&quot;:&quot;400&quot;,&quot;provider&quot;:&quot;youtube&quot;,&quot;id&quot;:&quot;339XLxyRBLM&quot;},&quot;alias&quot;:&quot;externalvideo&quot;,&quot;cartridge&quot;:&quot;externalcontent&quot;}\" src=\"data:image\/png;base64,iVBORw0KGgoAAAANSUhEUgAAAAEAAAABCAQAAAC1HAwCAAAAC0lEQVR4nGP6zwAAAgcBApocMXEAAAAASUVORK5CYII=\" style=\"max-width: 100%; display: block; margin-bottom: 10px; width: 201px; height: 111px;\" title=\"Sovellus\" \/><\/p>\n<div class=\"grid-item grid-item-content-bottom-1-2-1\">\n<div class=\"module module-blocks module-blocks-335 blocks-grid\">\n<div class=\"module-body\">\n<div class=\"module-item module-item-1\">\n<div class=\"block-body expand-block\">\n<h3>Markkinoiden kevein magnesium-runko<\/h3>\n<p>Er\u00e4s t\u00e4rkeimmist\u00e4 otsalampun k\u00e4ytt\u00f6mukavuuteen vaikuttavista valintakriteereist\u00e4 on valaisimen paino. Fenix HM65R SUPERAPTOR 2 on er\u00e4s markkinoiden kevyimmist\u00e4 kaksoivalokeilalla olevista otsalampuista sill\u00e4 sen runko on valmistettu ultrakevyest\u00e4 magnesiumista. Magnesiumista valmistettu erikoisrunko on jopa 30% vastaavaa alumiinista valmistettua runkoa kevyempi.&nbsp; valmistuksessa on k\u00e4ytetty yht\u00e4 maailman keveimm\u00e4st\u00e4 metallia magnesiumia Mg. SUPERRAPTOR 2 otsalamppu n\u00e4in yli 30 % kevyempi kuin vastaavan kokoiset alumiinista valmistetut otsalamput.<\/p>\n<h3>Nopea ja luotettava USB C-lataus<\/h3>\n<p>Er\u00e4s otsalampun t\u00e4rke\u00e4 valintakriteeri on my\u00f6s se kuinka nopeasti se saadaan k\u00e4ytt\u00f6kuntoon.&nbsp; SUPERRAPTOR 2 otsalamppu latautuu jopa kolme kertaa nopeammin kuin tavanomaiset otsalamput sill\u00e4 siin\u00e4 on USB tyypin C-latausliitin. Nopea USB tyypin C-lataus (sama lataus liitin kuin useimmissa matkapuhelimissa) lataa lampun max. 1,5 A latausvirralla ja otsalampun akku latautuu tyhj\u00e4st\u00e4 t\u00e4yteen vain noin 3:ssa tunnissa. Latauksen merkkivalot seuraavat lampun latautumista ja j\u00e4ljell\u00e4 olevaa varaustilaa.<\/p>\n<h3>Optimaalinen valaisukuvio<\/h3>\n<p>SUPERRAPTOR 2:ssa sinun ei tarvitse tehd\u00e4 kompromissia valaisukuvion suhteen. Kahden erikseen toimivan valaisukeilan avulla saat heti valittua k\u00e4ytt\u00f6\u00f6si parhaimmain valaisun riippumatta siit\u00e4 tarvitsetko valokeilaa et\u00e4\u00e4lle vai laajasti l\u00e4helle. Lis\u00e4ksi valokeilojen yhdistely mahdollisuus tarjoaa optimaalisen teho-\/k\u00e4ytt\u00f6aikayhdistelm\u00e4n my\u00f6s pidempiaikaisempaan valaisimen k\u00e4ytt\u00f6\u00f6n. SUPERRAPTOR 2:n heijastinkartiot ovat valmiiksi suunnattu oikeaan valaisukulmaan jolloin sinun ei tarvitse v\u00e4ltt\u00e4m\u00e4tt\u00e4 s\u00e4\u00e4t\u00e4\u00e4 valaisukulmaa lainkaan. Mik\u00e4li valaisukulmaa on tarvetta s\u00e4\u00e4t\u00e4\u00e4, tarjoaa SUPERRAPTOR 2 t\u00e4yden 90-asteen valaisukulman s\u00e4\u00e4d\u00f6n. SUPERRAPTOR 2:n molemmat valaisinkartiot sijaitsevat hyvin l\u00e4hell\u00e4&nbsp; lampun keskilinjaa jolloin valokuvio on aina k\u00e4ytt\u00e4j\u00e4n n\u00e4k\u00f6kent\u00e4n keskell\u00e4 eik\u00e4 oikealla tai vasemmalla.<\/p>\n<h3>K\u00e4ytt\u00f6 kaikilla akuilla ja paristoilla ilman kalliita erikoisakkuja<\/h3>\n<p>Fenix HM65R SUPERRAPTOR 2 toimii yhdell\u00e4 tavanomaisella 18650 Li-ion akkuparistolla mutta sit\u00e4 voidaan k\u00e4yt\u00e4\u00e4 my\u00f6s erityisen hyvin kylm\u00e4\u00e4 kest\u00e4vill\u00e4 CR123A paristoilla. Otsalamppu toimitetaan vakiona tehokkaalla ja turvallisella 3400 mAh 18650 Fenix ARB-L18 akkuparistolla. Fenix ARB-L18 akku on turvallinen Li-ion ladattava-akku jonka viisinkertaisen suojauspiirin lis\u00e4ksi akussa on ter\u00e4ssylinterivaippa joka suojaa sit\u00e4 ulkopuolisilta kolhuilta ja iskuilta.<\/p>\n<h3>Product Information<\/h3>\n<ul>\n<li>Vakiovoimakkuuspiiri s\u00e4ilytt\u00e4\u00e4 kirkkauden entist\u00e4kin pidemp\u00e4\u00e4n.<\/li>\n<li>Supertehokas max. 1500 lumenin yhteisvaloteho.<\/li>\n<li>V\u00e4rioptimoidut led-polttimot (l\u00e4hivalo 5000 K ja kohdevalo 6500 K)<\/li>\n<li>Kaksoispolttimoj\u00e4rjestelm\u00e4 mahdollistaa laajan ja pitk\u00e4lle kantavan valokeilan. Polttimoita voidaan k\u00e4ytt\u00e4\u00e4 my\u00f6s erikseen.<\/li>\n<li>Nopea USB C -lataus (max. latausvirta 5V 1,5 A).<\/li>\n<li>Akku latautuu tyhj\u00e4st\u00e4 t\u00e4yteen noin 3 tunnissa (1,5A).<\/li>\n<li>Uusi Sport-Fit pikas\u00e4\u00e4dett\u00e4v\u00e4 rullapantamekanismi<\/li>\n<li>Irroitettava painetuilla heijastimilla varustettu leve\u00e4mpi AIR-otsapanta (36 mm)<\/li>\n<li>J\u00e4ljell\u00e4 olevan akkukapasiteetin n\u00e4ytt\u00f6toiminto: nelj\u00e4 valoa: 100-81%, kolme valoa: 80-61%, kaksi valoa: 60-41%, yksi valo: 40-21%, ei valoa: 20-0%.<\/li>\n<li>Ultrakevyt magnesiumrunko, paino ilman akku 109 g.<\/li>\n<li>Voidaan liitt\u00e4\u00e4 kaikkiin kyp\u00e4riin erillisell\u00e4 ALG-03 v2.0 (hankitaan erikseen) kyp\u00e4r\u00e4kiinnikkeell\u00e4 ilman otsanauhaston likaantumista ja rispaantumista.<\/li>\n<li>Kovakarkaistu, heijastamaton lasilinssi (kohdevalossa)<\/li>\n<li>V\u00e4ri: musta jossa heijastavat logot\/symbolit<\/li>\n<li>Saatavilla vain Suomessa virallisilta <a href=\"https:\/\/www.fenixvalaisimet.fi\/storefinder\" style=\"color:#ff9900;\">Fenix-j\u00e4lleenmyyjilt\u00e4<\/a>.<\/li>\n<li>Pakkaus sis\u00e4lt\u00e4\u00e4: HM65R SUPERRAPTOR 2 otsalamppu, SPORT-FIT system otsapanta, pikakiinnitett\u00e4v\u00e4 p\u00e4\u00e4lakipanta, Fenix ARB-L18-3400 mAh ladattava akku, USB C-latausjohto, vaihdettava O-rengastiiviste, k\u00e4ytt\u00f6ohje (suomi, englanti).<\/li>\n<\/ul>\n<p>Fenix-tuotemerkki takaa aina huippulaadun, HM65R SUPERRAPTOR 2 on t\u00e4ysin IP68 p\u00f6ly- ja vesitiivis. Kaikki Fenix valaisimet on testattu omassa laboratoriossa amerikkalaisen ANSI\/FL1 standardin mukaisesti. HM65R SUPERRAPTOR 2 otsavalaisimella on viiden (5) vuoden (paristo 1 vuosi) Fenix laatu takuu.<\/p>\n<h3 class=\"title module-title block-title\">&nbsp;<\/h3>\n<h3 class=\"title module-title block-title\">Technical details<\/h3>\n<div class=\"block-wrapper\">\n<div class=\"block-content  block-attributes\">\n<div id=\"tab-specification\">\n<div class=\"table-responsive\">\n<table class=\"table table-bordered\">\n<tbody>\n<tr>\n<td>Maximum brightness (max)<\/td>\n<td>1500 lumenia (yhteisvaloteho)<\/td>\n<\/tr>\n<tr>\n<td>Runtime (max)<\/td>\n<td>200 h (matala k\u00e4ytt\u00f6tila)<\/td>\n<\/tr>\n<tr>\n<td>Beam distance (max)<\/td>\n<td>170 metri\u00e4<\/td>\n<\/tr>\n<tr>\n<td>Peak intensity (max)<\/td>\n<td>7261 kandelaa<\/td>\n<\/tr>\n<tr>\n<td>Impact resistance<\/td>\n<td>2 metri<\/td>\n<\/tr>\n<tr>\n<td>Water resistance<\/td>\n<td>IP68<\/td>\n<\/tr>\n<tr>\n<td>Operating modes<\/td>\n<td>8 kpl<\/td>\n<\/tr>\n<tr>\n<td>K\u00e4ytt\u00f6tila turbo<\/td>\n<td>1300 lm<br \/>\n\t\t\t2 h*<br \/>\n\t\t\t170 metri\u00e4<br \/>\n\t\t\t7261 kandela<\/td>\n<\/tr>\n<tr>\n<td>High mode<\/td>\n<td>700 lm<br \/>\n\t\t\t3 h<br \/>\n\t\t\t128 metri\u00e4<br \/>\n\t\t\t4070 kandela<\/td>\n<\/tr>\n<tr>\n<td>Middle mode<\/td>\n<td>150 lm<br \/>\n\t\t\t15 h<br \/>\n\t\t\t59 metri\u00e4<br \/>\n\t\t\t872 kandela<\/td>\n<\/tr>\n<tr>\n<td>Low mode<\/td>\n<td>50 lm<br \/>\n\t\t\t90 h<br \/>\n\t\t\t32 metri\u00e4<br \/>\n\t\t\t258 kandela<\/td>\n<\/tr>\n<tr>\n<td>Hajavalo (korkea)<\/td>\n<td>500 lm<br \/>\n\t\t\t4 h<br \/>\n\t\t\t56 metri\u00e4<br \/>\n\t\t\t782 kandela<\/td>\n<\/tr>\n<tr>\n<td>Hajavalo (keski)<\/td>\n<td>150 lm<br \/>\n\t\t\t15 h<br \/>\n\t\t\t31 metri\u00e4<br \/>\n\t\t\t237 kandela<\/td>\n<\/tr>\n<tr>\n<td>Hajavalo (matala)<\/td>\n<td>8 lm<br \/>\n\t\t\t200 h<br \/>\n\t\t\t8 metri\u00e4<br \/>\n\t\t\t15 kandela<\/td>\n<\/tr>\n<tr>\n<td>LED type<\/td>\n<td>1 x SST40 valkoinen LED, 1 x Cree XP-G3 S3<\/td>\n<\/tr>\n<tr>\n<td>Size<\/td>\n<td>80,5 x 55 x 40 mm<\/td>\n<\/tr>\n<tr>\n<td>Weight<\/td>\n<td>109 g (ilman paristoa)<\/td>\n<\/tr>\n<tr>\n<td>Power source<\/td>\n<td>1&#215;18650\/2xCR123A<\/td>\n<\/tr>\n<tr>\n<td>Charging method<\/td>\n<td>USB-C<\/td>\n<\/tr>\n<tr>\n<td>Latausvirta<\/td>\n<td>Max. 5V 1500 mA<\/td>\n<\/tr>\n<tr>\n<td>Certifications<\/td>\n<td>ANSI\/NEMA FL-1, ROHS, CE<\/td>\n<\/tr>\n<tr>\n<td>Warranty<\/td>\n<td>5-vuotta<\/td>\n<\/tr>\n<tr>\n<td>Package contents<\/td>\n<td>HM65R SUPERRAPTOR 2 otsalamppu, SPORT-FIT system otsapanta, pikakiinnitett\u00e4v\u00e4 p\u00e4\u00e4lakipanta, Fenix ARB-L18-3400 mAh ladattava akku, USB C-latausjohto, vaihdettava O-rengastiiviste, k\u00e4ytt\u00f6ohje (suomi, englanti).<\/td>\n<\/tr>\n<tr>\n<td>K\u00e4ytt\u00f6ohje<\/td>\n<td><a href=\"https:\/\/www.fenixvalaisimet.fi\/kayttoohjeet#HM65R\">K\u00e4ytt\u00f6ohje (suomi)<\/a><\/td>\n<\/tr>\n<\/tbody>\n<\/table>\n<\/div>\n<\/div>\n<\/div>\n<div class=\"block-footer\"><span style=\"font-size:10px;\">* Turbo ja Teho II tehotilojen k\u00e4ytt\u00f6ajat ovat valaisimen yht\u00e4mittaisia kokonaisk\u00e4ytt\u00f6aikoja valoteholla 100 &#8211; 10 %.<br \/>\nTekniset suoritusarvot on m\u00e4\u00e4ritetty ANSI\/PLATO FL1 -k\u00e4sivalaisinstandardin mukaisesti.<\/span><\/div>\n<\/div>\n<\/div>\n<\/div>\n<\/div>\n<\/div>\n<\/div>","protected":false},"excerpt":{"rendered":"<h3>Testivoittajan p\u00e4ivitetty huippuversio!<\/h3>","protected":false},"featured_media":5793,"comment_status":"open","ping_status":"closed","template":"","meta":{"_kadence_starter_templates_imported_post":false,"_kad_post_transparent":"","_kad_post_title":"","_kad_post_layout":"","_kad_post_sidebar_id":"","_kad_post_content_style":"","_kad_post_vertical_padding":"","_kad_post_feature":"","_kad_post_feature_position":"","_kad_post_header":false,"_kad_post_footer":false,"_kad_post_classname":""},"product_brand":[],"product_cat":[1653,1564,16],"product_tag":[32,930,1277],"class_list":{"0":"post-5794","1":"product","2":"type-product","3":"status-publish","4":"has-post-thumbnail","6":"product_cat-ale10","7":"product_cat-fenix","8":"product_cat-yleinen","9":"product_tag-fenix","10":"product_tag-hm65r","11":"product_tag-superraptor2","13":"first","14":"instock","15":"sale","16":"taxable","17":"shipping-taxable","18":"purchasable","19":"product-type-simple","20":"entry","21":"content-bg","22":"loop-entry"},"_links":{"self":[{"href":"https:\/\/kivenalla.fi\/en\/wp-json\/wp\/v2\/product\/5794","targetHints":{"allow":["GET"]}}],"collection":[{"href":"https:\/\/kivenalla.fi\/en\/wp-json\/wp\/v2\/product"}],"about":[{"href":"https:\/\/kivenalla.fi\/en\/wp-json\/wp\/v2\/types\/product"}],"replies":[{"embeddable":true,"href":"https:\/\/kivenalla.fi\/en\/wp-json\/wp\/v2\/comments?post=5794"}],"wp:featuredmedia":[{"embeddable":true,"href":"https:\/\/kivenalla.fi\/en\/wp-json\/wp\/v2\/media\/5793"}],"wp:attachment":[{"href":"https:\/\/kivenalla.fi\/en\/wp-json\/wp\/v2\/media?parent=5794"}],"wp:term":[{"taxonomy":"product_brand","embeddable":true,"href":"https:\/\/kivenalla.fi\/en\/wp-json\/wp\/v2\/product_brand?post=5794"},{"taxonomy":"product_cat","embeddable":true,"href":"https:\/\/kivenalla.fi\/en\/wp-json\/wp\/v2\/product_cat?post=5794"},{"taxonomy":"product_tag","embeddable":true,"href":"https:\/\/kivenalla.fi\/en\/wp-json\/wp\/v2\/product_tag?post=5794"}],"curies":[{"name":"wp","href":"https:\/\/api.w.org\/{rel}","templated":true}]}}