{"id":5796,"date":"2023-12-01T14:49:51","date_gmt":"2023-12-01T12:49:51","guid":{"rendered":"https:\/\/kivenalla.fi\/tuote\/akkuliivi-lumonite-slimvest-v2-one-size\/"},"modified":"2025-11-25T09:52:44","modified_gmt":"2025-11-25T07:52:44","slug":"akkuliivi-lumonite-slimvest-v2-one-size","status":"publish","type":"product","link":"https:\/\/kivenalla.fi\/en\/product\/akkuliivi-lumonite-slimvest-v2-one-size\/","title":{"rendered":"LUMONITE Slimvest V2 Battery Vest \u2013 One Size"},"content":{"rendered":"<p><span style=\"color:black;\"><span style=\"font-size: x-large;\"><strong>SUOSITUN AKKULIIVIN UUSI VERSIO<\/strong><\/span><\/span><\/p>\n<p><strong>Lumonite Slimvest 2 on erinomaisesti istuva, kevyt akkuliivi Lumonite-otsavalaisimen akun kuljettamiseen. V2-malli on p\u00e4ivitetty versio erinomaiset arvostelut saaneesta Slimvestist\u00e4. Akkuvaljaat on suunniteltu erityisesti vauhdikkaaseen ja vaativaan menoon kuten suunnistukseen, hiihtoon, polkujuoksuun ja maastopy\u00f6r\u00e4ilyyn. Akkuliiviss\u00e4 on ainutlaatuinen kiinnitys kaikille Lumonite Slimcore -sarjan akuille. Liiviin kiinte\u00e4sti asennettu&nbsp;Slimholder-kiinnike lukitsee akun tukevasti paikoilleen, jolloin se ei h\u00f6lsky kovassakaan menossa. Akku ei p\u00e4\u00e4se liikkumaan liiviss\u00e4 yl\u00e4-alasuunnassa, eik\u00e4 my\u00f6sk\u00e4\u00e4n sivuttaissuunnassa. Tiukasti kiristett\u00e4v\u00e4 liivi jakaa akun painon tasaisesti ja tukevasti keskelle yl\u00e4selk\u00e4\u00e4 &#8211; akun painoa ei en\u00e4\u00e4 k\u00e4yt\u00e4nn\u00f6ss\u00e4 tunne lainkaan!<\/strong><\/p>\n<p>Uutta V2-versiota kehitett\u00e4ess\u00e4 on keskitytty erityisesti k\u00e4ytt\u00e4j\u00e4palautteeseen, ja liivi\u00e4 on kehitetty entisest\u00e4\u00e4n palautteen perusteella. Suurimmat uudistukset liiviss\u00e4 liittyv\u00e4t liivin istuvuuteen k\u00e4ytt\u00e4j\u00e4n p\u00e4\u00e4ll\u00e4, sek\u00e4 akun entist\u00e4kin tukevampaan kiinnitykseen. Aiempaan verrattuna alaosan kiinnitysvy\u00f6 on leve\u00e4mpi ja tukevampi, sek\u00e4 sen s\u00e4\u00e4t\u00f6varaa on kasvatettu, joten liivi sopii aiempaa pienemmille ja suuremmille k\u00e4ytt\u00e4jille. Akun kiinnitykseen on kiinnitetty erityist\u00e4 huomiota, ja mm. uudenlainen tukilevy sek\u00e4 akun kiinnitysremmi tukevoittavat liivin rakennetta, est\u00e4v\u00e4t akun heilumisen sel\u00e4ss\u00e4 sek\u00e4 ehk\u00e4isev\u00e4t hiertymi\u00e4.<\/p>\n<p>Liivi soveltuu erinomaisesti my\u00f6s kaikenlaiseen ty\u00f6k\u00e4ytt\u00f6\u00f6n, jossa valaisinta k\u00e4ytet\u00e4\u00e4n pidempi\u00e4 aikoja. Itse liiviss\u00e4 on erinomaiset s\u00e4\u00e4t\u00f6mahdollisuudet &#8211; se sopii yht\u00e4 hyvin isokokoiselle miehelle kuin hentorakenteiselle naisellekin. Vain 169 grammaa painavan akkuliivin materiaali on joustavaa, kevytt\u00e4 ja kest\u00e4v\u00e4\u00e4 etyleenivinyyliasetaattia, joka asettuu kiristettyn\u00e4 t\u00e4ydellisesti vartalon my\u00f6t\u00e4isesti. Akun ja liivin muotoilu tuovat painopisteen eritt\u00e4in l\u00e4helle selk\u00e4\u00e4. Liivi voidaan pukea joko puseron p\u00e4\u00e4lle tai suoraan ihoa vasten. <strong>Takuu 12 kk!<\/strong><\/p>\n<p>&nbsp;<\/p>\n<h2>Features<\/h2>\n<p>&nbsp;<\/p>\n<ul>\n<li>Mik\u00e4: Akkuliivi Lumonite Slimvest 2<\/li>\n<li>Yhteensopiva kaikkien Lumonite Slimcore-sarjan akkujen kanssa<\/li>\n<li>Tukeva Slimholder-pikakiinnike<\/li>\n<li>Akku on eritt\u00e4in helppo irroittaa ja asentaa liiviin<\/li>\n<li>S\u00e4\u00e4dett\u00e4v\u00e4 koko sopii kaikille<\/li>\n<li>Paino: 169 g<\/li>\n<li>Materiaali: etyylivinyyliasetaattia<\/li>\n<li><strong>HUOM!! Ei sovellu Lumonite BX-sarjan akuille<\/strong><\/li>\n<\/ul>","protected":false},"excerpt":{"rendered":"<div id=\"tuotesivu_info1\">T\u00e4rkeimm\u00e4t ominaisuudet:<\/div>\n<p>Kevyt, loistavasti istuva ja tukeva akkuliivi LUMONITE Slimcore-akuille. Suunniteltu suunnistus-, urheilu- ja ty\u00f6k\u00e4ytt\u00f6\u00f6n. Yksi koko sopii kaikille!<\/p>","protected":false},"featured_media":5795,"comment_status":"open","ping_status":"closed","template":"","meta":{"_kadence_starter_templates_imported_post":false,"_kad_post_transparent":"","_kad_post_title":"","_kad_post_layout":"","_kad_post_sidebar_id":"","_kad_post_content_style":"","_kad_post_vertical_padding":"","_kad_post_feature":"","_kad_post_feature_position":"","_kad_post_header":false,"_kad_post_footer":false,"_kad_post_classname":""},"product_brand":[],"product_cat":[1568,1565],"product_tag":[1279,495,1280,1278],"class_list":{"0":"post-5796","1":"product","2":"type-product","3":"status-publish","4":"has-post-thumbnail","6":"product_cat-akut-ja-paristot","7":"product_cat-lumonite","8":"product_tag-akkuliivi","9":"product_tag-lumonite","10":"product_tag-navigator-2","11":"product_tag-slimcore","13":"first","14":"onbackorder","15":"taxable","16":"shipping-taxable","17":"purchasable","18":"product-type-simple","19":"entry","20":"content-bg","21":"loop-entry"},"_links":{"self":[{"href":"https:\/\/kivenalla.fi\/en\/wp-json\/wp\/v2\/product\/5796","targetHints":{"allow":["GET"]}}],"collection":[{"href":"https:\/\/kivenalla.fi\/en\/wp-json\/wp\/v2\/product"}],"about":[{"href":"https:\/\/kivenalla.fi\/en\/wp-json\/wp\/v2\/types\/product"}],"replies":[{"embeddable":true,"href":"https:\/\/kivenalla.fi\/en\/wp-json\/wp\/v2\/comments?post=5796"}],"wp:featuredmedia":[{"embeddable":true,"href":"https:\/\/kivenalla.fi\/en\/wp-json\/wp\/v2\/media\/5795"}],"wp:attachment":[{"href":"https:\/\/kivenalla.fi\/en\/wp-json\/wp\/v2\/media?parent=5796"}],"wp:term":[{"taxonomy":"product_brand","embeddable":true,"href":"https:\/\/kivenalla.fi\/en\/wp-json\/wp\/v2\/product_brand?post=5796"},{"taxonomy":"product_cat","embeddable":true,"href":"https:\/\/kivenalla.fi\/en\/wp-json\/wp\/v2\/product_cat?post=5796"},{"taxonomy":"product_tag","embeddable":true,"href":"https:\/\/kivenalla.fi\/en\/wp-json\/wp\/v2\/product_tag?post=5796"}],"curies":[{"name":"wp","href":"https:\/\/api.w.org\/{rel}","templated":true}]}}