{"id":5804,"date":"2023-12-01T14:49:55","date_gmt":"2023-12-01T12:49:55","guid":{"rendered":"https:\/\/kivenalla.fi\/tuote\/geokatkoilijan-raaputuskartta\/"},"modified":"2026-04-06T10:58:14","modified_gmt":"2026-04-06T07:58:14","slug":"geokatkoilijan-raaputuskartta","status":"publish","type":"product","link":"https:\/\/kivenalla.fi\/en\/product\/geokatkoilijan-raaputuskartta\/","title":{"rendered":"Geocacher\u2019s Scratch Map (Finland)"},"content":{"rendered":"<h1 class=\"wp-block-heading\">Geocacher\u2019s Scratch Map (Finland)<\/h1>\n\n\n\n<p>Yksi geok\u00e4tk\u00f6ilij\u00f6iden suosituimmista tilastoista on ollut kuntakartan ns. vihert\u00e4minen, jossa tarkoituksena on l\u00f6yt\u00e4\u00e4 k\u00e4tk\u00f6 jokaisesta Suomen kunnasta. Toiset ovat tehneet tavoitteesta viel\u00e4 spefisemp\u00e4\u00e4, kun tavoite on ollut l\u00f6yt\u00e4\u00e4 kaikki kunnat esim. mysteeri- tai multik\u00e4tk\u00f6ill\u00e4. Osa yritt\u00e4\u00e4 etsi\u00e4 jokaisesta kunnasta kirkkok\u00e4tk\u00f6n tai 0 km -k\u00e4tk\u00f6n. Vaihtoehtoja kuntakartan v\u00e4ritykseen on useita.<\/p>\n\n\n\n<p>Ylpe\u00e4n\u00e4 haluamme esitell\u00e4 Geok\u00e4tk\u00f6ilij\u00e4n raaputuskartan, josta p\u00e4\u00e4set ihan fyysisesti raaputtamaan kunnan vihre\u00e4ksi. Raaputuskartalla n\u00e4kyy kaikki Suomen kunnat kuntarajoineen, t\u00e4m\u00e4n lis\u00e4ksi julisteessa on kunnat ja kuntanumerot listattuna oikeassa laidassa. Kunnan kohdalla raaputuskartta on siis kuntanumero ja kun raaputat kunnan vihre\u00e4ksi on kunnan kolme ensimm\u00e4ist\u00e4 kirjainta n\u00e4kyviss\u00e4 kunnan sis\u00e4ll\u00e4 (kts. tuotekuvat). T\u00e4m\u00e4n lis\u00e4ksi julisteessa on kohta nimimerkille ja tavoitteelle. K\u00e4tk\u00f6ilyperheess\u00e4 voi vaikka jokaisella olla oma kartta ja omat tavoitteet. Itse kauppias raaputtaa karttaa vihre\u00e4ksi mysteerikunnista.<\/p>\n\n\n\n<p>Kartan kuntajako perustuu vuoden 2024 kuntajakoon.<\/p>\n\n\n\n<p>Karttajulisteen koko on 42 x 60 cm (A2). Painatus on tehty 200 g paperille, jossa kiilt\u00e4v\u00e4 laminointi p\u00e4\u00e4ll\u00e4. Kartta postitetaan kest\u00e4v\u00e4ss\u00e4 postitusputkessa.<\/p>\n\n\n\n<p><strong>Geok\u00e4tk\u00f6ilij\u00e4n raaputuskartta on mit\u00e4 mainion lahja geok\u00e4tk\u00f6ilij\u00e4lle!<\/strong> <strong>Huom! Kaksi karttaa yhteishintaan 30 \u20ac.<\/strong><\/p>\n\n\n\n<p><a data-link-type=\"external\" href=\"https:\/\/www.youtube.com\/shorts\/NTeIcGCZrHY\" data-type=\"linkpicker\">Kts. raaputusvideo!<\/a><\/p>","protected":false},"excerpt":{"rendered":"<p>Geok\u00e4tk\u00f6ilij\u00e4n raaputuskartta, josta voit raaputtaa kunnat vihre\u00e4ksi!<\/p>","protected":false},"featured_media":5803,"comment_status":"open","ping_status":"closed","template":"","meta":{"_kadence_starter_templates_imported_post":false,"_kad_post_transparent":"","_kad_post_title":"","_kad_post_layout":"","_kad_post_sidebar_id":"","_kad_post_content_style":"","_kad_post_vertical_padding":"","_kad_post_feature":"","_kad_post_feature_position":"","_kad_post_header":false,"_kad_post_footer":false,"_kad_post_classname":""},"product_brand":[],"product_cat":[1655,1662,1536],"product_tag":[1284,1285,1283,1286],"class_list":{"0":"post-5804","1":"product","2":"type-product","3":"status-publish","4":"has-post-thumbnail","6":"product_cat-ale30","7":"product_cat-joulu","8":"product_cat-muut-geokatkoilytuotteet","9":"product_tag-katkokartta","10":"product_tag-kuntakartta","11":"product_tag-raaputuskartta","12":"product_tag-tilastot","14":"first","15":"instock","16":"taxable","17":"shipping-taxable","18":"purchasable","19":"product-type-simple","20":"entry","21":"content-bg","22":"loop-entry"},"_links":{"self":[{"href":"https:\/\/kivenalla.fi\/en\/wp-json\/wp\/v2\/product\/5804","targetHints":{"allow":["GET"]}}],"collection":[{"href":"https:\/\/kivenalla.fi\/en\/wp-json\/wp\/v2\/product"}],"about":[{"href":"https:\/\/kivenalla.fi\/en\/wp-json\/wp\/v2\/types\/product"}],"replies":[{"embeddable":true,"href":"https:\/\/kivenalla.fi\/en\/wp-json\/wp\/v2\/comments?post=5804"}],"wp:featuredmedia":[{"embeddable":true,"href":"https:\/\/kivenalla.fi\/en\/wp-json\/wp\/v2\/media\/5803"}],"wp:attachment":[{"href":"https:\/\/kivenalla.fi\/en\/wp-json\/wp\/v2\/media?parent=5804"}],"wp:term":[{"taxonomy":"product_brand","embeddable":true,"href":"https:\/\/kivenalla.fi\/en\/wp-json\/wp\/v2\/product_brand?post=5804"},{"taxonomy":"product_cat","embeddable":true,"href":"https:\/\/kivenalla.fi\/en\/wp-json\/wp\/v2\/product_cat?post=5804"},{"taxonomy":"product_tag","embeddable":true,"href":"https:\/\/kivenalla.fi\/en\/wp-json\/wp\/v2\/product_tag?post=5804"}],"curies":[{"name":"wp","href":"https:\/\/api.w.org\/{rel}","templated":true}]}}