{"id":5810,"date":"2023-12-01T14:49:58","date_gmt":"2023-12-01T12:49:58","guid":{"rendered":"https:\/\/kivenalla.fi\/tuote\/fenix-hm70r-otsalamppu\/"},"modified":"2024-08-01T12:43:36","modified_gmt":"2024-08-01T09:43:36","slug":"fenix-hm70r-otsalamppu","status":"publish","type":"product","link":"https:\/\/kivenalla.fi\/en\/product\/fenix-hm70r-otsalamppu\/","title":{"rendered":"Fenix HM70R -otsalamppu"},"content":{"rendered":"<div class=\"grid-col grid-col-content-bottom-1-1\">\n<div class=\"grid-items\">\n<div class=\"grid-item grid-item-content-bottom-1-1-1\">\n<div class=\"module module-blocks module-blocks-334 blocks-grid\">\n<div class=\"module-body\">\n<div class=\"module-item module-item-1\">\n<div class=\"block-body expand-block\">\n<div class=\"block-wrapper\">\n<div class=\"block-content  block-description\">\n<h3>Tyrm\u00e4\u00e4v\u00e4 valoteho ja extrapitk\u00e4 k\u00e4ytt\u00f6aika<\/h3>\n<p>Fenix HM70R otsalamppu tarjoaa ly\u00f6m\u00e4tt\u00f6m\u00e4n yhdistelm\u00e4n tyrm\u00e4\u00e4v\u00e4\u00e4 tehoa ja pitk\u00e4\u00e4 k\u00e4ytt\u00f6aikaa. HM70R tuottaa jopa 1600 lumenin maksimivalovirran ja jopa 100 tunnin yht\u00e4mittaisen k\u00e4ytt\u00f6ajan (pienin teho). HM70R virtal\u00e4hten\u00e4 k\u00e4ytet\u00e4\u00e4n suurikapasiteettista 5000 mAh 21700 tyypin Li-ion akkua, joka antaa per\u00e4ti +50 % pidemm\u00e4n k\u00e4ytt\u00f6ajan ja 30% enemm\u00e4n valoa verrattuna 18650 Li-ion akulla toimiviin otsalamppuihin. Fenix HM70R lampussa on monivaloj\u00e4rjestelm\u00e4, josta l\u00f6yd\u00e4t valaisun kaikkiin tarpeisiin sis\u00e4lt\u00e4en kauaksi kantavan yhdistelm\u00e4valon, laajasti l\u00e4hialueen valaisevan l\u00e4hivalon ja pime\u00e4n\u00e4\u00f6n ja huomiok\u00e4ytt\u00f6\u00f6n tarkoitetun punavalon. T\u00e4m\u00e4n lampun kanssa ei tarvitse r\u00e4pelt\u00e4\u00e4, kaikki toimintoja k\u00e4ytet\u00e4\u00e4n helposti valaisimen p\u00e4\u00e4dyss\u00e4 sijaitsevasta suurikokoisesta painonappikytkimest\u00e4. Suurikokoinen k\u00e4ytt\u00f6kytkin mahdollistaa lampun vaivattoman k\u00e4yt\u00f6n my\u00f6s paksummat hansikkaat k\u00e4dess\u00e4. HM70R:ss\u00e4 on luokkansa nopein 2A USB-C -latausliitin joka lataa lampun suurikapasiteettisen akun huippunopeasti.<\/p>\n<h3>Luokkansa paras valaisu<\/h3>\n<p>HM70R:ss\u00e4 on erilliset kohdevalo-, l\u00e4hivalo-, ja punavalo toiminnot, joita k\u00e4ytet\u00e4\u00e4n valaisimen p\u00e4\u00e4dyss\u00e4 sijaitsevasta kookkaasta painonapista. Lampun yhdistelm\u00e4-\/kohdevalo tuottaa max. 1600 lumenin valovirran ja kantaa max. 186 metri\u00e4. T\u00e4m\u00e4 valaisu sopii erinomaisesti kaukana sijaitsevien kohteiden laajaan valaisuun. HM70R:n l\u00e4hivalo on eritt\u00e4in laaja ja siin\u00e4 on erinomainen v\u00e4rej\u00e4 toistava luonnonvalkoinen LED-polttimo. L\u00e4hivalo sopii erinomaisesti tarkkuutta vaativiaan l\u00e4hity\u00f6skentelyyn t\u00f6iss\u00e4 ja vapaa-aikana. HM70R:ss\u00e4 on lis\u00e4ksi kaksi punavaloa, jotka tarjoavat s\u00e4ilytt\u00e4v\u00e4t h\u00e4m\u00e4r\u00e4n\u00e4k\u00f6kyvyn tai toimivat huomiovalona. Retkik\u00e4yt\u00f6ss\u00e4 k\u00e4ytett\u00e4ess\u00e4 esim. telttavalona punavalon ehdottomana etuna on sen kyky olla houkuttelematta hy\u00f6nteisi\u00e4 valon ymp\u00e4rille.<\/p>\n<h3>Pitk\u00e4 k\u00e4ytt\u00f6aika<\/h3>\n<p>HM70R otsalampussa on suurin 5000 mAh 21700 Li-ion 3,7 V ladattava-akku joka tarjoaa +50% pidemm\u00e4t k\u00e4ytt\u00f6ajat ja +30% tehokkaamman valaisun verrattuna 18650 Li-ion akkuun. HM70R otsalampussa riitt\u00e4\u00e4 virtaa ja k\u00e4ytt\u00f6aikaa jopa 100 tunnin yht\u00e4mittaiseen k\u00e4ytt\u00f6\u00f6n 30 lm eko-k\u00e4ytt\u00f6teholla. Suurikapasiteettinen akkukenno mahdollistaa pitk\u00e4t k\u00e4ytt\u00f6ajat kaikilla tehotiloilla.&nbsp;<\/p>\n<h3>Luokkansa nopein 2A USB-C -lataus<\/h3>\n<p>Er\u00e4s otsalampun t\u00e4rke\u00e4 valintakriteeri on se, kuinka nopeasti se saadaan k\u00e4ytt\u00f6kuntoon. HM70R latautuu todella nopeasti k\u00e4ytt\u00f6kuntoon. Nopea USB tyypin C-lataus (sama latausliitin kuin useimmissa puhelimissa) lataa lampun 2A latausvirralla tyhj\u00e4st\u00e4 t\u00e4yteen vain nelj\u00e4ss\u00e4 tunnissa! Latauksen aikana otsalamppua voidaan lis\u00e4ksi k\u00e4ytt\u00e4\u00e4 sen keskitehotilassa. Lampun j\u00e4ljell\u00e4 olevan kapasiteetin voit tarkastaa painamalla lyhyesti lampun p\u00e4\u00e4ss\u00e4 sijaitsevasta painonapista, jonka LED-merkkivalo n\u00e4ytt\u00e4\u00e4 j\u00e4ljell\u00e4 olevan akun varaustilan.<\/p>\n<h3>Luotettava kumppani kovassakin k\u00e4yt\u00f6ss\u00e4<\/h3>\n<p>HM70R lamppu ei n\u00e4yt\u00e4 ainoastaan hyv\u00e4lt\u00e4 Premium-luokan otsalampulta vaan se on my\u00f6s eritt\u00e4in kest\u00e4v\u00e4 ja miellytt\u00e4v\u00e4 k\u00e4ytt\u00e4\u00e4. Lamppu on valmistettu kest\u00e4v\u00e4st\u00e4 kova-anodisoidusta lentokonealumiinista. Otsalamppu on my\u00f6s helppo s\u00e4\u00e4t\u00e4\u00e4 haluttuun kulmaan sill\u00e4 sen valaisinosa k\u00e4\u00e4ntyy 180-astetta. T\u00e4m\u00e4n lampun kanssa ei tarvitse turhaa r\u00e4pelt\u00e4\u00e4 sill\u00e4 sen kaikki toiminnot ovat vaivatta k\u00e4ytett\u00e4viss\u00e4 lampun p\u00e4\u00e4dyss\u00e4 sijaitsevasta suurikokoisesta painonappikytkimest\u00e4. Kuljetuksen aikana lampun k\u00e4ytt\u00f6tilat voidaan my\u00f6s lukita, jolloin lamppu ei syty tahattomasti. HM70R on t\u00e4ysin IP68 vesi- ja p\u00f6lytiivis joten se ei h\u00e4tk\u00e4hd\u00e4 edes vaativimpia k\u00e4ytt\u00f6olosuhteita.<\/p>\n<h3>Ei kalliita erikoisakkuja<\/h3>\n<p>HM70R toimii yhdell\u00e4 tavanomaisella 21700 Li-ion akkuparistolla. Lamppu toimitetaan tehokkaalla 5000 mAh 21700 Fenix ARB-L21 akkuparistolla. Fenix ARB-L21-5000 akku on turvallinen Li-ion ladattava-akku jonka suojauspiirien lis\u00e4ksi akkua suojataan ter\u00e4ssylinterisuojalla ulkopuolisilta kolhuilta ja iskuilta.<\/p>\n<h3>Product Information<\/h3>\n<ul>\n<li>Ultrakirkas max. 1600 lumenin yhteisvaloteho.<\/li>\n<li>Kohdevalo: Luminus SST40 valkoinen LED, l\u00e4hivalo: XP-G2 HE neutraali valkoinen LED, l\u00e4hivalo: kaksi 2835 punaisen valon LEDi\u00e4.<\/li>\n<li>Kolmoisvaloj\u00e4rjestelm\u00e4 mahdollistaa laajan tai pitk\u00e4lle kantavan valokeilan sek\u00e4 erillisen punavalo-toiminnon<\/li>\n<li>Supernopea USB tyypin C-lataus (5V 2A).<\/li>\n<li>Suurikapasiteettinen 5000 mAh ladattava akku antaa 50 % enemm\u00e4n k\u00e4ytt\u00f6aikaa ja 30 % enemm\u00e4n valotehoa verrattuna 18650 Li-ion akkuun.<\/li>\n<li>AIR-otsapanta -30 % tavanomaista otsapantaa kevyempi ja jopa 50 % kest\u00e4v\u00e4mpi.<\/li>\n<li>J\u00e4ljell\u00e4 olevan akkukapasiteetin n\u00e4ytt\u00f6toiminto: vihre\u00e4 valo: 100-85 %, vilkkuva vihre\u00e4 valo: 85-50 %, punainen valo: 50-25 %, vilkkuva punainen: 25-1 %.<\/li>\n<li>Kest\u00e4v\u00e4 ja kevyt lentokone alumiininen runko.<\/li>\n<li>Irrotettava ilmastoitu AIR-nauhasto jossa painetut heijastimet.<\/li>\n<li>Voidaan liitt\u00e4\u00e4 kaikkiin kyp\u00e4riin erillisell\u00e4 ALG-03 v2.0 kyp\u00e4r\u00e4kiinnikkeell\u00e4 ilman otsanauhaston likaantumista ja rispaantumista.<\/li>\n<li>Kovakarkaistu, heijastamaton lasilinssi kohdevalossa, PC linssi l\u00e4hi- ja punavalossa<\/li>\n<li>V\u00e4ri: harmaa-\/oranssipanta + heijastavat logo.<\/li>\n<li>Pakkaus sis\u00e4lt\u00e4\u00e4: HM70R otsalamppu, p\u00e4\u00e4- ja otsapanta, Fenix ARB-L21-5000 mAh ladattava akku, USB C-latausjohto, otsapannan solki, vaihdettava O-rengastiiviste, k\u00e4ytt\u00f6ohje.<\/li>\n<\/ul>\n<p>Fenix-tuotemerkki takaa aina huippulaadun, HM70R on IP68 p\u00f6ly- ja vesitiivis. Kaikki Fenix valaisimet on testattu omassa laboratoriossa amerikkalaisen ANSI\/FL1 standardin mukaisesti. HM70R otsavalaisimella on viiden (5) vuoden (paristo 1 vuosi) Fenix laatutakuu.<\/p>\n<p>&nbsp;<\/p>\n<div class=\"grid-item grid-item-content-bottom-1-2-1\">\n<div class=\"module module-blocks module-blocks-335 blocks-grid\">\n<div class=\"module-body\">\n<div class=\"module-item module-item-1\">\n<div class=\"block-body expand-block\">\n<h3 class=\"title module-title block-title\">Technical details<\/h3>\n<div class=\"block-wrapper\">\n<div class=\"block-content  block-attributes\">\n<div id=\"tab-specification\">\n<div class=\"table-responsive\">\n<table class=\"table table-bordered\">\n<tbody>\n<tr>\n<td>Valoteho (max):<\/td>\n<td>1600 lumenia<\/td>\n<\/tr>\n<tr>\n<td>K\u00e4ytt\u00f6aika (max):<\/td>\n<td>100 h<\/td>\n<\/tr>\n<tr>\n<td>Kantomatka (max):<\/td>\n<td>183 metri\u00e4<\/td>\n<\/tr>\n<tr>\n<td>Valovoima (max):<\/td>\n<td>8667 kandela<\/td>\n<\/tr>\n<tr>\n<td>Iskunkesto:<\/td>\n<td>2 metri\u00e4<\/td>\n<\/tr>\n<tr>\n<td>Vesitiiviys:<\/td>\n<td>IP68 (t\u00e4ysin p\u00f6ly- ja vesitiivis)<\/td>\n<\/tr>\n<tr>\n<td>K\u00e4ytt\u00f6tilat:<\/td>\n<td>8 kpl<\/td>\n<\/tr>\n<tr>\n<td>K\u00e4ytt\u00f6tila turbo:<\/td>\n<td>1600 lm<br \/>\n\t\t\t2 h*<br \/>\n\t\t\t186 m<br \/>\n\t\t\t8667 cd<\/td>\n<\/tr>\n<tr>\n<td>K\u00e4ytt\u00f6tila korkea:<\/td>\n<td>500 lm<br \/>\n\t\t\t6 h<br \/>\n\t\t\t105 m<br \/>\n\t\t\t2752 cd<\/td>\n<\/tr>\n<tr>\n<td>K\u00e4ytt\u00f6tila keski:<\/td>\n<td>150 lm<br \/>\n\t\t\t30 h<br \/>\n\t\t\t53 m<br \/>\n\t\t\t690 cd<\/td>\n<\/tr>\n<tr>\n<td>K\u00e4ytt\u00f6tila eko:<\/td>\n<td>30 lm<br \/>\n\t\t\t100 h<br \/>\n\t\t\t26 m<br \/>\n\t\t\t170 cd<\/td>\n<\/tr>\n<tr>\n<td>L\u00e4hivalo: korkea:<\/td>\n<td>400 lm<br \/>\n\t\t\t8 h<br \/>\n\t\t\t38 m<br \/>\n\t\t\t352 cd<\/td>\n<\/tr>\n<tr>\n<td>L\u00e4hivalo: keski:<\/td>\n<td>70 lm<br \/>\n\t\t\t48 h<br \/>\n\t\t\t16 m<br \/>\n\t\t\t68 cd<\/td>\n<\/tr>\n<tr>\n<td>LED-tyyppi:<\/td>\n<td>Luminus SST40 valkoinen LED, XP-G2 HE neutraali valkoinen LED ja kaksi 2835 punaisen valon LEDi\u00e4.<\/td>\n<\/tr>\n<tr>\n<td>Size:<\/td>\n<td>94,5 x 51 x 46 mm<\/td>\n<\/tr>\n<tr>\n<td>Paino:<\/td>\n<td>206 g (pariston ja otsapannan kanssa)<\/td>\n<\/tr>\n<tr>\n<td>Virtal\u00e4hde:<\/td>\n<td>1&#215;21700 (sis\u00e4ltyy) \/ 1&#215;18650 (vaatii ALF-18 paristosovittimen, akku ja sovitin myyd\u00e4\u00e4n erikseen)<\/td>\n<\/tr>\n<tr>\n<td>Lataustapa:<\/td>\n<td>USB-C<\/td>\n<\/tr>\n<tr>\n<td>Hyv\u00e4ksynn\u00e4t:<\/td>\n<td>ANSI\/NEMA FL-1, ROHS, CE<\/td>\n<\/tr>\n<tr>\n<td>Takuu:<\/td>\n<td>5-vuotta<\/td>\n<\/tr>\n<tr>\n<td>Toimitussis\u00e4lt\u00f6:<\/td>\n<td>HM70R otsalamppu, p\u00e4\u00e4- ja otsapanta, Fenix ARB-L21-5000 mAh ladattava akku, USB C-latausjohto, otsapannan solki , vaihdettava O-rengastiiviste, k\u00e4ytt\u00f6ohje.<\/td>\n<\/tr>\n<\/tbody>\n<\/table>\n<\/div>\n<\/div>\n<\/div>\n<div class=\"block-footer\">&nbsp;<\/div>\n<div class=\"block-footer\">* Turbo-tehotilan k\u00e4ytt\u00f6aika on valaisimen yht\u00e4mittainen k\u00e4ytt\u00f6aika valoteholla 100 &#8211; 10 %. Tekniset suoritusarvot on mitattuANSI\/PLATO FL1 -k\u00e4sivalaisinstandardin mukaisesti.<\/div>\n<\/div>\n<\/div>\n<\/div>\n<\/div>\n<\/div>\n<\/div>\n<\/div>\n<\/div>\n<\/div>\n<\/div>\n<\/div>\n<\/div>\n<\/div>\n<\/div>\n<\/div>","protected":false},"excerpt":{"rendered":"<h3>Tyrm\u00e4\u00e4v\u00e4 valoteho ja extrapitk\u00e4 k\u00e4ytt\u00f6aika<\/h3>","protected":false},"featured_media":5809,"comment_status":"open","ping_status":"closed","template":"","meta":{"_kadence_starter_templates_imported_post":false,"_kad_post_transparent":"","_kad_post_title":"","_kad_post_layout":"","_kad_post_sidebar_id":"","_kad_post_content_style":"","_kad_post_vertical_padding":"","_kad_post_feature":"","_kad_post_feature_position":"","_kad_post_header":false,"_kad_post_footer":false,"_kad_post_classname":""},"product_brand":[],"product_cat":[1564,16],"product_tag":[935,32,1291,267],"class_list":{"0":"post-5810","1":"product","2":"type-product","3":"status-publish","4":"has-post-thumbnail","6":"product_cat-fenix","7":"product_cat-yleinen","8":"product_tag-5000mah","9":"product_tag-fenix","10":"product_tag-hm70r","11":"product_tag-otsalamppu","13":"first","14":"onbackorder","15":"taxable","16":"shipping-taxable","17":"purchasable","18":"product-type-simple","19":"entry","20":"content-bg","21":"loop-entry"},"_links":{"self":[{"href":"https:\/\/kivenalla.fi\/en\/wp-json\/wp\/v2\/product\/5810","targetHints":{"allow":["GET"]}}],"collection":[{"href":"https:\/\/kivenalla.fi\/en\/wp-json\/wp\/v2\/product"}],"about":[{"href":"https:\/\/kivenalla.fi\/en\/wp-json\/wp\/v2\/types\/product"}],"replies":[{"embeddable":true,"href":"https:\/\/kivenalla.fi\/en\/wp-json\/wp\/v2\/comments?post=5810"}],"wp:featuredmedia":[{"embeddable":true,"href":"https:\/\/kivenalla.fi\/en\/wp-json\/wp\/v2\/media\/5809"}],"wp:attachment":[{"href":"https:\/\/kivenalla.fi\/en\/wp-json\/wp\/v2\/media?parent=5810"}],"wp:term":[{"taxonomy":"product_brand","embeddable":true,"href":"https:\/\/kivenalla.fi\/en\/wp-json\/wp\/v2\/product_brand?post=5810"},{"taxonomy":"product_cat","embeddable":true,"href":"https:\/\/kivenalla.fi\/en\/wp-json\/wp\/v2\/product_cat?post=5810"},{"taxonomy":"product_tag","embeddable":true,"href":"https:\/\/kivenalla.fi\/en\/wp-json\/wp\/v2\/product_tag?post=5810"}],"curies":[{"name":"wp","href":"https:\/\/api.w.org\/{rel}","templated":true}]}}