{"id":5820,"date":"2023-12-01T14:50:03","date_gmt":"2023-12-01T12:50:03","guid":{"rendered":"https:\/\/kivenalla.fi\/tuote\/fenix-bc30-v2-0\/"},"modified":"2024-08-01T12:43:15","modified_gmt":"2024-08-01T09:43:15","slug":"fenix-bc30-v2-0","status":"publish","type":"product","link":"https:\/\/kivenalla.fi\/en\/product\/fenix-bc30-v2-0\/","title":{"rendered":"Fenix BC30 V2.0"},"content":{"rendered":"<div class=\"grid-col grid-col-content-bottom-1-1\">\n<div class=\"grid-items\">\n<div class=\"grid-item grid-item-content-bottom-1-1-1\">\n<div class=\"module module-blocks module-blocks-334 blocks-grid\">\n<div class=\"module-body\">\n<div class=\"module-item module-item-1\">\n<div class=\"block-body expand-block\">\n<div class=\"block-wrapper\">\n<div class=\"block-content  block-description\">\n<h3>N\u00e4e ja n\u00e4y kaikkina vuorokauden aikoina, my\u00f6s p\u00e4iv\u00e4ajovalo<\/h3>\n<p>Fenix BC30 V2.0 py\u00f6r\u00e4valaisin asettaa j\u00e4lleen uuden standardin markkinoiden eliittisarjaan kuuluville ajovaloille. BC30 V2.0:lla voit ajaa turvallisesti kaikkina vuorokauden aikoina p\u00e4iv\u00e4nvalosta pime\u00e4ll\u00e4 ajamiseen. Lampun pienint\u00e4 tehoa voidaan k\u00e4ytt\u00e4\u00e4 hy\u00f6dyllisen\u00e4 p\u00e4iv\u00e4ajovalona. Kompakti ja tehokas Fenix BC30 V2.0 tuottaa tehokkaan 2200 lumenin maksimivalovoiman ja 187 metrin kantaman.<\/p>\n<p>Ilman Dual Lens -kaksoiskohdistusoptiikkaa BC30 olisi vain valo. Dual Lens -kaksoiskohdistusoptiikan ansiosta valaisin tuottaa yhdenmukaisen 40% tehokkaammin valaisevan valokuvion joka on kirkkaasti edell\u00e4 kilpailijoitaan.<\/p>\n<h3>40% tehokkaampi Dual Lens-optiikka<\/h3>\n<p>Fenixin palkittu ja patentoima Dual Lens -kaksoiskohdistusoptiikka yhdistettyn\u00e4 kahteen tehokkaaseen SST-40 LED-polttimoon tuottaa yhdenmukaisen jopa 40% tehokkaammin valaisevan valokuvion kilpailijoihin verrattuna. Kaksoiskohdistusoptiikan avulla valo saadaan ohjattua tehokkaimmin juuri sinne miss\u00e4 sit\u00e4 eniten tarvitaan &#8211; samanaikaisesti l\u00e4helle ja kauas ilman, ett\u00e4 valo ohjataan turhaan taivaalle tai vastaantulijoiden silmille. Optiikka on my\u00f6s erinomainen p\u00e4iv\u00e4ajovalona k\u00e4ytettyn\u00e4 sill\u00e4 se ei sokaise tiell\u00e4 liikkujia.<\/p>\n<p>BC30 V2.0 LED-valon s\u00e4vy on my\u00f6s optimoitu s\u00e4ilytt\u00e4m\u00e4\u00e4n kohteen v\u00e4rit l\u00e4hes muuttumattomana ja erottamaan maaston pinnanmuodot entist\u00e4kin yksityiskohtaisemmin kaikkissa s\u00e4\u00e4olosuhteissa.<\/p>\n<h3>P\u00e4iv\u00e4ajovalot<\/h3>\n<p>Fenix BC30 V2.0 -etuvalolla voit luotettavasti ajaa kaikkina vuorokauden aikoina p\u00e4iv\u00e4ajovalosta tehokkaasti valaisevaan pime\u00e4n ajon valoon. Dual Lens -kaksoiskohdistettu optiikka, pitk\u00e4 kantama ja huipputehokas vilkuntakuvio n\u00e4kyv\u00e4t p\u00e4iv\u00e4ll\u00e4 pitk\u00e4n matkan p\u00e4\u00e4h\u00e4n. N\u00e4m\u00e4 kolme t\u00e4rke\u00e4\u00e4 p\u00e4iv\u00e4valon ominaisuutta erottavat Fenix BC30 V2.0 p\u00e4iv\u00e4valon kirkkaasti kilpailijoistaan.<\/p>\n<h3>Langaton et\u00e4kytkin<\/h3>\n<p>BC30 V2.0 ajovaloa voidaan k\u00e4ytt\u00e4\u00e4 mukanatoimitettavalla langattomalla et\u00e4k\u00e4ytt\u00f6kytkimell\u00e4. Kaikki valaisimen kirkaustilat ja Burst-tehotila ovat k\u00e4ytett\u00e4viss\u00e4 et\u00e4kytkimest\u00e4. Et\u00e4kytkin on erityisen k\u00e4tev\u00e4 silloin kun valaisinta k\u00e4ytet\u00e4\u00e4n kyp\u00e4r\u00e4ss\u00e4! Et\u00e4k\u00e4ytt\u00f6kytkimen lis\u00e4ksi valaisinta voidaan k\u00e4ytt\u00e4\u00e4 my\u00f6s rungon p\u00e4\u00e4ll\u00e4 sijaitsevasta painonappikytkimest\u00e4 (Burst-tehotila ei ole k\u00e4yt\u00f6ss\u00e4).<\/p>\n<h3>Optimaalinen valaisukulma<\/h3>\n<p>S\u00e4\u00e4dett\u00e4v\u00e4n ja komposiittisen pikakiinnikkeen ansiosta se on helppo kiinnitt\u00e4\u00e4 tukevasti kaikkien py\u00f6rien ohjaustankoon. Kiinnike mahdollistaa valaisimen suuntaamisen haluttuun valaisukulmaan pysty- ja vaakasuunnassa (30-astetta).<\/p>\n<h3>Vaihdettavat ymp\u00e4rist\u00f6yst\u00e4v\u00e4lliset akut<\/h3>\n<p>Fenix BC30 V2.0 k\u00e4ytt\u00e4\u00e4 kahta ladattavaa 18650 Li-ion akkua (myyd\u00e4\u00e4n erikseen). Sit\u00e4 voidaan tarvittaessa my\u00f6s k\u00e4ytt\u00e4\u00e4 nelj\u00e4ll\u00e4 CR123A-paristolla. Akkukotelo on helppo irrottaa valaisimesta. Valaisimessa on alhaisen paristoj\u00e4nitteen ilmaisin joka muuttaa k\u00e4ytt\u00f6kytkimen painonapin vihre\u00e4st\u00e4 vilkkupunaiseksi ilmoittaen paristojen vaihtamis- tai lataustarpeesta.<\/p>\n<h3>Vaativan harrastajan ajovalo<\/h3>\n<p>Fenix BC30 V2.0 on vaativalle harrastajalle suunniteltu kest\u00e4v\u00e4, ultra-tehokas ja pitk\u00e4n k\u00e4ytt\u00f6ajan tarjoava ajovalo k\u00e4ytett\u00e4v\u00e4ksi kaikkina vuorokauden aikoina p\u00e4iv\u00e4nvalosta pime\u00e4ll\u00e4 ajamiseen. Soveltuu kaupunkipy\u00f6r\u00e4ilyyn, ty\u00f6matkapy\u00f6r\u00e4ilyyn, maantiepy\u00f6r\u00e4ilyyn, maastopy\u00f6r\u00e4ilyyn, Cyclecrossiin.<\/p>\n<h3>Product Information<\/h3>\n<ul>\n<li>A constant current circuit maintains brightness for a longer time.<\/li>\n<li>2 x huipputehokkaita SST-40 LED-polttimoa, hyv\u00e4 v\u00e4rin\u00e4kyvyys ja silm\u00e4lle miellytt\u00e4v\u00e4 valon v\u00e4ris\u00e4vy joka parantaa tarkkuutta, et\u00e4isyytt\u00e4 ja yksityiskohtien erottamista pime\u00e4ss\u00e4.<\/li>\n<li>Suunniteltu n\u00e4kym\u00e4\u00e4n p\u00e4iv\u00e4ll\u00e4 (p\u00e4iv\u00e4ajovalo) ja y\u00f6ll\u00e4 (kaksoiskohdistusoptiikka, vilkkuvalo, kantama).<\/li>\n<li>Dual Lens -kaksoiskohdistusoptiikka valaisee tehokkaasti kaikenlevyiset tiet ja polut.<\/li>\n<li>Burst-turbotila (2200 lm, 30 sek) langattomasta et\u00e4kytkimest\u00e4.<\/li>\n<li>Alhaisen paristoj\u00e4nnitteen ilmaisintoiminto &#8211; virranilmaiseminen v\u00e4ri muuttuu vihre\u00e4, oranssi, punainen ja vilkkupunainen joka ilmoittaa pariston vaihto-\/lataustarpeesta.<\/li>\n<li>Pikalukittava ja -irrotettava s\u00e4\u00e4dett\u00e4v\u00e4 ohjaustankokiinnitin.<\/li>\n<li>30-astetta s\u00e4\u00e4t\u00f6 sivusuunnassa ja vapaasti pystysuunnassa.<\/li>\n<li>Sopii sopii 25,4\u201335,0 mm:n ohjaustankoihin.<\/li>\n<li>Yhteensopiva Fenix ALD-08 py\u00f6r\u00e4ilykyp\u00e4r\u00e4kiinnikkeen kanssa .<\/li>\n<li>Virtal\u00e4hteet ja latauslaite hankittava erikseen. Suosittelemme Fenix ARB-L3500 ladattavia akkujaj a nopeaa Fenix ARE-D2 latauslaitetta.<\/li>\n<li>Pakkaus sis\u00e4lt\u00e4\u00e4 BC30 V2.0 py\u00f6r\u00e4valon, pikalukittavan ohjaustankokiinnittimen, CR1632 pariston (et\u00e4kytkin), langattoman et\u00e4k\u00e4ytt\u00f6kytkimen, kumiset ohjaustankokiinnittimen v\u00e4lilevyt (ohut ja paksu), vaihdettavan O-rengastiivisteen ja k\u00e4ytt\u00f6ohjeen.<\/li>\n<\/ul>\n<p>Fenix-tuotemerkki takaa aina huippulaadun, BC30 V2.0 on IP67 p\u00f6ly- ja roiskevesitiivis. Kaikki Fenix valaisimet on testattu omassa laboratoriossa amerikkalaisen ANSI\/FL1 standardin mukaisesti. BC30 valaisimella on viiden (5) vuoden Fenix laatutakuu.<\/p>\n<div class=\"grid-item grid-item-content-bottom-1-2-1\">\n<div class=\"module module-blocks module-blocks-335 blocks-grid\">\n<div class=\"module-body\">\n<div class=\"module-item module-item-1\">\n<div class=\"block-body expand-block\">\n<h3 class=\"title module-title block-title\">Technical details<\/h3>\n<div class=\"block-wrapper\">\n<div class=\"block-content  block-attributes\">\n<div id=\"tab-specification\">\n<div class=\"table-responsive\">\n<table class=\"table table-bordered\">\n<tbody>\n<tr>\n<td>Maximum brightness (max)<\/td>\n<td>2200 lumenia (Burst)<\/td>\n<\/tr>\n<tr>\n<td>Runtime (max)<\/td>\n<td>50 tuntia (Eko-tila)<\/td>\n<\/tr>\n<tr>\n<td>Beam distance (max)<\/td>\n<td>187 metri\u00e4<\/td>\n<\/tr>\n<tr>\n<td>Impact resistance<\/td>\n<td>1 m<\/td>\n<\/tr>\n<tr>\n<td>Water resistance<\/td>\n<td>IP67<\/td>\n<\/tr>\n<tr>\n<td>Operating modes<\/td>\n<td>5 kpl<\/td>\n<\/tr>\n<tr>\n<td>Burst mode<\/td>\n<td>2200 lumenia\/30 sek<br \/>\n\t\t\t187 metri\u00e4\/8792 kandelaa<\/td>\n<\/tr>\n<tr>\n<td>High mode<\/td>\n<td>1500 lumenia\/2,3 tuntia<br \/>\n\t\t\t155 metri\u00e4\/5913 kandelaa<\/td>\n<\/tr>\n<tr>\n<td>Middle mode<\/td>\n<td>600 lumenia\/6 tuntia<br \/>\n\t\t\t96 metri\u00e4\/2320 kandelaa<\/td>\n<\/tr>\n<tr>\n<td>Low mode<\/td>\n<td>200 lumenia\/16 tuntia<br \/>\n\t\t\t56 metri\u00e4\/780 kandelaa<\/td>\n<\/tr>\n<tr>\n<td>Eco mode<\/td>\n<td>50 lumenia\/50 tuntia<br \/>\n\t\t\t28 metri\u00e4\/196 kandelaa<\/td>\n<\/tr>\n<tr>\n<td>Vilkkuvalo<\/td>\n<td>600\/50 lumenia<\/td>\n<\/tr>\n<tr>\n<td>LED type<\/td>\n<td>LUMINUS SST-40-N5 LED<\/td>\n<\/tr>\n<tr>\n<td>Size<\/td>\n<td>120 x 50 x 31,8 mm<\/td>\n<\/tr>\n<tr>\n<td>Weight<\/td>\n<td>154 g (ilman paristoa)<\/td>\n<\/tr>\n<tr>\n<td>Power source<\/td>\n<td>2&#215;18650\/4xCR123A<\/td>\n<\/tr>\n<tr>\n<td>Charging method<\/td>\n<td>MicroUSB<\/td>\n<\/tr>\n<tr>\n<td>Certifications<\/td>\n<td>ANSI\/NEMA FL-1, ROHS, CE<\/td>\n<\/tr>\n<tr>\n<td>Warranty<\/td>\n<td>5-vuotta<\/td>\n<\/tr>\n<tr>\n<td>Package contents<\/td>\n<td>BC30 V2.0 py\u00f6r\u00e4lamppu x 1, pikalukittava\/-irroitettava ohjaustankokiinnitin x 1, CR1632 paristo et\u00e4kytkimeen x 1, ohjaustankokiinnittimen kumiset tiiviste\/v\u00e4lilevyt (ohut ja paksu) x 1, langaton et\u00e4k\u00e4ytt\u00f6kytkin x 1, vaihdettavat O-rengastiiviste x 1, k\u00e4ytt\u00f6ohje.<\/td>\n<\/tr>\n<tr>\n<td>K\u00e4ytt\u00f6ohje<\/td>\n<td><a href=\"https:\/\/www.fenixvalaisimet.fi\/kayttoohjeet#BC30V2\">K\u00e4ytt\u00f6ohje (suomi)<\/a><\/td>\n<\/tr>\n<\/tbody>\n<\/table>\n<\/div>\n<\/div>\n<\/div>\n<div class=\"block-footer\">* Turbo-tehotilan k\u00e4ytt\u00f6aika on valaisimen yht\u00e4mittainen k\u00e4ytt\u00f6aika valoteholla 100 &#8211; 10 %.<br \/>\nTekniset suoritusarvot on mitattu ANSI\/PLATO FL1 -k\u00e4sivalaisinstandardin mukaisesti.<\/div>\n<\/div>\n<\/div>\n<\/div>\n<\/div>\n<\/div>\n<\/div>\n<\/div>\n<\/div>\n<\/div>\n<\/div>\n<\/div>\n<\/div>\n<\/div>\n<\/div>\n<\/div>","protected":false},"excerpt":{"rendered":"<p>Fenix BC30 V2.0 py\u00f6r\u00e4valaisin asettaa j\u00e4lleen uuden standardin markkinoiden eliittisarjaan kuuluville ajovaloille.<\/p>","protected":false},"featured_media":5819,"comment_status":"open","ping_status":"closed","template":"","meta":{"_kadence_starter_templates_imported_post":false,"_kad_post_transparent":"","_kad_post_title":"","_kad_post_layout":"","_kad_post_sidebar_id":"","_kad_post_content_style":"","_kad_post_vertical_padding":"","_kad_post_feature":"","_kad_post_feature_position":"","_kad_post_header":false,"_kad_post_footer":false,"_kad_post_classname":""},"product_brand":[],"product_cat":[1564],"product_tag":[263,32,59,265],"class_list":{"0":"post-5820","1":"product","2":"type-product","3":"status-publish","4":"has-post-thumbnail","6":"product_cat-fenix","7":"product_tag-bc30","8":"product_tag-fenix","9":"product_tag-polkupyora","10":"product_tag-pyoralamppu","12":"first","13":"onbackorder","14":"taxable","15":"shipping-taxable","16":"purchasable","17":"product-type-simple","18":"entry","19":"content-bg","20":"loop-entry"},"_links":{"self":[{"href":"https:\/\/kivenalla.fi\/en\/wp-json\/wp\/v2\/product\/5820","targetHints":{"allow":["GET"]}}],"collection":[{"href":"https:\/\/kivenalla.fi\/en\/wp-json\/wp\/v2\/product"}],"about":[{"href":"https:\/\/kivenalla.fi\/en\/wp-json\/wp\/v2\/types\/product"}],"replies":[{"embeddable":true,"href":"https:\/\/kivenalla.fi\/en\/wp-json\/wp\/v2\/comments?post=5820"}],"wp:featuredmedia":[{"embeddable":true,"href":"https:\/\/kivenalla.fi\/en\/wp-json\/wp\/v2\/media\/5819"}],"wp:attachment":[{"href":"https:\/\/kivenalla.fi\/en\/wp-json\/wp\/v2\/media?parent=5820"}],"wp:term":[{"taxonomy":"product_brand","embeddable":true,"href":"https:\/\/kivenalla.fi\/en\/wp-json\/wp\/v2\/product_brand?post=5820"},{"taxonomy":"product_cat","embeddable":true,"href":"https:\/\/kivenalla.fi\/en\/wp-json\/wp\/v2\/product_cat?post=5820"},{"taxonomy":"product_tag","embeddable":true,"href":"https:\/\/kivenalla.fi\/en\/wp-json\/wp\/v2\/product_tag?post=5820"}],"curies":[{"name":"wp","href":"https:\/\/api.w.org\/{rel}","templated":true}]}}