{"id":5822,"date":"2023-12-01T14:50:04","date_gmt":"2023-12-01T12:50:04","guid":{"rendered":"https:\/\/kivenalla.fi\/tuote\/leatherman-free-p2\/"},"modified":"2025-03-14T12:57:32","modified_gmt":"2025-03-14T10:57:32","slug":"leatherman-free-p2","status":"publish","type":"product","link":"https:\/\/kivenalla.fi\/en\/product\/leatherman-free-p2\/","title":{"rendered":"Leatherman Free P2"},"content":{"rendered":"<div aria-hidden=\"false\" aria-labelledby=\"tab-label-product.info.description\" class=\"data item content\" data-role=\"content\" id=\"product.info.description\" role=\"tabpanel\">\n<div class=\"product attribute description\">\n<div class=\"value\">\n<p>Leatherman Free P2 sis\u00e4lt\u00e4\u00e4 19 ty\u00f6kalua, jotka avautuvat helposti yhdell\u00e4 k\u00e4dell\u00e4 ty\u00f6kalun ulkopuolelta. Magneettinen rakenne pit\u00e4\u00e4 ty\u00f6kalut napakasti paikoillaan, ja mahdollistaa niiden nopean ja vaivattoman k\u00e4ytt\u00e4misen peukalon liikkeell\u00e4. Kahvan muotoilun ansiosta ty\u00f6kalu tuntuu kotoisalta k\u00e4dess\u00e4 ja ote pysyy hyv\u00e4n\u00e4 my\u00f6s hankalammissa olosuhteissa ty\u00f6skennelless\u00e4. Leatherman Free tarjoaa t\u00e4ysin uudenlaisen k\u00e4ytt\u00f6kokemuksen monitoimity\u00f6kalulle. Erinomainen lahjaidea!&nbsp;<\/p>\n<p>P2 -monitoimity\u00f6kalussa on vy\u00f6klipsi ja sen mukana toimitetaan hopeanharmaa nylonkotelo.&nbsp;<\/p>\n<p><strong>Ty\u00f6kalut:&nbsp;<\/strong><\/p>\n<ul>\n<li>K\u00e4rkipihdit<\/li>\n<li>Vaihdettavat sivuleikkurit<\/li>\n<li>Vaijerileikkuri<\/li>\n<li>Veitsi (sile\u00e4 ja sahalaitainen osuus, ter\u00e4n pit. 7 cm )<\/li>\n<li>Sakset<\/li>\n<li>Pullonavaaja<\/li>\n<li>V\u00e4\u00e4nt\u00f6ty\u00f6kalu<\/li>\n<li>Paketinaukaisija<\/li>\n<li>Purkinavaaja<\/li>\n<li>Naskali<\/li>\n<li>Johdonkuorija<\/li>\n<li>25 mm mitta<\/li>\n<li>Puu- ja metalliviila<\/li>\n<li>S\u00e4hk\u00f6liittimen puristin<\/li>\n<li>Phillips screwdriver<\/li>\n<li>3 erikokoista (talttap\u00e4\u00e4)ruuvimeisseli\u00e4<\/li>\n<li>Vy\u00f6klipsi&nbsp;<\/li>\n<\/ul>\n<p>Magneettinen rakenne,&nbsp;<span>ruostumatonta ter\u00e4st\u00e4<\/span><br \/>\nVeitsen pituus noin 7 cm&nbsp;<br \/>\nHopeanharmaa Leatherman Free -nylonkotelo<br \/>\nPaino: 215 g (pakkauksen kanssa 340 g)&nbsp;<br \/>\nKoko suljettuna: 10,8 cm x 3,5 cm x 2,4 cm&nbsp;<br \/>\nPakkaus: Rasia, 13,7 cm x 18 cm x 3,2 cm&nbsp;<\/p>\n<\/div>\n<\/div>\n<\/div>","protected":false},"excerpt":{"rendered":"<p>Leatherman Free P2 sis\u00e4lt\u00e4\u00e4 19 ty\u00f6kalua, jotka avautuvat helposti yhdell\u00e4 k\u00e4dell\u00e4 ty\u00f6kalun ulkopuolelta. Magneettinen rakenne pit\u00e4\u00e4 ty\u00f6kalut napakasti paikoillaan, ja mahdollistaa niiden nopean ja vaivattoman k\u00e4ytt\u00e4misen peukalon liikkeell\u00e4.<\/p>","protected":false},"featured_media":5821,"comment_status":"open","ping_status":"closed","template":"","meta":{"_kadence_starter_templates_imported_post":false,"_kad_post_transparent":"","_kad_post_title":"","_kad_post_layout":"","_kad_post_sidebar_id":"","_kad_post_content_style":"","_kad_post_vertical_padding":"","_kad_post_feature":"","_kad_post_feature_position":"","_kad_post_header":false,"_kad_post_footer":false,"_kad_post_classname":""},"product_brand":[],"product_cat":[1653,1662,1531,16],"product_tag":[1297,416,1296,1152,1298],"class_list":{"0":"post-5822","1":"product","2":"type-product","3":"status-publish","4":"has-post-thumbnail","6":"product_cat-ale10","7":"product_cat-joulu","8":"product_cat-leatherman","9":"product_cat-yleinen","10":"product_tag-free","11":"product_tag-leatherman","12":"product_tag-leatherman-free","13":"product_tag-monitoimityokalu","14":"product_tag-p2","16":"first","17":"onbackorder","18":"taxable","19":"shipping-taxable","20":"purchasable","21":"product-type-simple","22":"entry","23":"content-bg","24":"loop-entry"},"_links":{"self":[{"href":"https:\/\/kivenalla.fi\/en\/wp-json\/wp\/v2\/product\/5822","targetHints":{"allow":["GET"]}}],"collection":[{"href":"https:\/\/kivenalla.fi\/en\/wp-json\/wp\/v2\/product"}],"about":[{"href":"https:\/\/kivenalla.fi\/en\/wp-json\/wp\/v2\/types\/product"}],"replies":[{"embeddable":true,"href":"https:\/\/kivenalla.fi\/en\/wp-json\/wp\/v2\/comments?post=5822"}],"wp:featuredmedia":[{"embeddable":true,"href":"https:\/\/kivenalla.fi\/en\/wp-json\/wp\/v2\/media\/5821"}],"wp:attachment":[{"href":"https:\/\/kivenalla.fi\/en\/wp-json\/wp\/v2\/media?parent=5822"}],"wp:term":[{"taxonomy":"product_brand","embeddable":true,"href":"https:\/\/kivenalla.fi\/en\/wp-json\/wp\/v2\/product_brand?post=5822"},{"taxonomy":"product_cat","embeddable":true,"href":"https:\/\/kivenalla.fi\/en\/wp-json\/wp\/v2\/product_cat?post=5822"},{"taxonomy":"product_tag","embeddable":true,"href":"https:\/\/kivenalla.fi\/en\/wp-json\/wp\/v2\/product_tag?post=5822"}],"curies":[{"name":"wp","href":"https:\/\/api.w.org\/{rel}","templated":true}]}}