{"id":5831,"date":"2023-12-01T14:50:08","date_gmt":"2023-12-01T12:50:08","guid":{"rendered":"https:\/\/kivenalla.fi\/tuote\/milestone-geocoin-and-tag-set-1000-finds\/"},"modified":"2025-05-10T08:23:26","modified_gmt":"2025-05-10T05:23:26","slug":"milestone-geocoin-and-tag-set-1000-finds","status":"publish","type":"product","link":"https:\/\/kivenalla.fi\/en\/product\/milestone-geocoin-and-tag-set-1000-finds\/","title":{"rendered":"Milestone Geocoin and Tag Set &#8211; 1000 Finds"},"content":{"rendered":"<h2>Onneksi olkoon 1000. l\u00f6yd\u00f6st\u00e4si!<\/h2>\n<p><span class=\"menutext\">Check your statistics on Geocaching.com and celebrate your milestones in finds. Mark this happy occasion by getting yourself <\/span>Milestone Geocoin and Tag Set &#8211; 1000 Finds -geokolikko, jonka mukana tulee travel tag uniikilla seurantakoodilla.<span class=\"menutext\"> Geokolikossa on tyhj\u00e4 kohta, johon voit kaiverruttaa esim. 1000. l\u00f6yt\u00e4m\u00e4si k\u00e4tk\u00f6n nimen tai GC-numeron.<\/p>\n<p>\u2022 Coin diameter approximately 5.5 cm<br \/>\n\u2022 Travel tag diameter approximately 4.0 cm<br \/>\n\u2022 Dedicated space on the geocoin for engraving<\/p>\n<p>The icon: <img decoding=\"async\" alt=\"1000\" src=\"https:\/\/www.geocaching.com\/images\/WptTypes\/11337.gif\" style=\"width: 32px; height: 32px;\" \/><\/span><\/p>","protected":false},"excerpt":{"rendered":"<h2>Onneksi olkoon 1000. l\u00f6yd\u00f6st\u00e4si!<\/h2>","protected":false},"featured_media":5830,"comment_status":"open","ping_status":"closed","template":"","meta":{"_kadence_starter_templates_imported_post":false,"_kad_post_transparent":"","_kad_post_title":"","_kad_post_layout":"","_kad_post_sidebar_id":"","_kad_post_content_style":"","_kad_post_vertical_padding":"","_kad_post_feature":"","_kad_post_feature_position":"","_kad_post_header":false,"_kad_post_footer":false,"_kad_post_classname":""},"product_brand":[],"product_cat":[1653,1554,16],"product_tag":[1307,30,1302,1300,1301],"class_list":{"0":"post-5831","1":"product","2":"type-product","3":"status-publish","4":"has-post-thumbnail","6":"product_cat-ale10","7":"product_cat-milestone-geokolikkosetit","8":"product_cat-yleinen","9":"product_tag-1307","10":"product_tag-geokolikko","11":"product_tag-merkkipaalu","12":"product_tag-milestone","13":"product_tag-virstanpylvas","15":"first","16":"instock","17":"taxable","18":"shipping-taxable","19":"purchasable","20":"product-type-simple","21":"entry","22":"content-bg","23":"loop-entry"},"_links":{"self":[{"href":"https:\/\/kivenalla.fi\/en\/wp-json\/wp\/v2\/product\/5831","targetHints":{"allow":["GET"]}}],"collection":[{"href":"https:\/\/kivenalla.fi\/en\/wp-json\/wp\/v2\/product"}],"about":[{"href":"https:\/\/kivenalla.fi\/en\/wp-json\/wp\/v2\/types\/product"}],"replies":[{"embeddable":true,"href":"https:\/\/kivenalla.fi\/en\/wp-json\/wp\/v2\/comments?post=5831"}],"wp:featuredmedia":[{"embeddable":true,"href":"https:\/\/kivenalla.fi\/en\/wp-json\/wp\/v2\/media\/5830"}],"wp:attachment":[{"href":"https:\/\/kivenalla.fi\/en\/wp-json\/wp\/v2\/media?parent=5831"}],"wp:term":[{"taxonomy":"product_brand","embeddable":true,"href":"https:\/\/kivenalla.fi\/en\/wp-json\/wp\/v2\/product_brand?post=5831"},{"taxonomy":"product_cat","embeddable":true,"href":"https:\/\/kivenalla.fi\/en\/wp-json\/wp\/v2\/product_cat?post=5831"},{"taxonomy":"product_tag","embeddable":true,"href":"https:\/\/kivenalla.fi\/en\/wp-json\/wp\/v2\/product_tag?post=5831"}],"curies":[{"name":"wp","href":"https:\/\/api.w.org\/{rel}","templated":true}]}}