{"id":5863,"date":"2023-12-01T14:50:25","date_gmt":"2023-12-01T12:50:25","guid":{"rendered":"https:\/\/kivenalla.fi\/tuote\/avaimenpera-jojo-toiminnolla\/"},"modified":"2025-11-25T09:51:58","modified_gmt":"2025-11-25T07:51:58","slug":"avaimenpera-jojo-toiminnolla","status":"publish","type":"product","link":"https:\/\/kivenalla.fi\/en\/product\/avaimenpera-jojo-toiminnolla\/","title":{"rendered":"Retractable Keychain"},"content":{"rendered":"<p>Keychain with retractable reel. Made of plastic and stainless steel. The durable metal wire extends up to 60 cm.<\/p>\n\n\n\n<p>Voit kiinnitt\u00e4\u00e4 avaimenper\u00e4n klipsill\u00e4 tai pienell\u00e4 karabiinilla housuihisi ja avaimet taikka kyn\u00e4n toiseen p\u00e4\u00e4h\u00e4n. Avaimet tai kyn\u00e4 pysyv\u00e4t n\u00e4in k\u00e4tev\u00e4sti mukana.<\/p>\n\n\n\n<p>The retractable reel also works great for geocaching. You can attach the reel and a micro cache capsule to a keyring inside a tube. The capsule can be pulled out of the tube and, thanks to the reel, it will return to the same spot automatically.<\/p>","protected":false},"excerpt":{"rendered":"<p>Retractable Keychain.<\/p>","protected":false},"featured_media":19444,"comment_status":"open","ping_status":"closed","template":"","meta":{"_kadence_starter_templates_imported_post":false,"_kad_post_transparent":"","_kad_post_title":"","_kad_post_layout":"","_kad_post_sidebar_id":"","_kad_post_content_style":"","_kad_post_vertical_padding":"","_kad_post_feature":"","_kad_post_feature_position":"","_kad_post_header":false,"_kad_post_footer":false,"_kad_post_classname":""},"product_brand":[],"product_cat":[1655,1536],"product_tag":[417,770,102],"class_list":{"0":"post-5863","1":"product","2":"type-product","3":"status-publish","4":"has-post-thumbnail","6":"product_cat-ale30","7":"product_cat-muut-geokatkoilytuotteet","8":"product_tag-apuvaline","9":"product_tag-avaimenpera","10":"product_tag-jojo","12":"first","13":"instock","14":"taxable","15":"shipping-taxable","16":"purchasable","17":"product-type-simple","18":"entry","19":"content-bg","20":"loop-entry"},"_links":{"self":[{"href":"https:\/\/kivenalla.fi\/en\/wp-json\/wp\/v2\/product\/5863","targetHints":{"allow":["GET"]}}],"collection":[{"href":"https:\/\/kivenalla.fi\/en\/wp-json\/wp\/v2\/product"}],"about":[{"href":"https:\/\/kivenalla.fi\/en\/wp-json\/wp\/v2\/types\/product"}],"replies":[{"embeddable":true,"href":"https:\/\/kivenalla.fi\/en\/wp-json\/wp\/v2\/comments?post=5863"}],"wp:featuredmedia":[{"embeddable":true,"href":"https:\/\/kivenalla.fi\/en\/wp-json\/wp\/v2\/media\/19444"}],"wp:attachment":[{"href":"https:\/\/kivenalla.fi\/en\/wp-json\/wp\/v2\/media?parent=5863"}],"wp:term":[{"taxonomy":"product_brand","embeddable":true,"href":"https:\/\/kivenalla.fi\/en\/wp-json\/wp\/v2\/product_brand?post=5863"},{"taxonomy":"product_cat","embeddable":true,"href":"https:\/\/kivenalla.fi\/en\/wp-json\/wp\/v2\/product_cat?post=5863"},{"taxonomy":"product_tag","embeddable":true,"href":"https:\/\/kivenalla.fi\/en\/wp-json\/wp\/v2\/product_tag?post=5863"}],"curies":[{"name":"wp","href":"https:\/\/api.w.org\/{rel}","templated":true}]}}