{"id":5891,"date":"2023-12-01T14:50:37","date_gmt":"2023-12-01T12:50:37","guid":{"rendered":"https:\/\/kivenalla.fi\/tuote\/garrett-pro-pointer-at-z-lynk\/"},"modified":"2025-11-25T09:51:40","modified_gmt":"2025-11-25T07:51:40","slug":"garrett-pro-pointer-at-z-lynk","status":"publish","type":"product","link":"https:\/\/kivenalla.fi\/en\/product\/garrett-pro-pointer-at-z-lynk\/","title":{"rendered":"Garrett Pro Pointer AT Z-Lynk"},"content":{"rendered":"<div id=\"products_bottom_description\">\n<h2 class=\"products_description_title\">Tuotekuvaus<\/h2>\n<p>Garrett Pro Pointer AT Z-lynk Wireless &#8211; k\u00e4yt\u00e4 pointteria langattomasti kuulokkeisiin yhdistettyn\u00e4!<\/p>\n<div class=\"product_page_text\">\nGarrett Pro-Pointer AT Z-Lynk on Garrettin uusin pinpointterimalli, jossa yhdistyy korkea laatu, edistyksellinen muotoilu, tuttu, vankka rakenne sek\u00e4 langaton yhteys Z-Lynk -vastaanottimeen! Yhdist\u00e4\u00e4 vastaanottimeen yhdell\u00e4 painalluksella!<\/p>\n<p>Langattoman k\u00e4yt\u00f6n helppous: kuulet sek\u00e4 metallinpaljastimen ett\u00e4 pinpointterin \u00e4\u00e4net kuulokkeissasi my\u00f6s eritt\u00e4in meluisissa olosuhteissa (hiekkarannat, tuuliset alueet, urbaanit ymp\u00e4rist\u00f6t ja joukolla tapahtuvat yhteispiippailut).<\/p>\n<p>Laite on t\u00e4ysin vesitiivis 6 metriin saakka. Kolme herkkyystasoa, havaitsee my\u00f6s pienet kultahiput korkeimmalla herkkyysasetuksella!<\/p>\n<p>Nopea uudelleenviritys: nopea yksi painallus viritt\u00e4\u00e4 laitteen uudelleen, joka tarkentaa etsint\u00e4\u00e4, poistaa mineralisaation vaikutusta, auttaa mittaamaan kohteen kokoa ja et\u00e4isyytt\u00e4, auttaa identifioimaan kohteen reunat suurikokoisten objektien osalta, mahdollistaa usean pienen kohteen etsimisen yhden suuremman signaalin sijasta.<\/p>\n<p>Lost Pinpointer Alarm h\u00e4lytt\u00e4\u00e4 mik\u00e4li laitteesi on p\u00e4\u00e4ll\u00e4 eik\u00e4 painiketta ole painettu 5 minuuttiin. Automaattinen sammutus 60 minuutin j\u00e4lkeen. Lenkki avaimenper\u00e4lle. Audio\/vibra. 360 asteinen tunnistus. LED.<\/p>\n<p>Vankkatekoinen vy\u00f6kotelo ja paristo mukana.<\/p>\n<p>MADE IN USA!<\/p><\/div>\n<\/div>","protected":false},"excerpt":{"rendered":"<h1>Garrett Pro Pointer AT Z-Lynk<\/h1>","protected":false},"featured_media":337,"comment_status":"open","ping_status":"closed","template":"","meta":{"_kadence_starter_templates_imported_post":false,"_kad_post_transparent":"","_kad_post_title":"","_kad_post_layout":"","_kad_post_sidebar_id":"","_kad_post_content_style":"","_kad_post_vertical_padding":"","_kad_post_feature":"","_kad_post_feature_position":"","_kad_post_header":false,"_kad_post_footer":false,"_kad_post_classname":""},"product_brand":[],"product_cat":[1555,1662,16],"product_tag":[83,1246,1039,315,1349],"class_list":{"0":"post-5891","1":"product","2":"type-product","3":"status-publish","4":"has-post-thumbnail","6":"product_cat-garrett","7":"product_cat-joulu","8":"product_cat-yleinen","9":"product_tag-garrett","10":"product_tag-langaton","11":"product_tag-pinpointer","12":"product_tag-pro-pointer","13":"product_tag-z-lynk","15":"first","16":"onbackorder","17":"taxable","18":"shipping-taxable","19":"purchasable","20":"product-type-simple","21":"entry","22":"content-bg","23":"loop-entry"},"_links":{"self":[{"href":"https:\/\/kivenalla.fi\/en\/wp-json\/wp\/v2\/product\/5891","targetHints":{"allow":["GET"]}}],"collection":[{"href":"https:\/\/kivenalla.fi\/en\/wp-json\/wp\/v2\/product"}],"about":[{"href":"https:\/\/kivenalla.fi\/en\/wp-json\/wp\/v2\/types\/product"}],"replies":[{"embeddable":true,"href":"https:\/\/kivenalla.fi\/en\/wp-json\/wp\/v2\/comments?post=5891"}],"wp:featuredmedia":[{"embeddable":true,"href":"https:\/\/kivenalla.fi\/en\/wp-json\/wp\/v2\/media\/337"}],"wp:attachment":[{"href":"https:\/\/kivenalla.fi\/en\/wp-json\/wp\/v2\/media?parent=5891"}],"wp:term":[{"taxonomy":"product_brand","embeddable":true,"href":"https:\/\/kivenalla.fi\/en\/wp-json\/wp\/v2\/product_brand?post=5891"},{"taxonomy":"product_cat","embeddable":true,"href":"https:\/\/kivenalla.fi\/en\/wp-json\/wp\/v2\/product_cat?post=5891"},{"taxonomy":"product_tag","embeddable":true,"href":"https:\/\/kivenalla.fi\/en\/wp-json\/wp\/v2\/product_tag?post=5891"}],"curies":[{"name":"wp","href":"https:\/\/api.w.org\/{rel}","templated":true}]}}