{"id":5892,"date":"2023-12-01T14:50:38","date_gmt":"2023-12-01T12:50:38","guid":{"rendered":"https:\/\/kivenalla.fi\/tuote\/garrett-z-lynk-ms-3-wireless-headphone-kit-z-lynk-pro-pointer\/"},"modified":"2025-08-20T12:38:04","modified_gmt":"2025-08-20T09:38:04","slug":"garrett-z-lynk-ms-3-wireless-headphone-kit-z-lynk-pro-pointer","status":"publish","type":"product","link":"https:\/\/kivenalla.fi\/en\/product\/garrett-z-lynk-ms-3-wireless-headphone-kit-z-lynk-pro-pointer\/","title":{"rendered":"Garrett Z-Lynk MS-3 Wireless Headphone Kit + Z-Lynk Pro Pointer"},"content":{"rendered":"<div id=\"products_bottom_description\">\n<h2 class=\"products_description_title\">Tuotekuvaus<br \/>\n&nbsp;<\/h2>\n<div class=\"product_page_text\">Garrett Z-Lynk MS-3 Wireless Headphone Kit + Z-Lynk Pro-Pointer AT -yhdistelm\u00e4paketti saatavilla nyt verkkokaupastamme!<\/p>\n<p>T\u00e4ll\u00e4 yhdistelm\u00e4paketilla muutat mink\u00e4 tahansa metallinpaljastimen langattomaksi! Garrett MS3 Z-Lynk -kuulokkeesta kuulet sek\u00e4 metallinpaljastimen ett\u00e4 Pro Pointer AT Z-Lynk:in tuottamat \u00e4\u00e4net.<\/p>\n<p>T\u00e4m\u00e4 yhdistelm\u00e4paketti sis\u00e4lt\u00e4\u00e4 kaikki tehdasosat, jotka sis\u00e4ltyv\u00e4t erikseen saatavilla oleviin MS3 ja Pro Pointer AT ZLynk -tuotteisiin (Pro-Pointer AT Z-Lynk wireless pinpointer (PN: 1142200) + Garrett MS-3 Wireless Z-Lynk Kit (PN 1627720).<\/p>\n<p>MADE IN USA.<\/p><\/div>\n<\/div>","protected":false},"excerpt":{"rendered":"<h1>Garrett Z-Lynk MS-3 Wireless Headphone Kit + Z-Lynk Pro Pointer<\/h1>","protected":false},"featured_media":337,"comment_status":"open","ping_status":"closed","template":"","meta":{"_kadence_starter_templates_imported_post":false,"_kad_post_transparent":"","_kad_post_title":"","_kad_post_layout":"","_kad_post_sidebar_id":"","_kad_post_content_style":"","_kad_post_vertical_padding":"","_kad_post_feature":"","_kad_post_feature_position":"","_kad_post_header":false,"_kad_post_footer":false,"_kad_post_classname":""},"product_brand":[],"product_cat":[1555,16],"product_tag":[83,1350,1246,1039,315,1349],"class_list":{"0":"post-5892","1":"product","2":"type-product","3":"status-publish","4":"has-post-thumbnail","6":"product_cat-garrett","7":"product_cat-yleinen","8":"product_tag-garrett","9":"product_tag-kuulokkeet","10":"product_tag-langaton","11":"product_tag-pinpointer","12":"product_tag-pro-pointer","13":"product_tag-z-lynk","15":"first","16":"onbackorder","17":"taxable","18":"shipping-taxable","19":"purchasable","20":"product-type-simple","21":"entry","22":"content-bg","23":"loop-entry"},"_links":{"self":[{"href":"https:\/\/kivenalla.fi\/en\/wp-json\/wp\/v2\/product\/5892","targetHints":{"allow":["GET"]}}],"collection":[{"href":"https:\/\/kivenalla.fi\/en\/wp-json\/wp\/v2\/product"}],"about":[{"href":"https:\/\/kivenalla.fi\/en\/wp-json\/wp\/v2\/types\/product"}],"replies":[{"embeddable":true,"href":"https:\/\/kivenalla.fi\/en\/wp-json\/wp\/v2\/comments?post=5892"}],"wp:featuredmedia":[{"embeddable":true,"href":"https:\/\/kivenalla.fi\/en\/wp-json\/wp\/v2\/media\/337"}],"wp:attachment":[{"href":"https:\/\/kivenalla.fi\/en\/wp-json\/wp\/v2\/media?parent=5892"}],"wp:term":[{"taxonomy":"product_brand","embeddable":true,"href":"https:\/\/kivenalla.fi\/en\/wp-json\/wp\/v2\/product_brand?post=5892"},{"taxonomy":"product_cat","embeddable":true,"href":"https:\/\/kivenalla.fi\/en\/wp-json\/wp\/v2\/product_cat?post=5892"},{"taxonomy":"product_tag","embeddable":true,"href":"https:\/\/kivenalla.fi\/en\/wp-json\/wp\/v2\/product_tag?post=5892"}],"curies":[{"name":"wp","href":"https:\/\/api.w.org\/{rel}","templated":true}]}}