{"id":5903,"date":"2023-12-01T14:50:44","date_gmt":"2023-12-01T12:50:44","guid":{"rendered":"https:\/\/kivenalla.fi\/tuote\/fenix-e35r-3100-lm\/"},"modified":"2025-07-16T09:52:31","modified_gmt":"2025-07-16T06:52:31","slug":"fenix-e35r-3100-lm","status":"publish","type":"product","link":"https:\/\/kivenalla.fi\/en\/product\/fenix-e35r-3100-lm\/","title":{"rendered":"Fenix E35R , 3100 lm"},"content":{"rendered":"<h3>Uusi E35R on nyt ladattava!<\/h3>\n<p>Huippusuosittu E35 on nyt p\u00e4ivittynyt ladattavaksi! E35R on totutun mukaan eritt\u00e4in kompakti, pituus vain 12 cm mutta valoteho on huikea 3100 lumenia! Uusittu optiikka tuottaa miellytt\u00e4v\u00e4n, tasaisesti laajan alueen valaisevan valokeilan max. 260 metrin kantomatkalle. En\u00e4\u00e4 sinun ei tarvitse irrottaa akkua lampusta vaan voit ladata sen suoraan lampun nopeasta USB tyypin C -latausliittimest\u00e4. E35R toimii yhdell\u00e4 suurikapasiteettisella 5000 mAh tyypin 21700 Li-ion akkuparistolla. Lampun p\u00e4\u00e4tyosassa on supermagneetti jolla voi kiinnitt\u00e4\u00e4 lampun luotettavasi l\u00e4hes kaikkiin metallipintoihin. E35R:ss\u00e4 on my\u00f6s titaanip\u00e4\u00e4llystetty ter\u00e4ksinen vy\u00f6klipsikiinnike jolla kiinnit\u00e4t lampun k\u00e4tev\u00e4sti vy\u00f6lle, taskuun jne. Lampun j\u00e4ljell\u00e4 oleva varaustila on helppo tarkastaa ter\u00e4ksisen painonappikytkimen LED-merkkivalosta. E35R on helppo ja yksinkertainen k\u00e4ytt\u00e4\u00e4. E35R on tehokas tehokkaasti valaiseva joka paikan EDC-taskulamppu jonka valoteho yll\u00e4tt\u00e4\u00e4 vaativankin k\u00e4ytt\u00e4j\u00e4n.<\/p>\n<h3>Paras koko-\/tehosuhde<\/h3>\n<p>Fenix E35R on pituudeltaan vain 12 cm mutta valovoimaltaan se kykenee tuottamaan h\u00e4ik\u00e4isev\u00e4n 3100 lumenin max. valotehon. Valokuvion keskialue on laaja ja E35R valaisee tehokkaasti tehokkaasti koko kantomatkan max. 260 metriin asti (ANSI NEMA FL1 -mittaustandardi). E35R taskulampussa on viisi tehokasta kirkkaustilaa 3100 lm, 1000 lm, 350 lm, 150 lm, 30 lm. Tarvittaessa E35R:st\u00e4 l\u00f6ytyy eritt\u00e4in tehokas, max. 3100 lumenin valoteholla toimiva strobo-vilkkutoiminto. Elektroninen n\u00e4pp\u00e4inlukitus varmistaa, ett\u00e4 valaisin ei mene tahattomasti p\u00e4\u00e4lle esimerkiksi kuljetuksen aikana.<br \/>\n5000 mAh tehoakku vakiona<\/p>\n<p>P\u00e4ivitetty Fenix ARB-L21-21700 V2, 5000 mAh Li-ion akkuparisto tarjoaa nyt aiempaa suuremman purkuvirran pidemm\u00e4ll\u00e4 k\u00e4ytt\u00f6ajalla. E35R toimii yht\u00e4mittaisesti jopa 68 tuntia (pienin 30 lumenin k\u00e4ytt\u00f6tila). J\u00e4ljell\u00e4 oleva virtam\u00e4\u00e4r\u00e4 on vaivaton tarkastaa k\u00e4ytt\u00f6kytkimen LED-merkkivalosta seuraavasti: vihre\u00e4 valo 100% &#8211; 85%, vilkkuva vihre\u00e4 85% &#8211; 50%, punainen valo 50% &#8211; 25%, vilkkuva punainen 25% &#8211; 1%. E35R ladataan suoraan lampun USB tyypin C-latausliittimest\u00e4, joka lataa lampun ilman turhaa odottelua tyhj\u00e4st\u00e4 t\u00e4yteen vain kolmessa (3 h) tunnissa.<\/p>\n<h3>Product Information<\/h3>\n<ul>\n<li>Luminus SST70 LED<\/li>\n<li>Kompakti koko ja suuri 3100 lumenin max. valoteho.<\/li>\n<li>Yhdistelm\u00e4valokeila, pehme\u00e4 l\u00e4hivalo ja 260 metrin kantomatka.<\/li>\n<li>Viisi kirkkaustilaa ja vaihtuva taajuuksinen strobo -vilkku.<\/li>\n<li>Metallinen toimintokytkin, jossa j\u00e4ljell\u00e4 olevan akun varaustilan LED-merkkivalo.<\/li>\n<li>USB-C ladattava, latausaika 3 h.<\/li>\n<li>Suurikapasiteettinen 5000 mAh V2.0 Li-ion 3,7 V akku (sis\u00e4ltyy).<\/li>\n<li>Elektroninen n\u00e4pp\u00e4inlukitus est\u00e4\u00e4 tahattoman p\u00e4\u00e4llekytkeytymisen.<\/li>\n<li>Supermagneetti lampun kantaosassa, ter\u00e4ksinen vy\u00f6klipsikiinnike.<\/li>\n<li>Pakkaus sis\u00e4lt\u00e4\u00e4: Fenix E35R taskulamppu, ARB-L21-5000 V2.0 akkuparisto, USB C-latausjohto, rannehihna, vaihdettava O-rengastiiviste, k\u00e4ytt\u00f6ohje.<\/li>\n<\/ul>\n<p>Fenix-tuotemerkki takaa aina huippulaadun. Fenix E35R k\u00e4sivalaisin on t\u00e4ysin IP68 p\u00f6ly- ja vesitiivis. Kaikki Fenix valaisimet on testattu omassa laboratoriossa amerikkalaisen ANSI\/FL1 standardin mukaisesti. E35R k\u00e4sivalaisimella on viiden (5) vuoden (paristo 1 vuosi) Fenix laatu takuu.<\/p>\n<h3>Technical details<\/h3>\n<p>&nbsp;<\/p>\n<ul>\n<li>Valoteho (max): 3100 lumenia<\/li>\n<li>K\u00e4ytt\u00f6aika (max): 68 h (pienin teho)<\/li>\n<li>Kantomatka (max): 260 metri\u00e4<\/li>\n<li>Valovoima (max): 15103 kandela<\/li>\n<li>Iskunkesto: 1 metri<\/li>\n<li>Vesitiiviys: IP68 (t\u00e4ysin p\u00f6ly- ja vesitiivis)<\/li>\n<li>K\u00e4ytt\u00f6tilat: 6 kpl<\/li>\n<li>K\u00e4ytt\u00f6tila turbo: 3100 lm \/ 2 h 30 min \/ 260 m \/ 15103 cd<\/li>\n<li>K\u00e4ytt\u00f6tila korkea: 1000 lm \/ 3 h 40 min \/ 138 m \/ 4767 cd<\/li>\n<li>K\u00e4ytt\u00f6tila keski: 350 lm \/ 9 h 20 min \/ 80 m \/ 1607 cd<\/li>\n<li>K\u00e4ytt\u00f6tila matala: 150 lm \/ 21 h 20 min \/ 54 m \/ 719 cd<\/li>\n<li>K\u00e4ytt\u00f6tila eko: 30 lm \/ 69 h \/ 25 m \/ 152 cd<\/li>\n<li>Strobo: 3100 lm<\/li>\n<li>LED-tyyppi: Luminus SST70 LED<\/li>\n<li>Mitat: 120 x 26,5 x 24,8 mm<\/li>\n<li>Paino: 148 g (sis\u00e4lt\u00e4\u00e4 akun)<\/li>\n<li>Virtal\u00e4hde: 1 x 21700 5000 mAh V2.0 Li-ion akkuparisto (sis\u00e4ltyy)<\/li>\n<li>Certifications: ANSI\/NEMA FL-1, ROHS, CE<\/li>\n<li>Takuu: 5 vuotta<\/li>\n<li>Toimitussis\u00e4lt\u00f6: Fenix E35R taskulamppu, ARB-L21-5000 V2.0 akkuparisto, USB C-latausjohto, rannehihna, vaihdettava O-rengastiiviste, k\u00e4ytt\u00f6ohje.<\/li>\n<\/ul>\n<p>* The runtime of the Turbo mode is the continuous operating time at brightness levels from 100% down to 10%. Performance values are according to the ANSI\/PLATO FL1 handheld flashlight standard.<\/p>","protected":false},"excerpt":{"rendered":"<p>Uusi E35R on nyt ladattava!<\/p>","protected":false},"featured_media":347,"comment_status":"open","ping_status":"closed","template":"","meta":{"_kadence_starter_templates_imported_post":false,"_kad_post_transparent":"","_kad_post_title":"","_kad_post_layout":"","_kad_post_sidebar_id":"","_kad_post_content_style":"","_kad_post_vertical_padding":"","_kad_post_feature":"","_kad_post_feature_position":"","_kad_post_header":false,"_kad_post_footer":false,"_kad_post_classname":""},"product_brand":[],"product_cat":[1564,16],"product_tag":[1414,1413,32,266],"class_list":{"0":"post-5903","1":"product","2":"type-product","3":"status-publish","4":"has-post-thumbnail","6":"product_cat-fenix","7":"product_cat-yleinen","8":"product_tag-e35","9":"product_tag-e35r","10":"product_tag-fenix","11":"product_tag-taskulamppu","13":"first","14":"onbackorder","15":"taxable","16":"shipping-taxable","17":"purchasable","18":"product-type-simple","19":"entry","20":"content-bg","21":"loop-entry"},"_links":{"self":[{"href":"https:\/\/kivenalla.fi\/en\/wp-json\/wp\/v2\/product\/5903","targetHints":{"allow":["GET"]}}],"collection":[{"href":"https:\/\/kivenalla.fi\/en\/wp-json\/wp\/v2\/product"}],"about":[{"href":"https:\/\/kivenalla.fi\/en\/wp-json\/wp\/v2\/types\/product"}],"replies":[{"embeddable":true,"href":"https:\/\/kivenalla.fi\/en\/wp-json\/wp\/v2\/comments?post=5903"}],"wp:featuredmedia":[{"embeddable":true,"href":"https:\/\/kivenalla.fi\/en\/wp-json\/wp\/v2\/media\/347"}],"wp:attachment":[{"href":"https:\/\/kivenalla.fi\/en\/wp-json\/wp\/v2\/media?parent=5903"}],"wp:term":[{"taxonomy":"product_brand","embeddable":true,"href":"https:\/\/kivenalla.fi\/en\/wp-json\/wp\/v2\/product_brand?post=5903"},{"taxonomy":"product_cat","embeddable":true,"href":"https:\/\/kivenalla.fi\/en\/wp-json\/wp\/v2\/product_cat?post=5903"},{"taxonomy":"product_tag","embeddable":true,"href":"https:\/\/kivenalla.fi\/en\/wp-json\/wp\/v2\/product_tag?post=5903"}],"curies":[{"name":"wp","href":"https:\/\/api.w.org\/{rel}","templated":true}]}}