{"id":6287,"date":"2023-12-01T14:52:58","date_gmt":"2023-12-01T12:52:58","guid":{"rendered":"https:\/\/kivenalla.fi\/tuote\/garmin-maasto-gps-vuokralle\/"},"modified":"2023-12-13T13:23:05","modified_gmt":"2023-12-13T11:23:05","slug":"garmin-maasto-gps-vuokralle","status":"publish","type":"product","link":"https:\/\/kivenalla.fi\/en\/product\/garmin-maasto-gps-vuokralle\/","title":{"rendered":"Garmin maasto-GPS vuokralle"},"content":{"rendered":"<p><span class=\"menutext\">Tutustu helposti ja edullisesti geok\u00e4tk\u00f6ilyyn vuokraamalla helppok\u00e4ytt\u00f6inen Garmin GPS-paikannin. Halutessasi tallennamme laitteeseen valmiiksi kotipaikkakuntasi geok\u00e4tk\u00f6j\u00e4 (kerro toiveesi tilauksen vahvistuksen yhteydess\u00e4 viesti-kent\u00e4ss\u00e4). <b>Huom! Vuokragepseiss\u00e4mme nyt koko Suomen tarkka maastokartta.<\/b><\/p>\n<p>Laitevuokra 10 \u20ac \/ p\u00e4iv\u00e4, kirjoita m\u00e4\u00e4r\u00e4-kohtaan kuinka moneksi p\u00e4iv\u00e4ksi haluat laitteen vuokrata. <b>Vuokragepsej\u00e4 meill\u00e4 on yhteens\u00e4 seitsem\u00e4n (7) kappaletta.<\/b><\/p>\n<p><b>Laitteet:<\/b><\/span><br \/>\n2<span class=\"menutext\"> kpl Garmin Oregon 600<br \/>\n1 kpl Garmin eTrex 30<br \/>\n4 kpl Garmin Oregon 300<\/span><\/p>\n<p><span class=\"menutext\">Kaikissa laitteissa on valmiina mtk_suomi-maastokartta (<a href=\"http:\/\/kartat.hylly.org\/\">kartat.hylly.org<\/a>)<\/p>\n<p>Kirjoita mahdolliset lis\u00e4ohjeet tilauksen vahvistuksen yhteydess\u00e4 &#8217;Viesti verkkokaupalle&#8217; -kentt\u00e4\u00e4n.<\/p>\n<p><b><a href=\"https:\/\/kivenalla.fi\/en\/Palautelomake\/\">Pyyd\u00e4 tarjous<\/a> yli viikon vuokra-ajasta.<\/b><\/p>\n<p>* Toimitus: nouto toimistostamme (sovi noutoaika) tai postitus. Palautus joko suoraan toimistollemme tai postitse. Asiakas maksaa postituskulut. Palautus meid\u00e4n l\u00e4hetyspakkauksessamme.<\/p>\n<p>* Saa k\u00e4ytt\u00e4\u00e4 normaalisti, muttei rikkoa. Normaalista k\u00e4yt\u00f6st\u00e4 aiheutuva kuluminen kuuluu hintaan. Mik\u00e4li laite rikkoontuu putoamisen tai muun vastaavan vahingon takia, veloitamme asiakkalta kulut, kuitenkin enint\u00e4\u00e4n laitteen omakustannehinnan v\u00e4hennettyn\u00e4 laitevuokralla.<\/span><\/p>","protected":false},"excerpt":{"rendered":"<p><span class=\"menutext\">Tutustu helposti ja edullisesti geok\u00e4tk\u00f6ilyyn vuokraamalla helppok\u00e4ytt\u00f6inen Garmin GPS-paikannin.<\/span><\/p>","protected":false},"featured_media":6286,"comment_status":"open","ping_status":"closed","template":"","meta":{"_kadence_starter_templates_imported_post":false,"_kad_post_transparent":"","_kad_post_title":"","_kad_post_layout":"","_kad_post_sidebar_id":"","_kad_post_content_style":"","_kad_post_vertical_padding":"","_kad_post_feature":"","_kad_post_feature_position":"","_kad_post_header":false,"_kad_post_footer":false,"_kad_post_classname":""},"product_brand":[],"product_cat":[1559,16],"product_tag":[42,46,1464,178,1463,1462],"class_list":{"0":"post-6287","1":"product","2":"type-product","3":"status-publish","4":"has-post-thumbnail","6":"product_cat-kasilaitteet","7":"product_cat-yleinen","8":"product_tag-etrex","9":"product_tag-gps","10":"product_tag-gps-vuokra","11":"product_tag-oregon","12":"product_tag-vuokra","13":"product_tag-vuokraus","15":"first","16":"instock","17":"taxable","18":"shipping-taxable","19":"purchasable","20":"product-type-simple","21":"entry","22":"content-bg","23":"loop-entry"},"_links":{"self":[{"href":"https:\/\/kivenalla.fi\/en\/wp-json\/wp\/v2\/product\/6287","targetHints":{"allow":["GET"]}}],"collection":[{"href":"https:\/\/kivenalla.fi\/en\/wp-json\/wp\/v2\/product"}],"about":[{"href":"https:\/\/kivenalla.fi\/en\/wp-json\/wp\/v2\/types\/product"}],"replies":[{"embeddable":true,"href":"https:\/\/kivenalla.fi\/en\/wp-json\/wp\/v2\/comments?post=6287"}],"wp:featuredmedia":[{"embeddable":true,"href":"https:\/\/kivenalla.fi\/en\/wp-json\/wp\/v2\/media\/6286"}],"wp:attachment":[{"href":"https:\/\/kivenalla.fi\/en\/wp-json\/wp\/v2\/media?parent=6287"}],"wp:term":[{"taxonomy":"product_brand","embeddable":true,"href":"https:\/\/kivenalla.fi\/en\/wp-json\/wp\/v2\/product_brand?post=6287"},{"taxonomy":"product_cat","embeddable":true,"href":"https:\/\/kivenalla.fi\/en\/wp-json\/wp\/v2\/product_cat?post=6287"},{"taxonomy":"product_tag","embeddable":true,"href":"https:\/\/kivenalla.fi\/en\/wp-json\/wp\/v2\/product_tag?post=6287"}],"curies":[{"name":"wp","href":"https:\/\/api.w.org\/{rel}","templated":true}]}}