{"id":6313,"date":"2023-12-01T14:53:09","date_gmt":"2023-12-01T12:53:09","guid":{"rendered":"https:\/\/kivenalla.fi\/tuote\/travel-bug-kalvo-autoon\/"},"modified":"2025-11-25T09:50:43","modified_gmt":"2025-11-25T07:50:43","slug":"travel-bug-kalvo-autoon","status":"publish","type":"product","link":"https:\/\/kivenalla.fi\/en\/product\/travel-bug-kalvo-autoon\/","title":{"rendered":"Travel Bug Static Cling"},"content":{"rendered":"<p><span class=\"menutext\">Travel bug -kalvo tarttuu staattisen s\u00e4hk\u00f6n ansiosta ikkunaan helposti. Kalvon voi helposti irrottaa ja siirt\u00e4\u00e4 toiseen kohtaan. Kalvo on tarkoitettu auton lasiin sis\u00e4puolelle.<\/p>\n<p>Travel bug -kalvon koko on noin 19 x 10 cm. Kalvon mukana ei tule en\u00e4\u00e4 Travel bugin -kopiol\u00e4tk\u00e4\u00e4.<\/p>\n<p>Each Travel Bug has its own page on www.geocaching.com, where you can track its movements using the unique six-character tracking code.<\/span><\/p>","protected":false},"excerpt":{"rendered":"<p><span class=\"menutext\">Travel bug -kalvo tarttuu staattisen s\u00e4hk\u00f6n ansiosta ikkunaan helposti. Kalvon voi helposti irrottaa ja siirt\u00e4\u00e4 toiseen kohtaan. Kalvo on tarkoitettu auton lasiin sis\u00e4puolelle.<\/span><\/p>","protected":false},"featured_media":6312,"comment_status":"open","ping_status":"closed","template":"","meta":{"_kadence_starter_templates_imported_post":false,"_kad_post_transparent":"","_kad_post_title":"","_kad_post_layout":"","_kad_post_sidebar_id":"","_kad_post_content_style":"","_kad_post_vertical_padding":"","_kad_post_feature":"","_kad_post_feature_position":"","_kad_post_header":false,"_kad_post_footer":false,"_kad_post_classname":""},"product_brand":[],"product_cat":[1654,1537],"product_tag":[58,57,60,59,19,17,56],"class_list":{"0":"post-6313","1":"product","2":"type-product","3":"status-publish","4":"has-post-thumbnail","6":"product_cat-ale20","7":"product_cat-travel-bugit","8":"product_tag-auto","9":"product_tag-kalvo","10":"product_tag-moottoripyora","11":"product_tag-polkupyora","12":"product_tag-tarra","13":"product_tag-travel-bug","14":"product_tag-travel-tag","16":"first","17":"instock","18":"taxable","19":"shipping-taxable","20":"purchasable","21":"product-type-simple","22":"entry","23":"content-bg","24":"loop-entry"},"_links":{"self":[{"href":"https:\/\/kivenalla.fi\/en\/wp-json\/wp\/v2\/product\/6313","targetHints":{"allow":["GET"]}}],"collection":[{"href":"https:\/\/kivenalla.fi\/en\/wp-json\/wp\/v2\/product"}],"about":[{"href":"https:\/\/kivenalla.fi\/en\/wp-json\/wp\/v2\/types\/product"}],"replies":[{"embeddable":true,"href":"https:\/\/kivenalla.fi\/en\/wp-json\/wp\/v2\/comments?post=6313"}],"wp:featuredmedia":[{"embeddable":true,"href":"https:\/\/kivenalla.fi\/en\/wp-json\/wp\/v2\/media\/6312"}],"wp:attachment":[{"href":"https:\/\/kivenalla.fi\/en\/wp-json\/wp\/v2\/media?parent=6313"}],"wp:term":[{"taxonomy":"product_brand","embeddable":true,"href":"https:\/\/kivenalla.fi\/en\/wp-json\/wp\/v2\/product_brand?post=6313"},{"taxonomy":"product_cat","embeddable":true,"href":"https:\/\/kivenalla.fi\/en\/wp-json\/wp\/v2\/product_cat?post=6313"},{"taxonomy":"product_tag","embeddable":true,"href":"https:\/\/kivenalla.fi\/en\/wp-json\/wp\/v2\/product_tag?post=6313"}],"curies":[{"name":"wp","href":"https:\/\/api.w.org\/{rel}","templated":true}]}}