{"id":6358,"date":"2023-12-01T14:53:27","date_gmt":"2023-12-01T12:53:27","guid":{"rendered":"https:\/\/kivenalla.fi\/tuote\/pieni-katkokivi\/"},"modified":"2025-12-18T13:49:03","modified_gmt":"2025-12-18T11:49:03","slug":"pieni-katkokivi","status":"publish","type":"product","link":"https:\/\/kivenalla.fi\/en\/product\/pieni-katkokivi\/","title":{"rendered":"Small Stone Cache"},"content":{"rendered":"<p>Kiven n\u00e4k\u00f6inen k\u00e4tk\u00f6rasia. Huom! Kuvassa n\u00e4kyv\u00e4\u00e4 Bison-kapselia ei tule kiven mukana. Kiven sis\u00e4lle mahtuu esim. Bison-kapseli tai lokikirja pieness\u00e4 Minigrip-pussissa. Klikkaamalla kuvaa n\u00e4et, miten kivi toimii.<\/p>","protected":false},"excerpt":{"rendered":"<p>Kiven n\u00e4k\u00f6inen k\u00e4tk\u00f6rasia. Huom! Kuvassa n\u00e4kyv\u00e4\u00e4 Bison-kapselia ei tule kiven mukana. Kiven sis\u00e4lle mahtuu esim. Bison-kapseli tai lokikirja pieness\u00e4 Minigrip-pussissa. Klikkaamalla kuvaa n\u00e4et, miten kivi toimii.<\/p>","protected":false},"featured_media":6357,"comment_status":"open","ping_status":"closed","template":"","meta":{"_kadence_starter_templates_imported_post":false,"_kad_post_transparent":"","_kad_post_title":"","_kad_post_layout":"","_kad_post_sidebar_id":"","_kad_post_content_style":"","_kad_post_vertical_padding":"","_kad_post_feature":"","_kad_post_feature_position":"","_kad_post_header":false,"_kad_post_footer":false,"_kad_post_classname":""},"product_brand":[],"product_cat":[1654,1544,16],"product_tag":[1486],"class_list":{"0":"post-6358","1":"product","2":"type-product","3":"status-publish","4":"has-post-thumbnail","6":"product_cat-ale20","7":"product_cat-erikoiskatkot","8":"product_cat-yleinen","9":"product_tag-katkoivi","11":"first","12":"instock","13":"taxable","14":"shipping-taxable","15":"purchasable","16":"product-type-simple","17":"entry","18":"content-bg","19":"loop-entry"},"_links":{"self":[{"href":"https:\/\/kivenalla.fi\/en\/wp-json\/wp\/v2\/product\/6358","targetHints":{"allow":["GET"]}}],"collection":[{"href":"https:\/\/kivenalla.fi\/en\/wp-json\/wp\/v2\/product"}],"about":[{"href":"https:\/\/kivenalla.fi\/en\/wp-json\/wp\/v2\/types\/product"}],"replies":[{"embeddable":true,"href":"https:\/\/kivenalla.fi\/en\/wp-json\/wp\/v2\/comments?post=6358"}],"wp:featuredmedia":[{"embeddable":true,"href":"https:\/\/kivenalla.fi\/en\/wp-json\/wp\/v2\/media\/6357"}],"wp:attachment":[{"href":"https:\/\/kivenalla.fi\/en\/wp-json\/wp\/v2\/media?parent=6358"}],"wp:term":[{"taxonomy":"product_brand","embeddable":true,"href":"https:\/\/kivenalla.fi\/en\/wp-json\/wp\/v2\/product_brand?post=6358"},{"taxonomy":"product_cat","embeddable":true,"href":"https:\/\/kivenalla.fi\/en\/wp-json\/wp\/v2\/product_cat?post=6358"},{"taxonomy":"product_tag","embeddable":true,"href":"https:\/\/kivenalla.fi\/en\/wp-json\/wp\/v2\/product_tag?post=6358"}],"curies":[{"name":"wp","href":"https:\/\/api.w.org\/{rel}","templated":true}]}}