{"id":6541,"date":"2023-12-11T13:06:44","date_gmt":"2023-12-11T11:06:44","guid":{"rendered":"https:\/\/kivenalla.fi\/?post_type=product&#038;p=6541"},"modified":"2025-06-02T19:58:13","modified_gmt":"2025-06-02T16:58:13","slug":"geocache-fi-saldon-lisays","status":"publish","type":"product","link":"https:\/\/kivenalla.fi\/en\/product\/geocache-fi-saldon-lisays\/","title":{"rendered":"Geocache.fi Credit Refill"},"content":{"rendered":"<p>Saldolis\u00e4ys Geocache.fi-saldoon. Geocache.fi-saldoa voit k\u00e4ytt\u00e4\u00e4 vain Geocache.fi:n kautta l\u00e4hetett\u00e4viin tekstiviestih\u00e4lytyksiin uusista k\u00e4tk\u00f6ist\u00e4.<\/p>\n\n\n\n<p>Saldolis\u00e4ys m\u00e4\u00e4r\u00e4ytyy sen mukaan kuinka monta kappaletta 5 euron hintaisia saldolis\u00e4yksi\u00e4 tilaat.<\/p>\n\n\n\n<p>Lis\u00e4tietoa k\u00e4nnyh\u00e4lyst\u00e4&nbsp;<a href=\"http:\/\/www.geocache.fi\/terms\/halyinfo.php\">here<\/a>.<\/p>\n\n\n\n<p>Yksi k\u00e4tk\u00f6h\u00e4lytysviesti kuluttaa saldoa t\u00e4ll\u00e4 hetkell\u00e4 0,29 \u20ac (alv 25,5%), pid\u00e4t\u00e4mme oikeuden hinnankorotuksiin.\u00a0<a href=\"https:\/\/kivenalla.fi\/en\/epages\/kivenalla.admin\/secbd11e515bf\/?ObjectPath=\/Shops\/2016102603\/Products\/1834\">Geocache.fi:n Turbo-j\u00e4senille<\/a>\u00a0yksi k\u00e4tk\u00f6h\u00e4lyviesti kuluttaa vain 0,19 \u20ac (alv 25,5%).<\/p>","protected":false},"excerpt":{"rendered":"<p>Geocache.fi-saldoa voi k\u00e4ytt\u00e4\u00e4 ainoastaan k\u00e4nnyh\u00e4lyyn.<\/p>","protected":false},"featured_media":6542,"comment_status":"open","ping_status":"closed","template":"","meta":{"_kadence_starter_templates_imported_post":false,"_kad_post_transparent":"","_kad_post_title":"","_kad_post_layout":"","_kad_post_sidebar_id":"","_kad_post_content_style":"","_kad_post_vertical_padding":"","_kad_post_feature":"","_kad_post_feature_position":"","_kad_post_header":false,"_kad_post_footer":false,"_kad_post_classname":""},"product_brand":[],"product_cat":[1534],"product_tag":[228,166,1570,1450,1449],"class_list":{"0":"post-6541","1":"product","2":"type-product","3":"status-publish","4":"has-post-thumbnail","6":"product_cat-jasenyydet","7":"product_tag-ftf","8":"product_tag-geocache-fi","9":"product_tag-haly","10":"product_tag-kannyhaly","11":"product_tag-saldo","13":"first","14":"instock","15":"virtual","16":"taxable","17":"purchasable","18":"product-type-simple","19":"entry","20":"content-bg","21":"loop-entry"},"_links":{"self":[{"href":"https:\/\/kivenalla.fi\/en\/wp-json\/wp\/v2\/product\/6541","targetHints":{"allow":["GET"]}}],"collection":[{"href":"https:\/\/kivenalla.fi\/en\/wp-json\/wp\/v2\/product"}],"about":[{"href":"https:\/\/kivenalla.fi\/en\/wp-json\/wp\/v2\/types\/product"}],"replies":[{"embeddable":true,"href":"https:\/\/kivenalla.fi\/en\/wp-json\/wp\/v2\/comments?post=6541"}],"wp:featuredmedia":[{"embeddable":true,"href":"https:\/\/kivenalla.fi\/en\/wp-json\/wp\/v2\/media\/6542"}],"wp:attachment":[{"href":"https:\/\/kivenalla.fi\/en\/wp-json\/wp\/v2\/media?parent=6541"}],"wp:term":[{"taxonomy":"product_brand","embeddable":true,"href":"https:\/\/kivenalla.fi\/en\/wp-json\/wp\/v2\/product_brand?post=6541"},{"taxonomy":"product_cat","embeddable":true,"href":"https:\/\/kivenalla.fi\/en\/wp-json\/wp\/v2\/product_cat?post=6541"},{"taxonomy":"product_tag","embeddable":true,"href":"https:\/\/kivenalla.fi\/en\/wp-json\/wp\/v2\/product_tag?post=6541"}],"curies":[{"name":"wp","href":"https:\/\/api.w.org\/{rel}","templated":true}]}}