{"id":6595,"date":"2023-12-12T10:49:43","date_gmt":"2023-12-12T08:49:43","guid":{"rendered":"https:\/\/kivenalla.fi\/tuote\/xp-deus-2-waterproof-multi-frequency-rc-ws6-11-fmf-kelalla\/"},"modified":"2024-07-30T14:33:01","modified_gmt":"2024-07-30T11:33:01","slug":"xp-deus-2-waterproof-multi-frequency-rc-ws6-11-fmf-kelalla","status":"publish","type":"product","link":"https:\/\/kivenalla.fi\/en\/product\/xp-deus-2-waterproof-multi-frequency-rc-ws6-11-fmf-kelalla\/","title":{"rendered":"XP Deus 2 Waterproof Multi Frequency RC WS6 11&#8243; FMF -kelalla"},"content":{"rendered":"<h2>XP:n uusin langaton XP Deus 2 -metallinpaljastin!<\/h2>\n<p>XP Deus 2:ssa yhdistyy monitaajuisuus sek\u00e4 vesitiiveys (20 metri\u00e4) sek\u00e4 aiemmista XP Deus -malleista tuttu t\u00e4ysi langattomuus.<\/p>\n<p>Ennenn\u00e4kem\u00e4t\u00f6n tarkkuus ja palautumisnopeus. Sek\u00e4 kuivan maan k\u00e4ytt\u00f6 ett\u00e4 kahluu- ja sukellusk\u00e4ytt\u00f6 yhdistyv\u00e4t t\u00e4ss\u00e4 laitteessa.<\/p>\n<p>Uusi FMF(R) (Fast Multi Frequency) -kelateknologia.<\/p>\n<p><strong>Paketissa on mukana seuraavat osat:<\/strong><\/p>\n<p>1. Keskusyksikk\u00f6 + vy\u00f6kotelo<br \/>\n2. Langattomat kuulokkeet suojapussissa tilatun version mukaisesti<br \/>\n3. Kela + kelansuoja tilatun version mukaisesti<br \/>\n4. Kelankiinnitystarvikkeet<br \/>\n5. Lis\u00e4antenni vedenalaiseen k\u00e4ytt\u00f6\u00f6n liittimell\u00e4 varustettuna<br \/>\n6. Harmaa suojakorkki keskusyksik\u00f6lle + punainen korkki vedenalaiseen k\u00e4ytt\u00f6\u00f6n<br \/>\n7. S-Telescopic -teleskooppivarsi + alavarsi tilatun version mukaisesti<br \/>\n8. Verkkovirtasovitin (maakohtainen)<br \/>\n9. Kolmip\u00e4inen latauskaapeli (1 to 3), toimii my\u00f6skin datakaapelina keskusyksik\u00f6n p\u00e4ivitt\u00e4mist\u00e4 varten<br \/>\n10. Kelanlatausklipsi<\/p>\n<h3 class=\"products_description_title mb30\">TUOTETIEDOT<\/h3>\n<div class=\"smalltitle feature_option\">&nbsp;<\/div>\n<ul>\n<li class=\"smallvalue feature_option\">Vesitiiviys:Vesitiivis<\/li>\n<li class=\"smallvalue type\">Taajuus:Useita taajuuksia<\/li>\n<li>K\u00e4ytt\u00f6ohjekirja:suomi, englanti<\/li>\n<li>Takuu:5 vuotta<\/li>\n<li>Maah\u00e4iri\u00f6n poisto:Automaattinen &amp; manuaalinen<\/li>\n<li>Langattomat kuulokkeet:Kyll\u00e4<\/li>\n<li>Virtal\u00e4hde:Akku<\/li>\n<li>K\u00e4ytt\u00f6valikko:englanti<\/li>\n<\/ul>","protected":false},"excerpt":{"rendered":"<h2>XP:n uusin langaton XP Deus 2 -metallinpaljastin!<\/h2>","protected":false},"featured_media":6594,"comment_status":"open","ping_status":"closed","template":"","meta":{"_kadence_starter_templates_imported_post":false,"_kad_post_transparent":"","_kad_post_title":"","_kad_post_layout":"","_kad_post_sidebar_id":"","_kad_post_content_style":"","_kad_post_vertical_padding":"","_kad_post_feature":"","_kad_post_feature_position":"","_kad_post_header":false,"_kad_post_footer":false,"_kad_post_classname":""},"product_brand":[],"product_cat":[1556,16],"product_tag":[1346,85,165,527,84,1345],"class_list":{"0":"post-6595","1":"product","2":"type-product","3":"status-publish","4":"has-post-thumbnail","6":"product_cat-xp","7":"product_cat-yleinen","8":"product_tag-deus-2","9":"product_tag-metallinetsinta","10":"product_tag-metallinpaljastin","11":"product_tag-xp","12":"product_tag-xp-deus","13":"product_tag-xp-deus-2","15":"first","16":"onbackorder","17":"taxable","18":"shipping-taxable","19":"purchasable","20":"product-type-simple","21":"entry","22":"content-bg","23":"loop-entry"},"_links":{"self":[{"href":"https:\/\/kivenalla.fi\/en\/wp-json\/wp\/v2\/product\/6595","targetHints":{"allow":["GET"]}}],"collection":[{"href":"https:\/\/kivenalla.fi\/en\/wp-json\/wp\/v2\/product"}],"about":[{"href":"https:\/\/kivenalla.fi\/en\/wp-json\/wp\/v2\/types\/product"}],"replies":[{"embeddable":true,"href":"https:\/\/kivenalla.fi\/en\/wp-json\/wp\/v2\/comments?post=6595"}],"wp:featuredmedia":[{"embeddable":true,"href":"https:\/\/kivenalla.fi\/en\/wp-json\/wp\/v2\/media\/6594"}],"wp:attachment":[{"href":"https:\/\/kivenalla.fi\/en\/wp-json\/wp\/v2\/media?parent=6595"}],"wp:term":[{"taxonomy":"product_brand","embeddable":true,"href":"https:\/\/kivenalla.fi\/en\/wp-json\/wp\/v2\/product_brand?post=6595"},{"taxonomy":"product_cat","embeddable":true,"href":"https:\/\/kivenalla.fi\/en\/wp-json\/wp\/v2\/product_cat?post=6595"},{"taxonomy":"product_tag","embeddable":true,"href":"https:\/\/kivenalla.fi\/en\/wp-json\/wp\/v2\/product_tag?post=6595"}],"curies":[{"name":"wp","href":"https:\/\/api.w.org\/{rel}","templated":true}]}}