{"id":6597,"date":"2023-12-12T10:49:44","date_gmt":"2023-12-12T08:49:44","guid":{"rendered":"https:\/\/kivenalla.fi\/tuote\/kasintehty-ponttokatko\/"},"modified":"2024-12-14T09:06:23","modified_gmt":"2024-12-14T07:06:23","slug":"kasintehty-ponttokatko","status":"publish","type":"product","link":"https:\/\/kivenalla.fi\/en\/product\/kasintehty-ponttokatko\/","title":{"rendered":"Handmade \"Birdhouse\" Cache"},"content":{"rendered":"<p><strong>We\u2019ve received a few more unique, handcrafted domestic birdhouse caches for sale.<\/strong><\/p>\n\n\n\n<p><strong><em>NOTE! Now included for free is a Curtec UV Pack 300 ml bottle and a waterproof 42\u00d760 mm logbook. Value of the benefit: \u20ac8.40.<\/em><\/strong><\/p>\n\n\n\n<p>P\u00f6ntt\u00f6k\u00e4tk\u00f6ss\u00e4 remmikiinnitys liimattuna runkoon. Remmiss\u00e4 pikalukko ja portaation s\u00e4\u00e4t\u00f6, joten p\u00f6nt\u00f6n saa helposti puuhun kiinni. Kest\u00e4v\u00e4 huopakatto! P\u00e4ivitetyss\u00e4 versiossa p\u00f6nt\u00f6n takana on pehmuste, joka auttaa p\u00f6ntt\u00f6\u00e4 pysym\u00e4\u00e4n tukevasti paikallaan. P\u00f6ntt\u00f6 k\u00e4sitelty venelakalla, joten puu ei p\u00e4\u00e4 kuivumaan taikka vettym\u00e4\u00e4n. P\u00f6nt\u00f6ss\u00e4 alhaalla &#8221;kansi&#8221;, jonka saa auki irrottamalla kolme piikki\u00e4, jotka ovat eri puolilla p\u00f6ntt\u00f6\u00e4 (kts. kuvat). Uudessa versiossa kansi on kiinni p\u00f6nt\u00f6ss\u00e4 remmill\u00e4.<\/p>\n\n\n\n<p>The birdhouse has enough room inside for, for example, <a href=\"https:\/\/kivenalla.fi\/en\/?s=s300&amp;post_type=product&amp;dgwt_wcas=1\" data-type=\"linkpicker\">Cachebox S300<\/a> -sized cache container.<\/p>\n\n\n\n<p>Note! In this updated version, a small guide hole has also been made in the birdhouse if you want to turn it into a birdhouse. Just drill with a sufficiently large bit from the guide hole to the entrance hole of the birdhouse.<\/p>","protected":false},"excerpt":{"rendered":"<p>High-quality, handcrafted domestic birdhouse cache.<\/p>","protected":false},"featured_media":6596,"comment_status":"open","ping_status":"closed","template":"","meta":{"_kadence_starter_templates_imported_post":false,"_kad_post_transparent":"","_kad_post_title":"","_kad_post_layout":"","_kad_post_sidebar_id":"","_kad_post_content_style":"","_kad_post_vertical_padding":"","_kad_post_feature":"","_kad_post_feature_position":"","_kad_post_header":false,"_kad_post_footer":false,"_kad_post_classname":""},"product_brand":[],"product_cat":[1654,1544,1662],"product_tag":[126,79,1352,1351],"class_list":{"0":"post-6597","1":"product","2":"type-product","3":"status-publish","4":"has-post-thumbnail","6":"product_cat-ale20","7":"product_cat-erikoiskatkot","8":"product_cat-joulu","9":"product_tag-camokatko","10":"product_tag-erikoiskatko","11":"product_tag-linnunpontto","12":"product_tag-ponttokatko","14":"first","15":"instock","16":"taxable","17":"shipping-taxable","18":"purchasable","19":"product-type-simple","20":"entry","21":"content-bg","22":"loop-entry"},"_links":{"self":[{"href":"https:\/\/kivenalla.fi\/en\/wp-json\/wp\/v2\/product\/6597","targetHints":{"allow":["GET"]}}],"collection":[{"href":"https:\/\/kivenalla.fi\/en\/wp-json\/wp\/v2\/product"}],"about":[{"href":"https:\/\/kivenalla.fi\/en\/wp-json\/wp\/v2\/types\/product"}],"replies":[{"embeddable":true,"href":"https:\/\/kivenalla.fi\/en\/wp-json\/wp\/v2\/comments?post=6597"}],"wp:featuredmedia":[{"embeddable":true,"href":"https:\/\/kivenalla.fi\/en\/wp-json\/wp\/v2\/media\/6596"}],"wp:attachment":[{"href":"https:\/\/kivenalla.fi\/en\/wp-json\/wp\/v2\/media?parent=6597"}],"wp:term":[{"taxonomy":"product_brand","embeddable":true,"href":"https:\/\/kivenalla.fi\/en\/wp-json\/wp\/v2\/product_brand?post=6597"},{"taxonomy":"product_cat","embeddable":true,"href":"https:\/\/kivenalla.fi\/en\/wp-json\/wp\/v2\/product_cat?post=6597"},{"taxonomy":"product_tag","embeddable":true,"href":"https:\/\/kivenalla.fi\/en\/wp-json\/wp\/v2\/product_tag?post=6597"}],"curies":[{"name":"wp","href":"https:\/\/api.w.org\/{rel}","templated":true}]}}