{"id":6601,"date":"2023-12-12T10:49:46","date_gmt":"2023-12-12T08:49:46","guid":{"rendered":"https:\/\/kivenalla.fi\/tuote\/fenix-e18r-v2-0-1200-lm\/"},"modified":"2024-12-14T09:06:22","modified_gmt":"2024-12-14T07:06:22","slug":"fenix-e18r-v2-0-1200-lm","status":"publish","type":"product","link":"https:\/\/kivenalla.fi\/en\/product\/fenix-e18r-v2-0-1200-lm\/","title":{"rendered":"Fenix E18R V2.0, 1200 lm"},"content":{"rendered":"<div class=\"grid-col grid-col-content-bottom-1-1\">\n<div class=\"grid-items\">\n<div class=\"grid-item grid-item-content-bottom-1-1-1\">\n<div class=\"module module-blocks module-blocks-334 blocks-grid\">\n<div class=\"module-body\">\n<div class=\"module-item module-item-1\">\n<div class=\"block-body expand-block\">\n<div class=\"block-wrapper\">\n<div class=\"block-content  block-description\">\n<h3>Hurja taskulamppu!<\/h3>\n<p>Fenix E18R V2.0 on HURJAN TEHOKAS p\u00e4ivitetty uutuusmalli E18R minilampusta. T\u00e4ss\u00e4 lampussa on hurja 1200 lumenin valoteho saatu pakattua todella pieneen kokoon. E18R V2:0:ssa on per\u00e4ti +60 % enemm\u00e4n valotehoa verrattuna edelt\u00e4j\u00e4\u00e4ns\u00e4. Lataaminen onnistuu nyt EU standardin mukaisesti USB C latausliittimell\u00e4 etk\u00e4 en\u00e4\u00e4 tarvitse lampun lataamiseen erikoisjohtoa. E18R V2.0 on todellakin pienikokoinen eik\u00e4 sen 56 g painokaan p\u00e4\u00e4t\u00e4 huimaa! T\u00e4ss\u00e4 on lamppu, joka kuljetat helposti aina mukanasi miss\u00e4 tahansa valoa sitten tarvitset. E18R:ss\u00e4 on paljon kysytty yhden lumenin kuunvalotila joka on erityisen k\u00e4tev\u00e4 silloin kun et halua h\u00e4irit\u00e4 valolla muita esim. teltassa nukuttaessa. Valokuvio on yhdistelm\u00e4tyyppinen eli sopivasti keskitt\u00e4v\u00e4 mutta samanaikaisesti riitt\u00e4v\u00e4sti ymp\u00e4rist\u00f6\u00e4 valaiseva. Lampussa on viisi kirkkaustilaa ja strobo-vilkkutoiminto. K\u00e4tev\u00e4 yksityiskohta on kantaosan tehomagneetti, jolla kiinnit\u00e4 E18R V2.0 l\u00e4hes kaikille metallipinnoille.<\/p>\n<h3>Hurjaa valotehoa<\/h3>\n<p>Saimme puritettua hurjan valotehon ja suorituskyvyn todella lilliputtimaiseen kokoon! E18R V2.0 on max. 1200 lm valovoima ja pitk\u00e4 max. 146 m kantomatka. Uutuutena E18R V2.0 on yhden lumenin kuunvalotila. Vaikka yksi lumeni ei paljon valoa olekaan, on se kuitenkin tarpeeksi pime\u00e4ss\u00e4 esim. teltassa n\u00e4kemiseen ilman, ett\u00e4 h\u00e4iritset muita. Lis\u00e4ksi yhden lumenin k\u00e4ytt\u00f6tila mahdollistaa yhdell\u00e4 latauksella pitk\u00e4n max. 200 tunnin yht\u00e4mittaisen k\u00e4ytt\u00f6ajan. Virtal\u00e4hteen\u00e4 toimii tehokas Fenix ARB-L18-700 Li-ion tehoakku jonka lataa nopeasti tyhj\u00e4st\u00e4 t\u00e4yteen (1,2 h). Lataus tapahtuu uuden yhten\u00e4isen EU standardin mukaisella USB C-latausliittimell\u00e4.<\/p>\n<h3>K\u00e4yt\u00e4nn\u00f6llist\u00e4 suunnittelua<\/h3>\n<p>Fenix E18R V2.0 suunnittelun l\u00e4ht\u00f6kohtana oli tehd\u00e4 siit\u00e4 paras yleisk\u00e4yt\u00f6n taskulamppu jolla voit korvata useamman isommankin taskulampun. Lampussa on k\u00e4tev\u00e4 kaksisuuntainen kiinnitysklipsi jolla saat lampun k\u00e4tev\u00e4sti vy\u00f6lle, lippalakkiin jne. Kantaosan tehomagneetilla saat lampun kiinnitetty\u00e4 l\u00e4hes kaikkiin metallipintoihin. Iskunkest\u00e4vyys ja t\u00e4ysi IP68 p\u00f6ly- ja vesitiiviys takaavat, ett\u00e4 E18R V2.0 kest\u00e4\u00e4 vaativampaa k\u00e4ytt\u00f6\u00e4 rikkoutumatta. Turvallisen k\u00e4yt\u00f6n varmistaa Fenixin uusi patentoitu IOP l\u00e4mm\u00f6nhallintaelektroniikka, joka est\u00e4\u00e4 lampun pintal\u00e4mp\u00f6tilan nousun (max. 60 celcius-astetta) k\u00e4ytett\u00e4ess\u00e4 lamppua suurilla tehotiloilla. Lampun tahaton p\u00e4\u00e4llekytkeytyminen voidaan est\u00e4\u00e4 elektronisella n\u00e4pp\u00e4inlukolla tai k\u00e4\u00e4nt\u00e4m\u00e4ll\u00e4 metallinen klipsikiinnitys painonapin suojaksi.<\/p>\n<h3>K\u00e4ytt\u00f6 my\u00f6s CR123A paristolla<\/h3>\n<p>Fenix E18R V2.0 voidaan k\u00e4ytt\u00e4\u00e4 ladattavan akkupariston lis\u00e4ksi tavallisella, eritt\u00e4in hyvin kylm\u00e4\u00e4 kest\u00e4v\u00e4ll\u00e4 CR123A paristolla. J\u00e4ljell\u00e4 oleva paristovirran m\u00e4\u00e4r\u00e4 on helppo tarkastaa k\u00e4ytt\u00f6kytkimen LED-merkkivalosta*. Varaustilan ilmaisin toimii ainoastaan Fenix ARB-L16 -sarjan ladattavilla akkuparistolla.<\/p>\n<h3>Product Information<\/h3>\n<ul>\n<li>Vakiovoimakkuuspiiri s\u00e4ilytt\u00e4\u00e4 kirkkauden muita taskulamppuja pidemp\u00e4\u00e4n.<\/li>\n<li>Ultraohut, optisen laatuluokan linssiteknologia.<\/li>\n<li>USB-C (lataus tyhj\u00e4st\u00e4 t\u00e4yteen noin 1,2 tunnissa).<\/li>\n<li>Lukittava k\u00e4ytt\u00f6kytkin est\u00e4\u00e4 tehokkaasti lampun tahattoman p\u00e4\u00e4llekytkeytymisen.<\/li>\n<li>Magneettinen kantaosa mahdollistaa kiinnityksen l\u00e4hes kaikille metallipinnoille.<\/li>\n<li>LED-merkkivalo ilmoittaa latauksen ja j\u00e4ljell\u00e4 olevan virran.<\/li>\n<li>Ylikuumenemisen est\u00e4v\u00e4 IOP-elektroniikka varmistaa lampun turvallisen k\u00e4yt\u00f6n.<\/li>\n<li>K\u00e4\u00e4nteisen paristopolarisaation suojaus &#8211; est\u00e4\u00e4 valaisimen vahingoittumisen v\u00e4\u00e4rin asennettujen paristojen vuoksi.<\/li>\n<li>Valmistettu kest\u00e4v\u00e4st\u00e4 oksidoidusta alumiinista jossa tyypin III-kova-anodisointi.<\/li>\n<li>Pakkaus sis\u00e4lt\u00e4\u00e4: E18R V2.0 ladattava minilamppu, Fenix ARB-L16-700P Li-ion tehoakku, USB-C latausjohto, rannehihna, vaihdettava O-rengastiiviste, k\u00e4ytt\u00f6ohje.<\/li>\n<\/ul>\n<p>Fenix-tuotemerkki takaa aina huippulaadun, E18R V2.0 on t\u00e4ysin IP68 p\u00f6ly- ja vesitiivis. Kaikki Fenix valaisimet on testattu omassa laboratoriossa amerikkalaisen ANSI\/FL1 standardin mukaisesti. E18R V2.0 lampulla on viiden (5) vuoden (paristo 1 vuosi) Fenix-laatutakuu.<\/p>\n<div class=\"grid-item grid-item-content-bottom-1-2-1\">\n<div class=\"module module-blocks module-blocks-335 blocks-grid\">\n<div class=\"module-body\">\n<div class=\"module-item module-item-1\">\n<div class=\"block-body expand-block\">\n<h3 class=\"title module-title block-title\">Technical details<\/h3>\n<div class=\"block-wrapper\">\n<div class=\"block-content  block-attributes\">\n<div id=\"tab-specification\">\n<div class=\"table-responsive\">\n<table class=\"table table-bordered\">\n<tbody>\n<tr>\n<td>Maximum brightness (max)<\/td>\n<td>1200 lumenia<\/td>\n<\/tr>\n<tr>\n<td>Runtime (max)<\/td>\n<td>200 h (eko-tehotila)<\/td>\n<\/tr>\n<tr>\n<td>Beam distance (max)<\/td>\n<td>146 metri\u00e4<\/td>\n<\/tr>\n<tr>\n<td>Peak intensity (max)<\/td>\n<td>5397 kandela<\/td>\n<\/tr>\n<tr>\n<td>Impact resistance<\/td>\n<td>1 m<\/td>\n<\/tr>\n<tr>\n<td>Water resistance<\/td>\n<td>IP68 (t\u00e4ysin p\u00f6ly- ja vesitiivis)<\/td>\n<\/tr>\n<tr>\n<td>Operating modes<\/td>\n<td>5 kpl + storbo<\/td>\n<\/tr>\n<tr>\n<td>K\u00e4ytt\u00f6tila turbo<\/td>\n<td>1200 lm \/ 30 min* \/ 146 m \/ 5397 cd<\/td>\n<\/tr>\n<tr>\n<td>High mode<\/td>\n<td>350 lm \/ 1 h 20 min \/ 81 m \/ 1661 cd<\/td>\n<\/tr>\n<tr>\n<td>Middle mode<\/td>\n<td>150 lm \/ 2 h 30 min \/ 53 m \/ 714 cd<\/td>\n<\/tr>\n<tr>\n<td>Low mode<\/td>\n<td>30 lm \/ 15 h \/ 23 m \/ 137 cd<\/td>\n<\/tr>\n<tr>\n<td>Eco mode<\/td>\n<td>1 lm \/ 200 h \/ 9 m \/ 4 cd<\/td>\n<\/tr>\n<tr>\n<td>Strobo<\/td>\n<td>1200 lm<\/td>\n<\/tr>\n<tr>\n<td>LED type<\/td>\n<td>Luminus SST-40 valkoinen LED<\/td>\n<\/tr>\n<tr>\n<td>Size<\/td>\n<td>67 x 22 mm<\/td>\n<\/tr>\n<tr>\n<td>Weight<\/td>\n<td>56 g (sis\u00e4lt\u00e4\u00e4 pariston)<\/td>\n<\/tr>\n<tr>\n<td>Power source<\/td>\n<td>1&#215;16340 (ARB-L16-sarja) \/ 1xCR123A<\/td>\n<\/tr>\n<tr>\n<td>Charging method<\/td>\n<td>USB-C lataus<\/td>\n<\/tr>\n<tr>\n<td>Certifications<\/td>\n<td>ANSI\/NEMA FL-1, ROHS, CE<\/td>\n<\/tr>\n<tr>\n<td>Warranty<\/td>\n<td>5-vuotta<\/td>\n<\/tr>\n<tr>\n<td>Package contents<\/td>\n<td>E18R V2.0 ladattava minilamppu, Fenix ARB-L16-700P Li-ion ladattava akkuparisto, USB-C latausjohto, rannehihna, vaihdettava O-rengastiiviste, k\u00e4ytt\u00f6ohje<\/td>\n<\/tr>\n<\/tbody>\n<\/table>\n<\/div>\n<\/div>\n<\/div>\n<div class=\"block-footer\">* Turbo-tehotilan k\u00e4ytt\u00f6aika on valaisimen yht\u00e4mittainen k\u00e4ytt\u00f6aika valoteholla 100 &#8211; 10 %.<br \/>\nTekniset suoritusarvot on mitattu ANSI\/PLATO FL1 -k\u00e4sivalaisinstandardin mukaisesti.<\/div>\n<\/div>\n<\/div>\n<\/div>\n<\/div>\n<\/div>\n<\/div>\n<\/div>\n<\/div>\n<\/div>\n<\/div>\n<\/div>\n<\/div>\n<\/div>\n<\/div>\n<\/div>","protected":false},"excerpt":{"rendered":"<p>Fenix E18R V2.0 on HURJAN TEHOKAS p\u00e4ivitetty uutuusmalli E18R minilampusta.<\/p>","protected":false},"featured_media":6600,"comment_status":"open","ping_status":"closed","template":"","meta":{"_kadence_starter_templates_imported_post":false,"_kad_post_transparent":"","_kad_post_title":"","_kad_post_layout":"","_kad_post_sidebar_id":"","_kad_post_content_style":"","_kad_post_vertical_padding":"","_kad_post_feature":"","_kad_post_feature_position":"","_kad_post_header":false,"_kad_post_footer":false,"_kad_post_classname":""},"product_brand":[],"product_cat":[1653,1564,1662,16],"product_tag":[790,1353,32,574,266],"class_list":{"0":"post-6601","1":"product","2":"type-product","3":"status-publish","4":"has-post-thumbnail","6":"product_cat-ale10","7":"product_cat-fenix","8":"product_cat-joulu","9":"product_cat-yleinen","10":"product_tag-e18r","11":"product_tag-e18r-v2-0","12":"product_tag-fenix","13":"product_tag-minilamppu","14":"product_tag-taskulamppu","16":"first","17":"instock","18":"taxable","19":"shipping-taxable","20":"purchasable","21":"product-type-simple","22":"entry","23":"content-bg","24":"loop-entry"},"_links":{"self":[{"href":"https:\/\/kivenalla.fi\/en\/wp-json\/wp\/v2\/product\/6601","targetHints":{"allow":["GET"]}}],"collection":[{"href":"https:\/\/kivenalla.fi\/en\/wp-json\/wp\/v2\/product"}],"about":[{"href":"https:\/\/kivenalla.fi\/en\/wp-json\/wp\/v2\/types\/product"}],"replies":[{"embeddable":true,"href":"https:\/\/kivenalla.fi\/en\/wp-json\/wp\/v2\/comments?post=6601"}],"wp:featuredmedia":[{"embeddable":true,"href":"https:\/\/kivenalla.fi\/en\/wp-json\/wp\/v2\/media\/6600"}],"wp:attachment":[{"href":"https:\/\/kivenalla.fi\/en\/wp-json\/wp\/v2\/media?parent=6601"}],"wp:term":[{"taxonomy":"product_brand","embeddable":true,"href":"https:\/\/kivenalla.fi\/en\/wp-json\/wp\/v2\/product_brand?post=6601"},{"taxonomy":"product_cat","embeddable":true,"href":"https:\/\/kivenalla.fi\/en\/wp-json\/wp\/v2\/product_cat?post=6601"},{"taxonomy":"product_tag","embeddable":true,"href":"https:\/\/kivenalla.fi\/en\/wp-json\/wp\/v2\/product_tag?post=6601"}],"curies":[{"name":"wp","href":"https:\/\/api.w.org\/{rel}","templated":true}]}}