{"id":6605,"date":"2023-12-12T10:49:48","date_gmt":"2023-12-12T08:49:48","guid":{"rendered":"https:\/\/kivenalla.fi\/tuote\/akkuparisto-fenix-arb-l21-5000-21700\/"},"modified":"2024-11-22T15:06:23","modified_gmt":"2024-11-22T13:06:23","slug":"akkuparisto-fenix-arb-l21-5000-21700","status":"publish","type":"product","link":"https:\/\/kivenalla.fi\/en\/product\/akkuparisto-fenix-arb-l21-5000-21700\/","title":{"rendered":"Fenix ARB-L21-5000 Rechargeable Battery \u2013 21700"},"content":{"rendered":"<div class=\"grid-col grid-col-content-bottom-1-1\">\n<div class=\"grid-items\">\n<div class=\"grid-item grid-item-content-bottom-1-1-1\">\n<div class=\"module module-blocks module-blocks-334 blocks-grid\">\n<div class=\"module-body\">\n<div class=\"module-item module-item-1\">\n<div class=\"block-body expand-block\">\n<div class=\"block-wrapper\">\n<div class=\"block-content  block-description\">Fenix ARB-L21-21700 ladattava on laadukas, korkeakapasiteettinen 5000 mAh&nbsp;Li-ion akku kohteisiin joissa akulta vaaditaan suurta kapasiteettia ja pitk\u00e4\u00e4 k\u00e4ytt\u00f6aikaa. ARB-L21-21700 akun kapasiteetti on kaksi kertaa suurempi kuin tavanomaisen 18650\/2300 mAh akun. Akku on my\u00f6s turvallinen k\u00e4ytt\u00e4\u00e4 sill\u00e4 suojauspiirien lis\u00e4ksi siin\u00e4 on koko akun kattava ter\u00e4ssylinterisuojaus joka suojaa akkua ulkopuolisilta kolhuilta ja iskuilta. Huomaathan, ett\u00e4 akun suuremman pituuden vuoksi lataamiseen tulee k\u00e4ytt\u00e4\u00e4 Fenix ARE-D1 (1-paikkainen) tai Fenix ARE-D2 (2 paikkainen) latausasemaa.&nbsp;<br \/>\n&nbsp;<\/p>\n<ul>\n<li>Suuri 5000 mAh kapasiteetti<\/li>\n<li>Kehittynyt suojauspiiri<\/li>\n<li>Ter\u00e4ksinen suojarakenne suojaa akkua tehokkaasti mahdollisten iskujen aiheuttamilta oikosuluilta ja muilta vaaroilta<\/li>\n<li>500 latauskertaa<\/li>\n<\/ul>\n<div class=\"grid-item grid-item-content-bottom-1-2-1\">\n<div class=\"module module-blocks module-blocks-335 blocks-grid\">\n<div class=\"module-body\">\n<div class=\"module-item module-item-1\">\n<div class=\"block-body expand-block\">\n<h3 class=\"title module-title block-title\">Technical details<\/h3>\n<div class=\"block-wrapper\">\n<div class=\"block-content  block-attributes\">\n<div id=\"tab-specification\">\n<div class=\"table-responsive\">\n<table class=\"table table-bordered\">\n<tbody>\n<tr>\n<td>Tyyppi<\/td>\n<td>Li-ion<\/td>\n<\/tr>\n<tr>\n<td>Size<\/td>\n<td>21700<\/td>\n<\/tr>\n<tr>\n<td>Nimellisj\u00e4nnite<\/td>\n<td>3,6 V<\/td>\n<\/tr>\n<tr>\n<td>Kapasiteetti<\/td>\n<td>5000 mAh<\/td>\n<\/tr>\n<tr>\n<td>Latausvirta<\/td>\n<td>1A (suositus), 5A max<\/td>\n<\/tr>\n<tr>\n<td>Purkuvirta<\/td>\n<td>7,5A<\/td>\n<\/tr>\n<tr>\n<td>Size<\/td>\n<td>\u00d821,5 x 76 mm<\/td>\n<\/tr>\n<tr>\n<td>Weight<\/td>\n<td>72,5 g<\/td>\n<\/tr>\n<tr>\n<td>Warranty<\/td>\n<td>12 kk<\/td>\n<\/tr>\n<tr>\n<td>Package contents<\/td>\n<td>1 kpl<\/td>\n<\/tr>\n<tr>\n<td>Huomioitavaa<\/td>\n<td>Soveltuu k\u00e4ytett\u00e4v\u00e4ksi vain valaisimissa joissa voidaan k\u00e4ytt\u00e4\u00e4 21700 akkuparistoa. Yhteensopivat Fenix valaisinmallit: HT18, PD36R, TK22 V2.0, TK22UE STRIKER.<br \/>\n\t\t\tUSB C -kaapeli hankittava erikseen.<\/td>\n<\/tr>\n<\/tbody>\n<\/table>\n<\/div>\n<\/div>\n<\/div>\n<div class=\"block-footer\">* Turbo-tehotilan k\u00e4ytt\u00f6aika on valaisimen yht\u00e4mittainen k\u00e4ytt\u00f6aika valoteholla 100 &#8211; 10 %.<br \/>\nTekniset suoritusarvot on mitattu ANSI\/PLATO FL1 -k\u00e4sivalaisinstandardin mukaisesti.<\/div>\n<\/div>\n<\/div>\n<\/div>\n<\/div>\n<\/div>\n<\/div>\n<\/div>\n<\/div>\n<\/div>\n<\/div>\n<\/div>\n<\/div>\n<\/div>\n<\/div>\n<\/div>","protected":false},"excerpt":{"rendered":"<p>Fenix ARB-L21-21700 ladattava on laadukas, korkeakapasiteettinen 5000 mAh&nbsp;Li-ion akku kohteisiin joissa akulta vaaditaan suurta kapasiteettia ja pitk\u00e4\u00e4 k\u00e4ytt\u00f6aikaa.<\/p>","protected":false},"featured_media":6604,"comment_status":"open","ping_status":"closed","template":"","meta":{"_kadence_starter_templates_imported_post":false,"_kad_post_transparent":"","_kad_post_title":"","_kad_post_layout":"","_kad_post_sidebar_id":"","_kad_post_content_style":"","_kad_post_vertical_padding":"","_kad_post_feature":"","_kad_post_feature_position":"","_kad_post_header":false,"_kad_post_footer":false,"_kad_post_classname":""},"product_brand":[],"product_cat":[1653,1568],"product_tag":[934,39,32,313],"class_list":{"0":"post-6605","1":"product","2":"type-product","3":"status-publish","4":"has-post-thumbnail","6":"product_cat-ale10","7":"product_cat-akut-ja-paristot","8":"product_tag-934","9":"product_tag-akku","10":"product_tag-fenix","11":"product_tag-litium","13":"first","14":"instock","15":"taxable","16":"shipping-taxable","17":"purchasable","18":"product-type-simple","19":"entry","20":"content-bg","21":"loop-entry"},"_links":{"self":[{"href":"https:\/\/kivenalla.fi\/en\/wp-json\/wp\/v2\/product\/6605","targetHints":{"allow":["GET"]}}],"collection":[{"href":"https:\/\/kivenalla.fi\/en\/wp-json\/wp\/v2\/product"}],"about":[{"href":"https:\/\/kivenalla.fi\/en\/wp-json\/wp\/v2\/types\/product"}],"replies":[{"embeddable":true,"href":"https:\/\/kivenalla.fi\/en\/wp-json\/wp\/v2\/comments?post=6605"}],"wp:featuredmedia":[{"embeddable":true,"href":"https:\/\/kivenalla.fi\/en\/wp-json\/wp\/v2\/media\/6604"}],"wp:attachment":[{"href":"https:\/\/kivenalla.fi\/en\/wp-json\/wp\/v2\/media?parent=6605"}],"wp:term":[{"taxonomy":"product_brand","embeddable":true,"href":"https:\/\/kivenalla.fi\/en\/wp-json\/wp\/v2\/product_brand?post=6605"},{"taxonomy":"product_cat","embeddable":true,"href":"https:\/\/kivenalla.fi\/en\/wp-json\/wp\/v2\/product_cat?post=6605"},{"taxonomy":"product_tag","embeddable":true,"href":"https:\/\/kivenalla.fi\/en\/wp-json\/wp\/v2\/product_tag?post=6605"}],"curies":[{"name":"wp","href":"https:\/\/api.w.org\/{rel}","templated":true}]}}