{"id":6607,"date":"2023-12-12T10:49:49","date_gmt":"2023-12-12T08:49:49","guid":{"rendered":"https:\/\/kivenalla.fi\/tuote\/lasertaskulamppu-fenix-ht30r-500-lm\/"},"modified":"2024-07-30T14:03:38","modified_gmt":"2024-07-30T11:03:38","slug":"lasertaskulamppu-fenix-ht30r-500-lm","status":"publish","type":"product","link":"https:\/\/kivenalla.fi\/en\/product\/lasertaskulamppu-fenix-ht30r-500-lm\/","title":{"rendered":"Lasertaskulamppu Fenix HT30R, 500 lm"},"content":{"rendered":"<div class=\"grid-col grid-col-content-bottom-1-1\">\n<div class=\"grid-items\">\n<div class=\"grid-item grid-item-content-bottom-1-1-1\">\n<div class=\"module module-blocks module-blocks-334 blocks-grid\">\n<div class=\"module-body\">\n<div class=\"module-item module-item-1\">\n<div class=\"block-body expand-block\">\n<div class=\"block-wrapper\">\n<div class=\"block-content  block-description\">\n<h3>HT30R maailman tehokkain valokeila<\/h3>\n<p>Fenixin ensimm\u00e4inen valkoista valoa tuottava LEP-lasertaskulamppu on yhdell\u00e4 sanalla kuvattuna h\u00e4ik\u00e4isev\u00e4. T\u00e4m\u00e4 ammatti- ja vaativan harrastek\u00e4ytt\u00e4j\u00e4n supertaskulamppu tuottaa huikean 1500 metrin kantomatkan 500 lumenin maksimivaloteholla (ANSI NEMA FL1). HT30R laservalo tuottaa turvallisen luokan yksi standardin mukaisen valkoisen valon spektrin ilman laservalolle tyypillist\u00e4 haitallista monokromaattista valoa. HT30R lasertaskulampun valokeila on tarkka ja erinomaisesti kantava max. 1500 metriin asti. HT30R toimitetaan suurikapasiteettisella 5000 mAh ladattavalla Li-ion akkuparistolla. HT30R on sinulle joka etsit \u00e4\u00e4rimm\u00e4isen tehokasta ja pitk\u00e4lle kantavaa valoa maalinhakuun, merkinantoon ja etsint\u00e4\u00e4n.<\/p>\n<h3>EU standardin mukainen USB C -lataus<\/h3>\n<p>Koska Fenix HT30R on suunniteltu vaativaan k\u00e4ytt\u00f6\u00f6n, sen nopea USB C -latausliitin on hienosti suojassa kierrett\u00e4v\u00e4n aukaisumekanismin alla. N\u00e4in liitin on 100 %:sti suojassa ulkopuolisilta roskilta. Latausliitin on t\u00e4ysin vesitiivis. Liittimen vier\u00e4ss\u00e4 sijaitseva LED-merkkivalo kertoo selke\u00e4sti latauksen etenemisen ja j\u00e4ljell\u00e4 olevan paristovarauksen m\u00e4\u00e4r\u00e4n.<\/p>\n<h3>K\u00e4ytt\u00f6kytkin jolla et r\u00e4pell\u00e4<\/h3>\n<p>T\u00e4m\u00e4n lampun kanssa ei tarvitse turhia r\u00e4pellell\u00e4. Innovatiivinen kaksitoiminen p\u00e4\u00e4tykytkin on eritt\u00e4in helppo ja varmatoiminen. Taktisen k\u00e4yt\u00f6n k\u00e4ytt\u00f6kytkin mahdollistaa lampun hetkellisen ja jatkuvan k\u00e4yt\u00f6n. Pienemm\u00e4st\u00e4 k\u00e4ytt\u00f6kytkimest\u00e4 saat tehokkaasti sokaisevan strobo-vilkun k\u00e4ytt\u00f6\u00f6si kaikissa k\u00e4ytt\u00f6tiloissa. T\u00e4st\u00e4 kytkimest\u00e4 voit lis\u00e4ksi vaihtaa valotehoa lampun kahden eri kirkkaustilan v\u00e4lill\u00e4 (korkea 500 lm, matala 100 lm).<\/p>\n<h3>Ultrapitk\u00e4 k\u00e4ytt\u00f6aika<\/h3>\n<p>HT30R:ss\u00e4 ei ole tingitty mist\u00e4\u00e4n. Valaisimen mukana toimitetaan uuden sukupolven Fenix ARB-L21-5000 V2.0 ladattava Li-ion akkuparisto. Akkupariston mahtava 5000 mAh kapasiteetti ei ihan heti lopu kesken sill\u00e4 yhdell\u00e4 latauksella voit k\u00e4ytt\u00e4\u00e4 lamppua sen pienimm\u00e4ll\u00e4 100 lumenin valoteholla huikeat 7 h 15 min yht\u00e4mittaa!<\/p>\n<h3>Rekyylinkest\u00e4v\u00e4 rakenne<\/h3>\n<p>Fenix HT30R lasertaskulampun paristomagasiini on rekyylisuojattu. Magasiinissa on kaksoisjousitus joka pit\u00e4\u00e4 pariston &#8221;kelluvana&#8221; ja t\u00e4m\u00e4 est\u00e4\u00e4 paristovauriot jotka voivat aiheutua ulkopuolisen rekyylin tai muun iskun seurauksena.<\/p>\n<p>&nbsp;<\/p>\n<h3>Product Information<\/h3>\n<ul>\n<li>T\u00e4ytt\u00e4\u00e4 turvallisuusluokan 1 vaatimukset (447 nm Luokka 1, EN\/IEC 60825-1:2014 &amp; IEC 60471:2006\/ EN 62471:2008).<\/li>\n<li>Taktisen k\u00e4yt\u00f6n k\u00e4ytt\u00f6kytkin jossa strobo-suorakytkent\u00e4.<\/li>\n<li>EU standardin t\u00e4ytt\u00e4v\u00e4 USB C-latausliitin.<\/li>\n<li>Rekyylisuojattu paristomagasiini est\u00e4\u00e4 paristovauriot iskun tai rekyylin seurauksena.<\/li>\n<li>LED-merkkivalo latauksen ja j\u00e4ljell\u00e4 olevan virtam\u00e4\u00e4r\u00e4n seurantaan.<\/li>\n<li>Alhaisen paristoj\u00e4nnitteen ilmaisintoiminto (laskee automaattisesti tehoa paristoj\u00e4nnitteen laskiessa, vilkuttaa valoa kolme kertaa viiden minuutin v\u00e4lein muistuttaen lataus- tai pariston vaihtotarpeesta).<\/li>\n<li>Ylikuumenemisen est\u00e4v\u00e4 suojaus. Valaisimen pintal\u00e4mp\u00f6tila pysyy turvallisena.<\/li>\n<li>Pakkaus sis\u00e4lt\u00e4\u00e4: Fenix HT30R lasertaskulamppu, Fenix ARB-L21-5000 V2.0 USB-C ladattava akkuparisto, USB C-latausjohto, kuljetuskotelo, kiinnitysnauha, vaihdettava O-rengastiiviste x 2, k\u00e4ytt\u00f6ohje.<\/li>\n<\/ul>\n<p>Fenix-tuotemerkki takaa aina huippulaadun. Fenix HT30R lasertaskulamppu on t\u00e4ysin IP68 p\u00f6ly- ja vesitiivis. Kaikki Fenix valaisimet on testattu omassa laboratoriossa amerikkalaisen ANSI\/FL1 standardin mukaisesti. Fenix HT30R lasertaskulampulla on viiden (5) vuoden (paristo 1 vuosi) Fenix laatutakuu.<\/p>\n<\/div>\n<\/div>\n<\/div>\n<\/div>\n<\/div>\n<\/div>\n<\/div>\n<\/div>\n<\/div>\n<div class=\"grid-item grid-item-content-bottom-1-2-1\">\n<div class=\"module module-blocks module-blocks-335 blocks-grid\">\n<div class=\"module-body\">\n<div class=\"module-item module-item-1\">\n<div class=\"block-body expand-block\">\n<h3 class=\"title module-title block-title\">Technical details<\/h3>\n<div class=\"block-wrapper\">\n<div class=\"block-content  block-attributes\">\n<div id=\"tab-specification\">\n<div class=\"table-responsive\">\n<table class=\"table table-bordered\">\n<tbody>\n<tr>\n<td>Maximum brightness (max)<\/td>\n<td>500 lumenia<\/td>\n<\/tr>\n<tr>\n<td>Runtime (max)<\/td>\n<td>7 h 15 min (100 lm)<\/td>\n<\/tr>\n<tr>\n<td>Beam distance (max)<\/td>\n<td>1500 metri\u00e4<\/td>\n<\/tr>\n<tr>\n<td>Peak intensity (max)<\/td>\n<td>600000 kandela<\/td>\n<\/tr>\n<tr>\n<td>Impact resistance<\/td>\n<td>1 m<\/td>\n<\/tr>\n<tr>\n<td>Water resistance<\/td>\n<td>IP68 (t\u00e4ysin p\u00f6ly- ja vesitiivis)<\/td>\n<\/tr>\n<tr>\n<td>Operating modes<\/td>\n<td>3 kpl<\/td>\n<\/tr>\n<tr>\n<td>K\u00e4ytt\u00f6tila: Korkea<\/td>\n<td>500 lm \/ 2 h 20 min* \/ 1500 m \/ 600,000 cd<\/td>\n<\/tr>\n<tr>\n<td>K\u00e4ytt\u00f6tila: Matala<\/td>\n<td>100 lm \/ 7 h 15 min \/ 600 m \/ 100,000 cd<\/td>\n<\/tr>\n<tr>\n<td>Strobo<\/td>\n<td>500 lm<\/td>\n<\/tr>\n<tr>\n<td>LED type<\/td>\n<td>Valkoinen laser (447 nm turvallisuusluokka 1, EN\/IEC 60825-1:2014 &amp; IEC 60471:2006\/ EN 62471:2008 standardi)<\/td>\n<\/tr>\n<tr>\n<td>Size<\/td>\n<td>179 x 40 x 26 mm<\/td>\n<\/tr>\n<tr>\n<td>Weight<\/td>\n<td>264 g (paristo sis\u00e4ltyy)<\/td>\n<\/tr>\n<tr>\n<td>Power source<\/td>\n<td>1 x 21700 5000 mAh Li-ion ladattava akkuparisto (sis\u00e4ltyy)<\/td>\n<\/tr>\n<tr>\n<td>Certifications<\/td>\n<td>ANSI\/NEMA FL-1, ROHS, CE<\/td>\n<\/tr>\n<tr>\n<td>Warranty<\/td>\n<td>5-vuotta<\/td>\n<\/tr>\n<tr>\n<td>Package contents<\/td>\n<td>Fenix HT30R lasertaskulamppu, Fenix ARB-L21-5000 V2.0 USB-C ladattava akkuparisto, USB C-latausjohto, kuljetuskotelo, kiinnitysnauha, vaihdettava O-rengastiiviste x 2, k\u00e4ytt\u00f6ohje.<\/td>\n<\/tr>\n<\/tbody>\n<\/table>\n<\/div>\n<\/div>\n<\/div>\n<div class=\"block-footer\">* Turbo-tehotilan k\u00e4ytt\u00f6aika on valaisimen yht\u00e4mittainen k\u00e4ytt\u00f6aika valoteholla 100 &#8211; 10 %.<br \/>\nTekniset suoritusarvot on mitattu ANSI\/PLATO FL1 -k\u00e4sivalaisinstandardin mukaisesti.<\/div>\n<\/div>\n<\/div>\n<\/div>\n<\/div>\n<\/div>\n<\/div>","protected":false},"excerpt":{"rendered":"<h3>HT30R maailman tehokkain valokeila<\/h3>","protected":false},"featured_media":6606,"comment_status":"open","ping_status":"closed","template":"","meta":{"_kadence_starter_templates_imported_post":false,"_kad_post_transparent":"","_kad_post_title":"","_kad_post_layout":"","_kad_post_sidebar_id":"","_kad_post_content_style":"","_kad_post_vertical_padding":"","_kad_post_feature":"","_kad_post_feature_position":"","_kad_post_header":false,"_kad_post_footer":false,"_kad_post_classname":""},"product_brand":[],"product_cat":[1564,16],"product_tag":[32,572,1357,1358],"class_list":{"0":"post-6607","1":"product","2":"type-product","3":"status-publish","4":"has-post-thumbnail","6":"product_cat-fenix","7":"product_cat-yleinen","8":"product_tag-fenix","9":"product_tag-hakuvalo","10":"product_tag-ht30r","11":"product_tag-laserlamppu","13":"first","14":"onbackorder","15":"taxable","16":"shipping-taxable","17":"purchasable","18":"product-type-simple","19":"entry","20":"content-bg","21":"loop-entry"},"_links":{"self":[{"href":"https:\/\/kivenalla.fi\/en\/wp-json\/wp\/v2\/product\/6607","targetHints":{"allow":["GET"]}}],"collection":[{"href":"https:\/\/kivenalla.fi\/en\/wp-json\/wp\/v2\/product"}],"about":[{"href":"https:\/\/kivenalla.fi\/en\/wp-json\/wp\/v2\/types\/product"}],"replies":[{"embeddable":true,"href":"https:\/\/kivenalla.fi\/en\/wp-json\/wp\/v2\/comments?post=6607"}],"wp:featuredmedia":[{"embeddable":true,"href":"https:\/\/kivenalla.fi\/en\/wp-json\/wp\/v2\/media\/6606"}],"wp:attachment":[{"href":"https:\/\/kivenalla.fi\/en\/wp-json\/wp\/v2\/media?parent=6607"}],"wp:term":[{"taxonomy":"product_brand","embeddable":true,"href":"https:\/\/kivenalla.fi\/en\/wp-json\/wp\/v2\/product_brand?post=6607"},{"taxonomy":"product_cat","embeddable":true,"href":"https:\/\/kivenalla.fi\/en\/wp-json\/wp\/v2\/product_cat?post=6607"},{"taxonomy":"product_tag","embeddable":true,"href":"https:\/\/kivenalla.fi\/en\/wp-json\/wp\/v2\/product_tag?post=6607"}],"curies":[{"name":"wp","href":"https:\/\/api.w.org\/{rel}","templated":true}]}}