{"id":6635,"date":"2023-12-12T10:50:13","date_gmt":"2023-12-12T08:50:13","guid":{"rendered":"https:\/\/kivenalla.fi\/tuote\/stanley-termosmuki-mountain-0-47l-switchback\/"},"modified":"2024-07-30T13:59:42","modified_gmt":"2024-07-30T10:59:42","slug":"stanley-termosmuki-mountain-0-47l-switchback","status":"publish","type":"product","link":"https:\/\/kivenalla.fi\/en\/product\/stanley-termosmuki-mountain-0-47l-switchback\/","title":{"rendered":"Stanley Termosmuki Mountain 0.47L Switchback"},"content":{"rendered":"<p>Kovaan k\u00e4ytt\u00f6\u00f6n tarkoitettu Switchback on k\u00e4tev\u00e4 kantaa, tai ripustaa vaikkapa rinkkaan kannen kiinte\u00e4n lenkin ansiosta. 0,47 litran malli pit\u00e4\u00e4 juoman kuumana 7 tuntia, ja kylm\u00e4n\u00e4 9 tuntia. Nopea ja helppo k\u00e4ytt\u00e4\u00e4 yhdell\u00e4 k\u00e4dell\u00e4 painonapin ansiosta, joten voit juoda helposti esimerkiksi vaellusretkill\u00e4 tai autoillessasi. Vuotamaton, astianpesukoneen kest\u00e4v\u00e4 ja BPA-vapaa. Sporttinen termosmuki moneen k\u00e4ytt\u00f6\u00f6n tyylikk\u00e4\u00e4n\u00e4 valkoisena!<\/p>\n<p><strong>Tekniset tiedot:<\/strong><\/p>\n<p>Capacity: 0.47 L<br \/>\nJuoma kuumana: 7 h<br \/>\nJuoma kylm\u00e4n\u00e4: 9 h<br \/>\nPaino tyhj\u00e4n\u00e4: 340 g<br \/>\nMitat: 97 x 73 x 234 mm<\/p>","protected":false},"excerpt":{"rendered":"<p>Stanley Termosmuki Mountain 0.47L Switchback<\/p>","protected":false},"featured_media":6634,"comment_status":"open","ping_status":"closed","template":"","meta":{"_kadence_starter_templates_imported_post":false,"_kad_post_transparent":"","_kad_post_title":"","_kad_post_layout":"","_kad_post_sidebar_id":"","_kad_post_content_style":"","_kad_post_vertical_padding":"","_kad_post_feature":"","_kad_post_feature_position":"","_kad_post_header":false,"_kad_post_footer":false,"_kad_post_classname":""},"product_brand":[],"product_cat":[1536,16],"product_tag":[1127,1383,1126,1382],"class_list":{"0":"post-6635","1":"product","2":"type-product","3":"status-publish","4":"has-post-thumbnail","6":"product_cat-muut-geokatkoilytuotteet","7":"product_cat-yleinen","8":"product_tag-stanley","9":"product_tag-switchback","10":"product_tag-termos","11":"product_tag-termosmuki","13":"first","14":"outofstock","15":"taxable","16":"shipping-taxable","17":"purchasable","18":"product-type-simple","19":"entry","20":"content-bg","21":"loop-entry"},"_links":{"self":[{"href":"https:\/\/kivenalla.fi\/en\/wp-json\/wp\/v2\/product\/6635","targetHints":{"allow":["GET"]}}],"collection":[{"href":"https:\/\/kivenalla.fi\/en\/wp-json\/wp\/v2\/product"}],"about":[{"href":"https:\/\/kivenalla.fi\/en\/wp-json\/wp\/v2\/types\/product"}],"replies":[{"embeddable":true,"href":"https:\/\/kivenalla.fi\/en\/wp-json\/wp\/v2\/comments?post=6635"}],"wp:featuredmedia":[{"embeddable":true,"href":"https:\/\/kivenalla.fi\/en\/wp-json\/wp\/v2\/media\/6634"}],"wp:attachment":[{"href":"https:\/\/kivenalla.fi\/en\/wp-json\/wp\/v2\/media?parent=6635"}],"wp:term":[{"taxonomy":"product_brand","embeddable":true,"href":"https:\/\/kivenalla.fi\/en\/wp-json\/wp\/v2\/product_brand?post=6635"},{"taxonomy":"product_cat","embeddable":true,"href":"https:\/\/kivenalla.fi\/en\/wp-json\/wp\/v2\/product_cat?post=6635"},{"taxonomy":"product_tag","embeddable":true,"href":"https:\/\/kivenalla.fi\/en\/wp-json\/wp\/v2\/product_tag?post=6635"}],"curies":[{"name":"wp","href":"https:\/\/api.w.org\/{rel}","templated":true}]}}