{"id":6653,"date":"2023-12-12T10:50:22","date_gmt":"2023-12-12T08:50:22","guid":{"rendered":"https:\/\/kivenalla.fi\/tuote\/garmin-gpsmap-67\/"},"modified":"2024-07-30T13:57:39","modified_gmt":"2024-07-30T10:57:39","slug":"garmin-gpsmap-67","status":"publish","type":"product","link":"https:\/\/kivenalla.fi\/en\/product\/garmin-gpsmap-67\/","title":{"rendered":"Garmin GPSMAP\u00ae 67"},"content":{"rendered":"<h3>SEIKKAILE LUONNOSSA<\/h3>\n<p>Lis\u00e4\u00e4 aikaa seikkailuille t\u00e4ll\u00e4 ensiluokkaisella, kest\u00e4v\u00e4ll\u00e4 k\u00e4silaitteella. Siin\u00e4 on pitk\u00e4 akunkesto ja tarkkuutta lis\u00e4\u00e4v\u00e4\u00e4 usean kaistan tekniikkaa, esiladatut TopoActive-kartat ja mahdollisuus k\u00e4ytt\u00e4\u00e4 satelliittikuvia.<\/p>\n<p>N\u00e4et reitin selv\u00e4sti 3\u2033:n auringonvalossa luettavassa v\u00e4rin\u00e4yt\u00f6ss\u00e4.<\/p>\n<p>Voit kulkea pidemp\u00e4\u00e4n, kun akunkesto on jopa 180 tuntia j\u00e4ljitystilassa ja virrans\u00e4\u00e4st\u00f6tilassa jopa 840 tuntia.<\/p>\n<p>Voit seurata sijaintiasi haastavissakin olosuhteissa usean kaistan tekniikan ja laajennetun GNSS-tuen ansiosta.<\/p>\n<p>N\u00e4et maaston, jossa kuljet, eloisista satelliittikuvista, jotka latautuvat suoraan n\u00e4yt\u00f6lle.<\/p>\n<p>Pariliitettyn\u00e4 yhteensopivaan \u00e4lypuhelimeen voit seurata s\u00e4\u00e4tilaa reitill\u00e4 Active Weather -palvelusta.<\/p>\n<p><strong>MONIKAISTAINEN GNSS-TUKI<\/strong><\/p>\n<p>Voit k\u00e4ytt\u00e4\u00e4 useita maailmanlaajuisia navigoinnin satelliittij\u00e4rjestelmi\u00e4 (GPS, GLONASS, Galileo ja QZSS). Sijainti on entist\u00e4 tarkempi, koska voit k\u00e4ytt\u00e4\u00e4 useita navigointisatelliittien l\u00e4hett\u00e4mi\u00e4 taajuuksia alueilla, joilla GNSS-signaalit heijastuvat, toimivat heikosti tai eiv\u00e4t tavallisesti toimi kunnolla.<\/p>\n<p><strong>ABC-ANTURIT<\/strong><\/p>\n<p>Navigoi seuraava reittisi ABC-antureilla eli korkeusmittarilla, ilmanpainemittarilla s\u00e4\u00e4n seurantaan ja kolmiakselisella s\u00e4hk\u00f6isell\u00e4 kompassilla.<\/p>\n<p>\n<strong>SATELLIITTIKUVAT<\/strong><\/p>\n<p>Lataa tarkkoja, todenmukaisia karttoja suoraan laitteeseen Wi-Fi\u00ae-tekniikalla. Voit helposti esimerkiksi etsi\u00e4 polkuja, valita seisonta- ja pys\u00e4k\u00f6intipaikkoja sek\u00e4 luoda reittipisteit\u00e4.<\/p>\n<p>\n<strong>ESILADATUT EUROOPAN TOPOACTIVE-KARTAT<\/strong><\/p>\n<p>Esiladatut TopoActive Europe -kartoissa n\u00e4kyv\u00e4t huiput, puistot, rantaviivat, joet, j\u00e4rvet ja maantieteelliset pisteet.<\/p>\n<p>\n<strong>PREMIUM-KARTTAOMINAISUUDET<\/strong><\/p>\n<p>Ulkokartat+-tilauksella saat k\u00e4ytt\u00f6\u00f6si esimerkiksi julkisten maa-alueiden tiedot, maanomistajien nimet, osavaltion tonttikartat, mets\u00e4styksenhallintayksik\u00f6iden rajat ja BLM-rajat.<\/p>\n<p><strong>SEIKKAILUNKEST\u00c4V\u00c4<\/strong><\/p>\n<p>K\u00e4silaitteen l\u00e4mm\u00f6n-, iskun- ja vedenkest\u00e4vyys ovat armeijatasoa (MIL-STD-810G), ja lis\u00e4ksi se tukee y\u00f6n\u00e4k\u00f6laseja.<\/p>\n<p>\n<strong>LED-TASKULAMPPU<\/strong><\/p>\n<p>GPSMAP 67 -sarjalla voi v\u00e4hent\u00e4\u00e4 mukana kannettavien varusteiden m\u00e4\u00e4r\u00e4\u00e4. Siin\u00e4 on sis\u00e4inen LED-taskulamppu.<\/p>\n<p><strong>GEOK\u00c4TK\u00d6ILY<\/strong><\/p>\n<p>Hy\u00f6dynn\u00e4 Geocaching Liven automaattisia k\u00e4tk\u00f6p\u00e4ivityksi\u00e4, kuten kuvauksia, lokitietoja ja vinkkej\u00e4. Kun laite on yhdistettyn\u00e4 Wi-Fi-tekniikalla tai Garmin Explore\u2122 -\u00e4lypuhelinsovellukseen, jokainen l\u00f6yt\u00f6 latautuu Geocaching.com-profiiliisi.<\/p>\n<p>\n<strong>AKTIIVINEN S\u00c4\u00c4PALVELU<\/strong><\/p>\n<p>Yhdistettyn\u00e4 Garmin Explore -\u00e4lypuhelinsovellukseen saat reaaliaikaiset ennustetiedot, jotta olet tietoinen olosuhteiden muutoksista.<\/p>\n<p>\n<strong>GARMIN EXPLORE\u2122 -SOVELLUS<\/strong><\/p>\n<p>Suunnittele, arvioi ja synkronoi reittipisteit\u00e4, reittej\u00e4 ja j\u00e4lki\u00e4 Garmin Explore -sovelluksella ja -sivustossa. Voit arvioida suorituksia my\u00f6s maastossa.<\/p>\n<p>\n<strong>AKUNKESTO<\/strong><\/p>\n<p>Sis\u00e4isen ladattavan litiumioniakun virta riitt\u00e4\u00e4 jopa 180 tunniksi GPS-tilassa ja jopa 840 tunniksi virrans\u00e4\u00e4st\u00f6tilassa.<\/p>\n<h3>TEKNISET TIEDOT<\/h3>\n<p><strong>YLEISET<\/strong><\/p>\n<ul>\n<li>Mitat: 6,2 x 16,3 x 3,5 cm (2,5 x 6,4 x 1,4\u2033)<\/li>\n<li>N\u00e4yt\u00f6n koko, LxK: L x K 3,8 x 6,3 cm (1,5 x 2,5\u2033); l\u00e4vist\u00e4j\u00e4 7,6 cm (3\u2033)<\/li>\n<li>N\u00e4yt\u00f6n tarkkuus, LxK: 240 x 400 kuvapistett\u00e4<\/li>\n<li>N\u00e4yt\u00f6n tyyppi: Transflektiivinen TFT-v\u00e4rin\u00e4ytt\u00f6<\/li>\n<li>Paino: 230 g akkujen kanssa<\/li>\n<li>Vesiluokitus: IPX7<\/li>\n<li>Akku: Ladattava sis\u00e4inen litiumioni<\/li>\n<li>Akunkesto: Jopa 180 tuntia oletustilassa, Jopa 840 tuntia virrans\u00e4\u00e4st\u00f6tilassa<\/li>\n<li>MIL-STD-810: Kyll\u00e4 (l\u00e4mp\u00f6, isku, vesi)); vain pelkk\u00e4 laite<\/li>\n<li>Liit\u00e4nn\u00e4t: USB-C<\/li>\n<li>Muisti\/historia: 16 Gt (k\u00e4ytt\u00e4j\u00e4n tila riippuu sis\u00e4ltyvist\u00e4 kartoista)<\/li>\n<\/ul>\n<p><strong>KARTAT JA MUISTI<\/strong><\/p>\n<ul>\n<li>Esiladatut kartat: Kyll\u00e4 (TopoActive Europe, tukee reitityst\u00e4)<\/li>\n<li>Mahdollisuus lis\u00e4t\u00e4 karttoja: Kyll\u00e4 &nbsp;&nbsp;<\/li>\n<li>Peruskartta: Kyll\u00e4 &nbsp;&nbsp;<\/li>\n<li>Automaattinen reititys (tiereitti k\u00e4\u00e4nn\u00f6s k\u00e4\u00e4nn\u00f6kselt\u00e4): Kyll\u00e4<\/li>\n<li>Karttaosiot: 15 000<\/li>\n<li>BirdsEye: Kyll\u00e4 (suoraan laitteeseen)<\/li>\n<li>Sis\u00e4lt\u00e4\u00e4 yksityiskohtaiset tiedot vesist\u00f6ist\u00e4 (rannikot, j\u00e4rvien ja jokien rantaviivat, kosteikot sek\u00e4 pysyv\u00e4t ja vuodenaikoihin liittyv\u00e4t purot): Kyll\u00e4<\/li>\n<li>Sis\u00e4lt\u00e4\u00e4 hakukelpoisia kohdepisteit\u00e4 (puistot, leirint\u00e4alueet sek\u00e4 maisema- ja ev\u00e4sretkipaikat): Kyll\u00e4<\/li>\n<li>N\u00e4ytt\u00e4\u00e4 kansallispuistot sek\u00e4 valtion puistot ja paikalliset puistot, mets\u00e4t ja er\u00e4maa-alueet: Kyll\u00e4 &nbsp;&nbsp;<\/li>\n<li>Tallennuskapasiteetti ja teho: Kyll\u00e4 (enint\u00e4\u00e4n 32 Gt:n microSD\u2122-kortti)<\/li>\n<li>Reittipisteet\/suosikit\/sijainnit: 10 000<\/li>\n<li>Reitit: 250, 200 reittikohtaista reittipistett\u00e4<\/li>\n<li>J\u00e4ljet: 250<\/li>\n<li>J\u00e4lkiloki: 20 000 pistett\u00e4, 250 tallennettua gpx-j\u00e4lke\u00e4, 300 tallennettua fit-suoritusta<\/li>\n<li>Suoritukset: Kyll\u00e4<\/li>\n<li>Reitit: 250, 250 reittikohtaista pistett\u00e4; 50 automaattisen reitityksen pistett\u00e4<\/li>\n<li>Rinex-kirjaus: Kyll\u00e4<\/li>\n<\/ul>\n<p>&nbsp;&nbsp; &nbsp;<br \/>\n<strong>ANTURIT<\/strong><\/p>\n<ul>\n<li>Herkk\u00e4 vastaanotin: Kyll\u00e4<\/li>\n<li>GPS: Kyll\u00e4 &nbsp;&nbsp;<\/li>\n<li>GLONASS: Kyll\u00e4&nbsp;&nbsp; &nbsp;<\/li>\n<li>Galileo: Kyll\u00e4&nbsp;&nbsp; &nbsp;<\/li>\n<li>QZSS: Kyll\u00e4&nbsp;&nbsp; &nbsp;<\/li>\n<li>BeiDou: Kyll\u00e4&nbsp;&nbsp; &nbsp;<\/li>\n<li>IRNSS: Kyll\u00e4&nbsp;&nbsp; &nbsp;<\/li>\n<li>Barometrinen korkeusmittari: Kyll\u00e4&nbsp;&nbsp; &nbsp;<\/li>\n<li>Kompassi: Kyll\u00e4 (kallistuksen kompensointi, kolmiakselinen)<\/li>\n<li>GPS-kompassi (liikuttaessa): Kyll\u00e4 &nbsp;&nbsp;<\/li>\n<li>Monikaistataajuus: Kyll\u00e4<\/li>\n<\/ul>\n<p>&nbsp;&nbsp; &nbsp;<br \/>\n<strong>P\u00c4IVITT\u00c4ISET \u00c4LYOMINAISUUDET<\/strong><\/p>\n<ul>\n<li>Connect IQ\u2122 (ladattavat kellotaulut, tietokent\u00e4t, widgetit ja sovellukset): Kyll\u00e4<\/li>\n<li>\u00c4lykk\u00e4\u00e4t ilmoitukset k\u00e4silaitteessa: Kyll\u00e4&nbsp;&nbsp; &nbsp;<\/li>\n<li>VIRB\u00ae-et\u00e4k\u00e4ytt\u00f6: Kyll\u00e4&nbsp;&nbsp; &nbsp;<\/li>\n<li>Yhteensopiva Garmin Connect\u2122 Mobilen kanssa: Kyll\u00e4&nbsp;&nbsp; &nbsp;<\/li>\n<li>Aktiivinen s\u00e4\u00e4palvelu: Kyll\u00e4<\/li>\n<\/ul>\n<p><strong>TURVALLISUUS- JA J\u00c4LJITYSOMINAISUUDET<\/strong><\/p>\n<ul>\n<li>LiveTrack: Kyll\u00e4&nbsp;&nbsp; &nbsp;<\/li>\n<\/ul>\n<p><strong>ULKOILU- JA VIRKISTYSOMINAISUUDET<\/strong><\/p>\n<ul>\n<li>Navigointipisteest\u00e4 pisteeseen: Kyll\u00e4&nbsp;&nbsp;<\/li>\n<li>TracBack\u00ae: Kyll\u00e4&nbsp;&nbsp; &nbsp;<\/li>\n<li>Pinta-alamittaus: Kyll\u00e4&nbsp;&nbsp; &nbsp;<\/li>\n<li>Mets\u00e4stys-\/kalastuskalenteri: Kyll\u00e4&nbsp;&nbsp; &nbsp;<\/li>\n<li>Auringon ja kuun vaiheiden tiedot: Kyll\u00e4&nbsp;&nbsp; &nbsp;<\/li>\n<li>XERO\u2122 -sijainnit: Kyll\u00e4&nbsp;&nbsp; &nbsp;<\/li>\n<li>Sopii geok\u00e4tk\u00f6ilyss\u00e4 k\u00e4ytett\u00e4v\u00e4ksi: Kyll\u00e4 (Geocaching Live)<\/li>\n<li>Yhteensopiva mukautettujen karttojen kanssa: Kyll\u00e4 (500 mukautettua karttaruutua)<\/li>\n<li>Kuvien katseluohjelma: Kyll\u00e4<\/li>\n<li>LED-taskulamppu: Kyll\u00e4<\/li>\n<\/ul>\n<p>\n<strong>inReach\u00ae-OMINAISUUDET<\/strong><\/p>\n<ul>\n<li>InReach\u00ae-yhteensopiva: Kyll\u00e4<\/li>\n<\/ul>\n<p>\n<strong>ULKOSOVELLUKSET<\/strong><\/p>\n<ul>\n<li>Yhteensopiva Garmin Explore \u2122 -sovelluksen kanssa: Kyll\u00e4<\/li>\n<li>Tukee Garmin Explore -sivustoa: Kyll\u00e4<\/li>\n<\/ul>\n<p>\n<strong>YHTEYDET<\/strong><\/p>\n<ul>\n<li>Langattomat yhteydet: Kyll\u00e4 (Wi-Fi\u00ae, Bluetooth\u00ae, ANT+\u00ae)<\/li>\n<\/ul>\n<p>&nbsp;<\/p>\n<h3>PAKKAUKSESSA<\/h3>\n<ul>\n<li>&nbsp;GPSMAP 67<\/li>\n<li>&nbsp;Type A\u2013Type C-USB-kaapeli<\/li>\n<li>&nbsp;Karbiinihaka<\/li>\n<li>&nbsp;Oppaat<\/li>\n<\/ul>\n<p>Valmistajan tuotekoodi: 010-02813-01&nbsp;<\/p>","protected":false},"excerpt":{"rendered":"<p>SEIKKAILE LUONNOSSA<\/p>\n<p>Lis\u00e4\u00e4 aikaa seikkailuille t\u00e4ll\u00e4 ensiluokkaisella, kest\u00e4v\u00e4ll\u00e4 k\u00e4silaitteella. Siin\u00e4 on pitk\u00e4 akunkesto ja tarkkuutta lis\u00e4\u00e4v\u00e4\u00e4 usean kaistan tekniikkaa, esiladatut TopoActive-kartat ja mahdollisuus k\u00e4ytt\u00e4\u00e4 satelliittikuvia.<\/p>","protected":false},"featured_media":6652,"comment_status":"open","ping_status":"closed","template":"","meta":{"_kadence_starter_templates_imported_post":false,"_kad_post_transparent":"","_kad_post_title":"","_kad_post_layout":"","_kad_post_sidebar_id":"","_kad_post_content_style":"","_kad_post_vertical_padding":"","_kad_post_feature":"","_kad_post_feature_position":"","_kad_post_header":false,"_kad_post_footer":false,"_kad_post_classname":""},"product_brand":[],"product_cat":[1559,16],"product_tag":[41,46,1400,1399],"class_list":{"0":"post-6653","1":"product","2":"type-product","3":"status-publish","4":"has-post-thumbnail","6":"product_cat-kasilaitteet","7":"product_cat-yleinen","8":"product_tag-garmin","9":"product_tag-gps","10":"product_tag-gpsmap-67","11":"product_tag-kasigepsi","13":"first","14":"onbackorder","15":"taxable","16":"shipping-taxable","17":"purchasable","18":"product-type-simple","19":"entry","20":"content-bg","21":"loop-entry"},"_links":{"self":[{"href":"https:\/\/kivenalla.fi\/en\/wp-json\/wp\/v2\/product\/6653","targetHints":{"allow":["GET"]}}],"collection":[{"href":"https:\/\/kivenalla.fi\/en\/wp-json\/wp\/v2\/product"}],"about":[{"href":"https:\/\/kivenalla.fi\/en\/wp-json\/wp\/v2\/types\/product"}],"replies":[{"embeddable":true,"href":"https:\/\/kivenalla.fi\/en\/wp-json\/wp\/v2\/comments?post=6653"}],"wp:featuredmedia":[{"embeddable":true,"href":"https:\/\/kivenalla.fi\/en\/wp-json\/wp\/v2\/media\/6652"}],"wp:attachment":[{"href":"https:\/\/kivenalla.fi\/en\/wp-json\/wp\/v2\/media?parent=6653"}],"wp:term":[{"taxonomy":"product_brand","embeddable":true,"href":"https:\/\/kivenalla.fi\/en\/wp-json\/wp\/v2\/product_brand?post=6653"},{"taxonomy":"product_cat","embeddable":true,"href":"https:\/\/kivenalla.fi\/en\/wp-json\/wp\/v2\/product_cat?post=6653"},{"taxonomy":"product_tag","embeddable":true,"href":"https:\/\/kivenalla.fi\/en\/wp-json\/wp\/v2\/product_tag?post=6653"}],"curies":[{"name":"wp","href":"https:\/\/api.w.org\/{rel}","templated":true}]}}