{"id":6657,"date":"2023-12-12T10:50:24","date_gmt":"2023-12-12T08:50:24","guid":{"rendered":"https:\/\/kivenalla.fi\/tuote\/garmin-etrex-se\/"},"modified":"2024-07-30T13:57:16","modified_gmt":"2024-07-30T10:57:16","slug":"garmin-etrex-se","status":"publish","type":"product","link":"https:\/\/kivenalla.fi\/en\/product\/garmin-etrex-se\/","title":{"rendered":"Garmin eTrex\u00ae SE"},"content":{"rendered":"<h3>VALMIINA. PAIKOILLANNE. VAELTAKAA.<\/h3>\n<p>Seikkaile helposti ottamalla mukaan t\u00e4m\u00e4 helppok\u00e4ytt\u00f6inen GPS-k\u00e4silaite, jossa on erityisen pitk\u00e4 akunkesto, langattomat yhteydet ja usean GNSS-j\u00e4rjestelm\u00e4n tuki, jotta voit tutkia pidemp\u00e4\u00e4n.<\/p>\n<p>Kirkas auringonpaiste ei h\u00e4iritse tarkan 2,2\u2033:n n\u00e4yt\u00f6n katselua.<\/p>\n<p>Voit l\u00e4hte\u00e4 liikkeelle entist\u00e4 useammin, kun akunkesto on jopa 168 tuntia.<\/p>\n<p>Nautitko geok\u00e4tk\u00f6ilyst\u00e4? Automaattisten Geocaching Live -p\u00e4ivitysten avulla l\u00f6yd\u00e4t seuraavan k\u00e4tk\u00f6si.<\/p>\n<p>Pariliitt\u00e4m\u00e4ll\u00e4 Garmin Explore\u2122 -\u00e4lylaitesovellukseen voit esimerkiksi suunnitella matkoja.<\/p>\n<p>Tarvitsetko tarkkaa paikannusta? Se onnistuu haastavissakin ymp\u00e4rist\u00f6iss\u00e4 usean GNSS-j\u00e4rjestelm\u00e4n tuen ansiosta.<\/p>\n<p>Digitaalisen kompassin avulla tied\u00e4t aina sijaintisi ja pysyt reitill\u00e4.<\/p>\n<p><strong>USEAN GNSS-J\u00c4RJESTELM\u00c4N TUKI<\/strong><\/p>\n<p>K\u00e4ytt\u00e4m\u00e4ll\u00e4 useaa maailmanlaajuista satelliittij\u00e4rjestelm\u00e4\u00e4 (GPS, GLONASS, Galileo, BeiDou ja QZSS) paikannus sujuu my\u00f6s haastavammissa ymp\u00e4rist\u00f6iss\u00e4 kuin pelk\u00e4n GPS-j\u00e4rjestelm\u00e4n avulla.<\/p>\n<p>\n<strong>GEOK\u00c4TK\u00d6ILY<\/strong><\/p>\n<p>Hy\u00f6dynn\u00e4 Geocaching Liven automaattisia k\u00e4tk\u00f6p\u00e4ivityksi\u00e4, kuten kuvauksia, lokitietoja ja vinkkej\u00e4. Kun olet yhteydess\u00e4 Garmin Explore -sovellukseen, kaikki l\u00f6yt\u00f6si latautuvat Geocaching.com-profiiliisi.<\/p>\n<p>\n<strong>DIGITAALINEN KOMPASSI<\/strong><\/p>\n<p>Seuraa kulkuasi digitaalisella kompassilla, joka n\u00e4ytt\u00e4\u00e4 kulkusuunnan tarkasti my\u00f6s paikallaan.<\/p>\n<p>\n<strong>AKTIIVINEN S\u00c4\u00c4PALVELU<\/strong><\/p>\n<p>Yhdistettyn\u00e4 Garmin Explore -sovellukseen saat reaaliaikaiset ennustetiedot, jotta olet tietoinen olosuhteiden muutoksista.<\/p>\n<p>\n<strong>AKUNKESTO<\/strong><\/p>\n<p>Akunkesto vakiotilassa on jopa 168 tuntia ja virrans\u00e4\u00e4st\u00f6tilassa jopa 1 800 tuntia kahdella vaihdettavalla AA-paristolla (eiv\u00e4t sis\u00e4lly).<\/p>\n<p><strong>GARMIN EXPLORE -SOVELLUS<\/strong><\/p>\n<p>Yhdist\u00e4m\u00e4ll\u00e4 Garmin Explore -sovellukseen saat k\u00e4ytt\u00f6\u00f6si langattomat ohjelmistop\u00e4ivitykset, pilvitallennuksen, matkasuunnittelun, \u00e4lykk\u00e4\u00e4t ilmoitukset ja lis\u00e4kartat.<\/p>\n<h3>TEKNISET TIEDOT<\/h3>\n<p><strong>YLEISET<\/strong><\/p>\n<ul>\n<li>Mitat: 6.1 x 10.0 x 3.3 cm (2.4\u2033 x 4.0\u2033 x 1.3\u2033)<\/li>\n<li>N\u00e4yt\u00f6n koko, LxK: 1.3\u2033 x 1.7\u2033 (3.3 cm x 4.4 cm); 2.16\u2033 diag (5.5 cm)<\/li>\n<li>N\u00e4yt\u00f6n tarkkuus, LxK: 240 x 320 kuvapistett\u00e4<\/li>\n<li>N\u00e4yt\u00f6n tyyppi: 2,2\u2033:n transflektiivinen, mustavalkoinen<\/li>\n<li>Paino: 156,5 g paristojen kanssa<\/li>\n<li>Vesiluokitus: IPX7<\/li>\n<li>Akku: 2 AA-paristoa (eiv\u00e4t kuulu pakkaukseen)<\/li>\n<li>Akunkesto: 168 tuntia vakiotilassa, 1 800 tuntia virrans\u00e4\u00e4st\u00f6tilassa<\/li>\n<li>Liit\u00e4nn\u00e4t: USB-C<\/li>\n<li>Muisti\/historia: 28 MB<\/li>\n<\/ul>\n<p>\n<strong>KARTAT JA MUISTI<\/strong><\/p>\n<ul>\n<li>Peruskartta: Kyll\u00e4 (vain kaupungit)<\/li>\n<li>Reittipisteet\/suosikit\/sijainnit: 1000<\/li>\n<li>Reitit: 50<\/li>\n<li>J\u00e4ljet: Kyll\u00e4<\/li>\n<li>Suoritukset: 200<\/li>\n<li>Reitit: Kyll\u00e4<\/li>\n<\/ul>\n<p>\n<strong>ANTURIT<\/strong><\/p>\n<ul>\n<li>Herkk\u00e4 vastaanotin: Kyll\u00e4 &nbsp;&nbsp;<\/li>\n<li>GPS: Kyll\u00e4<\/li>\n<li>GLONASS: Kyll\u00e4&nbsp;<\/li>\n<li>Galileo: Kyll\u00e4<\/li>\n<li>QZSS: Kyll\u00e4<\/li>\n<li>BeiDou: Kyll\u00e4<\/li>\n<li>Kompassi: Kyll\u00e4<\/li>\n<li>GPS-kompassi (liikuttaessa): Kyll\u00e4<\/li>\n<\/ul>\n<p><strong>P\u00c4IVITT\u00c4ISET \u00c4LYOMINAISUUDET<\/strong><\/p>\n<ul>\n<li>\u00c4lykk\u00e4\u00e4t ilmoitukset k\u00e4silaitteessa: Kyll\u00e4<\/li>\n<li>S\u00e4\u00e4: Kyll\u00e4<\/li>\n<\/ul>\n<p>\n<strong>ULKOILU- JA VIRKISTYSOMINAISUUDET<\/strong><\/p>\n<ul>\n<li>Navigointipisteest\u00e4 pisteeseen: Kyll\u00e4<\/li>\n<li>TracBack\u00ae: Kyll\u00e4<\/li>\n<li>Pinta-alamittaus: Kyll\u00e4<\/li>\n<li>Auringon ja kuun vaiheiden tiedot: Kyll\u00e4<\/li>\n<li>Sopii geok\u00e4tkenn\u00e4ss\u00e4 k\u00e4ytett\u00e4v\u00e4ksi: Kyll\u00e4 (Geocaching Live)<\/li>\n<\/ul>\n<p>\n<strong>YHTEYDET<\/strong><\/p>\n<ul>\n<li>Langattomat yhteydet: Kyll\u00e4 (Bluetooth\u00ae)<\/li>\n<\/ul>\n<h3>PAKKAUKSESSA<\/h3>\n<ul>\n<li>eTrex\u00ae SE<\/li>\n<li>Oppaat<\/li>\n<\/ul>\n<p>Valmistajan tuotekoodi: 010-02734-00&nbsp;<\/p>","protected":false},"excerpt":{"rendered":"<p>VALMIINA. PAIKOILLANNE. VAELTAKAA.<\/p>\n<p>Seikkaile helposti ottamalla mukaan t\u00e4m\u00e4 helppok\u00e4ytt\u00f6inen GPS-k\u00e4silaite, jossa on erityisen pitk\u00e4 akunkesto, langattomat yhteydet ja usean GNSS-j\u00e4rjestelm\u00e4n tuki, jotta voit tutkia pidemp\u00e4\u00e4n.<\/p>","protected":false},"featured_media":6656,"comment_status":"open","ping_status":"closed","template":"","meta":{"_kadence_starter_templates_imported_post":false,"_kad_post_transparent":"","_kad_post_title":"","_kad_post_layout":"","_kad_post_sidebar_id":"","_kad_post_content_style":"","_kad_post_vertical_padding":"","_kad_post_feature":"","_kad_post_feature_position":"","_kad_post_header":false,"_kad_post_footer":false,"_kad_post_classname":""},"product_brand":[],"product_cat":[1559,16],"product_tag":[42,1403,41,46,1399],"class_list":{"0":"post-6657","1":"product","2":"type-product","3":"status-publish","4":"has-post-thumbnail","6":"product_cat-kasilaitteet","7":"product_cat-yleinen","8":"product_tag-etrex","9":"product_tag-etrex-se","10":"product_tag-garmin","11":"product_tag-gps","12":"product_tag-kasigepsi","14":"first","15":"onbackorder","16":"taxable","17":"shipping-taxable","18":"purchasable","19":"product-type-simple","20":"entry","21":"content-bg","22":"loop-entry"},"_links":{"self":[{"href":"https:\/\/kivenalla.fi\/en\/wp-json\/wp\/v2\/product\/6657","targetHints":{"allow":["GET"]}}],"collection":[{"href":"https:\/\/kivenalla.fi\/en\/wp-json\/wp\/v2\/product"}],"about":[{"href":"https:\/\/kivenalla.fi\/en\/wp-json\/wp\/v2\/types\/product"}],"replies":[{"embeddable":true,"href":"https:\/\/kivenalla.fi\/en\/wp-json\/wp\/v2\/comments?post=6657"}],"wp:featuredmedia":[{"embeddable":true,"href":"https:\/\/kivenalla.fi\/en\/wp-json\/wp\/v2\/media\/6656"}],"wp:attachment":[{"href":"https:\/\/kivenalla.fi\/en\/wp-json\/wp\/v2\/media?parent=6657"}],"wp:term":[{"taxonomy":"product_brand","embeddable":true,"href":"https:\/\/kivenalla.fi\/en\/wp-json\/wp\/v2\/product_brand?post=6657"},{"taxonomy":"product_cat","embeddable":true,"href":"https:\/\/kivenalla.fi\/en\/wp-json\/wp\/v2\/product_cat?post=6657"},{"taxonomy":"product_tag","embeddable":true,"href":"https:\/\/kivenalla.fi\/en\/wp-json\/wp\/v2\/product_tag?post=6657"}],"curies":[{"name":"wp","href":"https:\/\/api.w.org\/{rel}","templated":true}]}}