{"id":6661,"date":"2023-12-12T10:50:26","date_gmt":"2023-12-12T08:50:26","guid":{"rendered":"https:\/\/kivenalla.fi\/tuote\/geo-otin-5-m\/"},"modified":"2026-04-01T09:40:16","modified_gmt":"2026-04-01T06:40:16","slug":"geo-otin-5-m","status":"publish","type":"product","link":"https:\/\/kivenalla.fi\/en\/product\/geo-otin-5-m\/","title":{"rendered":"Geo picker (5 meter)"},"content":{"rendered":"<p>A telescopic grabber made of stainless steel, originally designed for retrieving disc golf discs from trees. It also works perfectly for geocaching, especially for retrieving so-called \"fishing pole caches.\"<\/p>\n\n\n\n<p>The key advantage of the Geo-picker over a fiberglass fishing rod is its compact transport size. The Geo-picker fits easily in a backpack. It\u2019s also much more convenient to take on a plane when traveling abroad.<\/p>\n\n\n\n<p>I tested the product over the winter and found the Geo-picker to be excellent for fishing pole caches. It has also been tested with a heavier cache \u2013 and while handling a heavy cache is a bit less stable (just like with a fishing rod), the job still got done successfully.<\/p>\n\n\n\n<p>Kokoonkasattuna pituus n. 40 cm ilman p\u00e4\u00e4t\u00e4 ja koukkup\u00e4\u00e4lle n. 49 cm ja kokonaan auki vedettyn\u00e4 pituus on 4,9 metri\u00e4. Paino on n. 400 g. &#8221;Kahvassa&#8221; on pit\u00e4v\u00e4 kumip\u00e4\u00e4llyste.<\/p>\n\n\n\n<p>Includes 3 interchangeable tips that screw securely into the end. Each tip also features a non-slip rubber coating.<\/p>\n\n\n\n<ul class=\"wp-block-list\">\n<li>Hook tip with hooks facing both upward and downward.<\/li>\n\n\n\n<li>Y-tip with ends angled at 90 degrees.<\/li>\n\n\n\n<li>Wide disc tip with an approximate width of 21 cm.<\/li>\n<\/ul>\n\n\n\n<figure class=\"wp-block-embed is-type-video is-provider-youtube wp-block-embed-youtube wp-embed-aspect-16-9 wp-has-aspect-ratio\"><div class=\"wp-block-embed__wrapper\">\n<iframe loading=\"lazy\" title=\"Geo-ottimen esittely\" width=\"720\" height=\"405\" src=\"https:\/\/www.youtube.com\/embed\/_OVlsSX1fqo?feature=oembed\" frameborder=\"0\" allow=\"accelerometer; autoplay; clipboard-write; encrypted-media; gyroscope; picture-in-picture; web-share\" referrerpolicy=\"strict-origin-when-cross-origin\" allowfullscreen><\/iframe>\n<\/div><\/figure>","protected":false},"excerpt":{"rendered":"<p>An excellent tool for geocaching.<\/p>","protected":false},"featured_media":6660,"comment_status":"open","ping_status":"closed","template":"","meta":{"_kadence_starter_templates_imported_post":false,"_kad_post_transparent":"","_kad_post_title":"","_kad_post_layout":"","_kad_post_sidebar_id":"","_kad_post_content_style":"","_kad_post_vertical_padding":"","_kad_post_feature":"","_kad_post_feature_position":"","_kad_post_header":false,"_kad_post_footer":false,"_kad_post_classname":""},"product_brand":[],"product_cat":[1654,1547,1662,1585],"product_tag":[417,1374,1404,1405,1406,397,1373],"class_list":{"0":"post-6661","1":"product","2":"type-product","3":"status-publish","4":"has-post-thumbnail","6":"product_cat-ale20","7":"product_cat-apuvalineet","8":"product_cat-joulu","9":"product_cat-uudet-tuotteet","10":"product_tag-apuvaline","11":"product_tag-frisbee","12":"product_tag-geo-otin","13":"product_tag-onki","14":"product_tag-onkikatko","15":"product_tag-teleskooppi","16":"product_tag-teleskooppiotin","18":"first","19":"instock","20":"taxable","21":"shipping-taxable","22":"purchasable","23":"product-type-simple","24":"entry","25":"content-bg","26":"loop-entry"},"_links":{"self":[{"href":"https:\/\/kivenalla.fi\/en\/wp-json\/wp\/v2\/product\/6661","targetHints":{"allow":["GET"]}}],"collection":[{"href":"https:\/\/kivenalla.fi\/en\/wp-json\/wp\/v2\/product"}],"about":[{"href":"https:\/\/kivenalla.fi\/en\/wp-json\/wp\/v2\/types\/product"}],"replies":[{"embeddable":true,"href":"https:\/\/kivenalla.fi\/en\/wp-json\/wp\/v2\/comments?post=6661"}],"wp:featuredmedia":[{"embeddable":true,"href":"https:\/\/kivenalla.fi\/en\/wp-json\/wp\/v2\/media\/6660"}],"wp:attachment":[{"href":"https:\/\/kivenalla.fi\/en\/wp-json\/wp\/v2\/media?parent=6661"}],"wp:term":[{"taxonomy":"product_brand","embeddable":true,"href":"https:\/\/kivenalla.fi\/en\/wp-json\/wp\/v2\/product_brand?post=6661"},{"taxonomy":"product_cat","embeddable":true,"href":"https:\/\/kivenalla.fi\/en\/wp-json\/wp\/v2\/product_cat?post=6661"},{"taxonomy":"product_tag","embeddable":true,"href":"https:\/\/kivenalla.fi\/en\/wp-json\/wp\/v2\/product_tag?post=6661"}],"curies":[{"name":"wp","href":"https:\/\/api.w.org\/{rel}","templated":true}]}}