{"id":6667,"date":"2023-12-12T10:50:29","date_gmt":"2023-12-12T08:50:29","guid":{"rendered":"https:\/\/kivenalla.fi\/tuote\/fenix-e03r-v2-0-500-lm\/"},"modified":"2025-11-25T09:43:49","modified_gmt":"2025-11-25T07:43:49","slug":"fenix-e03r-v2-0-500-lm","status":"publish","type":"product","link":"https:\/\/kivenalla.fi\/en\/product\/fenix-e03r-v2-0-500-lm\/","title":{"rendered":"Fenix E03R V2.0, 500 lm"},"content":{"rendered":"<h3><strong>Luokkansa paras avaimenper\u00e4taskulamppu<\/strong><\/h3>\n<p>Eritt\u00e4in pieni ja kompakti Fenix E03R V2.0 ladattava avaimenper\u00e4taskulamppu tarjoaa aiempaa suuremman max. 500 lumenin valotehon ja tuplasti pidemm\u00e4n max. 90 metrin kantomatkan. Tuplasti kookkaampi akkukapasiteetti tarjoaa aiempaa pidemm\u00e4t k\u00e4ytt\u00f6ajat kaikilla kirkkausasetuksilla. Uusi innovatiinen pulssivalotoiminto (vihre\u00e4\/punainen, punainen, vihre\u00e4 vilkkuvalo) on todella n\u00e4pp\u00e4r\u00e4 lis\u00e4ominaisuus. Laita lamppu vilkkumaan pulssivaloa ja kiinnit\u00e4 se reppuusi tai koiran pantaan lis\u00e4\u00e4m\u00e4\u00e4n huomiota. Pulssivalon avulla l\u00f6yd\u00e4t lampun helposti my\u00f6s pime\u00e4ss\u00e4 joten pulssivalolle on yll\u00e4tt\u00e4v\u00e4nkin paljon k\u00e4ytt\u00f6\u00e4. E03R V2.0 on valmistettu kest\u00e4v\u00e4st\u00e4 alumiinista ja se on IP66 lukituksen mukaan p\u00f6ly- ja roiskevesitiivis. Nopea EU-standardin mukainen USB C-tyypin latausliittimell\u00e4 lataat lampun nopeasti k\u00e4ytt\u00f6kuntoon. Fenix E03R on er\u00e4s markkinoiden suorituskykyisimmist\u00e4 avaimenper\u00e4lampuista.<\/p>\n<h3><strong>Ei turhaa r\u00e4pelt\u00e4mist\u00e4<\/strong><\/h3>\n<p>Fenix E03R V2.0 valoa on helppo k\u00e4ytt\u00e4\u00e4 ilman turhaa r\u00e4pelt\u00e4mist\u00e4. Yhdell\u00e4 suurikokoisella painonappikytkimell\u00e4 saat kytketty\u00e4 valon p\u00e4\u00e4lle\/pois ja k\u00e4yt\u00e4t vaivatta lampun seitsem\u00e4\u00e4 k\u00e4ytt\u00f6tilaa (nelj\u00e4 kirkkaustasoa, punainen valo, punainen vilku ja pulssivalo). Elektroninen n\u00e4pp\u00e4inlukko ja matala painonappikytkin ehk\u00e4isee valon p\u00e4\u00e4llekytkeytymist\u00e4 kuljetuksen aikana taskussa, repussa jne. N\u00e4pp\u00e4inlukko on helppo kytke\u00e4 p\u00e4\u00e4lle, pid\u00e4 k\u00e4ytt\u00f6kytkint\u00e4 pohjassa&nbsp; 3 sekunnin ajan lukitaksesi lamppu ja vastaavalla tavalla avataksesi n\u00e4pp\u00e4inlukko.<\/p>\n<h3>\n<strong>Nopea USB C-tyypin latausliitin<\/strong><\/h3>\n<p>Fenix E03R V2.0 ladataan nopeasti k\u00e4ytt\u00f6kuntoon lampun sivussa olevasta USB tyypin C-latausliittimest\u00e4. Painonappikytkimen ymp\u00e4rill\u00e4 oleva pulssivalo n\u00e4ytt\u00e4\u00e4 selke\u00e4sti latauksen eteneminen (punainen, vihre\u00e4).<br \/>\nPunainen laajentaa k\u00e4ytt\u00f6\u00e4<\/p>\n<p>Kirkkaan valkoisen valon lis\u00e4ksi Fenix E03R V2.0:ss\u00e4 on punainen valo joka sopii esimerkiksi kartan lukuun pime\u00e4ss\u00e4. Punainen valo s\u00e4ilytt\u00e4\u00e4 k\u00e4ytt\u00e4j\u00e4ns\u00e4 h\u00e4m\u00e4r\u00e4n\u00e4k\u00f6kyvyn, ei h\u00e4iritse vieress\u00e4 nukkuvaa eik\u00e4 my\u00f6sk\u00e4\u00e4n houkuttele hy\u00f6nteisi\u00e4 valon ymp\u00e4rille esim. teltassa.<\/p>\n<h3><strong>Product Information<\/strong><\/h3>\n<ul>\n<li>Valkoinen ja punainen LED-valo.<\/li>\n<li>Pulssivalo (vihre\u00e4 1 lm ja punainen 5 lm , vilkkuva vihre\u00e4\/punainen 5 lm)<\/li>\n<li>Kompaktin kokoinen ja kevyt, paksuus vain 13 mm ja paino 30 g.<\/li>\n<li>Integroitu, 400 mAh suurikapasiteettinen Li-polymeeriakku.<\/li>\n<li>Pariston j\u00e4ljell\u00e4 olevan virtam\u00e4\u00e4r\u00e4n ja alhaisen paristoj\u00e4nnitteen LED-merkkivalo.<\/li>\n<li>\u00c4lyk\u00e4s IOP-ylikuumenemisen est\u00e4v\u00e4 teknologia suojaa valaisinta ylikuumenemiselta.<\/li>\n<li>Valmistettu kest\u00e4v\u00e4st\u00e4 ja kevyest\u00e4 A6061-T6 alumiinista.<\/li>\n<li>Tyypin III kova-anodisoitu naarmuuntumista est\u00e4v\u00e4 pinnoite.<\/li>\n<li>Elektroninen n\u00e4pp\u00e4inlukko.<\/li>\n<li>Pakkaus sis\u00e4lt\u00e4\u00e4: E03R V2.0 avaimenper\u00e4taskulamppu, USB tyypin C-latauskaapeli, avainrengas, k\u00e4ytt\u00f6ohje.<\/li>\n<\/ul>\n<p>Fenix-tuotemerkki takaa aina huippulaadun, E03R V2.0 avaimenper\u00e4taskulamppu on IP66 tiiviysluokituksen mukaan p\u00f6ly- ja roiskevesitiivis sek\u00e4 iskunkest\u00e4v\u00e4. Kaikki Fenix valaisimet on testattu omassa laboratoriossa amerikkalaisen ANSI\/FL1 standardin mukaisesti. E03R V2.0 lampulla on kahden (2) vuoden Fenix laatutakuu.<\/p>\n<h3>Technical details<\/h3>\n<p>&nbsp;<\/p>\n<ul>\n<li>Valoteho (max): 500 lumenia<\/li>\n<li>K\u00e4ytt\u00f6aika (max): 30 h (eko-kirkkaustila)<\/li>\n<li>Kantomatka (max): 90 metri\u00e4<\/li>\n<li>Valovoima (max): 2082 kandela<\/li>\n<li>Iskunkesto: 1 metri\u00e4<\/li>\n<li>Water resistance: IP66<\/li>\n<li>K\u00e4ytt\u00f6tilat: 7 kpl<\/li>\n<li>K\u00e4ytt\u00f6tila korkea: 500 lm \/ 1 h 20 min \/ 90 m \/ 2082 cd<\/li>\n<li>K\u00e4ytt\u00f6tila keski: 150 lm \/ 2 h \/ 50 m \/ 630 cd<\/li>\n<li>K\u00e4ytt\u00f6tila matala: 30 lm \/ 6 h 35 min \/ 20 m \/ 127 cd<\/li>\n<li>K\u00e4ytt\u00f6tila eko: 5 lm \/ 30 h \/ 9 m \/ 20 cd<\/li>\n<li>Punainen jatkuva: 5 lm<\/li>\n<li>Punainen vilkku: 5 lm<\/li>\n<li>Mitat: 52,5 x 26 x 13 mm<\/li>\n<li>Paino: 30 g (akku sis\u00e4ltyy)<\/li>\n<li>Virtal\u00e4hde: Integroitu 400 mAh Li-polymeeriakku<\/li>\n<li>Charging method: USB-C<\/li>\n<li>Certifications: ANSI\/NEMA FL-1, ROHS, CE<\/li>\n<li>Takuu: 2-vuotta<\/li>\n<li>Toimitussis\u00e4lt\u00f6: E03R V2.0 avaimenper\u00e4taskulamppu, USB tyypin C-latauskaapeli, avainrengas, k\u00e4ytt\u00f6ohje<\/li>\n<\/ul>\n<p>* The runtime of the Turbo mode is the continuous operating time at brightness levels from 100% down to 10%. Performance values are according to the ANSI\/PLATO FL1 handheld flashlight standard.<\/p>\n<p>&nbsp;<\/p>","protected":false},"excerpt":{"rendered":"<p>Luokkansa paras avaimenper\u00e4taskulamppu<\/p>","protected":false},"featured_media":6666,"comment_status":"open","ping_status":"closed","template":"","meta":{"_kadence_starter_templates_imported_post":false,"_kad_post_transparent":"","_kad_post_title":"","_kad_post_layout":"","_kad_post_sidebar_id":"","_kad_post_content_style":"","_kad_post_vertical_padding":"","_kad_post_feature":"","_kad_post_feature_position":"","_kad_post_header":false,"_kad_post_footer":false,"_kad_post_classname":""},"product_brand":[],"product_cat":[1654,1564,16],"product_tag":[770,1106,1107,1412,32,574],"class_list":{"0":"post-6667","1":"product","2":"type-product","3":"status-publish","4":"has-post-thumbnail","6":"product_cat-ale20","7":"product_cat-fenix","8":"product_cat-yleinen","9":"product_tag-avaimenpera","10":"product_tag-avaimenperalamppu","11":"product_tag-e03r","12":"product_tag-e03r-v2-0","13":"product_tag-fenix","14":"product_tag-minilamppu","16":"first","17":"instock","18":"taxable","19":"shipping-taxable","20":"purchasable","21":"product-type-simple","22":"entry","23":"content-bg","24":"loop-entry"},"_links":{"self":[{"href":"https:\/\/kivenalla.fi\/en\/wp-json\/wp\/v2\/product\/6667","targetHints":{"allow":["GET"]}}],"collection":[{"href":"https:\/\/kivenalla.fi\/en\/wp-json\/wp\/v2\/product"}],"about":[{"href":"https:\/\/kivenalla.fi\/en\/wp-json\/wp\/v2\/types\/product"}],"replies":[{"embeddable":true,"href":"https:\/\/kivenalla.fi\/en\/wp-json\/wp\/v2\/comments?post=6667"}],"wp:featuredmedia":[{"embeddable":true,"href":"https:\/\/kivenalla.fi\/en\/wp-json\/wp\/v2\/media\/6666"}],"wp:attachment":[{"href":"https:\/\/kivenalla.fi\/en\/wp-json\/wp\/v2\/media?parent=6667"}],"wp:term":[{"taxonomy":"product_brand","embeddable":true,"href":"https:\/\/kivenalla.fi\/en\/wp-json\/wp\/v2\/product_brand?post=6667"},{"taxonomy":"product_cat","embeddable":true,"href":"https:\/\/kivenalla.fi\/en\/wp-json\/wp\/v2\/product_cat?post=6667"},{"taxonomy":"product_tag","embeddable":true,"href":"https:\/\/kivenalla.fi\/en\/wp-json\/wp\/v2\/product_tag?post=6667"}],"curies":[{"name":"wp","href":"https:\/\/api.w.org\/{rel}","templated":true}]}}