{"id":6669,"date":"2023-12-12T10:50:30","date_gmt":"2023-12-12T08:50:30","guid":{"rendered":"https:\/\/kivenalla.fi\/tuote\/fenix-hm71r-2700-lm\/"},"modified":"2024-07-30T16:12:23","modified_gmt":"2024-07-30T13:12:23","slug":"fenix-hm71r-2700-lm","status":"publish","type":"product","link":"https:\/\/kivenalla.fi\/en\/product\/fenix-hm71r-2700-lm\/","title":{"rendered":"Fenix HM71R, 2700 lm"},"content":{"rendered":"<h3>Huippuluokan monitoimiotsalamppu HM71R<\/h3>\n<p>Fenix HM71R on otsalamppu josta valoteho ja k\u00e4ytt\u00f6aika ei heti lopu kesken. Mahtava max. 2700 lumenin valovoima sokaisee jopa 230 metriin asti. Suuri 5000 mAh akkukapasiteetti tarjoaa poikkeuksellisen pitk\u00e4n jopa 50 p\u00e4iv\u00e4n k\u00e4ytt\u00f6ajan! (pienin lukuvalotila). HM71R otsavalon valaisukyky on poikkeuksellinen. T\u00e4ydellisen valaisun salaisuus on erilliset kohde- ja l\u00e4hivaloLEDit. Tehokkaasti max. 2700 lumenia valaiseva kohdevalo tuottaa enemm\u00e4n valoa et\u00e4\u00e4lle kun taas laajasti koko l\u00e4hialueen valaiseva v\u00e4rioptimoitu (V\u00e4rintoistoindeksi CRI=90) l\u00e4hivalo on voittamaton l\u00e4hity\u00f6ss\u00e4 sis\u00e4ll\u00e4 ja ulkona. Suurikokoisesta painonappikytkimest\u00e4 k\u00e4yt\u00e4t valoa ilman turhaa r\u00e4pelt\u00e4mist\u00e4 my\u00f6s hanskat k\u00e4dess\u00e4. EU-latausstandarin mukaisella USB tyypin C-latausliittimest\u00e4 lataat lampun nopeasti ilman erikoisjohtoa. Lampun ter\u00e4ksinen klipsikiinnike ja kantaosan supermagneetti lis\u00e4\u00e4v\u00e4t ja laajentavat lampun kiinnitys- ja k\u00e4ytt\u00f6mahdollisuuksia l\u00e4hes rajattomasti. Fenix HM71R on t\u00e4ydellinen monitoimiotsalamppu vaativaan ty\u00f6h\u00f6n ja harrastuksiin.<\/p>\n<h3>Yksi lamppu &#8211; monta k\u00e4ytt\u00f6\u00e4<\/h3>\n<p>Fenix HM71R muuttuu hetkess\u00e4 otsalampusta vaikka k\u00e4tev\u00e4ksi taskulampuksi, py\u00f6r\u00e4valoksi, kyp\u00e4r\u00e4valoksi tai l\u00e4hes kaikille metallipinnoille asennettavaksi valonheittimeksi. Lampun kantaosan supermagneetti kiinnitt\u00e4\u00e4 lampun j\u00e4m\u00e4k\u00e4sti l\u00e4hes kaikille metallipinnoille. Ter\u00e4ksisell\u00e4 vy\u00f6klipsikiinnikkeell\u00e4 saat lampun kiinnitetty\u00e4 rintataskuun, rinkkaan, reppuun yms. Laajalla lis\u00e4tarvikevalikoimalla voit laajentaa HM71R otsalampun k\u00e4ytt\u00f6mahdollisuuksia entisest\u00e4\u00e4n, esimerkiksi kyp\u00e4r\u00e4kiinnike ALG-03 V2.0, erisuuntainen- tai samansuuntainen taskulampun kiinnike sek\u00e4 NVG kyp\u00e4r\u00e4n kiinnike.<\/p>\n<h3>\nParas v\u00e4rintoisto CRI=90<\/h3>\n<p>HM71R otsavalon valaisukyky on poikkeuksellinen t\u00e4m\u00e4n luokan otsavaloissa. T\u00e4ydellisen valaisun salaisuus on erilliset polttimot kohde- ja l\u00e4hialuevalolle. Tehokkaasti max. 2700 lumenia valaiseva kohdevalo tarjoaa enemm\u00e4n kirkkautta ja valotehoa kaikkein vaativampaa k\u00e4ytt\u00f6\u00f6n kuten teollisuuden kunnossapito, etsint\u00e4- ja pelastus, vartiointi ja valvontateht\u00e4v\u00e4t. Laajasti koko l\u00e4hialueen valaiseva v\u00e4rioptimoitu (CRI=90) l\u00e4hivalo tarjoaa voittamattoman valaisun l\u00e4hity\u00f6skentelyyn sis\u00e4ll\u00e4 tai ulkona esim. lukeminen, tarkat huolto- ja kunnossapitoteht\u00e4v\u00e4t esim. s\u00e4hk\u00f6liit\u00e4nn\u00e4t.<\/p>\n<h3>\nEi erikoisakkua tai -johtoa!<\/h3>\n<p>Fenix HM71R ladataan EU-latausstandardin mukaisella USB C-latausjohdolla. Voit siis unohtaa hankalasti saatavat ja kalliit erikoisjohdot jos vaikka alkuper\u00e4inen latausjohtosi hukkuisi. USB C-liitin lataa lampun ilman turhaa odottelua vain nelj\u00e4ss\u00e4 tunnissa (5V\/2A).<\/p>\n<p>HM71R toimii yhdell\u00e4 tavanomaisella 21700 sarjan Li-ion akkuparistolla. T\u00e4m\u00e4 tarjoaa sinulle mahdollisuuden k\u00e4ytt\u00e4\u00e4 lamppua my\u00f6s hyvin kylm\u00e4\u00e4 kest\u00e4v\u00e4ll\u00e4 akkuparistolla ilman erikoisakun rajoitusta.<\/p>\n<h3>\nTehty kest\u00e4m\u00e4\u00e4n &#8211; takuu 5 vuotta my\u00f6s ty\u00f6ss\u00e4!<\/h3>\n<p>Fenix HM71R otsalamppu on tehty kest\u00e4m\u00e4\u00e4n ja sill\u00e4 on 5 vuoden takuu my\u00f6s ty\u00f6k\u00e4yt\u00f6ss\u00e4! Lampun heijastinosa on valmistettu ruostumattomasta ter\u00e4ksest\u00e4, joka parantaa suojaa tehokkaasti valaisinosaa ulkopuolisilta iskuilta, korroosiolta ja muilta ymp\u00e4rist\u00f6n haittatekij\u00f6ilt\u00e4. HM71R on t\u00e4ysin p\u00f6ly- ja vesitiivis IP68-tiiviysluokituksen mukaisesti. Lampun rakenne on ANSI\/NEMA FL1 standardin mukaisesti iskunkest\u00e4v\u00e4.<\/p>\n<h3>Product Information<\/h3>\n<ul>\n<li>A constant current circuit maintains brightness for a longer time.<\/li>\n<li>Lampun runko kova-anodisoitu A6061-T6 alumiinia, optiikan suojus 316 ruostumatonta ter\u00e4st\u00e4, PC-linssi.<\/li>\n<li>Ultrakirkas max. 2700 lumenin maksimiteho, kantavuus max 230 m.<\/li>\n<li>Valkoinen LED valo (SST40), neutraalivalkoinen LED-valo (SST20, CRI=90).<\/li>\n<li>Kohdevalo: tehokas pitk\u00e4lle kantava 230 metrin valokuvio, max 2700 lm.<\/li>\n<li>L\u00e4hivalo: lukuvalo + laaja l\u00e4hialueen valaiseva valokuvio, max 500 lm.<\/li>\n<li>Yksi suurikokoinen hanskayst\u00e4v\u00e4llinen painonappikytkin.<\/li>\n<li>Muuttuu nopeasti my\u00f6s taskulampuksi.<\/li>\n<li>Voidaan kiinnitt\u00e4\u00e4 metallipintaan lampun kantaosan supermagneetilla.<\/li>\n<li>EU-lataustandardin mukainen USB C-latausportti.<\/li>\n<li>Viimeisen k\u00e4ytt\u00f6tilan muistitoiminto (vain kohdevalo-toiminnossa)<\/li>\n<li>Elektroninen n\u00e4pp\u00e4inlukko.<\/li>\n<li>J\u00e4ljell\u00e4 olevan akkukapasiteetin n\u00e4ytt\u00f6toiminto: yli 80%-100% vihre\u00e4 valo, 80-50% vilkkuva vihre\u00e4, 50-20% punainen valo, alle 20-1% vilkkuva punainen.<\/li>\n<li>Voidaan liitt\u00e4\u00e4 kaikkiin kyp\u00e4riin. Kyp\u00e4r\u00e4kiinnikkeen saatavana erikseen esim. Fenix ALG-03 v2.0 , eri- tai samansuuntaisella taskulamppu kiinnike.<\/li>\n<li>V\u00e4ri: harmaa\/oranssi.<\/li>\n<li>Pakkaus sis\u00e4lt\u00e4\u00e4: HM71R otsalamppu, irrotettava p\u00e4\u00e4laki- ja otsapanta, Fenix ARB-L21-5000 V2.0 mAh ladattava akku, USB-C latausjohto, otsapannan solki, ruostumattomasta ter\u00e4ksest\u00e4 valmistettu vy\u00f6klipsi, vaihdettava O-rengastiiviste, k\u00e4ytt\u00f6ohje.<\/li>\n<\/ul>\n<p>Fenix-tuotemerkki takaa aina huippulaadun, HM71R on p\u00f6ly- ja vesitiivis IP68-tiiviysluokituksen mukaisesti. Kaikki Fenix valaisimet on testattu omassa laboratoriossa amerikkalaisen ANSI\/FL1 standardin mukaisesti. HM71R lampulla on viiden (5) vuoden (paristo 1 vuosi) Fenix laatutakuu.<\/p>\n<h3>Technical details<\/h3>\n<p>&nbsp;<\/p>\n<ul>\n<li>Valoteho (max):2700 lumenia<\/li>\n<li>K\u00e4ytt\u00f6aika (max): 3 h*<\/li>\n<li>Kantomatka (max): 230 m<\/li>\n<li>Valovoima (max): 6566 kandela<\/li>\n<li>Iskunkesto: 2 metri\u00e4<\/li>\n<li>Vesitiiviys: IP68 (t\u00e4ysin p\u00f6ly- ja vesitiivis)<\/li>\n<li>K\u00e4ytt\u00f6tilat: 8 kpl<\/li>\n<li>Kohdevalo: turbo&nbsp;&nbsp; &nbsp;2700 lm \/ 3 h* \/ 230 h \/ 13300 cd<\/li>\n<li>Kohdevalo: korkea&nbsp;&nbsp; &nbsp;800 lm \/ 5 h \/ 104 m \/ 2705 cd<\/li>\n<li>Kohdevalo: keski&nbsp;&nbsp; &nbsp;200 lm \/ 16 h \/ 52 m \/ 686 cd<\/li>\n<li>Kohdevalo: matala&nbsp;&nbsp; &nbsp;50 lm \/ 48 h \/ 27 m \/ 181 cd<\/li>\n<li>L\u00e4hivalo: korkea&nbsp;&nbsp; &nbsp;500 lm \/ 8 h \/ 44 m \/ 555 cd<\/li>\n<li>L\u00e4hivalo: keski&nbsp;&nbsp; &nbsp;200 m \/ 16 h \/ 30 m \/ 225 cd<\/li>\n<li>L\u00e4hivalo: matala&nbsp;&nbsp; &nbsp;50 lm \/48 h \/ 14 m \/ 50 cd<\/li>\n<li>L\u00e4hivalo: lukuvalo&nbsp;&nbsp; &nbsp;5 lm \/ 400 h \/ 5 m \/ 6 cd<\/li>\n<li>LED-tyyppi: 1 x Luminous SST40 valkoinen valo 6000K, 1 x SST20 CRI90 Neutraali valkoinen 4000 K<\/li>\n<li>Mitat : 106 x 25,10 x 33,7 mm<\/li>\n<li>Paino: 207,5 g (sis. pariston + otsapannan)<\/li>\n<li>Virtal\u00e4hde: 1x 21700 (sis\u00e4ltyy)<\/li>\n<li>Charging method: USB-C<\/li>\n<li>Certifications: ANSI\/NEMA FL-1, ROHS, CE<\/li>\n<li>Takuu: 5 vuotta<\/li>\n<li>Toimitussis\u00e4lt\u00f6: HM71R otsalamppu, irrotettava p\u00e4\u00e4laki- ja otsapanta, Fenix ARB-L21-5000 V2.0 mAh ladattava akku, USB-C latausjohto, otsapannan solki, ruostumattomasta ter\u00e4ksest\u00e4 valmistettu vy\u00f6klipsi, vaihdettava O-rengastiiviste, k\u00e4ytt\u00f6ohje.<\/li>\n<\/ul>\n<p>* The runtime of the Turbo mode is the continuous operating time at brightness levels from 100% down to 10%. Performance values are according to the ANSI\/PLATO FL1 handheld flashlight standard.<\/p>","protected":false},"excerpt":{"rendered":"<p>Huippuluokan monitoimiotsalamppu HM71R<\/p>","protected":false},"featured_media":6668,"comment_status":"open","ping_status":"closed","template":"","meta":{"_kadence_starter_templates_imported_post":false,"_kad_post_transparent":"","_kad_post_title":"","_kad_post_layout":"","_kad_post_sidebar_id":"","_kad_post_content_style":"","_kad_post_vertical_padding":"","_kad_post_feature":"","_kad_post_feature_position":"","_kad_post_header":false,"_kad_post_footer":false,"_kad_post_classname":""},"product_brand":[],"product_cat":[1564,16],"product_tag":[32,1416,1415,267],"class_list":{"0":"post-6669","1":"product","2":"type-product","3":"status-publish","4":"has-post-thumbnail","6":"product_cat-fenix","7":"product_cat-yleinen","8":"product_tag-fenix","9":"product_tag-hm","10":"product_tag-hm71r","11":"product_tag-otsalamppu","13":"first","14":"onbackorder","15":"taxable","16":"shipping-taxable","17":"purchasable","18":"product-type-simple","19":"entry","20":"content-bg","21":"loop-entry"},"_links":{"self":[{"href":"https:\/\/kivenalla.fi\/en\/wp-json\/wp\/v2\/product\/6669","targetHints":{"allow":["GET"]}}],"collection":[{"href":"https:\/\/kivenalla.fi\/en\/wp-json\/wp\/v2\/product"}],"about":[{"href":"https:\/\/kivenalla.fi\/en\/wp-json\/wp\/v2\/types\/product"}],"replies":[{"embeddable":true,"href":"https:\/\/kivenalla.fi\/en\/wp-json\/wp\/v2\/comments?post=6669"}],"wp:featuredmedia":[{"embeddable":true,"href":"https:\/\/kivenalla.fi\/en\/wp-json\/wp\/v2\/media\/6668"}],"wp:attachment":[{"href":"https:\/\/kivenalla.fi\/en\/wp-json\/wp\/v2\/media?parent=6669"}],"wp:term":[{"taxonomy":"product_brand","embeddable":true,"href":"https:\/\/kivenalla.fi\/en\/wp-json\/wp\/v2\/product_brand?post=6669"},{"taxonomy":"product_cat","embeddable":true,"href":"https:\/\/kivenalla.fi\/en\/wp-json\/wp\/v2\/product_cat?post=6669"},{"taxonomy":"product_tag","embeddable":true,"href":"https:\/\/kivenalla.fi\/en\/wp-json\/wp\/v2\/product_tag?post=6669"}],"curies":[{"name":"wp","href":"https:\/\/api.w.org\/{rel}","templated":true}]}}