{"id":6671,"date":"2023-12-12T10:50:32","date_gmt":"2023-12-12T08:50:32","guid":{"rendered":"https:\/\/kivenalla.fi\/tuote\/fenix-cl26r-pro-led-lyhyt-oliivi-650-lm\/"},"modified":"2025-08-27T13:29:50","modified_gmt":"2025-08-27T10:29:50","slug":"fenix-cl26r-pro-led-lyhyt-oliivi-650-lm","status":"publish","type":"product","link":"https:\/\/kivenalla.fi\/en\/product\/fenix-cl26r-pro-led-lyhyt-oliivi-650-lm\/","title":{"rendered":"Fenix CL26R PRO LED-lyhyt (oliivi), 650 lm"},"content":{"rendered":"<h1>Valaise seikkailusi uudella tavalla<\/h1>\n<p>Unohda tavalliset lyhdyt, sill\u00e4 Fenix CL26R PRO vie valaisukokemuksesi aivan uudelle tasolle. T\u00e4m\u00e4 huippuluokan valaisin tarjoaa sinulle mahdollisuuden s\u00e4\u00e4t\u00e4\u00e4 valon m\u00e4\u00e4r\u00e4\u00e4 ja suuntaa tarpeidesi mukaan. K\u00e4\u00e4nn\u00e4 helppok\u00e4ytt\u00f6isest\u00e4 s\u00e4\u00e4t\u00f6renkaasta valitaksesi viidest\u00e4 valaisutilasta sopivimman. Nauti h\u00e4ik\u00e4isev\u00e4st\u00e4 360 asteen valovoimasta, joka ylt\u00e4\u00e4 jopa 650 lumeniin. T\u00e4m\u00e4 lyhty on varustettu nopealla USB-C-latauksella ja pitk\u00e4ll\u00e4 408 tunnin k\u00e4ytt\u00f6ajalla, kiitos vaikuttavan 5000 mAh Li-Ion-akun. Lis\u00e4ksi lyhdyst\u00e4 l\u00f6ytyy punavalotoiminto, joka tekee siit\u00e4 t\u00e4ydellisen valinnan kaikkiin retkiin.<\/p>\n<p><img decoding=\"async\" alt=\"Sovellus\" class=\"ep-gadget epgadget-externalvideo\" data-ep-gadget=\"{&quot;options&quot;:{&quot;width&quot;:560,&quot;height&quot;:315,&quot;provider&quot;:&quot;youtube&quot;,&quot;id&quot;:&quot;WF1IiEiQ_wY&quot;},&quot;alias&quot;:&quot;externalvideo&quot;,&quot;cartridge&quot;:&quot;externalcontent&quot;}\" src=\"data:image\/png;base64,iVBORw0KGgoAAAANSUhEUgAAAAEAAAABCAQAAAC1HAwCAAAAC0lEQVR4nGP6zwAAAgcBApocMXEAAAAASUVORK5CYII=\" style=\"max-width: 100%; display: block; margin-bottom: 10px; width: 201px; height: 111px;\" title=\"Sovellus\" \/><\/p>\n<h3>T\u00e4ydellinen kumppanisi retkelle<\/h3>\n<p>Olipa sitten kyseess\u00e4 telttailu, ty\u00f6skentely pime\u00e4ss\u00e4 tai y\u00f6n\u00e4\u00f6n s\u00e4ilytt\u00e4minen, Fenix CL26R PRO on t\u00e4ydellinen kumppani. Sen taittuva ripustuslenkki ja alasp\u00e4in suuntautuva valo tekev\u00e4t teltan sis\u00e4tilojen valaisemisesta helppoa ja k\u00e4tev\u00e4\u00e4. Voit kiinnitt\u00e4\u00e4 lyhdyn my\u00f6s sen magneettikiinnittimell\u00e4 l\u00e4hes kaikkiin metallipintoihin.<\/p>\n<p>CL26R PRO tarjoaa monipuolisia valaisumahdollisuuksia viiden eri k\u00e4ytt\u00f6tilan avulla:<\/p>\n<ol>\n<li>360 asteen valaisutila ns. leirivalo.<\/li>\n<li>180 asteen sivuvalo.<\/li>\n<li>Alasp\u00e4in suuntautuva valotila ns. telttavalo.<\/li>\n<li>Yhdistelm\u00e4valo: 360 asteen leirivalo + telttavalo.<\/li>\n<li>Punavalo ja punainen vilkku.<\/li>\n<\/ol>\n<p>360-asteen k\u00e4ytt\u00f6tilassa valaiset jopa 15 metrin suuruisen alueen. 180-asteen sivuvalo suuntaa valoa niin, ett\u00e4 se ei h\u00e4iritse esim. vieress\u00e4 nukkuvaa henkil\u00f6\u00e4. Lyhdyn pohjavalo toimii teltan kattovalona tai k\u00e4tev\u00e4n\u00e4 k\u00e4silamppuna. Voit my\u00f6s yhdist\u00e4\u00e4 360 asteen ja pohjavalon jolloin saat mahtavan kaikkiin suuntiin n\u00e4ytt\u00e4v\u00e4n valon.Punavalo toimii puolestaan erinomaisesti y\u00f6valona s\u00e4ilytt\u00e4en h\u00e4m\u00e4r\u00e4n\u00e4k\u00f6kykysi ja t\u00e4m\u00e4n lis\u00e4ksi se ei houkuttele hy\u00f6nteisi\u00e4 valon ymp\u00e4rille.<\/p>\n<h3>\nUSB C-lataus ja varavirtapankki<\/h3>\n<p>Fenix CL26R PRO on varustettu tehokkaalla ja vaihdettavalla 5000 mAh Li-ion-akkuparistolla, joka tarjoaa pitk\u00e4n jopa 408 tunnin k\u00e4ytt\u00f6ajan. CL26R PRO latautuu nopeasti USB C -liit\u00e4nn\u00e4n avulla. Valaisimessa on my\u00f6s USB A -liit\u00e4nt\u00e4, joka mahdollistaa muidenkin laitteiden lataamisen. Ja mik\u00e4 parasta, voit k\u00e4ytt\u00e4\u00e4 valaisinta samanaikaisesti kun lataat jotakin muuta ulkopuolista laitetta. T\u00e4m\u00e4 valaisin ei j\u00e4t\u00e4 sinua pime\u00e4\u00e4n &#8211; se valaisee matkasi ja pit\u00e4\u00e4 muutkin laitteesi toimintavalmiina.<\/p>\n<h3>Product Information<\/h3>\n<ul>\n<li>Viisi valaisutilaa.<\/li>\n<li>Seitsem\u00e4n kirkkaustilaa ja kaksi punavalotilaa (punavalo+vilkku).<\/li>\n<li>15 metriin saakka kantava valaisu.<\/li>\n<li>Seitsem\u00e4n COB-ledipaneelia + Redslight SC1818C valkoinen LED<\/li>\n<li>USB-C -lataus merkkivaloilla (akku sis\u00e4ltyy).<\/li>\n<li>USB-A virran ulossy\u00f6tt\u00f6 ulkopuolisen laitteen lataamiseen.<\/li>\n<li>Kiinnitysmahdollisuudet (lenkki-, magneettikiinnitys).<\/li>\n<li>V\u00e4ril\u00e4mp\u00f6tila: noin 4000 &#8211; 6800 K.<\/li>\n<li>Mitat 66 x 59,5 x 114 mm.<\/li>\n<li>V\u00e4ri: Oliivivihre\u00e4.<\/li>\n<li>Pakkaus sis\u00e4lt\u00e4\u00e4: CL26R PRO retkilyhty, Fenix ARB-L21-5000 (5000 mAh) Li-Ion&nbsp; akkuparisto, USB-C kaapeli,&nbsp; vaihdettava O-rengastiiviste, k\u00e4ytt\u00f6ohje.<\/li>\n<\/ul>\n<p>Fenix-tuotemerkki takaa aina huippulaadun, CL26R PRO on IP66 p\u00f6ly- ja vesitiivis. Kaikki Fenix valaisimet on testattu omassa laboratoriossa amerikkalaisen ANSI\/FL1 standardin mukaisesti. CL26R valaisimella on viiden (5) vuoden (paristo 1 vuosi) Fenix laatutakuu.<\/p>\n<h3>Technical details<\/h3>\n<p>&nbsp;<\/p>\n<ul>\n<li>Valoteho (max): 650 lumenia (500 lm + 150 lm)<\/li>\n<li>K\u00e4ytt\u00f6aika (max): 408 h (5 lm tehotila)<\/li>\n<li>Kantomatka (max): 15 metri\u00e4<\/li>\n<li>Iskunkesto: 1 metri<\/li>\n<li>Water resistance: IP66<\/li>\n<li>K\u00e4ytt\u00f6tilat: 9 kpl<\/li>\n<li>360\u00b0 valaisu, korkea: 500 lm \/ 10 h*<\/li>\n<li>360\u00b0 valaisu, keski: 200 lm \/ 13 h<\/li>\n<li>360\u00b0 valaisu, matala: 50 lm \/ 40 h<\/li>\n<li>Sivuvalo: 25 lm \/ 67 h<\/li>\n<li>Alavalo 1: 5 lm \/ 408 h<\/li>\n<li>Alavalo 2: 50 lm \/ 58 h<\/li>\n<li>Alavalo 3: 150 lm \/ 15 h<\/li>\n<li>Punavalo jatkuva: 3 lm \/ 125 h<\/li>\n<li>Punavalo vilkku: 3 lm \/ 240 h<\/li>\n<li>LED-tyyppi: Luonnonvalkoinen LED (4000 K), pohjavalo: Cold white SC1818C LED (6800 K)<\/li>\n<li>Mitat&nbsp;&nbsp; &nbsp;66 x 59,5 x 114 mm<\/li>\n<li>Paino&nbsp;&nbsp; &nbsp;199 g (ilman paristoa)<\/li>\n<li>Virtal\u00e4hde&nbsp;&nbsp; &nbsp;1&#215;21700 (sis\u00e4ltyy)<\/li>\n<li>Lataustapa&nbsp;&nbsp; &nbsp;USB-C<\/li>\n<li>Latausaika&nbsp;&nbsp; &nbsp;3,5 h (5V 2A)<\/li>\n<li>Hyv\u00e4ksynn\u00e4t&nbsp;&nbsp; &nbsp;ANSI\/NEMA FL-1, ROHS, CE<\/li>\n<li>Takuu&nbsp;&nbsp; &nbsp;5 vuotta<\/li>\n<li>Toimitussis\u00e4lt\u00f6&nbsp;&nbsp; &nbsp;CL26R PRO retkilyhty v\u00e4ri: marmorikuvioitu valkoinen, Fenix ARB-L21-5000 (5000 mAh) Li-Ion akkuparisto, USB-C kaapeli, vaihdettava O-rengastiiviste, k\u00e4ytt\u00f6ohje.<\/li>\n<\/ul>\n<p>* The runtime of the Turbo mode is the continuous operating time at brightness levels from 100% down to 10%. Performance values are according to the ANSI\/PLATO FL1 handheld flashlight standard.<\/p>\n<p>&nbsp;<\/p>","protected":false},"excerpt":{"rendered":"<p>Valaise seikkailusi uudella tavalla<\/p>","protected":false},"featured_media":6670,"comment_status":"open","ping_status":"closed","template":"","meta":{"_kadence_starter_templates_imported_post":false,"_kad_post_transparent":"","_kad_post_title":"","_kad_post_layout":"","_kad_post_sidebar_id":"","_kad_post_content_style":"","_kad_post_vertical_padding":"","_kad_post_feature":"","_kad_post_feature_position":"","_kad_post_header":false,"_kad_post_footer":false,"_kad_post_classname":""},"product_brand":[],"product_cat":[1564,16],"product_tag":[1422,1421,32,1420,1419,811],"class_list":{"0":"post-6671","1":"product","2":"type-product","3":"status-publish","4":"has-post-thumbnail","6":"product_cat-fenix","7":"product_cat-yleinen","8":"product_tag-cl26","9":"product_tag-cl26r-pro","10":"product_tag-fenix","11":"product_tag-led-lyhty","12":"product_tag-led-valo","13":"product_tag-lyhty","15":"first","16":"onbackorder","17":"taxable","18":"shipping-taxable","19":"purchasable","20":"product-type-simple","21":"entry","22":"content-bg","23":"loop-entry"},"_links":{"self":[{"href":"https:\/\/kivenalla.fi\/en\/wp-json\/wp\/v2\/product\/6671","targetHints":{"allow":["GET"]}}],"collection":[{"href":"https:\/\/kivenalla.fi\/en\/wp-json\/wp\/v2\/product"}],"about":[{"href":"https:\/\/kivenalla.fi\/en\/wp-json\/wp\/v2\/types\/product"}],"replies":[{"embeddable":true,"href":"https:\/\/kivenalla.fi\/en\/wp-json\/wp\/v2\/comments?post=6671"}],"wp:featuredmedia":[{"embeddable":true,"href":"https:\/\/kivenalla.fi\/en\/wp-json\/wp\/v2\/media\/6670"}],"wp:attachment":[{"href":"https:\/\/kivenalla.fi\/en\/wp-json\/wp\/v2\/media?parent=6671"}],"wp:term":[{"taxonomy":"product_brand","embeddable":true,"href":"https:\/\/kivenalla.fi\/en\/wp-json\/wp\/v2\/product_brand?post=6671"},{"taxonomy":"product_cat","embeddable":true,"href":"https:\/\/kivenalla.fi\/en\/wp-json\/wp\/v2\/product_cat?post=6671"},{"taxonomy":"product_tag","embeddable":true,"href":"https:\/\/kivenalla.fi\/en\/wp-json\/wp\/v2\/product_tag?post=6671"}],"curies":[{"name":"wp","href":"https:\/\/api.w.org\/{rel}","templated":true}]}}