{"id":6673,"date":"2023-12-12T10:50:33","date_gmt":"2023-12-12T08:50:33","guid":{"rendered":"https:\/\/kivenalla.fi\/tuote\/fenix-hm61r-v2-0-otsalamppu\/"},"modified":"2025-12-15T21:04:02","modified_gmt":"2025-12-15T19:04:02","slug":"fenix-hm61r-v2-0-otsalamppu","status":"publish","type":"product","link":"https:\/\/kivenalla.fi\/en\/product\/fenix-hm61r-v2-0-otsalamppu\/","title":{"rendered":"Fenix HM61R v2.0 -otsalamppu"},"content":{"rendered":"<h1>Lajinsa paras uudistui!<\/h1>\n<p>\nLajinsa parhaimmaksi otsalampuksi valittu HM61R V2.0 uudistui! Uusi HM61R V2.0 on nyt entist\u00e4kin tehokkaampi ja se tuottaa max. 1600 lumenin valotehon ja 162 metri\u00e4 valaisevan valokeilan. Pime\u00e4n\u00e4k\u00f6kyvyn s\u00e4ilytt\u00e4v\u00e4 punavalotoiminto saadaan nyt suoraan kytketty\u00e4 p\u00e4\u00e4lle ilman valkoista valoa. Uusi Quick-release otsapanta mahdollistaa HM61R V2.0 irrottamisen k\u00e4silampuksi vain yhdess\u00e4 sekunnissa. Lampun operointi hoituu helposti yhdest\u00e4 lampun p\u00e4\u00e4dyss\u00e4 sijaitsevasta suurikokoisesta painanappikytkimest\u00e4 my\u00f6s k\u00e4sineet k\u00e4dess\u00e4. Uudet k\u00e4ytt\u00f6tilat mahdollistavat lampun yht\u00e4mittaisen k\u00e4yt\u00f6n jopa 300 tunnin ajan (pienin kirkkaustila). HM61R V2.0 toimii 18650 Li-ion akkuparistolla tai hyvin kylm\u00e4\u00e4 kest\u00e4vill\u00e4 CR123A paristoilla. Uusi HM61R V2.0 kasvattaa j\u00e4lleen etumatkaansa lajinsa parhaana otsalampuna kilpailijoihinsa n\u00e4hden.<\/p>\n<p><img decoding=\"async\" alt=\"Sovellus\" class=\"ep-gadget epgadget-externalvideo\" data-ep-gadget=\"{&quot;options&quot;:{&quot;width&quot;:560,&quot;height&quot;:315,&quot;provider&quot;:&quot;youtube&quot;,&quot;id&quot;:&quot;-vJDKrkuQak&quot;},&quot;alias&quot;:&quot;externalvideo&quot;,&quot;cartridge&quot;:&quot;externalcontent&quot;}\" src=\"data:image\/png;base64,iVBORw0KGgoAAAANSUhEUgAAAAEAAAABCAQAAAC1HAwCAAAAC0lEQVR4nGP6zwAAAgcBApocMXEAAAAASUVORK5CYII=\" style=\"max-width: 100%; display: block; margin-bottom: 10px; width: 201px; height: 111px;\" title=\"Sovellus\" \/><\/p>\n<h3>Yksi lamppu &#8211; monta k\u00e4ytt\u00f6\u00e4<\/h3>\n<p>\nFenix HM61R V2.0 muuntuu hetkess\u00e4 otsalampusta k\u00e4tev\u00e4ksi k\u00e4silampuksi, py\u00f6r\u00e4valoksi ja kyp\u00e4r\u00e4valoksi. Lampun kantosan supermagneetti mahdollistaa lampun kiinnitt\u00e4misen l\u00e4hes kaikille metallipinnoille. Leve\u00e4ll\u00e4 vy\u00f6klipsikiinnikkeell\u00e4 saat HM61R V2.0 kiinnitetty\u00e4 rintataskuun, rinkkaan, reppuun jne. Punavalotoiminto laajentaa lampun k\u00e4ytt\u00f6\u00e4 entisest\u00e4\u00e4n esim. retkell\u00e4, valokuvauksessa tai telttaillessa mahdollistaen mm. h\u00e4m\u00e4r\u00e4n\u00e4k\u00f6kyvyn s\u00e4ilytt\u00e4misen tai k\u00e4yt\u00f6n y\u00f6valona joka ei houkuta hy\u00f6nteisi\u00e4 valon luokse.<\/p>\n<h3>Luotettava ja nopea magneettilataus<\/h3>\n<p>\nUseimmista kilpailijoistaan poiketen lampun magneettilatausliitin on sijoitettu turvallisesti suoraan valaisinosan taakse. T\u00e4m\u00e4 sijoitustapa suojaa latausliitint\u00e4 ep\u00e4puhtauksilta ja haitalliselta kulumiselta koska latausliitint\u00e4 ei ole sijoitettu lampun kantaosaan yhdess\u00e4 supermagneetin kanssa kuten useimmissa kilpailevissa monitoimiotsalampuissa. Kest\u00e4v\u00e4, toistuvaa k\u00e4ytt\u00f6\u00e4 mahdollistava rakenne varmistaa lampun h\u00e4iri\u00f6tt\u00f6m\u00e4n k\u00e4yt\u00f6n vaativassakin ty\u00f6k\u00e4yt\u00f6ss\u00e4. Kantaosan supermagneetilla kiinnit\u00e4t HM61R V2.0 l\u00e4hes kaikille metallipinnoille luotettavasti.<\/p>\n<h3>Tehokas valaisu ilman katvealueita<\/h3>\n<p>\nTehokas TIR-linssioptiikka valaisee leve\u00e4sti ilman katvealueita max. 162 metriin asti. Lampun valokeila on kauttaaltaan tasaisesti valaiseva. Punavalo on saadaan kytketty\u00e4 suoraan p\u00e4\u00e4lle painamalla ja pit\u00e4m\u00e4ll\u00e4 k\u00e4ytt\u00f6kytkint\u00e4 pohjassa 1,2 sekunnin ajan. Punavalo on erityisen hy\u00f6dyllinen silloin kun haluat s\u00e4ilytt\u00e4\u00e4 pime\u00e4n\u00e4k\u00f6kyvyn h\u00e4m\u00e4r\u00e4ss\u00e4, k\u00e4ytt\u00e4\u00e4 valoa y\u00f6valona ilman, ett\u00e4 valo houkuttelee ymp\u00e4rilleen hy\u00f6nteisi\u00e4 tai huomio-\/varoitusvalona.<\/p>\n<h3>Ei kalliita erikoisakkuja<\/h3>\n<p>\nFenix HM61R V2.0 toimii tavallisella tyypin 18650 Li-ion akkuparistolla tai kahdella kylm\u00e4\u00e4 kest\u00e4v\u00e4ll\u00e4 CR123A paristolla. Koska sinun ei tarvitse k\u00e4ytt\u00e4\u00e4 valmistajasta riippuvaa kallista erikoisakkua, voit valita aina esimerkiksi vara-akuksi parhaimman vaihtoehdon markkinoilta l\u00f6ytyvist\u00e4 akkuvaihtoehdoista esim. ladattava kylm\u00e4\u00e4 kest\u00e4v\u00e4 Fenix ARB-L18-2900L Li-ion akku.<\/p>\n<p>Fenix HM61R V2.0 latautuu tyhj\u00e4st\u00e4 t\u00e4yteen (3400 mAh akku) vain vajaassa nelj\u00e4ss\u00e4 tunnissa. Latauksen LED-merkkivalo n\u00e4ytt\u00e4\u00e4 selke\u00e4sti latauksen edistymisen.<\/p>\n<h3>Paras 5-vuoden takuu<\/h3>\n<p>Fenix HM61R V2.0 on tehty kest\u00e4m\u00e4\u00e4n. Lampulla on t\u00e4ysi 5-vuoden takuu my\u00f6s ty\u00f6k\u00e4yt\u00f6ss\u00e4! HM61R V2.0 on t\u00e4ysin p\u00f6ly- ja vesitiivis IP68-tiiviysluokituksen mukaisesti. Lampun rakenne on iskunkest\u00e4v\u00e4 ja se kest\u00e4\u00e4 ANSI NEMA\/FL1-luokituksen mukaisesti vapaan tiputuksen kaikista suunnista kahden metrin korkeudelta.<\/p>\n<h3>\u200bTuotetiedot<\/h3>\n<p>&nbsp;<\/p>\n<ul>\n<li>A constant current circuit maintains brightness for a longer time.<\/li>\n<li>Ultrakirkas max. 1600 lumenin maksimiteho, kantavuus max 162 m.<\/li>\n<li>Valkoinen LED valo (SST40), punainen LED-valo.<\/li>\n<li>Laajasti koko valoalueelta valaiseva valokuvio.<\/li>\n<li>Yksi suurikokoinen painonappikytkin.<\/li>\n<li>Muuttuu nopeasti my\u00f6s taskulampuksi.<\/li>\n<li>Nopea USB-magneettilataus.<\/li>\n<li>Viimeisen k\u00e4ytt\u00f6tilan muistitoiminto.<\/li>\n<li>N\u00e4pp\u00e4inlukko.<\/li>\n<li>J\u00e4ljell\u00e4 olevan akkukapasiteetin n\u00e4ytt\u00f6toiminto: yli 85%-100% vihre\u00e4 valo, 85-50% vilkkuva vihre\u00e4, 50-25% punainen valo, alle 25% vilkkuva punainen.<\/li>\n<li>Kest\u00e4v\u00e4 kova-anodisoitu alumiinirunko A6061-T6.<\/li>\n<li>Voidaan liitt\u00e4\u00e4 kaikkiin kyp\u00e4riin erillisell\u00e4 ALG-03 v2.0 tai HM-10 KIINNIKE- kyp\u00e4r\u00e4kiinnikkeill\u00e4 (suositellaan).<\/li>\n<li>V\u00e4ri: harmaa\/oranssi.<\/li>\n<li>Pakkaus sis\u00e4lt\u00e4\u00e4: HM61R V2.0 otsalamppu, p\u00e4\u00e4laki- ja otsapanta, Fenix ARB-L18-3400 mAh ladattava akku, USB magneettilatausjohto, otsapannan solki, ruostumattomasta ter\u00e4ksest\u00e4 valmistettu vy\u00f6klipsi, vaihdettava O-rengastiiviste, k\u00e4ytt\u00f6ohje.<\/li>\n<\/ul>\n<p>Fenix-tuotemerkki takaa aina huippulaadun, HM61R V2.0 on p\u00f6ly- ja vesitiivis IP68-tiiviysluokituksen mukaisesti. Kaikki Fenix valaisimet on testattu omassa laboratoriossa amerikkalaisen ANSI\/FL1 standardin mukaisesti. HM61R V2.0 lampulla on viiden (5) vuoden (paristo 1 vuosi) Fenix laatutakuu.<\/p>\n<h3>Technical details<\/h3>\n<p>&nbsp;<\/p>\n<ul>\n<li>Valoteho (max): 1600 lumenia<\/li>\n<li>K\u00e4ytt\u00f6aika (max): 2 h*<\/li>\n<li>Kantomatka (max): 162 m<\/li>\n<li>Valovoima (max): 6566 kandela<\/li>\n<li>Iskunkesto: 2 metri\u00e4<\/li>\n<li>Vesitiiviys: IP68 (t\u00e4ysin p\u00f6ly- ja vesitiivis)<\/li>\n<li>K\u00e4ytt\u00f6tilat: 8 kpl<\/li>\n<li>K\u00e4ytt\u00f6tila turbo: 1600 lm \/ 2 h* \/ 162 m \/ 6566 cd<\/li>\n<li>K\u00e4ytt\u00f6tila korkea I: 600 lm \/ 3 h \/ 97 m \/ 2358 cd<\/li>\n<li>K\u00e4ytt\u00f6tila keski: 150 m \/ 12 h \/ 47 m \/ 557 cd<\/li>\n<li>K\u00e4ytt\u00f6tila matala: 50 lm \/ 35 h \/ 28 m \/ 190 cd<\/li>\n<li>K\u00e4ytt\u00f6tila eko: 5 lm \/ 300 h \/ 9 m \/ 20 cd<\/li>\n<li>Punavalo (keski): 5 lm \/ 80 h<\/li>\n<li>Punavalo (matala): 1 lm \/ 400 lm<\/li>\n<li>Punavalo vilkku : 5 lm \/ 160 h<\/li>\n<li>LED-tyyppi: 1 x Luminous SST40 White light LED, Everlight punainen<\/li>\n<li>Mitat: 101 x 16 x 36 mm<\/li>\n<li>Paino: 152 g (paristolla)<\/li>\n<li>Virtal\u00e4hde: 1&#215;18650 (sis\u00e4ltyy) \/ 2xCR123A (ei sis\u00e4ll\u00e4)<\/li>\n<li>Lataustapa: Magneettilataus<\/li>\n<li>Certifications: ANSI\/NEMA FL-1, ROHS, CE<\/li>\n<li>Takuu: 5 vuotta<\/li>\n<li>Toimitussis\u00e4lt\u00f6: HM61R V2.0 otsalamppu, Fenix ARB-L18-3400 mAh ladattava akku, p\u00e4\u00e4- ja otsapanta, USB magneettilatausjohto, otsapannan solki, ter\u00e4ksinen klipsi, vaihdettava O-rengastiiviste, k\u00e4ytt\u00f6ohje<\/li>\n<\/ul>\n<p>* The runtime of the Turbo mode is the continuous operating time at brightness levels from 100% down to 10%. Performance values are according to the ANSI\/PLATO FL1 handheld flashlight standard.<\/p>","protected":false},"excerpt":{"rendered":"<p>Lajinsa paras uudistui!<\/p>","protected":false},"featured_media":6672,"comment_status":"open","ping_status":"closed","template":"","meta":{"_kadence_starter_templates_imported_post":false,"_kad_post_transparent":"","_kad_post_title":"","_kad_post_layout":"","_kad_post_sidebar_id":"","_kad_post_content_style":"","_kad_post_vertical_padding":"","_kad_post_feature":"","_kad_post_feature_position":"","_kad_post_header":false,"_kad_post_footer":false,"_kad_post_classname":""},"product_brand":[],"product_cat":[1653,1564,1662,16],"product_tag":[32,1031,1424,267,1423],"class_list":{"0":"post-6673","1":"product","2":"type-product","3":"status-publish","4":"has-post-thumbnail","6":"product_cat-ale10","7":"product_cat-fenix","8":"product_cat-joulu","9":"product_cat-yleinen","10":"product_tag-fenix","11":"product_tag-hm61r","12":"product_tag-hm61r-v2-0","13":"product_tag-otsalamppu","14":"product_tag-punavalo","16":"first","17":"instock","18":"sale","19":"taxable","20":"shipping-taxable","21":"purchasable","22":"product-type-simple","23":"entry","24":"content-bg","25":"loop-entry"},"_links":{"self":[{"href":"https:\/\/kivenalla.fi\/en\/wp-json\/wp\/v2\/product\/6673","targetHints":{"allow":["GET"]}}],"collection":[{"href":"https:\/\/kivenalla.fi\/en\/wp-json\/wp\/v2\/product"}],"about":[{"href":"https:\/\/kivenalla.fi\/en\/wp-json\/wp\/v2\/types\/product"}],"replies":[{"embeddable":true,"href":"https:\/\/kivenalla.fi\/en\/wp-json\/wp\/v2\/comments?post=6673"}],"wp:featuredmedia":[{"embeddable":true,"href":"https:\/\/kivenalla.fi\/en\/wp-json\/wp\/v2\/media\/6672"}],"wp:attachment":[{"href":"https:\/\/kivenalla.fi\/en\/wp-json\/wp\/v2\/media?parent=6673"}],"wp:term":[{"taxonomy":"product_brand","embeddable":true,"href":"https:\/\/kivenalla.fi\/en\/wp-json\/wp\/v2\/product_brand?post=6673"},{"taxonomy":"product_cat","embeddable":true,"href":"https:\/\/kivenalla.fi\/en\/wp-json\/wp\/v2\/product_cat?post=6673"},{"taxonomy":"product_tag","embeddable":true,"href":"https:\/\/kivenalla.fi\/en\/wp-json\/wp\/v2\/product_tag?post=6673"}],"curies":[{"name":"wp","href":"https:\/\/api.w.org\/{rel}","templated":true}]}}