{"id":6677,"date":"2023-12-12T10:50:35","date_gmt":"2023-12-12T08:50:35","guid":{"rendered":"https:\/\/kivenalla.fi\/tuote\/bison-kapseli-musta\/"},"modified":"2025-10-27T13:03:39","modified_gmt":"2025-10-27T11:03:39","slug":"bison-kapseli-musta","status":"publish","type":"product","link":"https:\/\/kivenalla.fi\/en\/product\/bison-kapseli-musta\/","title":{"rendered":"Bison-kapseli (musta)"},"content":{"rendered":"<p>Classic small Bison capsule. Its compact size makes it ideal for urban geocaches.<\/p>\n\n\n\n<p>Koko: noin. 4,8 cm pitk\u00e4 ja 1,4 cm halkaisijaltaan. Kapseli on vedenpit\u00e4v\u00e4. Kapselin v\u00e4ri on musta.<\/p>\n\n\n\n<p><strong>Note: Bulk discount \u2013 10 pcs for a total of \u20ac15.<\/strong><\/p>","protected":false},"excerpt":{"rendered":"<p>Small-sized Bison capsule, dimensions approx. 4.8 x 1.4 cm.<\/p>","protected":false},"featured_media":6676,"comment_status":"open","ping_status":"closed","template":"","meta":{"_kadence_starter_templates_imported_post":false,"_kad_post_transparent":"","_kad_post_title":"","_kad_post_layout":"","_kad_post_sidebar_id":"","_kad_post_content_style":"","_kad_post_vertical_padding":"","_kad_post_feature":"","_kad_post_feature_position":"","_kad_post_header":false,"_kad_post_footer":false,"_kad_post_classname":""},"product_brand":[],"product_cat":[1654,1542,1585,16],"product_tag":[304,1431,338,119,1219,77],"class_list":{"0":"post-6677","1":"product","2":"type-product","3":"status-publish","4":"has-post-thumbnail","6":"product_cat-ale20","7":"product_cat-mikrokatkot","8":"product_cat-uudet-tuotteet","9":"product_cat-yleinen","10":"product_tag-bison","11":"product_tag-bison-kapseli","12":"product_tag-kapseli","13":"product_tag-mikrokatko","14":"product_tag-pieni-bison","15":"product_tag-pieni-katko","17":"first","18":"instock","19":"taxable","20":"shipping-taxable","21":"purchasable","22":"product-type-simple","23":"entry","24":"content-bg","25":"loop-entry"},"_links":{"self":[{"href":"https:\/\/kivenalla.fi\/en\/wp-json\/wp\/v2\/product\/6677","targetHints":{"allow":["GET"]}}],"collection":[{"href":"https:\/\/kivenalla.fi\/en\/wp-json\/wp\/v2\/product"}],"about":[{"href":"https:\/\/kivenalla.fi\/en\/wp-json\/wp\/v2\/types\/product"}],"replies":[{"embeddable":true,"href":"https:\/\/kivenalla.fi\/en\/wp-json\/wp\/v2\/comments?post=6677"}],"wp:featuredmedia":[{"embeddable":true,"href":"https:\/\/kivenalla.fi\/en\/wp-json\/wp\/v2\/media\/6676"}],"wp:attachment":[{"href":"https:\/\/kivenalla.fi\/en\/wp-json\/wp\/v2\/media?parent=6677"}],"wp:term":[{"taxonomy":"product_brand","embeddable":true,"href":"https:\/\/kivenalla.fi\/en\/wp-json\/wp\/v2\/product_brand?post=6677"},{"taxonomy":"product_cat","embeddable":true,"href":"https:\/\/kivenalla.fi\/en\/wp-json\/wp\/v2\/product_cat?post=6677"},{"taxonomy":"product_tag","embeddable":true,"href":"https:\/\/kivenalla.fi\/en\/wp-json\/wp\/v2\/product_tag?post=6677"}],"curies":[{"name":"wp","href":"https:\/\/api.w.org\/{rel}","templated":true}]}}