{"id":6700,"date":"2023-12-13T14:12:14","date_gmt":"2023-12-13T12:12:14","guid":{"rendered":"https:\/\/kivenalla.fi\/?post_type=product&#038;p=6700"},"modified":"2024-07-30T13:52:42","modified_gmt":"2024-07-30T10:52:42","slug":"fenix-ld22-v2-800-lm","status":"publish","type":"product","link":"https:\/\/kivenalla.fi\/en\/product\/fenix-ld22-v2-800-lm\/","title":{"rendered":"Fenix LD22 V2, 800 lm"},"content":{"rendered":"<h3 class=\"wp-block-heading\">Suvereenia valon hallintaa!<\/h3>\n\n\n\n<p>ER\u00c4-lehden testimenestyj\u00e4 p\u00e4ivittyi isosti! Uudessa LD22 V2.0 on tavanomaisten paristojen lis\u00e4ksi tehokas USB-C ladattava akku ja sen teho on kasvanut per\u00e4ti 270 % huikeaan 800 lumeniin. Uusi SST20 WXS tehoLED tuottaa suuren valovoiman lis\u00e4ksi my\u00f6s tehokkaasti koko kantomatkan valaisevan valokeilan aina 214 metriin asti. Sulavalinjaisen muotoilunsa ansiosta valaisin sujahtaa helposti taskuun, ty\u00f6liiveihin jne. Uusi kaksisuuntainen klipsikiinnitys mahdollistaa lampun kiinnitt\u00e4misen entist\u00e4kin monipuolisemmin. LD22 V2.0 on huippuluokan taskulamppu erilaisiin harraste- ja ty\u00f6teht\u00e4viin kuten jokap\u00e4iv\u00e4iseen k\u00e4ytt\u00f6\u00f6n, ulkoiluun ja retkeilyyn, asennus- ja kunnossapitoteht\u00e4viin, kiinteist\u00f6nhuoltoon jne.<\/p>\n\n\n\n<h3 class=\"wp-block-heading\">Valotehoa joka h\u00e4mment\u00e4\u00e4<\/h3>\n\n\n\n<p>Fenix LD22 V2.0 on er\u00e4s tehokkaimmista, AA-sormiparisto k\u00e4silampuista. LD22 V2.0 kykenee tuottamaan h\u00e4ik\u00e4isev\u00e4n max. 800 lumenin valotehon ja pitk\u00e4n max. 214 metrin valokeilan. Lampussa on viisi kirkkaustilaa ja kaksi vilkkutilaa.&nbsp;<\/p>\n\n\n\n<h3 class=\"wp-block-heading\">K\u00e4yt\u00e4 akulla tai AA-sormiparistoilla<\/h3>\n\n\n\n<p>Fenix LD22 V2.0 erikoisominaisuutena on sen kyky hy\u00f6dynt\u00e4\u00e4 tavallisten AA-sormiparistojen lis\u00e4ksi tehokasta ymp\u00e4rist\u00f6yst\u00e4v\u00e4llist\u00e4 USB tyypin C-ladattavaa Li-ion akkua (sis\u00e4ltyy). T\u00e4m\u00e4 nostaa valaisimen kirkkauden h\u00e4kellytt\u00e4v\u00e4\u00e4n max. 800 lumeniin! Tavallisilla sormiparistoilla (alkaali, NiMh-akkuparisto) valaisin toimii max. 350 lumenin kirkkaudella.<\/p>\n\n\n\n<h3 class=\"wp-block-heading\">Kumppani johon voit luottaa<\/h3>\n\n\n\n<p>Fenix LD22 V2.0 on suunniteltu kest\u00e4v\u00e4ksi ja luotettavaksi vaativimmassakin k\u00e4yt\u00f6ss\u00e4. LD22 V2.0 on iskunkest\u00e4v\u00e4 rakenne, IP68 luokituksen mukainen t\u00e4ysi p\u00f6ly- ja vesitiiviys, ruostumattomasta ter\u00e4ksest\u00e4 valmistettu iskuk\u00e4rki ja kovakarkaistu lasilinssi. Turvallisen k\u00e4yt\u00f6n suurilla kirkkaustehoilla varmistaa Fenixin patentoitu IOP ylikuumenemisen est\u00e4v\u00e4 piiriteknologia, jonka ansiosta valaisimen pintal\u00e4mp\u00f6tila ei suurillakaan&nbsp;tehoilla k\u00e4ytett\u00e4ess\u00e4 ylit\u00e4 60 \u00b0C asteen l\u00e4mp\u00f6tilaa (patenttinro: ZL20821879647.6).<\/p>\n\n\n\n<h3 class=\"wp-block-heading\">Product Information<\/h3>\n\n\n\n<ul class=\"wp-block-list\">\n<li>Tasavirtateknologia s\u00e4ilytt\u00e4\u00e4 lampun kirkkauden.<\/li>\n\n\n\n<li>Tehokkaasti valaiseva Luminus SST20 WXS LED.<\/li>\n\n\n\n<li>Monipuoliset virtal\u00e4hteet: AA-sormiparisto (sis\u00e4ltyy), NiMH-akkuparisto, 14500 Li-ion akku, ARB-L14-1100U USB C-tyypin akkuparisto (sis\u00e4ltyy).<\/li>\n\n\n\n<li>USB C-tyypin akkuparisto.<\/li>\n\n\n\n<li>V\u00e4lit\u00f6n p\u00e4\u00e4llekytkeytyminen taktisesta p\u00e4\u00e4tynapista, sivukytkin kirkkaustilojen valintaan.<\/li>\n\n\n\n<li>Kaksisuuntainen irrotettava klipsikiinnike.<\/li>\n\n\n\n<li>K\u00e4\u00e4nteisen paristopolarisaation suojaus est\u00e4\u00e4 lampun vaurioitumisen v\u00e4\u00e4rin asennetuilta paristoilta.<\/li>\n\n\n\n<li>\u00c4lyk\u00e4s IOP ylikuumenemisen est\u00e4v\u00e4 suojapiiri.<\/li>\n\n\n\n<li>Alhaisen paristoj\u00e4nnitteen ilmaisintoiminto.<\/li>\n\n\n\n<li>Materiaali A6061-T6 alumiini jossa HAIII luokan kova-anodisoitu naarmuuntumista v\u00e4hent\u00e4v\u00e4 pinnoite.<\/li>\n\n\n\n<li>Pakkaus sis\u00e4lt\u00e4\u00e4: Fenix LD22 V2.0 taskulamppu, ARB-L14-1100U Li-ion ladattava akkuparisto, 2 x Pairdeer AA-alkaaliparisto, USB tyypin C-latausjohto, vy\u00f6kotelo, rannehihna, vaihdettava O-rengastiiviste, k\u00e4ytt\u00f6ohje.<\/li>\n<\/ul>\n\n\n\n<p>Fenix-tuotemerkki takaa aina huippulaadun. Fenix LD22 V2.0 ladattava k\u00e4sivalaisin on t\u00e4ysin IP68 p\u00f6ly- ja vesitiivis. Kaikki Fenix valaisimet on testattu omassa laboratoriossa amerikkalaisen ANSI\/FL1 standardin mukaisesti. Fenix LD22 V2.0 k\u00e4sivalaisimella on viiden (5) vuoden (paristo 1 vuosi) Fenix laatutakuu.<\/p>\n\n\n\n<h3 class=\"wp-block-heading\">Technical details<\/h3>\n\n\n\n<figure class=\"wp-block-table\"><table><tbody><tr><td>Maximum brightness (max)<\/td><td>800 lumenia<\/td><\/tr><tr><td>Runtime (max)<\/td><td>220 h (pienin teho)<\/td><\/tr><tr><td>Beam distance (max)<\/td><td>214 metri\u00e4<\/td><\/tr><tr><td>Peak intensity (max)<\/td><td>11500 kandela<\/td><\/tr><tr><td>Impact resistance<\/td><td>1 m<\/td><\/tr><tr><td>Water resistance<\/td><td>IP68 (t\u00e4ysin p\u00f6ly- ja vesitiivis)<\/td><\/tr><tr><td>Operating modes<\/td><td>7 kpl<\/td><\/tr><tr><td>K\u00e4ytt\u00f6tila turbo<\/td><td>800 lm \/ 54 min* (ARB-L14-1100U) \/ 214 m \/ 11500 cd<\/td><\/tr><tr><td>High mode<\/td><td>350 lm \/ 1 h 15 min (AA-sormiparisto), 1 h 40 min (ARB-L14-1100U) \/ 142 m \/ 5000 cd<\/td><\/tr><tr><td>Middle mode<\/td><td>100 lm \/ 5 h 50 min (AA-sormiparisto), 7 h (ARB-L14-1100U) \/ 76 m\/ 1440 cd<\/td><\/tr><tr><td>Low mode<\/td><td>30 lm \/ 19 h 45 min (AA-sormiparisto), 22 h 20 min (ARB-L14-1100U) \/ 43 m\/ 460 cd<\/td><\/tr><tr><td>Eco mode<\/td><td>2 lm \/ 190 h (AA-sormiparisto), 220 h (ARB-L14-1100U) \/ 11 m \/ 30 cd<\/td><\/tr><tr><td>Strobo<\/td><td>350 lm<\/td><\/tr><tr><td>SOS-signaali<\/td><td>100 lm<\/td><\/tr><tr><td>LED type<\/td><td>Luminus SST20 WXS<\/td><\/tr><tr><td>Size<\/td><td>148 x 21,5 x 18 mm<\/td><\/tr><tr><td>Weight<\/td><td>96 g (paristo sis\u00e4ltyy)<\/td><\/tr><tr><td>Power source<\/td><td>2 x AA-sormiparisto: alkaali (sis\u00e4ltyy), Ni-MH, 14500 Li-ion, 1 x ARB-L14-1100U Li-ion akku (sis\u00e4ltyy)<\/td><\/tr><tr><td>Certifications<\/td><td>ANSI\/NEMA FL-1, ROHS, CE<\/td><\/tr><tr><td>Warranty<\/td><td>5-vuotta<\/td><\/tr><tr><td>Package contents<\/td><td>Fenix LD22 V2.0 taskulamppu, ARB-L14-1100U Li-ion ladattava akkuparisto, 2 x Pairdeer AA-alkaaliparisto, USB tyypin C-latausjohto, vy\u00f6kotelo, rannehihna, vaihdettava O-rengastiiviste, k\u00e4ytt\u00f6ohje<\/td><\/tr><\/tbody><\/table><\/figure>\n\n\n\n<p>* Turbo-tehotilan k\u00e4ytt\u00f6aika on valaisimen yht\u00e4mittainen k\u00e4ytt\u00f6aika valoteholla 100 &#8211; 10 %.<br>Tekniset suoritusarvot on mitattu ANSI\/PLATO FL1 -k\u00e4sivalaisinstandardin mukaisesti.<\/p>","protected":false},"excerpt":{"rendered":"<p>Taskulamppu Fenix LD22 V2, 800 lm<\/p>","protected":false},"featured_media":6701,"comment_status":"open","ping_status":"closed","template":"","meta":{"_kadence_starter_templates_imported_post":false,"_kad_post_transparent":"","_kad_post_title":"","_kad_post_layout":"","_kad_post_sidebar_id":"","_kad_post_content_style":"","_kad_post_vertical_padding":"","_kad_post_feature":"","_kad_post_feature_position":"","_kad_post_header":false,"_kad_post_footer":false,"_kad_post_classname":""},"product_brand":[],"product_cat":[1564],"product_tag":[1147,32,1340,1339,266],"class_list":{"0":"post-6700","1":"product","2":"type-product","3":"status-publish","4":"has-post-thumbnail","6":"product_cat-fenix","7":"product_tag-aa-paristo","8":"product_tag-fenix","9":"product_tag-ld22","10":"product_tag-ld22-v2-0","11":"product_tag-taskulamppu","13":"first","14":"onbackorder","15":"taxable","16":"shipping-taxable","17":"purchasable","18":"product-type-simple","19":"entry","20":"content-bg","21":"loop-entry"},"_links":{"self":[{"href":"https:\/\/kivenalla.fi\/en\/wp-json\/wp\/v2\/product\/6700","targetHints":{"allow":["GET"]}}],"collection":[{"href":"https:\/\/kivenalla.fi\/en\/wp-json\/wp\/v2\/product"}],"about":[{"href":"https:\/\/kivenalla.fi\/en\/wp-json\/wp\/v2\/types\/product"}],"replies":[{"embeddable":true,"href":"https:\/\/kivenalla.fi\/en\/wp-json\/wp\/v2\/comments?post=6700"}],"wp:featuredmedia":[{"embeddable":true,"href":"https:\/\/kivenalla.fi\/en\/wp-json\/wp\/v2\/media\/6701"}],"wp:attachment":[{"href":"https:\/\/kivenalla.fi\/en\/wp-json\/wp\/v2\/media?parent=6700"}],"wp:term":[{"taxonomy":"product_brand","embeddable":true,"href":"https:\/\/kivenalla.fi\/en\/wp-json\/wp\/v2\/product_brand?post=6700"},{"taxonomy":"product_cat","embeddable":true,"href":"https:\/\/kivenalla.fi\/en\/wp-json\/wp\/v2\/product_cat?post=6700"},{"taxonomy":"product_tag","embeddable":true,"href":"https:\/\/kivenalla.fi\/en\/wp-json\/wp\/v2\/product_tag?post=6700"}],"curies":[{"name":"wp","href":"https:\/\/api.w.org\/{rel}","templated":true}]}}